{"id":13166,"date":"2025-11-12T10:04:16","date_gmt":"2025-11-12T09:04:16","guid":{"rendered":"https:\/\/shop.patlite.eu\/produkt\/gf7-segnalatore-rotante-ambra-ip69k-48v-cc\/"},"modified":"2025-11-28T16:50:14","modified_gmt":"2025-11-28T15:50:14","slug":"gf7-segnalatore-rotante-ambra-ip69k-48v-cc","status":"publish","type":"product","link":"https:\/\/shop.patlite.eu\/it\/prodotto\/gf7-segnalatore-rotante-ambra-ip69k-48v-cc\/","title":{"rendered":"GF7 &#8211; Segnalatore Rotante Ambra IP69K 48V CC"},"content":{"rendered":"<div style=\"width: 50%;\">\n<h3>CARATTERISTICHE PRINCIPALI<\/h3>\n<div style=\"background-color: #fef2d3; padding: 5px 5px;\">\n<ul>\n<li>Progettata per garantire prestazioni affidabili anche nelle <strong>condizioni pi\u00f9 estreme<\/strong>.<\/li>\n<li>Resistente a <strong>vibrazioni <\/strong>e <strong>urti<\/strong>.<\/li>\n<li>Resistente alla polvere e all&#8217;<strong>acqua<\/strong> IP69K<\/li>\n<li><strong>Struttura ultra-compatta<\/strong>, ideale per l\u2019installazione anche negli spazi pi\u00f9 ristretti.<\/li>\n<\/ul>\n<\/div>\n<\/div>\n<p>&nbsp;<\/p>\n<p>La serie GF7 \u00e8 una lampada rotante a LED con un alloggiamento molto compatto per condizioni di installazione difficili, progettata per simulare un effetto luminoso rotante a 360\u00b0 senza parti meccaniche rotanti. La GF7 \u00e8 particolarmente indicata per ambienti di utilizzo difficili in cui sono richieste robustezza, affidabilit\u00e0 e alta visibilit\u00e0. <\/p>\n<p>In termini di grado di protezione e resistenza ambientale, il modello offre una valutazione eccezionalmente alta: \u00e8 conforme alle norme IP6X \/ IPX6 (IEC 60529) e IPX9K (ISO 20653), ideale per l&#8217;uso in ambienti con elevati requisiti di pulizia ad alta pressione\/temperatura, polvere e condizioni di utilizzo gravose. Il campo di applicazione spazia dagli ambienti interni ed esterni alle applicazioni su macchine edili. <\/p>\n<p>Il modello GF7-48N-Y funziona con una tensione nominale di 48 V CC e richiede al massimo circa 5,8 W di potenza. Il intervallo di temperatura consentito \u00e8 compreso tra -40 \u00b0C e +85 \u00b0C.<br \/>\nPer quanto riguarda le sollecitazioni meccaniche il dispositivo di illuminazione \u00e8 progettato per resistere a vibrazioni fino a circa 110 m\/s\u00b2 e urti con fino a 1.000 m\/s\u00b2 (11 ms) <\/p>\n<p>Il GF7 \u00e8 disponibile esclusivamente nel colore ambra e il comando avviene in modo classico tramite 48 DC.<\/p>\n<p>Raccomandazione: chi \u00e8 alla ricerca di un segnalatore luminoso compatto e altamente resistente (agli agenti atmosferici, alle vibrazioni, agli urti), in particolare per impianti industriali o esterni sottoposti a condizioni difficili, trover\u00e0 nella serie GF7 una soluzione dal design robusto che offre una segnalazione luminosa efficace e di facile comprensione.<\/p>\n<h3 style=\"background-color: #f40000; padding: 5px 5px; color: #ffffff;\">Specifiche tecniche<\/h3>\n<ul>\n<li>Tensione nominale: <strong>48 V DC<\/strong><\/li>\n<li>Assorbimento massimo (potenza): 5,8 W (a 48 V CC)<\/li>\n<li>Grado di protezione: IP6X \/ IPX6 (IEC 60529) + IPX9K (ISO 20653)<\/li>\n<li>Resistenza alle vibrazioni: <strong>110 m\/s\u00b2<\/strong><\/li>\n<li>Resistenza agli urti: <strong>1.000 m\/s\u00b2 (11 ms)<\/strong><\/li>\n<li>Intervallo di temperatura di esercizio: <strong>da -40 \u00b0C a +85 \u00b0C<\/strong><\/li>\n<li>Luogo di montaggio: interno\/esterno (anche per l&#8217;impiego su macchine edili)<\/li>\n<li>Dimensioni: diametro <strong>\u00d8 68 mm<\/strong>, L <strong>87.5mm<\/strong>, B <strong>87.5mm<\/strong>, H <strong>45.5mm<\/strong><\/li>\n<li>Peso: ca. <strong>0,14 kg<\/strong><\/li>\n<li>Colore della luce: <strong>Ambra<\/strong><\/li>\n<li>Modello luminoso: movimento rotatorio simulato (\u201cSimulated Rotation\u201d)<\/li>\n<li>Controllo: classico 48 V CC<\/li>\n<\/ul>\n<p>&nbsp;<\/p>\n","protected":false},"excerpt":{"rendered":"<p>Lampada compatta, robusta, certificata IP69K, da 68 mm per esterni con rotazione ambra; 48 V CC con cavi di collegamento<\/p>\n","protected":false},"featured_media":12400,"comment_status":"open","ping_status":"closed","template":"","meta":{"_eb_attr":"","_mo_disable_npp":"","_uag_custom_page_level_css":"","_monsterinsights_skip_tracking":false,"_monsterinsights_sitenote_active":false,"_monsterinsights_sitenote_note":"","_monsterinsights_sitenote_category":0,"site-sidebar-layout":"default","site-content-layout":"","ast-site-content-layout":"default","site-content-style":"default","site-sidebar-style":"default","ast-global-header-display":"","ast-banner-title-visibility":"","ast-main-header-display":"","ast-hfb-above-header-display":"","ast-hfb-below-header-display":"","ast-hfb-mobile-header-display":"","site-post-title":"","ast-breadcrumbs-content":"","ast-featured-img":"","footer-sml-layout":"","ast-disable-related-posts":"","theme-transparent-header-meta":"default","adv-header-id-meta":"","stick-header-meta":"default","header-above-stick-meta":"","header-main-stick-meta":"","header-below-stick-meta":"","astra-migrate-meta-layouts":"default","ast-page-background-enabled":"default","ast-page-background-meta":{"desktop":{"background-color":"var(--ast-global-color-4)","background-image":"","background-repeat":"repeat","background-position":"center center","background-size":"auto","background-attachment":"scroll","background-type":"","background-media":"","overlay-type":"","overlay-color":"","overlay-opacity":"","overlay-gradient":""},"tablet":{"background-color":"","background-image":"","background-repeat":"repeat","background-position":"center center","background-size":"auto","background-attachment":"scroll","background-type":"","background-media":"","overlay-type":"","overlay-color":"","overlay-opacity":"","overlay-gradient":""},"mobile":{"background-color":"","background-image":"","background-repeat":"repeat","background-position":"center center","background-size":"auto","background-attachment":"scroll","background-type":"","background-media":"","overlay-type":"","overlay-color":"","overlay-opacity":"","overlay-gradient":""}},"ast-content-background-meta":{"desktop":{"background-color":"var(--ast-global-color-5)","background-image":"","background-repeat":"repeat","background-position":"center center","background-size":"auto","background-attachment":"scroll","background-type":"","background-media":"","overlay-type":"","overlay-color":"","overlay-opacity":"","overlay-gradient":""},"tablet":{"background-color":"var(--ast-global-color-5)","background-image":"","background-repeat":"repeat","background-position":"center center","background-size":"auto","background-attachment":"scroll","background-type":"","background-media":"","overlay-type":"","overlay-color":"","overlay-opacity":"","overlay-gradient":""},"mobile":{"background-color":"var(--ast-global-color-5)","background-image":"","background-repeat":"repeat","background-position":"center center","background-size":"auto","background-attachment":"scroll","background-type":"","background-media":"","overlay-type":"","overlay-color":"","overlay-opacity":"","overlay-gradient":""}}},"product_brand":[],"product_cat":[849],"product_tag":[1541,1542],"class_list":{"0":"post-13166","1":"product","2":"type-product","3":"status-publish","4":"has-post-thumbnail","6":"product_cat-luci-di-segnalazione-e-lampeggianti","7":"product_tag-ip69k","8":"product_tag-rotante","9":"pa_durchmesser-68mm-it","10":"pa_spannung-48v-dc","11":"desktop-align-center","12":"tablet-align-left","13":"mobile-align-left","14":"ast-product-gallery-layout-horizontal-slider","15":"ast-product-tabs-layout-horizontal","17":"first","18":"instock","19":"taxable","20":"shipping-taxable","21":"purchasable","22":"product-type-simple"},"spectra_custom_meta":{"_product_attributes":["a:4:{s:7:\"gewicht\";a:7:{s:4:\"name\";s:7:\"Gewicht\";s:5:\"value\";s:6:\"0.14kg\";s:8:\"position\";i:0;s:10:\"is_visible\";i:1;s:12:\"is_variation\";i:0;s:11:\"is_taxonomy\";i:0;s:16:\"checkout_visible\";i:0;}s:14:\"pa_durchmesser\";a:7:{s:4:\"name\";s:14:\"pa_durchmesser\";s:5:\"value\";s:0:\"\";s:8:\"position\";i:1;s:10:\"is_visible\";i:1;s:12:\"is_variation\";i:0;s:11:\"is_taxonomy\";i:1;s:16:\"checkout_visible\";i:0;}s:11:\"abmessungen\";a:7:{s:4:\"name\";s:11:\"Abmessungen\";s:5:\"value\";s:30:\"L 87.5mm | B 87.5mm | H 45.5mm\";s:8:\"position\";i:2;s:10:\"is_visible\";i:1;s:12:\"is_variation\";i:0;s:11:\"is_taxonomy\";i:0;s:16:\"checkout_visible\";i:0;}s:11:\"pa_spannung\";a:7:{s:4:\"name\";s:11:\"pa_spannung\";s:5:\"value\";s:0:\"\";s:8:\"position\";i:3;s:10:\"is_visible\";i:1;s:12:\"is_variation\";i:0;s:11:\"is_taxonomy\";i:1;s:16:\"checkout_visible\";i:0;}}"],"attr_label_translations":["a:1:{s:2:\"it\";a:2:{s:7:\"gewicht\";s:4:\"Peso\";s:11:\"abmessungen\";s:10:\"Dimensioni\";}}"],"_wcml_average_rating":[null],"_wcml_review_count":[null],"_wcml_rating_count":[null],"_unit":[""],"_unit_base":[""],"_unit_product":[""],"_unit_price":[""],"_unit_price_regular":[""],"_unit_price_sale":[""],"_unit_price_auto":["no"],"_sale_price_label":[""],"_sale_price_regular_label":[""],"_free_shipping":["no"],"_min_age":[""],"_is_food":["no"],"_used_good":["no"],"_nutrient_ids":["a:0:{}"],"_nutrient_reference_value":["100g"],"_allergen_ids":["a:0:{}"],"_nutri_score":[""],"_alcohol_content":[""],"_drained_weight":[""],"_net_filling_quantity":[""],"_deposit_type":[""],"_deposit_quantity":[""],"_service":["no"],"_differential_taxation":["no"],"_hs_code":["85318070"],"_manufacture_country":["JP"],"_backorders":["no"],"_download_limit":["-1"],"_download_expiry":["-1"],"_downloadable":["no"],"_manage_stock":["yes"],"_sku":["GF7-48N-Y"],"_stock_status":["instock"],"_sold_individually":["no"],"_tax_class":[""],"_tax_status":["taxable"],"_virtual":["no"],"total_sales":["0"],"stick-header-meta":["default"],"site-sidebar-layout":["default"],"theme-transparent-header-meta":["default"],"_wpml_media_duplicate":["1"],"_wpml_media_featured":["1"],"ast-site-content-layout":["default"],"site-content-style":["default"],"site-sidebar-style":["default"],"_global_unique_id":["4938766028593"],"_manufacturer_slug":[""],"rank_math_primary_product_cat":["71"],"_top_nav_excluded":[""],"_cms_nav_minihome":[""],"_wp_page_template":["default"],"_ts_mpn":[""],"_ts_gtin":[""],"_thumbnail_id":["12400"],"_stock":["1"],"_last_translation_edit_mode":["translation-editor"],"_wpml_word_count":["430"],"_eb_reusable_block_ids":["a:0:{}"],"rank_math_title":["PATLITE | GF7 Segnalatore Rotante IP69K per applicazioni da esterno e interno"],"rank_math_description":["Lampeggiante da 68 mm molto compatto, robusto, certificato IP69K per uso esterno con LED arancione rotante; 48 V CC, adatto per cantieri - Informazioni -->"],"_uag_css_file_name":["uag-css-13166.css"],"rank_math_internal_links_processed":["1"],"_regular_price":["156.90"],"_price":["156.90"],"_uag_page_assets":["a:9:{s:3:\"css\";s:2491:\".uag-blocks-common-selector{z-index:var(--z-index-desktop) !important}@media (max-width: 976px){.uag-blocks-common-selector{z-index:var(--z-index-tablet) !important}}@media (max-width: 767px){.uag-blocks-common-selector{z-index:var(--z-index-mobile) !important}}\n.wp-block-uagb-advanced-heading h1,.wp-block-uagb-advanced-heading h2,.wp-block-uagb-advanced-heading h3,.wp-block-uagb-advanced-heading h4,.wp-block-uagb-advanced-heading h5,.wp-block-uagb-advanced-heading h6,.wp-block-uagb-advanced-heading p,.wp-block-uagb-advanced-heading div{word-break:break-word}.wp-block-uagb-advanced-heading .uagb-heading-text{margin:0}.wp-block-uagb-advanced-heading .uagb-desc-text{margin:0}.wp-block-uagb-advanced-heading .uagb-separator{font-size:0;border-top-style:solid;display:inline-block;margin:0 0 10px 0}.wp-block-uagb-advanced-heading .uagb-highlight{color:#f78a0c;border:0;transition:all 0.3s ease}.uag-highlight-toolbar{border-left:0;border-top:0;border-bottom:0;border-radius:0;border-right-color:#1e1e1e}.uag-highlight-toolbar .components-button{border-radius:0;outline:none}.uag-highlight-toolbar .components-button.is-primary{color:#fff}\n.wp-block-uagb-advanced-heading.uagb-block-b484dae9.wp-block-uagb-advanced-heading .uagb-desc-text{margin-bottom: 15px;}.wp-block-uagb-advanced-heading.uagb-block-b484dae9.wp-block-uagb-advanced-heading .uagb-highlight{font-style: normal;font-weight: Default;background: #007cba;color: #fff;-webkit-text-fill-color: #fff;}.wp-block-uagb-advanced-heading.uagb-block-b484dae9.wp-block-uagb-advanced-heading .uagb-highlight::-moz-selection{color: #fff;background: #007cba;-webkit-text-fill-color: #fff;}.wp-block-uagb-advanced-heading.uagb-block-b484dae9.wp-block-uagb-advanced-heading .uagb-highlight::selection{color: #fff;background: #007cba;-webkit-text-fill-color: #fff;}.wp-block-uagb-advanced-heading.uagb-block-c451812a.wp-block-uagb-advanced-heading .uagb-desc-text{margin-bottom: 15px;}.wp-block-uagb-advanced-heading.uagb-block-c451812a.wp-block-uagb-advanced-heading .uagb-highlight{font-style: normal;font-weight: Default;background: #007cba;color: #fff;-webkit-text-fill-color: #fff;}.wp-block-uagb-advanced-heading.uagb-block-c451812a.wp-block-uagb-advanced-heading .uagb-highlight::-moz-selection{color: #fff;background: #007cba;-webkit-text-fill-color: #fff;}.wp-block-uagb-advanced-heading.uagb-block-c451812a.wp-block-uagb-advanced-heading .uagb-highlight::selection{color: #fff;background: #007cba;-webkit-text-fill-color: #fff;}\";s:2:\"js\";s:0:\"\";s:18:\"current_block_list\";a:21:{i:0;s:11:\"core\/search\";i:1;s:10:\"core\/group\";i:2;s:12:\"core\/heading\";i:3;s:17:\"core\/latest-posts\";i:4;s:20:\"core\/latest-comments\";i:5;s:13:\"core\/archives\";i:6;s:15:\"core\/categories\";i:7;s:24:\"woocommerce\/price-filter\";i:8;s:17:\"core\/widget-group\";i:9;s:27:\"woocommerce\/product-on-sale\";i:10;s:12:\"core\/columns\";i:11;s:11:\"core\/column\";i:13;s:14:\"core\/paragraph\";i:14;s:21:\"uagb\/advanced-heading\";i:15;s:12:\"core\/details\";i:16;s:17:\"core\/social-links\";i:17;s:16:\"core\/social-link\";i:18;s:30:\"woocommerce\/product-categories\";i:19;s:22:\"wpml\/language-switcher\";i:20;s:14:\"core\/shortcode\";i:21;s:32:\"advanced-woo-search\/search-block\";}s:8:\"uag_flag\";b:1;s:11:\"uag_version\";s:10:\"1776683272\";s:6:\"gfonts\";a:1:{s:7:\"Default\";a:2:{s:10:\"fontfamily\";s:7:\"Default\";s:12:\"fontvariants\";a:0:{}}}s:10:\"gfonts_url\";s:0:\"\";s:12:\"gfonts_files\";a:0:{}s:14:\"uag_faq_layout\";b:0;}"],"_max_variation_price":[""],"_max_variation_regular_price":[""],"_max_variation_sale_price":[""],"_min_variation_price":[""],"_min_variation_regular_price":[""],"_min_variation_sale_price":[""],"_sale_price":[""],"_wc_rating_count":[""],"_wc_review_count":[""],"_wc_average_rating":[0]},"uagb_featured_image_src":{"full":["https:\/\/shop.patlite.eu\/wp-content\/uploads\/2025\/11\/PATLITE_Signalleuchte_GF7-Y-OV_1.png",727,516,false],"thumbnail":["https:\/\/shop.patlite.eu\/wp-content\/uploads\/2025\/11\/PATLITE_Signalleuchte_GF7-Y-OV_1-150x150.png",150,150,true],"medium":["https:\/\/shop.patlite.eu\/wp-content\/uploads\/2025\/11\/PATLITE_Signalleuchte_GF7-Y-OV_1-300x213.png",300,213,true],"medium_large":["https:\/\/shop.patlite.eu\/wp-content\/uploads\/2025\/11\/PATLITE_Signalleuchte_GF7-Y-OV_1.png",727,516,false],"large":["https:\/\/shop.patlite.eu\/wp-content\/uploads\/2025\/11\/PATLITE_Signalleuchte_GF7-Y-OV_1.png",727,516,false],"1536x1536":["https:\/\/shop.patlite.eu\/wp-content\/uploads\/2025\/11\/PATLITE_Signalleuchte_GF7-Y-OV_1.png",727,516,false],"2048x2048":["https:\/\/shop.patlite.eu\/wp-content\/uploads\/2025\/11\/PATLITE_Signalleuchte_GF7-Y-OV_1.png",727,516,false],"woocommerce_thumbnail":["https:\/\/shop.patlite.eu\/wp-content\/uploads\/2025\/11\/PATLITE_Signalleuchte_GF7-Y-OV_1-400x267.png",400,267,true],"woocommerce_single":["https:\/\/shop.patlite.eu\/wp-content\/uploads\/2025\/11\/PATLITE_Signalleuchte_GF7-Y-OV_1.png",727,516,false],"woocommerce_gallery_thumbnail":["https:\/\/shop.patlite.eu\/wp-content\/uploads\/2025\/11\/PATLITE_Signalleuchte_GF7-Y-OV_1-100x100.png",100,100,true],"dgwt-wcas-product-suggestion":["https:\/\/shop.patlite.eu\/wp-content\/uploads\/2025\/11\/PATLITE_Signalleuchte_GF7-Y-OV_1-64x45.png",64,45,true]},"uagb_author_info":{"display_name":"Andreas Gaitzsch","author_link":"https:\/\/shop.patlite.eu\/it\/author\/"},"uagb_comment_info":0,"uagb_excerpt":"Lampada compatta, robusta, certificata IP69K, da 68 mm per esterni con rotazione ambra; 48 V CC con cavi di collegamento","_links":{"self":[{"href":"https:\/\/shop.patlite.eu\/it\/wp-json\/wp\/v2\/product\/13166","targetHints":{"allow":["GET"]}}],"collection":[{"href":"https:\/\/shop.patlite.eu\/it\/wp-json\/wp\/v2\/product"}],"about":[{"href":"https:\/\/shop.patlite.eu\/it\/wp-json\/wp\/v2\/types\/product"}],"replies":[{"embeddable":true,"href":"https:\/\/shop.patlite.eu\/it\/wp-json\/wp\/v2\/comments?post=13166"}],"version-history":[{"count":6,"href":"https:\/\/shop.patlite.eu\/it\/wp-json\/wp\/v2\/product\/13166\/revisions"}],"predecessor-version":[{"id":13186,"href":"https:\/\/shop.patlite.eu\/it\/wp-json\/wp\/v2\/product\/13166\/revisions\/13186"}],"wp:featuredmedia":[{"embeddable":true,"href":"https:\/\/shop.patlite.eu\/it\/wp-json\/wp\/v2\/media\/12400"}],"wp:attachment":[{"href":"https:\/\/shop.patlite.eu\/it\/wp-json\/wp\/v2\/media?parent=13166"}],"wp:term":[{"taxonomy":"product_brand","embeddable":true,"href":"https:\/\/shop.patlite.eu\/it\/wp-json\/wp\/v2\/product_brand?post=13166"},{"taxonomy":"product_cat","embeddable":true,"href":"https:\/\/shop.patlite.eu\/it\/wp-json\/wp\/v2\/product_cat?post=13166"},{"taxonomy":"product_tag","embeddable":true,"href":"https:\/\/shop.patlite.eu\/it\/wp-json\/wp\/v2\/product_tag?post=13166"}],"curies":[{"name":"wp","href":"https:\/\/api.w.org\/{rel}","templated":true}]}}