{"id":9038,"date":"2023-09-21T15:31:59","date_gmt":"2023-09-21T13:31:59","guid":{"rendered":"https:\/\/shop.patlite.eu\/produkt\/lb6-il-colonne-lumineuse-io-link-avec-buzzer\/"},"modified":"2025-08-06T15:08:37","modified_gmt":"2025-08-06T13:08:37","slug":"lb6-il-colonne-lumineuse-io-link-avec-buzzer","status":"publish","type":"product","link":"https:\/\/shop.patlite.eu\/fr\/produit\/lb6-il-colonne-lumineuse-io-link-avec-buzzer\/","title":{"rendered":"LB6-IL Colonne lumineuse IO-Link avec buzzer"},"content":{"rendered":"<div style=\"width: 50%;\">\n<h3>CARACT\u00c9RISTIQUES PRINCIPALES<\/h3>\n<div style=\"background-color: #fef2d3; padding: 5px 5px;\">\n<ul>\n<li>Transmission IO-Link<\/li>\n<li>Jusqu&#8217;\u00e0 21 couleurs<\/li>\n<li>10 motifs lumineux<\/li>\n<li>Variation de la lumi\u00e8re : 0-100% (incr\u00e9ments de 10%)<\/li>\n<li>24V DC<\/li>\n<li>Montage direct<\/li>\n<li>Connecteur M12<\/li>\n<\/ul>\n<\/div>\n<\/div>\n<p>&nbsp;<\/p>\n<p>Transmettez des informations complexes avec des motifs, des s\u00e9quences et des mouvements lumineux dynamiques gr\u00e2ce \u00e0 la tour de signalisation multi-niveaux et multicolore LB6-IL de PATLITE. Profitez de la connectivit\u00e9 IO-Link pour une int\u00e9gration sans effort, des mises \u00e0 jour et une maintenance simplifi\u00e9es.<\/p>\n<p>&nbsp;<\/p>\n<h3>3 modes de fonctionnement pour des applications diff\u00e9rentes<\/h3>\n<p>&nbsp;<\/p>\n<h4>\uff11. Mode simple<\/h4>\n<p><strong>Visualisation de l&#8217;\u00e9tat de l&#8217;\u00e9quipement<\/strong><br \/>\nDivision facile de la zone d&#8217;\u00e9aclairage en 1 \u00e0 5 niveaux et d\u00e9finition libre des couleurs et des motifs de clignotement pour chaque niveau.<\/p>\n<h4>\uff12. Mode jauge de niveau<\/h4>\n<p><strong>Visualisation du niveau de remplissage et de temp\u00e9rature<\/strong><br \/>\nUn mod\u00e8le d&#8217;\u00e9clairage pr\u00e9d\u00e9fini peut \u00eatre activ\u00e9 en fonction du niveau de remplissage d&#8217;une cuve. Les besoins en mat\u00e9riaux et les changements de l&#8217;\u00e9tat de la machine sont affich\u00e9s de mani\u00e8re simple.<\/p>\n<h4>\uff13. Mode Animation<\/h4>\n<p><strong>Visualisation du temps de cycle du processus de production (Takt Time)<\/strong><br \/>\nVisualisation du temps \u00e9coul\u00e9 en changeant les couleurs pr\u00e9d\u00e9finies de bas en haut ou de haut en bas.<\/p>\n<p>&nbsp;<\/p>\n<p>&nbsp;<\/p>\n<h4>R\u00e9duction significative du temps d&#8217;installation gr\u00e2ce \u00e0 une connexion simple.<\/h4>\n<p>La colonne lumineuse LB6-IL peut \u00eatre connect\u00e9e sans effort et sans outils \u00e0 l&#8217;aide d&#8217;un seul c\u00e2ble IO-Link. La LB6-IL r\u00e9tablit automatiquement les param\u00e8tres d&#8217;usine par d\u00e9faut lorsqu&#8217;un c\u00e2ble de remplacement est connect\u00e9.<\/p>\n<figure id=\"attachment_9043\" aria-describedby=\"caption-attachment-9043\" style=\"width: 900px\" class=\"wp-caption alignnone\"><a href=\"https:\/\/shop.patlite.eu\/wp-content\/uploads\/2023\/10\/LB6-IO-Link_Signalsaeule_Signaltower_27.jpg\"><img fetchpriority=\"high\" decoding=\"async\" class=\"wp-image-3433\" src=\"https:\/\/shop.patlite.eu\/wp-content\/uploads\/2023\/10\/LB6-IO-Link_Signalsaeule_Signaltower_27.jpg\" alt=\"LB6-IL Colonne lumineuse dynamique IO-Link\" width=\"900\" height=\"600\" srcset=\"https:\/\/shop.patlite.eu\/wp-content\/uploads\/2023\/10\/LB6-IO-Link_Signalsaeule_Signaltower_27.jpg 1200w, https:\/\/shop.patlite.eu\/wp-content\/uploads\/2023\/10\/LB6-IO-Link_Signalsaeule_Signaltower_27-400x267.jpg 400w\" sizes=\"(max-width: 900px) 100vw, 900px\" \/><\/a><figcaption id=\"caption-attachment-9043\" class=\"wp-caption-text\">LB6-IL &#8211; Colonne lumineuse LED multicolore programmable IO-Link avec module sonore<\/figcaption><\/figure>\n","protected":false},"excerpt":{"rendered":"<p><span style=\", meiryo, sans-serif;font-size: 16px;\">Colonne lumineuse LED multicolore programmable IO-Link <\/span><\/p>\n<p><span style=\", meiryo, sans-serif;font-size: 16px;\">20 segments contr\u00f4lables individuellement et pouvant prendre jusqu&#8217;\u00e0 21 couleurs. Diff\u00e9rentes informations peuvent \u00eatre visualis\u00e9es gr\u00e2ce \u00e0 3 modes de fonctionnement : \u00e9tat de l&#8217;appareil, niveau ou temp\u00e9rature de remplissage, takt time, etc.<\/span><\/p>\n","protected":false},"featured_media":9039,"comment_status":"open","ping_status":"closed","template":"","meta":{"_eb_attr":"","_mo_disable_npp":"","_uag_custom_page_level_css":"","_monsterinsights_skip_tracking":false,"_monsterinsights_sitenote_active":false,"_monsterinsights_sitenote_note":"","_monsterinsights_sitenote_category":0,"site-sidebar-layout":"default","site-content-layout":"","ast-site-content-layout":"default","site-content-style":"default","site-sidebar-style":"default","ast-global-header-display":"","ast-banner-title-visibility":"","ast-main-header-display":"","ast-hfb-above-header-display":"","ast-hfb-below-header-display":"","ast-hfb-mobile-header-display":"","site-post-title":"","ast-breadcrumbs-content":"","ast-featured-img":"","footer-sml-layout":"","ast-disable-related-posts":"","theme-transparent-header-meta":"default","adv-header-id-meta":"","stick-header-meta":"default","header-above-stick-meta":"","header-main-stick-meta":"","header-below-stick-meta":"","astra-migrate-meta-layouts":"default","ast-page-background-enabled":"default","ast-page-background-meta":{"desktop":{"background-color":"var(--ast-global-color-4)","background-image":"","background-repeat":"repeat","background-position":"center center","background-size":"auto","background-attachment":"scroll","background-type":"","background-media":"","overlay-type":"","overlay-color":"","overlay-opacity":"","overlay-gradient":""},"tablet":{"background-color":"","background-image":"","background-repeat":"repeat","background-position":"center center","background-size":"auto","background-attachment":"scroll","background-type":"","background-media":"","overlay-type":"","overlay-color":"","overlay-opacity":"","overlay-gradient":""},"mobile":{"background-color":"","background-image":"","background-repeat":"repeat","background-position":"center center","background-size":"auto","background-attachment":"scroll","background-type":"","background-media":"","overlay-type":"","overlay-color":"","overlay-opacity":"","overlay-gradient":""}},"ast-content-background-meta":{"desktop":{"background-color":"var(--ast-global-color-5)","background-image":"","background-repeat":"repeat","background-position":"center center","background-size":"auto","background-attachment":"scroll","background-type":"","background-media":"","overlay-type":"","overlay-color":"","overlay-opacity":"","overlay-gradient":""},"tablet":{"background-color":"var(--ast-global-color-5)","background-image":"","background-repeat":"repeat","background-position":"center center","background-size":"auto","background-attachment":"scroll","background-type":"","background-media":"","overlay-type":"","overlay-color":"","overlay-opacity":"","overlay-gradient":""},"mobile":{"background-color":"var(--ast-global-color-5)","background-image":"","background-repeat":"repeat","background-position":"center center","background-size":"auto","background-attachment":"scroll","background-type":"","background-media":"","overlay-type":"","overlay-color":"","overlay-opacity":"","overlay-gradient":""}}},"product_brand":[],"product_cat":[604,605],"product_tag":[777,780,882,609,744],"class_list":{"0":"post-9038","1":"product","2":"type-product","3":"status-publish","4":"has-post-thumbnail","6":"product_cat-produits-reseau","7":"product_cat-colonnes-lumineuses","8":"product_tag-colonne-lumineuse","9":"product_tag-tour-lumineuse","10":"product_tag-colonne-lumineuse-fr","11":"product_tag-tour-de-signalisation","12":"product_tag-io-link-fr","13":"desktop-align-center","14":"tablet-align-left","15":"mobile-align-left","16":"ast-product-gallery-layout-horizontal-slider","17":"ast-product-tabs-layout-horizontal","19":"first","20":"instock","21":"taxable","22":"shipping-taxable","23":"purchasable","24":"product-type-simple"},"spectra_custom_meta":{"yikes_woo_products_tabs":["a:1:{i:0;a:3:{s:5:\"title\";s:15:\"Sp\u00e9cifications\";s:2:\"id\";s:12:\"datenblatter\";s:7:\"content\";s:67:\"PDF : https:\/\/www.patlite.fr\/_inc_data\/webcatalog_file\/obc04_fr.pdf\";}}"],"_product_attributes":["a:2:{s:12:\"schutzklasse\";a:7:{s:4:\"name\";s:12:\"Schutzklasse\";s:5:\"value\";s:4:\"IP65\";s:8:\"position\";i:1;s:10:\"is_visible\";i:1;s:12:\"is_variation\";i:0;s:11:\"is_taxonomy\";i:0;s:16:\"checkout_visible\";i:0;}s:10:\"mehrfarbig\";a:7:{s:4:\"name\";s:10:\"Mehrfarbig\";s:5:\"value\";s:11:\"21 couleurs\";s:8:\"position\";i:2;s:10:\"is_visible\";i:1;s:12:\"is_variation\";i:0;s:11:\"is_taxonomy\";i:0;s:16:\"checkout_visible\";i:0;}}"],"attr_label_translations":["a:1:{s:2:\"fr\";a:2:{s:12:\"schutzklasse\";s:22:\"Indice de protection :\";s:10:\"mehrfarbig\";s:11:\"Multicolore\";}}"],"_unit":[""],"_unit_base":[""],"_unit_product":[""],"_unit_price":[""],"_unit_price_regular":[""],"_unit_price_sale":[""],"_unit_price_auto":["no"],"_sale_price_label":[""],"_sale_price_regular_label":[""],"_free_shipping":["no"],"_min_age":[""],"_is_food":["no"],"_used_good":["no"],"_nutrient_reference_value":["100g"],"_allergen_ids":["a:0:{}"],"_nutri_score":[""],"_alcohol_content":[""],"_drained_weight":[""],"_net_filling_quantity":[""],"_deposit_type":[""],"_deposit_quantity":[""],"_service":["no"],"_differential_taxation":["no"],"_hs_code":["85318070"],"_manufacture_country":["JP"],"_backorders":["no"],"_download_limit":["-1"],"_download_expiry":["-1"],"_downloadable":["no"],"_manage_stock":["yes"],"_sku":["LB6-20ILWCBW"],"_stock_status":["instock"],"_sold_individually":["no"],"_tax_class":[""],"_tax_status":["taxable"],"_virtual":["no"],"_weight":["0.59"],"_width":["6"],"_height":["6"],"_length":["31.55"],"total_sales":["1"],"stick-header-meta":["default"],"site-sidebar-layout":["default"],"theme-transparent-header-meta":["default"],"_wpml_media_duplicate":["1"],"_wpml_media_featured":["1"],"ast-site-content-layout":["default"],"site-content-style":["default"],"site-sidebar-style":["default"],"_top_nav_excluded":[""],"_cms_nav_minihome":[""],"_wp_page_template":["default"],"wcml_sync_hash":["a:1:{s:15:\"postmeta_fields\";s:32:\"4eb900ddaaa60ca69d939b7b03c9a25f\";}"],"_thumbnail_id":["9039"],"_product_image_gallery":["9040,9041,9042,9043,9044,9045,9046,9047,9048,9049"],"_default_attributes":["a:0:{}"],"_crosssell_ids":["a:0:{}"],"_children":["a:0:{}"],"_stock":["29"],"_ts_mpn":[""],"_ts_gtin":[""],"_last_translation_edit_mode":["translation-editor"],"_upsell_ids":["a:1:{i:0;N;}"],"rank_math_title":["<IO-Link signal tower LB6-IL with buzzer | PATLITE>"],"rank_math_description":["Colonne lumineuse LED programmable avec interface IO-Link, 21 couleurs, motifs lumineux individuels, 24V | Connecteur M12. Plus de d\u00e9tails ici -->"],"rank_math_focus_keyword":["colonne lumineuse,colonne lumineuse io-link,io-link"],"_nutrient_ids":["a:0:{}"],"_wcml_average_rating":[null],"_wcml_review_count":[null],"_wcml_rating_count":[null],"_wc_average_rating":[0],"_wc_review_count":["0"],"_product_version":["10.0.4"],"_eb_reusable_block_ids":["a:0:{}"],"_uag_css_file_name":["uag-css-9038.css"],"_regular_price":["372.10"],"_price":["372.10"],"_manufacturer_slug":[""],"rank_math_primary_product_cat":["0"],"_uag_page_assets":["a:9:{s:3:\"css\";s:2491:\".uag-blocks-common-selector{z-index:var(--z-index-desktop) !important}@media (max-width: 976px){.uag-blocks-common-selector{z-index:var(--z-index-tablet) !important}}@media (max-width: 767px){.uag-blocks-common-selector{z-index:var(--z-index-mobile) !important}}\n.wp-block-uagb-advanced-heading h1,.wp-block-uagb-advanced-heading h2,.wp-block-uagb-advanced-heading h3,.wp-block-uagb-advanced-heading h4,.wp-block-uagb-advanced-heading h5,.wp-block-uagb-advanced-heading h6,.wp-block-uagb-advanced-heading p,.wp-block-uagb-advanced-heading div{word-break:break-word}.wp-block-uagb-advanced-heading .uagb-heading-text{margin:0}.wp-block-uagb-advanced-heading .uagb-desc-text{margin:0}.wp-block-uagb-advanced-heading .uagb-separator{font-size:0;border-top-style:solid;display:inline-block;margin:0 0 10px 0}.wp-block-uagb-advanced-heading .uagb-highlight{color:#f78a0c;border:0;transition:all 0.3s ease}.uag-highlight-toolbar{border-left:0;border-top:0;border-bottom:0;border-radius:0;border-right-color:#1e1e1e}.uag-highlight-toolbar .components-button{border-radius:0;outline:none}.uag-highlight-toolbar .components-button.is-primary{color:#fff}\n.wp-block-uagb-advanced-heading.uagb-block-b484dae9.wp-block-uagb-advanced-heading .uagb-desc-text{margin-bottom: 15px;}.wp-block-uagb-advanced-heading.uagb-block-b484dae9.wp-block-uagb-advanced-heading .uagb-highlight{font-style: normal;font-weight: Default;background: #007cba;color: #fff;-webkit-text-fill-color: #fff;}.wp-block-uagb-advanced-heading.uagb-block-b484dae9.wp-block-uagb-advanced-heading .uagb-highlight::-moz-selection{color: #fff;background: #007cba;-webkit-text-fill-color: #fff;}.wp-block-uagb-advanced-heading.uagb-block-b484dae9.wp-block-uagb-advanced-heading .uagb-highlight::selection{color: #fff;background: #007cba;-webkit-text-fill-color: #fff;}.wp-block-uagb-advanced-heading.uagb-block-c451812a.wp-block-uagb-advanced-heading .uagb-desc-text{margin-bottom: 15px;}.wp-block-uagb-advanced-heading.uagb-block-c451812a.wp-block-uagb-advanced-heading .uagb-highlight{font-style: normal;font-weight: Default;background: #007cba;color: #fff;-webkit-text-fill-color: #fff;}.wp-block-uagb-advanced-heading.uagb-block-c451812a.wp-block-uagb-advanced-heading .uagb-highlight::-moz-selection{color: #fff;background: #007cba;-webkit-text-fill-color: #fff;}.wp-block-uagb-advanced-heading.uagb-block-c451812a.wp-block-uagb-advanced-heading .uagb-highlight::selection{color: #fff;background: #007cba;-webkit-text-fill-color: #fff;}\";s:2:\"js\";s:0:\"\";s:18:\"current_block_list\";a:21:{i:0;s:11:\"core\/search\";i:1;s:10:\"core\/group\";i:2;s:12:\"core\/heading\";i:3;s:17:\"core\/latest-posts\";i:4;s:20:\"core\/latest-comments\";i:5;s:13:\"core\/archives\";i:6;s:15:\"core\/categories\";i:7;s:24:\"woocommerce\/price-filter\";i:8;s:17:\"core\/widget-group\";i:9;s:27:\"woocommerce\/product-on-sale\";i:10;s:12:\"core\/columns\";i:11;s:11:\"core\/column\";i:13;s:14:\"core\/paragraph\";i:14;s:21:\"uagb\/advanced-heading\";i:15;s:12:\"core\/details\";i:16;s:17:\"core\/social-links\";i:17;s:16:\"core\/social-link\";i:18;s:30:\"woocommerce\/product-categories\";i:19;s:22:\"wpml\/language-switcher\";i:20;s:14:\"core\/shortcode\";i:21;s:32:\"advanced-woo-search\/search-block\";}s:8:\"uag_flag\";b:1;s:11:\"uag_version\";s:10:\"1776419107\";s:6:\"gfonts\";a:1:{s:7:\"Default\";a:2:{s:10:\"fontfamily\";s:7:\"Default\";s:12:\"fontvariants\";a:0:{}}}s:10:\"gfonts_url\";s:0:\"\";s:12:\"gfonts_files\";a:0:{}s:14:\"uag_faq_layout\";b:0;}"],"_max_variation_price":[""],"_max_variation_regular_price":[""],"_max_variation_sale_price":[""],"_min_variation_price":[""],"_min_variation_regular_price":[""],"_min_variation_sale_price":[""],"_sale_price":[""],"_wc_rating_count":[""]},"uagb_featured_image_src":{"full":["https:\/\/shop.patlite.eu\/wp-content\/uploads\/2023\/10\/LB6-IO-Link_Signalsaeule_Signaltower_25.jpg",1200,800,false],"thumbnail":["https:\/\/shop.patlite.eu\/wp-content\/uploads\/2023\/10\/LB6-IO-Link_Signalsaeule_Signaltower_25.jpg",150,100,false],"medium":["https:\/\/shop.patlite.eu\/wp-content\/uploads\/2023\/10\/LB6-IO-Link_Signalsaeule_Signaltower_25.jpg",300,200,false],"medium_large":["https:\/\/shop.patlite.eu\/wp-content\/uploads\/2023\/10\/LB6-IO-Link_Signalsaeule_Signaltower_25.jpg",768,512,false],"large":["https:\/\/shop.patlite.eu\/wp-content\/uploads\/2023\/10\/LB6-IO-Link_Signalsaeule_Signaltower_25.jpg",1024,683,false],"1536x1536":["https:\/\/shop.patlite.eu\/wp-content\/uploads\/2023\/10\/LB6-IO-Link_Signalsaeule_Signaltower_25.jpg",1200,800,false],"2048x2048":["https:\/\/shop.patlite.eu\/wp-content\/uploads\/2023\/10\/LB6-IO-Link_Signalsaeule_Signaltower_25.jpg",1200,800,false],"woocommerce_thumbnail":["https:\/\/shop.patlite.eu\/wp-content\/uploads\/2023\/10\/LB6-IO-Link_Signalsaeule_Signaltower_25-400x267.jpg",400,267,true],"woocommerce_single":["https:\/\/shop.patlite.eu\/wp-content\/uploads\/2023\/10\/LB6-IO-Link_Signalsaeule_Signaltower_25.jpg",1200,800,false],"woocommerce_gallery_thumbnail":["https:\/\/shop.patlite.eu\/wp-content\/uploads\/2023\/10\/LB6-IO-Link_Signalsaeule_Signaltower_25-100x100.jpg",100,100,true],"dgwt-wcas-product-suggestion":["https:\/\/shop.patlite.eu\/wp-content\/uploads\/2023\/10\/LB6-IO-Link_Signalsaeule_Signaltower_25.jpg",64,43,false]},"uagb_author_info":{"display_name":"PatliteEU","author_link":"https:\/\/shop.patlite.eu\/fr\/author\/"},"uagb_comment_info":0,"uagb_excerpt":"Colonne lumineuse LED multicolore programmable IO-Link 20 segments contr\u00f4lables individuellement et pouvant prendre jusqu'\u00e0 21 couleurs. Diff\u00e9rentes informations peuvent \u00eatre visualis\u00e9es gr\u00e2ce \u00e0 3 modes de fonctionnement : \u00e9tat de l'appareil, niveau ou temp\u00e9rature de remplissage, takt time, etc.","_links":{"self":[{"href":"https:\/\/shop.patlite.eu\/fr\/wp-json\/wp\/v2\/product\/9038","targetHints":{"allow":["GET"]}}],"collection":[{"href":"https:\/\/shop.patlite.eu\/fr\/wp-json\/wp\/v2\/product"}],"about":[{"href":"https:\/\/shop.patlite.eu\/fr\/wp-json\/wp\/v2\/types\/product"}],"replies":[{"embeddable":true,"href":"https:\/\/shop.patlite.eu\/fr\/wp-json\/wp\/v2\/comments?post=9038"}],"version-history":[{"count":1,"href":"https:\/\/shop.patlite.eu\/fr\/wp-json\/wp\/v2\/product\/9038\/revisions"}],"predecessor-version":[{"id":9051,"href":"https:\/\/shop.patlite.eu\/fr\/wp-json\/wp\/v2\/product\/9038\/revisions\/9051"}],"wp:featuredmedia":[{"embeddable":true,"href":"https:\/\/shop.patlite.eu\/fr\/wp-json\/wp\/v2\/media\/9039"}],"wp:attachment":[{"href":"https:\/\/shop.patlite.eu\/fr\/wp-json\/wp\/v2\/media?parent=9038"}],"wp:term":[{"taxonomy":"product_brand","embeddable":true,"href":"https:\/\/shop.patlite.eu\/fr\/wp-json\/wp\/v2\/product_brand?post=9038"},{"taxonomy":"product_cat","embeddable":true,"href":"https:\/\/shop.patlite.eu\/fr\/wp-json\/wp\/v2\/product_cat?post=9038"},{"taxonomy":"product_tag","embeddable":true,"href":"https:\/\/shop.patlite.eu\/fr\/wp-json\/wp\/v2\/product_tag?post=9038"}],"curies":[{"name":"wp","href":"https:\/\/api.w.org\/{rel}","templated":true}]}}