{"id":7916,"date":"2023-12-14T12:16:03","date_gmt":"2023-12-14T11:16:03","guid":{"rendered":"https:\/\/shop.patlite.eu\/produkt\/lr4-colonne-lumineuse-o40mm-modele-preassemble\/"},"modified":"2024-03-27T13:34:30","modified_gmt":"2024-03-27T12:34:30","slug":"lr4-colonne-lumineuse-o40mm-modele-preassemble","status":"publish","type":"product","link":"https:\/\/shop.patlite.eu\/fr\/produit\/lr4-colonne-lumineuse-o40mm-modele-preassemble\/","title":{"rendered":"LR4 Colonne lumineuse \u00d840mm &#8211; mod\u00e8le pr\u00e9assembl\u00e9"},"content":{"rendered":"<ul>\n<li>Flexibilit\u00e9 maximale : gr\u00e2ce son syst\u00e8me \u201cTourner\/Verrouiller\u201d, les modules (LED et buzzer) peuvent \u00eatre facilement ajout\u00e9s et r\u00e9organis\u00e9s a posteriori sans outils.<\/li>\n<li>Lumi\u00e8re uniforme pour une visibilit\u00e9 accrue de loin.<\/li>\n<li>Module buzzer enti\u00e8rement ferm\u00e9 pour un indice de protection \u00e9lev\u00e9 et une propagation sonore \u00e0 360\u00b0 (LR4 &amp; LR5 : 85dB, LR6 : 88dB, LR7 : 90dB \u00e0 1m).<\/li>\n<li>Un design fin et \u00e9l\u00e9gant avec une conception robuste pour des performances \u00e9lev\u00e9es dans des environnements difficiles, conforme \u00e0 l&rsquo;indice de protection IP65.<\/li>\n<li>4 options de montage : montage direct, montage sur tube avec support en L, montage sur tube avec support pied circulaire, montage sur tube avec support pliant (sur demande).<\/li>\n<li>Disponible en 24V DC<\/li>\n<li>Couleur de corps : blanc ou argent.<\/li>\n<li>Disponible avec des modules LED transparents (\u00e9quipement suppl\u00e9mentaire).<\/li>\n<\/ul>\n<table class=\"specTB\" style=\"color: #000000;\" border=\"0\" cellspacing=\"0\">\n<tbody>\n<tr>\n<th scope=\"row\">Temp\u00e9rature ambiante de fonctionnement<\/th>\n<td>-20\u2103 &#8211; +50\u2103<\/td>\n<\/tr>\n<tr>\n<th scope=\"row\">Humidit\u00e9 ambiante de fonctionnement<\/th>\n<td>Inf\u00e9rieur \u00e0 90% RH, sans condensation<\/td>\n<\/tr>\n<tr>\n<th scope=\"row\">Temp\u00e9rature ambiante de stockage<\/th>\n<td>-30\u2103 &#8211; +60\u2103<\/td>\n<\/tr>\n<tr>\n<th scope=\"row\">Humidit\u00e9 ambiante de stockage<\/th>\n<td>Inf\u00e9rieur \u00e0 90% RH, sans condensation<\/td>\n<\/tr>\n<tr>\n<th scope=\"row\">Endroit de montage<\/th>\n<td>Int\u00e9rieur<\/td>\n<\/tr>\n<tr>\n<th scope=\"row\">Direction du montage<\/th>\n<td>Vertical<\/td>\n<\/tr>\n<tr>\n<th scope=\"row\">Indice de protection<sup>*1<\/sup><\/th>\n<td>IP65(IEC 60529) \/ NEMATYPE 4X, 13<\/td>\n<\/tr>\n<tr>\n<th scope=\"row\">Condition de test<\/th>\n<td>Vertical<\/td>\n<\/tr>\n<tr>\n<th scope=\"row\">R\u00e9sistance d&rsquo;isolement<\/th>\n<td>Plus de 1M\u03a9 \u00e0 500V DC entre la partie active et la partie m\u00e9tallique sans courant<\/td>\n<\/tr>\n<tr>\n<th scope=\"row\">Tension d&rsquo;isolement<\/th>\n<td>500V AC appliqu\u00e9s pendant 1 minute entre la partie active et la partie m\u00e9tallique sans courant sans rompre l\u2019isolement (M2: 1500V AC pendant 1 min.)<\/td>\n<\/tr>\n<tr>\n<th scope=\"row\">Fr\u00e9quence de clignotement<\/th>\n<td>60 \u00b12 clignotement \/ min<\/td>\n<\/tr>\n<tr>\n<th scope=\"row\">Niveau sonore<\/th>\n<td>Type <span class=\"deco\">LR4<\/span> 85dB<\/td>\n<\/tr>\n<tr>\n<th scope=\"row\">R\u00e9duction du son<sup>*2<\/sup><\/th>\n<td>Environ -10dB<\/td>\n<\/tr>\n<tr>\n<th scope=\"row\">Condition de test<\/th>\n<td>Le son n\u00ba 4 (son balayage) a \u00e9t\u00e9 mesur\u00e9 depuis toutes les directions \u00e0 une distance de 1 m\u00e8tre<\/td>\n<\/tr>\n<tr>\n<th scope=\"row\">Tonalit\u00e9 du buzzer<\/th>\n<td>4 types de son<sup>*2<\/sup> <span class=\"deco\">N\u00b01<\/span> Bip intermittent rapide <span class=\"deco\">N\u00b02<\/span> Bip sonore continu <span class=\"deco\">N\u00b03<\/span> Haut-Bas rapide <span class=\"deco\">N\u00b04<\/span> Son balayage<\/td>\n<\/tr>\n<tr>\n<th scope=\"row\">Sortie transistor<\/th>\n<td>NPN \/ PNP (uniquement NPN en 100-240V AC)<\/td>\n<\/tr>\n<tr>\n<th scope=\"row\">Conformit\u00e9 aux normes<\/th>\n<td>\u25cfUL 508, CSA-C22.2 No.14<br \/>\n\u25cfFCC Partie 15 Sous-Partie B Classe A<br \/>\n\u25cfDirective RoHS (EN IEC 63000)<br \/>\n\u25cfDirective EMC (EN 61000-6-4, EN 61000-6-2)<br \/>\n\u25cfKC (KN 61000-6-4, KN 61000-6-2)<sup>*3<\/sup><br \/>\n\u25cfLow Voltage Directive (IEC\/EN 60947-5-1, EN62471)<sup>*4<\/sup><\/td>\n<\/tr>\n<\/tbody>\n<\/table>\n","protected":false},"excerpt":{"rendered":"<p>Colonne lumineuse de s\u00e9rie LR avec un diam\u00e8tre de 40 mm, pr\u00e9mont\u00e9e et c\u00e2bl\u00e9e.<\/p>\n<p>Toutes les versions <strong>non montr\u00e9es<\/strong> sont disponibles sur demande ou peuvent \u00eatre configur\u00e9es individuellement comme un syst\u00e8me enti\u00e8rement modulaire.<\/p>\n","protected":false},"featured_media":7917,"comment_status":"open","ping_status":"closed","template":"","meta":{"_eb_attr":"","_mo_disable_npp":"","_uag_custom_page_level_css":"","_monsterinsights_skip_tracking":false,"_monsterinsights_sitenote_active":false,"_monsterinsights_sitenote_note":"","_monsterinsights_sitenote_category":0,"site-sidebar-layout":"default","site-content-layout":"","ast-site-content-layout":"default","site-content-style":"default","site-sidebar-style":"default","ast-global-header-display":"","ast-banner-title-visibility":"","ast-main-header-display":"","ast-hfb-above-header-display":"","ast-hfb-below-header-display":"","ast-hfb-mobile-header-display":"","site-post-title":"","ast-breadcrumbs-content":"","ast-featured-img":"","footer-sml-layout":"","ast-disable-related-posts":"","theme-transparent-header-meta":"default","adv-header-id-meta":"","stick-header-meta":"default","header-above-stick-meta":"","header-main-stick-meta":"","header-below-stick-meta":"","astra-migrate-meta-layouts":"default","ast-page-background-enabled":"default","ast-page-background-meta":{"desktop":{"background-color":"var(--ast-global-color-4)","background-image":"","background-repeat":"repeat","background-position":"center center","background-size":"auto","background-attachment":"scroll","background-type":"","background-media":"","overlay-type":"","overlay-color":"","overlay-opacity":"","overlay-gradient":""},"tablet":{"background-color":"","background-image":"","background-repeat":"repeat","background-position":"center center","background-size":"auto","background-attachment":"scroll","background-type":"","background-media":"","overlay-type":"","overlay-color":"","overlay-opacity":"","overlay-gradient":""},"mobile":{"background-color":"","background-image":"","background-repeat":"repeat","background-position":"center center","background-size":"auto","background-attachment":"scroll","background-type":"","background-media":"","overlay-type":"","overlay-color":"","overlay-opacity":"","overlay-gradient":""}},"ast-content-background-meta":{"desktop":{"background-color":"var(--ast-global-color-5)","background-image":"","background-repeat":"repeat","background-position":"center center","background-size":"auto","background-attachment":"scroll","background-type":"","background-media":"","overlay-type":"","overlay-color":"","overlay-opacity":"","overlay-gradient":""},"tablet":{"background-color":"var(--ast-global-color-5)","background-image":"","background-repeat":"repeat","background-position":"center center","background-size":"auto","background-attachment":"scroll","background-type":"","background-media":"","overlay-type":"","overlay-color":"","overlay-opacity":"","overlay-gradient":""},"mobile":{"background-color":"var(--ast-global-color-5)","background-image":"","background-repeat":"repeat","background-position":"center center","background-size":"auto","background-attachment":"scroll","background-type":"","background-media":"","overlay-type":"","overlay-color":"","overlay-opacity":"","overlay-gradient":""}}},"product_brand":[],"product_cat":[605],"product_tag":[609,751,752,777],"class_list":{"0":"post-7916","1":"product","2":"type-product","3":"status-publish","4":"has-post-thumbnail","6":"product_cat-colonnes-lumineuses","7":"product_tag-tour-de-signalisation","8":"product_tag-lr-fr","9":"product_tag-lr4-fr","10":"product_tag-colonne-lumineuse","11":"pa_durchmesser-40mm-fr","12":"pa_ebenen-0-fr","13":"pa_ebenen-1-fr","14":"pa_ebenen-2-fr","15":"pa_ebenen-3-fr","16":"pa_ebenen-4-fr","17":"pa_gehaeusefarbe-argent","18":"pa_gehaeusefarbe-blanc","19":"pa_halterung-montage-direct","20":"pa_halterung-montage-sur-tube-avec-support-pied-circulaire","21":"pa_halterung-montage-sur-tube-avec-support-en-l","22":"pa_optionen-buzzer-de-85db","23":"pa_optionen-sans-buzzer","24":"pa_schutzklasse-ip65-fr","25":"pa_spannung-24v-cc-fr","26":"desktop-align-center","27":"tablet-align-left","28":"mobile-align-left","29":"ast-product-gallery-layout-horizontal-slider","30":"ast-product-single-variable","31":"ast-product-tabs-layout-horizontal","33":"first","34":"instock","35":"taxable","36":"shipping-taxable","37":"purchasable","38":"product-type-variable"},"spectra_custom_meta":{"yikes_woo_products_tabs":["a:1:{i:0;s:0:\"\";}"],"_wcml_average_rating":[null],"_wcml_review_count":[null],"_wcml_rating_count":[null],"_unit":[""],"_unit_base":[""],"_unit_product":[""],"_unit_price":[""],"_unit_price_regular":[""],"_unit_price_sale":[""],"_unit_price_auto":["no"],"_sale_price_label":[""],"_sale_price_regular_label":[""],"_free_shipping":["no"],"_min_age":[""],"_is_food":["no"],"_used_good":["no"],"_nutrient_reference_value":["100g"],"_allergen_ids":["a:0:{}"],"_nutri_score":[""],"_alcohol_content":[""],"_drained_weight":[""],"_net_filling_quantity":[""],"_deposit_type":[""],"_deposit_quantity":[""],"_service":["no"],"_differential_taxation":["no"],"_hs_code":["85318070"],"_manufacture_country":["ID"],"_backorders":["no"],"_download_limit":["-1"],"_download_expiry":["-1"],"_downloadable":["no"],"_stock_status":["instock"],"_sold_individually":["no"],"_tax_class":[""],"_tax_status":["taxable"],"_virtual":["no"],"total_sales":["21"],"stick-header-meta":["default"],"site-sidebar-layout":["default"],"theme-transparent-header-meta":["default"],"_wpml_media_duplicate":["1"],"_wpml_media_featured":["1"],"ast-site-content-layout":["default"],"site-content-style":["default"],"site-sidebar-style":["default"],"_top_nav_excluded":[""],"_cms_nav_minihome":[""],"_wp_page_template":["default"],"wcml_sync_hash":["a:1:{s:15:\"postmeta_fields\";s:32:\"73495e114b7b0b61ca7ce9b7c68470fa\";}"],"attr_label_translations":["a:0:{}"],"_product_attributes":["a:7:{s:14:\"pa_durchmesser\";a:7:{s:4:\"name\";s:14:\"pa_durchmesser\";s:5:\"value\";s:0:\"\";s:8:\"position\";i:0;s:10:\"is_visible\";i:1;s:12:\"is_variation\";i:0;s:11:\"is_taxonomy\";i:1;s:16:\"checkout_visible\";i:0;}s:9:\"pa_ebenen\";a:7:{s:4:\"name\";s:9:\"pa_ebenen\";s:5:\"value\";s:0:\"\";s:8:\"position\";i:1;s:10:\"is_visible\";i:0;s:12:\"is_variation\";i:1;s:11:\"is_taxonomy\";i:1;s:16:\"checkout_visible\";i:0;}s:16:\"pa_gehaeusefarbe\";a:7:{s:4:\"name\";s:16:\"pa_gehaeusefarbe\";s:5:\"value\";s:0:\"\";s:8:\"position\";i:2;s:10:\"is_visible\";i:0;s:12:\"is_variation\";i:1;s:11:\"is_taxonomy\";i:1;s:16:\"checkout_visible\";i:0;}s:12:\"pa_halterung\";a:7:{s:4:\"name\";s:12:\"pa_halterung\";s:5:\"value\";s:0:\"\";s:8:\"position\";i:3;s:10:\"is_visible\";i:0;s:12:\"is_variation\";i:1;s:11:\"is_taxonomy\";i:1;s:16:\"checkout_visible\";i:0;}s:15:\"pa_schutzklasse\";a:7:{s:4:\"name\";s:15:\"pa_schutzklasse\";s:5:\"value\";s:0:\"\";s:8:\"position\";i:4;s:10:\"is_visible\";i:1;s:12:\"is_variation\";i:0;s:11:\"is_taxonomy\";i:1;s:16:\"checkout_visible\";i:0;}s:11:\"pa_spannung\";a:7:{s:4:\"name\";s:11:\"pa_spannung\";s:5:\"value\";s:0:\"\";s:8:\"position\";i:5;s:10:\"is_visible\";i:1;s:12:\"is_variation\";i:0;s:11:\"is_taxonomy\";i:1;s:16:\"checkout_visible\";i:0;}s:11:\"pa_optionen\";a:7:{s:4:\"name\";s:11:\"pa_optionen\";s:5:\"value\";s:0:\"\";s:8:\"position\";i:6;s:10:\"is_visible\";i:0;s:12:\"is_variation\";i:1;s:11:\"is_taxonomy\";i:1;s:16:\"checkout_visible\";i:0;}}"],"_thumbnail_id":["7917"],"_product_image_gallery":["7918,7919,7920,7921,7922,7923,7924,7925,7926,7927"],"_default_attributes":["a:0:{}"],"_stock":["1"],"_upsell_ids":["a:0:{}"],"_crosssell_ids":["a:0:{}"],"_children":["a:0:{}"],"_ts_mpn":[""],"_ts_gtin":[""],"rank_math_analytic_object_id":["98"],"_last_translation_edit_mode":["translation-editor"],"_nutrient_ids":["a:0:{}"],"_price":["90.9","108.7","110.0","127.9","127.90","138.6","145.80","155.4","157.7","174.4","175.7","175.70","192.40","206.80"],"_wc_facebook_sync_enabled":["yes"],"fb_visibility":["yes"],"_wc_facebook_sync_enabled_v2":["yes"],"_eb_reusable_block_ids":["a:0:{}"],"_elementor_edit_mode":[""],"_elementor_template_type":[""],"_manage_stock":["no"],"ast-main-header-display":[""],"ast-hfb-above-header-display":[""],"ast-hfb-below-header-display":[""],"ast-hfb-mobile-header-display":[""],"adv-header-id-meta":[""],"footer-sml-layout":[""],"header-main-stick-meta":[""],"header-above-stick-meta":[""],"header-below-stick-meta":[""],"site-post-title":[""],"site-content-layout":[""],"ast-featured-img":[""],"ast-breadcrumbs-content":[""],"ast-banner-title-visibility":[""],"ast-global-header-display":[""],"_manufacturer_slug":[""],"rank_math_primary_product_cat":["18"],"_uag_css_file_name":["uag-css-7916.css"],"rank_math_internal_links_processed":["1"],"_uag_page_assets":["a:9:{s:3:\"css\";s:2486:\".uag-blocks-common-selector{z-index:var(--z-index-desktop) !important}@media(max-width: 976px){.uag-blocks-common-selector{z-index:var(--z-index-tablet) !important}}@media(max-width: 767px){.uag-blocks-common-selector{z-index:var(--z-index-mobile) !important}}.wp-block-uagb-advanced-heading h1,.wp-block-uagb-advanced-heading h2,.wp-block-uagb-advanced-heading h3,.wp-block-uagb-advanced-heading h4,.wp-block-uagb-advanced-heading h5,.wp-block-uagb-advanced-heading h6,.wp-block-uagb-advanced-heading p,.wp-block-uagb-advanced-heading div{word-break:break-word}.wp-block-uagb-advanced-heading .uagb-heading-text{margin:0}.wp-block-uagb-advanced-heading .uagb-desc-text{margin:0}.wp-block-uagb-advanced-heading .uagb-separator{font-size:0;border-top-style:solid;display:inline-block;margin:0 0 10px 0}.wp-block-uagb-advanced-heading .uagb-highlight{color:#f78a0c;border:0;transition:all .3s ease}.uag-highlight-toolbar{border-left:0;border-top:0;border-bottom:0;border-radius:0;border-right-color:#1e1e1e}.uag-highlight-toolbar .components-button{border-radius:0;outline:none}.uag-highlight-toolbar .components-button.is-primary{color:#fff}.wp-block-uagb-advanced-heading.uagb-block-b484dae9.wp-block-uagb-advanced-heading .uagb-desc-text{margin-bottom: 15px;}.wp-block-uagb-advanced-heading.uagb-block-b484dae9.wp-block-uagb-advanced-heading .uagb-highlight{font-style: normal;font-weight: Default;background: #007cba;color: #fff;-webkit-text-fill-color: #fff;}.wp-block-uagb-advanced-heading.uagb-block-b484dae9.wp-block-uagb-advanced-heading .uagb-highlight::-moz-selection{color: #fff;background: #007cba;-webkit-text-fill-color: #fff;}.wp-block-uagb-advanced-heading.uagb-block-b484dae9.wp-block-uagb-advanced-heading .uagb-highlight::selection{color: #fff;background: #007cba;-webkit-text-fill-color: #fff;}.wp-block-uagb-advanced-heading.uagb-block-c451812a.wp-block-uagb-advanced-heading .uagb-desc-text{margin-bottom: 15px;}.wp-block-uagb-advanced-heading.uagb-block-c451812a.wp-block-uagb-advanced-heading .uagb-highlight{font-style: normal;font-weight: Default;background: #007cba;color: #fff;-webkit-text-fill-color: #fff;}.wp-block-uagb-advanced-heading.uagb-block-c451812a.wp-block-uagb-advanced-heading .uagb-highlight::-moz-selection{color: #fff;background: #007cba;-webkit-text-fill-color: #fff;}.wp-block-uagb-advanced-heading.uagb-block-c451812a.wp-block-uagb-advanced-heading .uagb-highlight::selection{color: #fff;background: #007cba;-webkit-text-fill-color: #fff;}\";s:2:\"js\";s:0:\"\";s:18:\"current_block_list\";a:21:{i:0;s:11:\"core\/search\";i:1;s:10:\"core\/group\";i:2;s:12:\"core\/heading\";i:3;s:17:\"core\/latest-posts\";i:4;s:20:\"core\/latest-comments\";i:5;s:13:\"core\/archives\";i:6;s:15:\"core\/categories\";i:7;s:24:\"woocommerce\/price-filter\";i:8;s:17:\"core\/widget-group\";i:9;s:27:\"woocommerce\/product-on-sale\";i:10;s:12:\"core\/columns\";i:11;s:11:\"core\/column\";i:13;s:14:\"core\/paragraph\";i:14;s:21:\"uagb\/advanced-heading\";i:15;s:12:\"core\/details\";i:16;s:17:\"core\/social-links\";i:17;s:16:\"core\/social-link\";i:18;s:30:\"woocommerce\/product-categories\";i:19;s:22:\"wpml\/language-switcher\";i:20;s:14:\"core\/shortcode\";i:21;s:32:\"advanced-woo-search\/search-block\";}s:8:\"uag_flag\";b:1;s:11:\"uag_version\";s:10:\"1777102691\";s:6:\"gfonts\";a:1:{s:7:\"Default\";a:2:{s:10:\"fontfamily\";s:7:\"Default\";s:12:\"fontvariants\";a:0:{}}}s:10:\"gfonts_url\";s:0:\"\";s:12:\"gfonts_files\";a:0:{}s:14:\"uag_faq_layout\";b:0;}"],"_max_variation_price":[""],"_max_variation_regular_price":[""],"_max_variation_sale_price":[""],"_min_variation_price":[""],"_min_variation_regular_price":[""],"_min_variation_sale_price":[""],"_regular_price":[""],"_sale_price":[""],"_wc_rating_count":[""],"_wc_review_count":[""],"_wc_average_rating":[0]},"uagb_featured_image_src":{"full":["https:\/\/shop.patlite.eu\/wp-content\/uploads\/2024\/01\/Patlite_LED-Signalsaeule_LR4_Gruppe.png",1200,800,false],"thumbnail":["https:\/\/shop.patlite.eu\/wp-content\/uploads\/2024\/01\/Patlite_LED-Signalsaeule_LR4_Gruppe-150x150.png",150,150,true],"medium":["https:\/\/shop.patlite.eu\/wp-content\/uploads\/2024\/01\/Patlite_LED-Signalsaeule_LR4_Gruppe-300x200.png",300,200,true],"medium_large":["https:\/\/shop.patlite.eu\/wp-content\/uploads\/2024\/01\/Patlite_LED-Signalsaeule_LR4_Gruppe-768x512.png",768,512,true],"large":["https:\/\/shop.patlite.eu\/wp-content\/uploads\/2024\/01\/Patlite_LED-Signalsaeule_LR4_Gruppe-1024x683.png",1024,683,true],"1536x1536":["https:\/\/shop.patlite.eu\/wp-content\/uploads\/2024\/01\/Patlite_LED-Signalsaeule_LR4_Gruppe.png",1200,800,false],"2048x2048":["https:\/\/shop.patlite.eu\/wp-content\/uploads\/2024\/01\/Patlite_LED-Signalsaeule_LR4_Gruppe.png",1200,800,false],"woocommerce_thumbnail":["https:\/\/shop.patlite.eu\/wp-content\/uploads\/2024\/01\/Patlite_LED-Signalsaeule_LR4_Gruppe-400x267.png",400,267,true],"woocommerce_single":["https:\/\/shop.patlite.eu\/wp-content\/uploads\/2024\/01\/Patlite_LED-Signalsaeule_LR4_Gruppe.png",1200,800,false],"woocommerce_gallery_thumbnail":["https:\/\/shop.patlite.eu\/wp-content\/uploads\/2024\/01\/Patlite_LED-Signalsaeule_LR4_Gruppe-100x100.png",100,100,true],"dgwt-wcas-product-suggestion":["https:\/\/shop.patlite.eu\/wp-content\/uploads\/2024\/01\/Patlite_LED-Signalsaeule_LR4_Gruppe.png",64,43,false]},"uagb_author_info":{"display_name":"Konstantin Will","author_link":"https:\/\/shop.patlite.eu\/fr\/author\/"},"uagb_comment_info":0,"uagb_excerpt":"Colonne lumineuse de s\u00e9rie LR avec un diam\u00e8tre de 40 mm, pr\u00e9mont\u00e9e et c\u00e2bl\u00e9e. Toutes les versions non montr\u00e9es sont disponibles sur demande ou peuvent \u00eatre configur\u00e9es individuellement comme un syst\u00e8me enti\u00e8rement modulaire.","_links":{"self":[{"href":"https:\/\/shop.patlite.eu\/fr\/wp-json\/wp\/v2\/product\/7916","targetHints":{"allow":["GET"]}}],"collection":[{"href":"https:\/\/shop.patlite.eu\/fr\/wp-json\/wp\/v2\/product"}],"about":[{"href":"https:\/\/shop.patlite.eu\/fr\/wp-json\/wp\/v2\/types\/product"}],"replies":[{"embeddable":true,"href":"https:\/\/shop.patlite.eu\/fr\/wp-json\/wp\/v2\/comments?post=7916"}],"version-history":[{"count":1,"href":"https:\/\/shop.patlite.eu\/fr\/wp-json\/wp\/v2\/product\/7916\/revisions"}],"predecessor-version":[{"id":9107,"href":"https:\/\/shop.patlite.eu\/fr\/wp-json\/wp\/v2\/product\/7916\/revisions\/9107"}],"wp:featuredmedia":[{"embeddable":true,"href":"https:\/\/shop.patlite.eu\/fr\/wp-json\/wp\/v2\/media\/7917"}],"wp:attachment":[{"href":"https:\/\/shop.patlite.eu\/fr\/wp-json\/wp\/v2\/media?parent=7916"}],"wp:term":[{"taxonomy":"product_brand","embeddable":true,"href":"https:\/\/shop.patlite.eu\/fr\/wp-json\/wp\/v2\/product_brand?post=7916"},{"taxonomy":"product_cat","embeddable":true,"href":"https:\/\/shop.patlite.eu\/fr\/wp-json\/wp\/v2\/product_cat?post=7916"},{"taxonomy":"product_tag","embeddable":true,"href":"https:\/\/shop.patlite.eu\/fr\/wp-json\/wp\/v2\/product_tag?post=7916"}],"curies":[{"name":"wp","href":"https:\/\/api.w.org\/{rel}","templated":true}]}}