{"id":7845,"date":"2023-12-15T02:16:06","date_gmt":"2023-12-15T01:16:06","guid":{"rendered":"https:\/\/shop.patlite.eu\/produkt\/lr7-colonne-lumineuse-o70mm-modele-preassemble\/"},"modified":"2024-09-23T15:12:52","modified_gmt":"2024-09-23T13:12:52","slug":"lr7-colonne-lumineuse-o70mm-modele-preassemble","status":"publish","type":"product","link":"https:\/\/shop.patlite.eu\/fr\/produit\/lr7-colonne-lumineuse-o70mm-modele-preassemble\/","title":{"rendered":"LR7 Colonne lumineuse \u00d870mm \u2013 mod\u00e8le pr\u00e9assembl\u00e9"},"content":{"rendered":"<div style=\"width: 50%;\">\n<h3>CARACT\u00c9RISTIQUES PRINCIPALES<\/h3>\n<div style=\"background-color: #fef2d3; padding: 5px 5px;\">\n<ul>\n<li><b>C\u00e2bl\u00e9e <\/b>et <b>pr\u00e9assembl\u00e9e<\/b><\/li>\n<li>Syst\u00e8me \u201c<strong>Tourner\/Verrouiller<\/strong>\u201d<\/li>\n<li>Indice de protection <strong>IP65<\/strong><\/li>\n<\/ul>\n<\/div>\n<\/div>\n<p>&nbsp; Colonne de signalisation avec des LED ultra lumineuses et un diam\u00e8tre de 70 mm. Toutes les configurations list\u00e9es ici sont d\u00e9j\u00e0 pr\u00e9mont\u00e9es et c\u00e2bl\u00e9es, mais peuvent \u00eatre \u00e9tendues et adapt\u00e9es sans effort et sans outils gr\u00e2ce \u00e0 la conception modulaire et \u00e0 le systeme \u201cTourner\/Verrouiller\u201d.<br \/>Les colonnes lumineuses de la s\u00e9rie LR sont disponibles dans des diam\u00e8tres de 40, 50, 60 et 70 mm. Les tours de signalisation LR5 et LR7 sont \u00e9galement disponibles en tant que syst\u00e8me enti\u00e8rement modulaire avec une large gamme de modules individuels (dont embase avec bornier d\u00e9brochable) et d\u2019options de montage pour une configuration au plus pr\u00e8s de vos besoins.  <\/p>\n","protected":false},"excerpt":{"rendered":"<p>Colonne lumineuse de s\u00e9rie LR avec un diam\u00e8tre de 70 mm, pr\u00e9mont\u00e9e et c\u00e2bl\u00e9e.<br \/>Toutes les versions <strong>non montr\u00e9es<\/strong> sont disponibles sur demande ou peuvent \u00eatre configur\u00e9es individuellement comme un syst\u00e8me enti\u00e8rement modulaire. <\/p>\n","protected":false},"featured_media":7846,"comment_status":"open","ping_status":"closed","template":"","meta":{"_eb_attr":"","_mo_disable_npp":"","_uag_custom_page_level_css":"","_monsterinsights_skip_tracking":false,"_monsterinsights_sitenote_active":false,"_monsterinsights_sitenote_note":"","_monsterinsights_sitenote_category":0,"site-sidebar-layout":"default","site-content-layout":"","ast-site-content-layout":"default","site-content-style":"default","site-sidebar-style":"default","ast-global-header-display":"","ast-banner-title-visibility":"","ast-main-header-display":"","ast-hfb-above-header-display":"","ast-hfb-below-header-display":"","ast-hfb-mobile-header-display":"","site-post-title":"","ast-breadcrumbs-content":"","ast-featured-img":"","footer-sml-layout":"","ast-disable-related-posts":"","theme-transparent-header-meta":"default","adv-header-id-meta":"","stick-header-meta":"default","header-above-stick-meta":"","header-main-stick-meta":"","header-below-stick-meta":"","astra-migrate-meta-layouts":"default","ast-page-background-enabled":"default","ast-page-background-meta":{"desktop":{"background-color":"var(--ast-global-color-4)","background-image":"","background-repeat":"repeat","background-position":"center center","background-size":"auto","background-attachment":"scroll","background-type":"","background-media":"","overlay-type":"","overlay-color":"","overlay-opacity":"","overlay-gradient":""},"tablet":{"background-color":"","background-image":"","background-repeat":"repeat","background-position":"center center","background-size":"auto","background-attachment":"scroll","background-type":"","background-media":"","overlay-type":"","overlay-color":"","overlay-opacity":"","overlay-gradient":""},"mobile":{"background-color":"","background-image":"","background-repeat":"repeat","background-position":"center center","background-size":"auto","background-attachment":"scroll","background-type":"","background-media":"","overlay-type":"","overlay-color":"","overlay-opacity":"","overlay-gradient":""}},"ast-content-background-meta":{"desktop":{"background-color":"var(--ast-global-color-5)","background-image":"","background-repeat":"repeat","background-position":"center center","background-size":"auto","background-attachment":"scroll","background-type":"","background-media":"","overlay-type":"","overlay-color":"","overlay-opacity":"","overlay-gradient":""},"tablet":{"background-color":"var(--ast-global-color-5)","background-image":"","background-repeat":"repeat","background-position":"center center","background-size":"auto","background-attachment":"scroll","background-type":"","background-media":"","overlay-type":"","overlay-color":"","overlay-opacity":"","overlay-gradient":""},"mobile":{"background-color":"var(--ast-global-color-5)","background-image":"","background-repeat":"repeat","background-position":"center center","background-size":"auto","background-attachment":"scroll","background-type":"","background-media":"","overlay-type":"","overlay-color":"","overlay-opacity":"","overlay-gradient":""}}},"product_brand":[],"product_cat":[605],"product_tag":[609,755,777,631,780,749,751],"class_list":{"0":"post-7845","1":"product","2":"type-product","3":"status-publish","4":"has-post-thumbnail","6":"product_cat-colonnes-lumineuses","7":"product_tag-tour-de-signalisation","8":"product_tag-lr7-fr","9":"product_tag-colonne-lumineuse","10":"product_tag-70mm-fr","11":"product_tag-tour-lumineuse","12":"product_tag-voyant-led","13":"product_tag-lr-fr","14":"pa_durchmesser-70mm-fr","15":"pa_ebenen-3-fr","16":"pa_gehaeusefarbe-blanc","17":"pa_halterung-montage-direct","18":"pa_optionen-buzzer-de-90db","19":"pa_optionen-sans-buzzer","20":"pa_schutzklasse-ip65-fr","21":"pa_spannung-24v-cc-fr","22":"desktop-align-center","23":"tablet-align-left","24":"mobile-align-left","25":"ast-product-gallery-layout-horizontal-slider","26":"ast-product-single-variable","27":"ast-product-tabs-layout-horizontal","29":"first","30":"instock","31":"taxable","32":"shipping-taxable","33":"purchasable","34":"product-type-variable"},"spectra_custom_meta":{"yikes_woo_products_tabs":["a:1:{i:0;s:0:\"\";}"],"_wcml_average_rating":[null],"_wcml_review_count":[null],"_wcml_rating_count":[null],"_unit":[""],"_unit_base":[""],"_unit_product":[""],"_unit_price":[""],"_unit_price_regular":[""],"_unit_price_sale":[""],"_unit_price_auto":["no"],"_sale_price_label":[""],"_sale_price_regular_label":[""],"_free_shipping":["no"],"_min_age":[""],"_is_food":["no"],"_used_good":["no"],"_nutrient_reference_value":["100g"],"_allergen_ids":["a:0:{}"],"_nutri_score":[""],"_alcohol_content":[""],"_drained_weight":[""],"_net_filling_quantity":[""],"_deposit_type":[""],"_deposit_quantity":[""],"_service":["no"],"_differential_taxation":["no"],"_hs_code":["85318070"],"_manufacture_country":["ID"],"_backorders":["no"],"_download_limit":["-1"],"_download_expiry":["-1"],"_downloadable":["no"],"_stock_status":["instock"],"_sold_individually":["no"],"_tax_class":[""],"_tax_status":["taxable"],"_virtual":["no"],"total_sales":["2"],"stick-header-meta":["default"],"site-sidebar-layout":["default"],"theme-transparent-header-meta":["default"],"_wpml_media_duplicate":["1"],"_wpml_media_featured":["1"],"ast-site-content-layout":["default"],"site-content-style":["default"],"site-sidebar-style":["default"],"_top_nav_excluded":[""],"_cms_nav_minihome":[""],"_wp_page_template":["default"],"wcml_sync_hash":["a:1:{s:15:\"postmeta_fields\";s:32:\"4ec5992bd07e9bd6200bbd305ab1fd23\";}"],"attr_label_translations":["a:0:{}"],"_product_attributes":["a:7:{s:14:\"pa_durchmesser\";a:7:{s:4:\"name\";s:14:\"pa_durchmesser\";s:5:\"value\";s:0:\"\";s:8:\"position\";i:0;s:10:\"is_visible\";i:1;s:12:\"is_variation\";i:0;s:11:\"is_taxonomy\";i:1;s:16:\"checkout_visible\";i:0;}s:9:\"pa_ebenen\";a:7:{s:4:\"name\";s:9:\"pa_ebenen\";s:5:\"value\";s:0:\"\";s:8:\"position\";i:1;s:10:\"is_visible\";i:1;s:12:\"is_variation\";i:0;s:11:\"is_taxonomy\";i:1;s:16:\"checkout_visible\";i:0;}s:16:\"pa_gehaeusefarbe\";a:7:{s:4:\"name\";s:16:\"pa_gehaeusefarbe\";s:5:\"value\";s:0:\"\";s:8:\"position\";i:2;s:10:\"is_visible\";i:1;s:12:\"is_variation\";i:0;s:11:\"is_taxonomy\";i:1;s:16:\"checkout_visible\";i:0;}s:12:\"pa_halterung\";a:7:{s:4:\"name\";s:12:\"pa_halterung\";s:5:\"value\";s:0:\"\";s:8:\"position\";i:3;s:10:\"is_visible\";i:1;s:12:\"is_variation\";i:0;s:11:\"is_taxonomy\";i:1;s:16:\"checkout_visible\";i:0;}s:11:\"pa_optionen\";a:7:{s:4:\"name\";s:11:\"pa_optionen\";s:5:\"value\";s:0:\"\";s:8:\"position\";i:4;s:10:\"is_visible\";i:0;s:12:\"is_variation\";i:1;s:11:\"is_taxonomy\";i:1;s:16:\"checkout_visible\";i:0;}s:15:\"pa_schutzklasse\";a:7:{s:4:\"name\";s:15:\"pa_schutzklasse\";s:5:\"value\";s:0:\"\";s:8:\"position\";i:5;s:10:\"is_visible\";i:1;s:12:\"is_variation\";i:0;s:11:\"is_taxonomy\";i:1;s:16:\"checkout_visible\";i:0;}s:11:\"pa_spannung\";a:7:{s:4:\"name\";s:11:\"pa_spannung\";s:5:\"value\";s:0:\"\";s:8:\"position\";i:6;s:10:\"is_visible\";i:1;s:12:\"is_variation\";i:0;s:11:\"is_taxonomy\";i:1;s:16:\"checkout_visible\";i:0;}}"],"_thumbnail_id":["7846"],"_product_image_gallery":["7847,7848,7849,7850"],"_stock":["50.000000"],"_crosssell_ids":["a:0:{}"],"_ts_mpn":[""],"_ts_gtin":[""],"_last_translation_edit_mode":["translation-editor"],"rank_math_analytic_object_id":["78"],"_nutrient_ids":["a:0:{}"],"_upsell_ids":["a:4:{i:0;i:7645;i:1;i:8869;i:2;i:8845;i:3;i:7692;}"],"_price":["129.10","180.4","129.10","180.4"],"_wc_facebook_sync_enabled":["yes"],"fb_visibility":["yes"],"_wc_facebook_sync_enabled_v2":["yes"],"_eb_reusable_block_ids":["a:0:{}"],"_elementor_edit_mode":[""],"_elementor_template_type":[""],"_manage_stock":["no"],"ast-main-header-display":[""],"ast-hfb-above-header-display":[""],"ast-hfb-below-header-display":[""],"ast-hfb-mobile-header-display":[""],"adv-header-id-meta":[""],"footer-sml-layout":[""],"header-main-stick-meta":[""],"header-above-stick-meta":[""],"header-below-stick-meta":[""],"site-post-title":[""],"site-content-layout":[""],"ast-featured-img":[""],"ast-breadcrumbs-content":[""],"ast-banner-title-visibility":[""],"ast-global-header-display":[""],"_manufacturer_slug":[""],"rank_math_primary_product_cat":["18"],"_uag_css_file_name":["uag-css-7845.css"],"rank_math_internal_links_processed":["1"],"_max_variation_price":[""],"_max_variation_regular_price":[""],"_max_variation_sale_price":[""],"_min_variation_price":[""],"_min_variation_regular_price":[""],"_min_variation_sale_price":[""],"_regular_price":[""],"_sale_price":[""],"_wc_rating_count":[""],"_wc_review_count":[""],"_wc_average_rating":[0]},"uagb_featured_image_src":{"full":["https:\/\/shop.patlite.eu\/wp-content\/uploads\/2024\/01\/Patlite_LR7_LED_Signalsaeule_vorkonfektioniert_Varianten.png",1200,800,false],"thumbnail":["https:\/\/shop.patlite.eu\/wp-content\/uploads\/2024\/01\/Patlite_LR7_LED_Signalsaeule_vorkonfektioniert_Varianten-150x150.png",150,150,true],"medium":["https:\/\/shop.patlite.eu\/wp-content\/uploads\/2024\/01\/Patlite_LR7_LED_Signalsaeule_vorkonfektioniert_Varianten-300x200.png",300,200,true],"medium_large":["https:\/\/shop.patlite.eu\/wp-content\/uploads\/2024\/01\/Patlite_LR7_LED_Signalsaeule_vorkonfektioniert_Varianten-768x512.png",768,512,true],"large":["https:\/\/shop.patlite.eu\/wp-content\/uploads\/2024\/01\/Patlite_LR7_LED_Signalsaeule_vorkonfektioniert_Varianten-1024x683.png",1024,683,true],"1536x1536":["https:\/\/shop.patlite.eu\/wp-content\/uploads\/2024\/01\/Patlite_LR7_LED_Signalsaeule_vorkonfektioniert_Varianten.png",1200,800,false],"2048x2048":["https:\/\/shop.patlite.eu\/wp-content\/uploads\/2024\/01\/Patlite_LR7_LED_Signalsaeule_vorkonfektioniert_Varianten.png",1200,800,false],"woocommerce_thumbnail":["https:\/\/shop.patlite.eu\/wp-content\/uploads\/2024\/01\/Patlite_LR7_LED_Signalsaeule_vorkonfektioniert_Varianten-400x267.png",400,267,true],"woocommerce_single":["https:\/\/shop.patlite.eu\/wp-content\/uploads\/2024\/01\/Patlite_LR7_LED_Signalsaeule_vorkonfektioniert_Varianten.png",1200,800,false],"woocommerce_gallery_thumbnail":["https:\/\/shop.patlite.eu\/wp-content\/uploads\/2024\/01\/Patlite_LR7_LED_Signalsaeule_vorkonfektioniert_Varianten-100x100.png",100,100,true],"dgwt-wcas-product-suggestion":["https:\/\/shop.patlite.eu\/wp-content\/uploads\/2024\/01\/Patlite_LR7_LED_Signalsaeule_vorkonfektioniert_Varianten.png",64,43,false]},"uagb_author_info":{"display_name":"Konstantin Will","author_link":"https:\/\/shop.patlite.eu\/fr\/author\/"},"uagb_comment_info":0,"uagb_excerpt":"Colonne lumineuse de s\u00e9rie LR avec un diam\u00e8tre de 70 mm, pr\u00e9mont\u00e9e et c\u00e2bl\u00e9e.Toutes les versions non montr\u00e9es sont disponibles sur demande ou peuvent \u00eatre configur\u00e9es individuellement comme un syst\u00e8me enti\u00e8rement modulaire.","_links":{"self":[{"href":"https:\/\/shop.patlite.eu\/fr\/wp-json\/wp\/v2\/product\/7845","targetHints":{"allow":["GET"]}}],"collection":[{"href":"https:\/\/shop.patlite.eu\/fr\/wp-json\/wp\/v2\/product"}],"about":[{"href":"https:\/\/shop.patlite.eu\/fr\/wp-json\/wp\/v2\/types\/product"}],"replies":[{"embeddable":true,"href":"https:\/\/shop.patlite.eu\/fr\/wp-json\/wp\/v2\/comments?post=7845"}],"version-history":[{"count":2,"href":"https:\/\/shop.patlite.eu\/fr\/wp-json\/wp\/v2\/product\/7845\/revisions"}],"predecessor-version":[{"id":10520,"href":"https:\/\/shop.patlite.eu\/fr\/wp-json\/wp\/v2\/product\/7845\/revisions\/10520"}],"wp:featuredmedia":[{"embeddable":true,"href":"https:\/\/shop.patlite.eu\/fr\/wp-json\/wp\/v2\/media\/7846"}],"wp:attachment":[{"href":"https:\/\/shop.patlite.eu\/fr\/wp-json\/wp\/v2\/media?parent=7845"}],"wp:term":[{"taxonomy":"product_brand","embeddable":true,"href":"https:\/\/shop.patlite.eu\/fr\/wp-json\/wp\/v2\/product_brand?post=7845"},{"taxonomy":"product_cat","embeddable":true,"href":"https:\/\/shop.patlite.eu\/fr\/wp-json\/wp\/v2\/product_cat?post=7845"},{"taxonomy":"product_tag","embeddable":true,"href":"https:\/\/shop.patlite.eu\/fr\/wp-json\/wp\/v2\/product_tag?post=7845"}],"curies":[{"name":"wp","href":"https:\/\/api.w.org\/{rel}","templated":true}]}}