{"id":7645,"date":"2024-01-24T00:28:00","date_gmt":"2024-01-23T23:28:00","guid":{"rendered":"https:\/\/shop.patlite.eu\/produkt\/embases-70mm-lr7-avec-bornier-debrochable-kt-wt-pour-un-systeme-entierement-modulable\/"},"modified":"2024-03-27T15:21:13","modified_gmt":"2024-03-27T14:21:13","slug":"embases-70mm-lr7-avec-bornier-debrochable-kt-wt-pour-un-systeme-entierement-modulable","status":"publish","type":"product","link":"https:\/\/shop.patlite.eu\/fr\/produit\/embases-70mm-lr7-avec-bornier-debrochable-kt-wt-pour-un-systeme-entierement-modulable\/","title":{"rendered":"LR7 Embase \u00d870mm avec bornier d\u00e9brochable (KT\/WT) pour un syst\u00e8me enti\u00e8rement modulable"},"content":{"rendered":"<div style=\"width: 50%\">\n<h3>CARACT\u00c9RISTIQUES PRINCIPALES<\/h3>\n<div style=\"background-color: #fef2d3;padding: 5px 5px\">\n<ul>\n<li>\u00c9quipement <strong>enti\u00e8rement modulable<\/strong><strong><br \/>\n<\/strong><\/li>\n<li>Syst\u00e8me <strong>\u201cTourner\/Verrouiller\u201d<\/strong><\/li>\n<li>Indice de protection <strong>IP65<\/strong><\/li>\n<\/ul>\n<\/div>\n<\/div>\n<p>&nbsp;<\/p>\n<p>Modules d&#8217;embase de la s\u00e9rie LR avec un diam\u00e8tre de 70 mm.<\/p>\n<p>La s\u00e9rie LR est la plus polyvalente des colonnes lumineuses. Elle est disponible dans les diam\u00e8tres 40, 50, 60 et 70 mm. En tant que syst\u00e8me enti\u00e8rement modulable, cette s\u00e9rie offre une large gamme de modules individuels et d&rsquo;options de montage pour une configuration personnalis\u00e9e, extr\u00eamement facile \u00e0 installer gr\u00e2ce \u00e0 sa conception \u00ab\u00a0Tourner\/Verrouiller\u00a0\u00bb. Choisissez vous-m\u00eame la taille, la couleur, les fonctionnalit\u00e9s, la tension, la connexion et le type d&rsquo;installation et recevez le produit adapt\u00e9 \u00e0 vos besoins sp\u00e9cifiques \u00ab\u00a0pi\u00e8ce par pi\u00e8ce\u00a0\u00bb<br \/>\nAvec une visibilit\u00e9 sup\u00e9rieure de ses modules LED et les notifications sonores de son buzzer, ainsi qu&rsquo;une construction robuste (IP65) pour les environnements difficiles et humides, la s\u00e9rie LR est \u00e9quip\u00e9e pour les applications les plus exigeantes.<\/p>\n<p>La colonne lumineuse LR7 est aussi disponible en version pr\u00e9-assembl\u00e9e avec 3 modules LED : rouge, orange, vert, et module d&#8217;embase blanc.<\/p>\n","protected":false},"excerpt":{"rendered":"<p>Module d&#8217;embase de colonnes lumineuses LR7 enti\u00e8rement modulaires avec un diam\u00e8tre de 70 mm.<\/p>\n","protected":false},"featured_media":7646,"comment_status":"open","ping_status":"closed","template":"","meta":{"_eb_attr":"","_mo_disable_npp":"","_uag_custom_page_level_css":"","_monsterinsights_skip_tracking":false,"_monsterinsights_sitenote_active":false,"_monsterinsights_sitenote_note":"","_monsterinsights_sitenote_category":0,"site-sidebar-layout":"default","site-content-layout":"","ast-site-content-layout":"default","site-content-style":"default","site-sidebar-style":"default","ast-global-header-display":"","ast-banner-title-visibility":"","ast-main-header-display":"","ast-hfb-above-header-display":"","ast-hfb-below-header-display":"","ast-hfb-mobile-header-display":"","site-post-title":"","ast-breadcrumbs-content":"","ast-featured-img":"","footer-sml-layout":"","ast-disable-related-posts":"","theme-transparent-header-meta":"default","adv-header-id-meta":"","stick-header-meta":"default","header-above-stick-meta":"","header-main-stick-meta":"","header-below-stick-meta":"","astra-migrate-meta-layouts":"default","ast-page-background-enabled":"default","ast-page-background-meta":{"desktop":{"background-color":"var(--ast-global-color-4)","background-image":"","background-repeat":"repeat","background-position":"center center","background-size":"auto","background-attachment":"scroll","background-type":"","background-media":"","overlay-type":"","overlay-color":"","overlay-opacity":"","overlay-gradient":""},"tablet":{"background-color":"","background-image":"","background-repeat":"repeat","background-position":"center center","background-size":"auto","background-attachment":"scroll","background-type":"","background-media":"","overlay-type":"","overlay-color":"","overlay-opacity":"","overlay-gradient":""},"mobile":{"background-color":"","background-image":"","background-repeat":"repeat","background-position":"center center","background-size":"auto","background-attachment":"scroll","background-type":"","background-media":"","overlay-type":"","overlay-color":"","overlay-opacity":"","overlay-gradient":""}},"ast-content-background-meta":{"desktop":{"background-color":"var(--ast-global-color-5)","background-image":"","background-repeat":"repeat","background-position":"center center","background-size":"auto","background-attachment":"scroll","background-type":"","background-media":"","overlay-type":"","overlay-color":"","overlay-opacity":"","overlay-gradient":""},"tablet":{"background-color":"var(--ast-global-color-5)","background-image":"","background-repeat":"repeat","background-position":"center center","background-size":"auto","background-attachment":"scroll","background-type":"","background-media":"","overlay-type":"","overlay-color":"","overlay-opacity":"","overlay-gradient":""},"mobile":{"background-color":"var(--ast-global-color-5)","background-image":"","background-repeat":"repeat","background-position":"center center","background-size":"auto","background-attachment":"scroll","background-type":"","background-media":"","overlay-type":"","overlay-color":"","overlay-opacity":"","overlay-gradient":""}}},"product_brand":[],"product_cat":[627,605],"product_tag":[609,755,777,780,631,749,751],"class_list":{"0":"post-7645","1":"product","2":"type-product","3":"status-publish","4":"has-post-thumbnail","6":"product_cat-accessoires","7":"product_cat-colonnes-lumineuses","8":"product_tag-tour-de-signalisation","9":"product_tag-lr7-fr","10":"product_tag-colonne-lumineuse","11":"product_tag-tour-lumineuse","12":"product_tag-70mm-fr","13":"product_tag-voyant-led","14":"product_tag-lr-fr","15":"pa_durchmesser-70mm-fr","16":"pa_gehaeusefarbe-blanc","17":"pa_gehaeusefarbe-noir","18":"pa_gehaeusefarbe-argent","19":"pa_halterung-pour-montage-direct-avec-vis-de-fixation-et-bornier-debrochable-wt","20":"pa_halterung-pour-montage-tubulaire-avec-bornier-debrochable-kt-fr","21":"pa_schutzklasse-ip65-fr","22":"pa_spannung-24v-fr","23":"desktop-align-center","24":"tablet-align-left","25":"mobile-align-left","26":"ast-product-gallery-layout-horizontal-slider","27":"ast-product-single-variable","28":"ast-product-tabs-layout-horizontal","30":"first","31":"instock","32":"taxable","33":"shipping-taxable","34":"purchasable","35":"product-type-variable"},"spectra_custom_meta":{"yikes_woo_products_tabs":["a:1:{i:0;s:0:\"\";}"],"_wcml_average_rating":[null],"_wcml_review_count":[null],"_wcml_rating_count":[null],"_unit":[""],"_unit_base":[""],"_unit_product":[""],"_unit_price":[""],"_unit_price_regular":[""],"_unit_price_sale":[""],"_unit_price_auto":["no"],"_sale_price_label":[""],"_sale_price_regular_label":[""],"_free_shipping":["no"],"_min_age":[""],"_is_food":["no"],"_used_good":["no"],"_nutrient_reference_value":["100g"],"_allergen_ids":["a:0:{}"],"_nutri_score":[""],"_alcohol_content":[""],"_drained_weight":[""],"_net_filling_quantity":[""],"_deposit_type":[""],"_deposit_quantity":[""],"_service":["no"],"_differential_taxation":["no"],"_hs_code":["85318070"],"_manufacture_country":["ID"],"_backorders":["no"],"_download_limit":["-1"],"_download_expiry":["-1"],"_downloadable":["no"],"_manage_stock":["yes"],"_stock_status":["instock"],"_sold_individually":["no"],"_tax_class":[""],"_tax_status":["taxable"],"_virtual":["no"],"total_sales":["1"],"stick-header-meta":["default"],"site-sidebar-layout":["default"],"theme-transparent-header-meta":["default"],"_wpml_media_duplicate":["1"],"_wpml_media_featured":["1"],"_top_nav_excluded":[""],"_cms_nav_minihome":[""],"_wp_page_template":["default"],"wcml_sync_hash":["a:1:{s:15:\"postmeta_fields\";s:32:\"c13b57453875fe5cd8cba3bbe9881868\";}"],"attr_label_translations":["a:0:{}"],"_product_attributes":["a:5:{s:14:\"pa_durchmesser\";a:7:{s:4:\"name\";s:14:\"pa_durchmesser\";s:5:\"value\";s:0:\"\";s:8:\"position\";i:0;s:10:\"is_visible\";i:1;s:12:\"is_variation\";i:0;s:11:\"is_taxonomy\";i:1;s:16:\"checkout_visible\";i:0;}s:16:\"pa_gehaeusefarbe\";a:7:{s:4:\"name\";s:16:\"pa_gehaeusefarbe\";s:5:\"value\";s:0:\"\";s:8:\"position\";i:1;s:10:\"is_visible\";i:0;s:12:\"is_variation\";i:1;s:11:\"is_taxonomy\";i:1;s:16:\"checkout_visible\";i:0;}s:12:\"pa_halterung\";a:7:{s:4:\"name\";s:12:\"pa_halterung\";s:5:\"value\";s:0:\"\";s:8:\"position\";i:2;s:10:\"is_visible\";i:0;s:12:\"is_variation\";i:1;s:11:\"is_taxonomy\";i:1;s:16:\"checkout_visible\";i:0;}s:15:\"pa_schutzklasse\";a:7:{s:4:\"name\";s:15:\"pa_schutzklasse\";s:5:\"value\";s:0:\"\";s:8:\"position\";i:3;s:10:\"is_visible\";i:1;s:12:\"is_variation\";i:0;s:11:\"is_taxonomy\";i:1;s:16:\"checkout_visible\";i:0;}s:11:\"pa_spannung\";a:7:{s:4:\"name\";s:11:\"pa_spannung\";s:5:\"value\";s:0:\"\";s:8:\"position\";i:4;s:10:\"is_visible\";i:1;s:12:\"is_variation\";i:0;s:11:\"is_taxonomy\";i:1;s:16:\"checkout_visible\";i:0;}}"],"_thumbnail_id":["7646"],"_product_image_gallery":["7650,7647,10055,7648,10054,7649,10061,10063,10065,10067,10069,10071,10073,10075"],"_default_attributes":["a:0:{}"],"_stock":["49.000000"],"_crosssell_ids":["a:0:{}"],"_children":["a:0:{}"],"_ts_mpn":[""],"_ts_gtin":[""],"_last_translation_edit_mode":["translation-editor"],"ast-site-content-layout":["default"],"site-content-style":["default"],"site-sidebar-style":["default"],"rank_math_analytic_object_id":["14"],"_upsell_ids":["a:5:{i:0;i:7845;i:1;i:8869;i:2;i:8845;i:3;i:8757;i:4;i:7703;}"],"_nutrient_ids":["a:0:{}"],"_price":["38.3","46.6","38.3","46.6","38.3","46.6"],"_wc_facebook_sync_enabled":["yes"],"fb_visibility":["yes"],"_wc_facebook_sync_enabled_v2":["yes"],"_eb_reusable_block_ids":["a:0:{}"],"_uag_css_file_name":["uag-css-7645.css"],"rank_math_internal_links_processed":["1"],"_max_variation_price":[""],"_max_variation_regular_price":[""],"_max_variation_sale_price":[""],"_min_variation_price":[""],"_min_variation_regular_price":[""],"_min_variation_sale_price":[""],"_regular_price":[""],"_sale_price":[""],"_wc_rating_count":[""],"_wc_review_count":[""],"_wc_average_rating":[0]},"uagb_featured_image_src":{"full":["https:\/\/shop.patlite.eu\/wp-content\/uploads\/2024\/01\/Patlite_LR7_LED_Signalsaeule_Basismodule_Uebersicht.png",1200,800,false],"thumbnail":["https:\/\/shop.patlite.eu\/wp-content\/uploads\/2024\/01\/Patlite_LR7_LED_Signalsaeule_Basismodule_Uebersicht-150x150.png",150,150,true],"medium":["https:\/\/shop.patlite.eu\/wp-content\/uploads\/2024\/01\/Patlite_LR7_LED_Signalsaeule_Basismodule_Uebersicht-300x200.png",300,200,true],"medium_large":["https:\/\/shop.patlite.eu\/wp-content\/uploads\/2024\/01\/Patlite_LR7_LED_Signalsaeule_Basismodule_Uebersicht-768x512.png",768,512,true],"large":["https:\/\/shop.patlite.eu\/wp-content\/uploads\/2024\/01\/Patlite_LR7_LED_Signalsaeule_Basismodule_Uebersicht-1024x683.png",1024,683,true],"1536x1536":["https:\/\/shop.patlite.eu\/wp-content\/uploads\/2024\/01\/Patlite_LR7_LED_Signalsaeule_Basismodule_Uebersicht.png",1200,800,false],"2048x2048":["https:\/\/shop.patlite.eu\/wp-content\/uploads\/2024\/01\/Patlite_LR7_LED_Signalsaeule_Basismodule_Uebersicht.png",1200,800,false],"woocommerce_thumbnail":["https:\/\/shop.patlite.eu\/wp-content\/uploads\/2024\/01\/Patlite_LR7_LED_Signalsaeule_Basismodule_Uebersicht-400x267.png",400,267,true],"woocommerce_single":["https:\/\/shop.patlite.eu\/wp-content\/uploads\/2024\/01\/Patlite_LR7_LED_Signalsaeule_Basismodule_Uebersicht.png",1200,800,false],"woocommerce_gallery_thumbnail":["https:\/\/shop.patlite.eu\/wp-content\/uploads\/2024\/01\/Patlite_LR7_LED_Signalsaeule_Basismodule_Uebersicht-100x100.png",100,100,true],"dgwt-wcas-product-suggestion":["https:\/\/shop.patlite.eu\/wp-content\/uploads\/2024\/01\/Patlite_LR7_LED_Signalsaeule_Basismodule_Uebersicht.png",64,43,false]},"uagb_author_info":{"display_name":"Konstantin Will","author_link":"https:\/\/shop.patlite.eu\/fr\/author\/"},"uagb_comment_info":0,"uagb_excerpt":"Module d'embase de colonnes lumineuses LR7 enti\u00e8rement modulaires avec un diam\u00e8tre de 70 mm.","_links":{"self":[{"href":"https:\/\/shop.patlite.eu\/fr\/wp-json\/wp\/v2\/product\/7645","targetHints":{"allow":["GET"]}}],"collection":[{"href":"https:\/\/shop.patlite.eu\/fr\/wp-json\/wp\/v2\/product"}],"about":[{"href":"https:\/\/shop.patlite.eu\/fr\/wp-json\/wp\/v2\/types\/product"}],"replies":[{"embeddable":true,"href":"https:\/\/shop.patlite.eu\/fr\/wp-json\/wp\/v2\/comments?post=7645"}],"version-history":[{"count":3,"href":"https:\/\/shop.patlite.eu\/fr\/wp-json\/wp\/v2\/product\/7645\/revisions"}],"predecessor-version":[{"id":9119,"href":"https:\/\/shop.patlite.eu\/fr\/wp-json\/wp\/v2\/product\/7645\/revisions\/9119"}],"wp:featuredmedia":[{"embeddable":true,"href":"https:\/\/shop.patlite.eu\/fr\/wp-json\/wp\/v2\/media\/7646"}],"wp:attachment":[{"href":"https:\/\/shop.patlite.eu\/fr\/wp-json\/wp\/v2\/media?parent=7645"}],"wp:term":[{"taxonomy":"product_brand","embeddable":true,"href":"https:\/\/shop.patlite.eu\/fr\/wp-json\/wp\/v2\/product_brand?post=7645"},{"taxonomy":"product_cat","embeddable":true,"href":"https:\/\/shop.patlite.eu\/fr\/wp-json\/wp\/v2\/product_cat?post=7645"},{"taxonomy":"product_tag","embeddable":true,"href":"https:\/\/shop.patlite.eu\/fr\/wp-json\/wp\/v2\/product_tag?post=7645"}],"curies":[{"name":"wp","href":"https:\/\/api.w.org\/{rel}","templated":true}]}}