{"id":7629,"date":"2024-01-26T00:15:31","date_gmt":"2024-01-25T23:15:31","guid":{"rendered":"https:\/\/shop.patlite.eu\/produkt\/embases-lr5-50-mm-avec-bornier-debrochable-kt-wt-pour-un-systeme-entierement-modulaire\/"},"modified":"2025-04-03T00:22:22","modified_gmt":"2025-04-02T22:22:22","slug":"embases-lr5-50-mm-avec-bornier-debrochable-kt-wt-pour-un-systeme-entierement-modulaire","status":"publish","type":"product","link":"https:\/\/shop.patlite.eu\/fr\/produit\/embases-lr5-50-mm-avec-bornier-debrochable-kt-wt-pour-un-systeme-entierement-modulaire\/","title":{"rendered":"LR5 Embase \u00d850mm avec bornier d\u00e9brochable (KT\/WT) pour un syst\u00e8me enti\u00e8rement modulable"},"content":{"rendered":"<div style=\"width: 50%\">\n<h3>CARACT\u00c9RISTIQUES PRINCIPALES<\/h3>\n<div style=\"background-color: #fef2d3;padding: 5px 5px\">\n<ul>\n<li>Equipement <strong>enti\u00e8rement modulable<\/strong><\/li>\n<li>Syst\u00e8me <b>&#8220;Tourner\/Verrouiller&#8221;<\/b><\/li>\n<li>Indice de protection <strong>IP65<\/strong><\/li>\n<\/ul>\n<\/div>\n<\/div>\n<p>&nbsp;<\/p>\n<p>Module d&#8217;embase de la s\u00e9rie LR avec un diam\u00e8tre de 50 mm.<\/p>\n<p>La s\u00e9rie LR est la plus polyvalente des colonnes lumineuses. Elle est disponible dans les diam\u00e8tres 40, 50, 60 et 70 mm. En tant que syst\u00e8me enti\u00e8rement modulable, cette s\u00e9rie offre une large gamme de modules individuels et d&#8217;options de montage pour une configuration personnalis\u00e9e, extr\u00eamement facile \u00e0 installer gr\u00e2ce \u00e0 sa conception &#8220;Tourner\/Verrouiller&#8221;. Choisissez vous-m\u00eame la taille, la couleur, les fonctionnalit\u00e9s, la tension, la connexion et le type d&#8217;installation et recevez le produit adapt\u00e9 \u00e0 vos besoins sp\u00e9cifiques &#8220;pi\u00e8ce par pi\u00e8ce&#8221;<\/p>\n<p>Avec une visibilit\u00e9 sup\u00e9rieure de ses modules LED et les notifications sonores de son buzzer, ainsi qu&#8217;une construction robuste (IP65) pour les environnements difficiles et humides, la s\u00e9rie LR est \u00e9quip\u00e9e pour les applications les plus exigeantes.<\/p>\n<p>&nbsp;<\/p>\n<table class=\"specTB\" style=\"color: #000000\" border=\"0\" cellspacing=\"0\">\n<tbody>\n<tr>\n<th scope=\"row\"><span style=\"color: #3a3a3a\"><span style=\"font-weight: 400\">Temp\u00e9rature ambiante de fonctionnement<\/span><\/span><\/th>\n<td><span style=\"color: #3a3a3a\">-20\u2103 &#8211; +50\u2103<\/span><\/td>\n<\/tr>\n<tr>\n<th scope=\"row\"><span style=\"color: #3a3a3a\"><span style=\"font-weight: 400\">Humidit\u00e9 ambiante de fonctionnement<\/span><\/span><\/th>\n<td><span style=\"color: #3a3a3a\">Inf\u00e9rieur \u00e0 90% RH, sans condensation<\/span><\/td>\n<\/tr>\n<tr>\n<th scope=\"row\"><span style=\"color: #3a3a3a\"><span style=\"font-weight: 400\">Temp\u00e9rature ambiante de stockage<\/span><\/span><\/th>\n<td><span style=\"color: #3a3a3a\">-30\u2103 &#8211; +60\u2103<\/span><\/td>\n<\/tr>\n<tr>\n<th scope=\"row\"><span style=\"color: #3a3a3a\"><span style=\"font-weight: 400\">Humidit\u00e9 ambiante de stockage<\/span><\/span><\/th>\n<td><span style=\"color: #3a3a3a\">Inf\u00e9rieur \u00e0 90% RH, sans condensation<\/span><\/td>\n<\/tr>\n<tr>\n<th scope=\"row\"><span style=\"color: #3a3a3a\"><span style=\"font-weight: 400\">Endroit de montage<\/span><\/span><\/th>\n<td><span style=\"color: #3a3a3a\">Int\u00e9rieur<\/span><\/td>\n<\/tr>\n<tr>\n<th scope=\"row\"><span style=\"color: #3a3a3a\"><span style=\"font-weight: 400\">Direction du montage<\/span><\/span><\/th>\n<td><span style=\"color: #3a3a3a\">Vertical<\/span><\/td>\n<\/tr>\n<tr>\n<th scope=\"row\"><span style=\"color: #3a3a3a\"><span style=\"font-weight: 400\">Indice de protection<sup>*1<\/sup><\/span><\/span><\/th>\n<td><span style=\"color: #3a3a3a\">IP65(IEC 60529) \/ NEMATYPE 4X, 13<\/span><\/td>\n<\/tr>\n<tr>\n<th scope=\"row\"><span style=\"color: #3a3a3a\"><span style=\"font-weight: 400\">Condition de test<\/span><\/span><\/th>\n<td><span style=\"color: #3a3a3a\">Vertical<\/span><\/td>\n<\/tr>\n<tr>\n<th scope=\"row\"><span style=\"color: #3a3a3a\"><span style=\"font-weight: 400\">R\u00e9sistance d&#8217;isolement<\/span><\/span><\/th>\n<td><span style=\"color: #3a3a3a\">Plus de 1M\u03a9 \u00e0 500V DC entre la partie active et la partie m\u00e9tallique sans courant<\/span><\/td>\n<\/tr>\n<tr>\n<th scope=\"row\"><span style=\"color: #3a3a3a\"><span style=\"font-weight: 400\">Tension d&#8217;isolement<\/span><\/span><\/th>\n<td><span style=\"color: #3a3a3a\">500V AC appliqu\u00e9s pendant 1 minute entre la partie active et la partie m\u00e9tallique sans courant sans rompre l\u2019isolement (M2: 1500V AC pendant 1 min.)<\/span><\/td>\n<\/tr>\n<tr>\n<th scope=\"row\"><span style=\"color: #3a3a3a\"><span style=\"font-weight: 400\">Fr\u00e9quence de clignotement<\/span><\/span><\/th>\n<td><span style=\"color: #3a3a3a\">60 \u00b12 clignotement \/ min<\/span><\/td>\n<\/tr>\n<tr>\n<th scope=\"row\"><span style=\"color: #3a3a3a\"><span style=\"font-weight: 400\">Niveau sonore<\/span><\/span><\/th>\n<td><span style=\"color: #3a3a3a\"><span class=\"deco\">Type LR5.<\/span> 85dB \/ Type <span class=\"deco\">LR5 12V DC. <\/span> 80dB<\/span><\/td>\n<\/tr>\n<tr>\n<th scope=\"row\"><span style=\"color: #3a3a3a\"><span style=\"font-weight: 400\">R\u00e9duction du son<sup>*2<\/sup><\/span><\/span><\/th>\n<td><span style=\"color: #3a3a3a\">Environ -10dB<\/span><\/td>\n<\/tr>\n<tr>\n<th scope=\"row\"><span style=\"color: #3a3a3a\"><span style=\"font-weight: 400\">Condition de test<\/span><\/span><\/th>\n<td><span style=\"color: #3a3a3a\">Le son n\u00ba 4 (son balayage) a \u00e9t\u00e9 mesur\u00e9 depuis toutes les directions \u00e0 une distance de 1 m\u00e8tre<\/span><\/td>\n<\/tr>\n<tr>\n<th scope=\"row\"><span style=\"color: #3a3a3a\"><span style=\"font-weight: 400\">Tonalit\u00e9 du buzzer<\/span><\/span><\/th>\n<td><span style=\"color: #3a3a3a\">4 types de son<sup>*2<\/sup> <span class=\"deco\">N\u00b01<\/span> Bip intermittent rapide <span class=\"deco\">N\u00b02<\/span> Bip sonore continu <span class=\"deco\">N\u00b03<\/span> Haut-Bas rapide <span class=\"deco\">N\u00b04<\/span> Son balayage<\/span><\/td>\n<\/tr>\n<tr>\n<th scope=\"row\"><span style=\"color: #3a3a3a\"><span style=\"font-weight: 400\">Sortie transistor<\/span><\/span><\/th>\n<td><span style=\"color: #3a3a3a\">NPN \/ PNP<\/span><\/td>\n<\/tr>\n<tr>\n<th scope=\"row\"><span style=\"color: #3a3a3a\"><span style=\"font-weight: 400\">Conformit\u00e9 aux normes<\/span><\/span><\/th>\n<td><span style=\"color: #3a3a3a\">\u25cfUL 508, CSA-C22.2 No.14<br \/>\n\u25cfFCC Partie 15 Sous-Partie B Classe A<br \/>\n\u25cfDirective RoHS (EN IEC 63000)<br \/>\n\u25cfDirective EMC (EN 61000-6-4, EN 61000-6-2)<br \/>\n\u25cfKC (KN 61000-6-4, KN 61000-6-2)<sup>*3<\/sup><\/span><\/td>\n<\/tr>\n<\/tbody>\n<\/table>\n","protected":false},"excerpt":{"rendered":"<p>Modules d&#8217;embase de colonnes lumineuses LR5 enti\u00e8rement modulaires avec un diam\u00e8tre de 50 mm.<\/p>\n","protected":false},"featured_media":7630,"comment_status":"open","ping_status":"closed","template":"","meta":{"_eb_attr":"","_mo_disable_npp":"","_uag_custom_page_level_css":"","_monsterinsights_skip_tracking":false,"_monsterinsights_sitenote_active":false,"_monsterinsights_sitenote_note":"","_monsterinsights_sitenote_category":0,"site-sidebar-layout":"default","site-content-layout":"","ast-site-content-layout":"default","site-content-style":"default","site-sidebar-style":"default","ast-global-header-display":"","ast-banner-title-visibility":"","ast-main-header-display":"","ast-hfb-above-header-display":"","ast-hfb-below-header-display":"","ast-hfb-mobile-header-display":"","site-post-title":"","ast-breadcrumbs-content":"","ast-featured-img":"","footer-sml-layout":"","ast-disable-related-posts":"","theme-transparent-header-meta":"default","adv-header-id-meta":"","stick-header-meta":"default","header-above-stick-meta":"","header-main-stick-meta":"","header-below-stick-meta":"","astra-migrate-meta-layouts":"default","ast-page-background-enabled":"default","ast-page-background-meta":{"desktop":{"background-color":"var(--ast-global-color-4)","background-image":"","background-repeat":"repeat","background-position":"center center","background-size":"auto","background-attachment":"scroll","background-type":"","background-media":"","overlay-type":"","overlay-color":"","overlay-opacity":"","overlay-gradient":""},"tablet":{"background-color":"","background-image":"","background-repeat":"repeat","background-position":"center center","background-size":"auto","background-attachment":"scroll","background-type":"","background-media":"","overlay-type":"","overlay-color":"","overlay-opacity":"","overlay-gradient":""},"mobile":{"background-color":"","background-image":"","background-repeat":"repeat","background-position":"center center","background-size":"auto","background-attachment":"scroll","background-type":"","background-media":"","overlay-type":"","overlay-color":"","overlay-opacity":"","overlay-gradient":""}},"ast-content-background-meta":{"desktop":{"background-color":"var(--ast-global-color-5)","background-image":"","background-repeat":"repeat","background-position":"center center","background-size":"auto","background-attachment":"scroll","background-type":"","background-media":"","overlay-type":"","overlay-color":"","overlay-opacity":"","overlay-gradient":""},"tablet":{"background-color":"var(--ast-global-color-5)","background-image":"","background-repeat":"repeat","background-position":"center center","background-size":"auto","background-attachment":"scroll","background-type":"","background-media":"","overlay-type":"","overlay-color":"","overlay-opacity":"","overlay-gradient":""},"mobile":{"background-color":"var(--ast-global-color-5)","background-image":"","background-repeat":"repeat","background-position":"center center","background-size":"auto","background-attachment":"scroll","background-type":"","background-media":"","overlay-type":"","overlay-color":"","overlay-opacity":"","overlay-gradient":""}}},"product_brand":[],"product_cat":[605,627],"product_tag":[751,753,760,609,777,629],"class_list":{"0":"post-7629","1":"product","2":"type-product","3":"status-publish","4":"has-post-thumbnail","6":"product_cat-colonnes-lumineuses","7":"product_cat-accessoires","8":"product_tag-lr-fr","9":"product_tag-lr5-fr","10":"product_tag-modulable","11":"product_tag-tour-de-signalisation","12":"product_tag-colonne-lumineuse","13":"product_tag-50mm-fr","14":"pa_durchmesser-50mm-fr","15":"pa_gehaeusefarbe-noir","16":"pa_gehaeusefarbe-argent","17":"pa_gehaeusefarbe-blanc","18":"pa_halterung-pour-montage-direct-avec-vis-de-fixation-et-bornier-debrochable-wt","19":"pa_halterung-pour-montage-tubulaire-avec-bornier-debrochable-kt-fr","20":"pa_schutzklasse-ip65-fr","21":"pa_spannung-24v-cc-fr","22":"desktop-align-center","23":"tablet-align-left","24":"mobile-align-left","25":"ast-product-gallery-layout-horizontal-slider","26":"ast-product-single-variable","27":"ast-product-tabs-layout-horizontal","29":"first","30":"instock","31":"taxable","32":"shipping-taxable","33":"purchasable","34":"product-type-variable"},"spectra_custom_meta":{"yikes_woo_products_tabs":["a:1:{i:0;s:0:\"\";}"],"_unit":[""],"_unit_base":[""],"_unit_product":[""],"_unit_price":[""],"_unit_price_regular":[""],"_unit_price_sale":[""],"_unit_price_auto":["no"],"_sale_price_label":[""],"_sale_price_regular_label":[""],"_free_shipping":["no"],"_min_age":[""],"_is_food":["no"],"_used_good":["no"],"_nutrient_reference_value":["100g"],"_allergen_ids":["a:0:{}"],"_nutri_score":[""],"_alcohol_content":[""],"_drained_weight":[""],"_net_filling_quantity":[""],"_deposit_type":[""],"_deposit_quantity":[""],"_service":["no"],"_differential_taxation":["no"],"_hs_code":["85318070"],"_manufacture_country":["ID"],"_backorders":["no"],"_download_limit":["-1"],"_download_expiry":["-1"],"_downloadable":["no"],"_stock_status":["instock"],"_sold_individually":["no"],"_tax_class":[""],"_tax_status":["taxable"],"_virtual":["no"],"total_sales":["12"],"stick-header-meta":["default"],"site-sidebar-layout":["default"],"theme-transparent-header-meta":["default"],"_wpml_media_duplicate":["1"],"_wpml_media_featured":["1"],"_top_nav_excluded":[""],"_cms_nav_minihome":[""],"_wp_page_template":["default"],"wcml_sync_hash":["a:1:{s:15:\"postmeta_fields\";s:32:\"dffb40982c80dff50b22575019d98924\";}"],"attr_label_translations":["a:0:{}"],"_product_attributes":["a:5:{s:14:\"pa_durchmesser\";a:7:{s:4:\"name\";s:14:\"pa_durchmesser\";s:5:\"value\";s:0:\"\";s:8:\"position\";i:0;s:10:\"is_visible\";i:1;s:12:\"is_variation\";i:0;s:11:\"is_taxonomy\";i:1;s:16:\"checkout_visible\";i:0;}s:16:\"pa_gehaeusefarbe\";a:7:{s:4:\"name\";s:16:\"pa_gehaeusefarbe\";s:5:\"value\";s:0:\"\";s:8:\"position\";i:2;s:10:\"is_visible\";i:0;s:12:\"is_variation\";i:1;s:11:\"is_taxonomy\";i:1;s:16:\"checkout_visible\";i:0;}s:12:\"pa_halterung\";a:7:{s:4:\"name\";s:12:\"pa_halterung\";s:5:\"value\";s:0:\"\";s:8:\"position\";i:3;s:10:\"is_visible\";i:0;s:12:\"is_variation\";i:1;s:11:\"is_taxonomy\";i:1;s:16:\"checkout_visible\";i:0;}s:15:\"pa_schutzklasse\";a:7:{s:4:\"name\";s:15:\"pa_schutzklasse\";s:5:\"value\";s:0:\"\";s:8:\"position\";i:4;s:10:\"is_visible\";i:1;s:12:\"is_variation\";i:0;s:11:\"is_taxonomy\";i:1;s:16:\"checkout_visible\";i:0;}s:11:\"pa_spannung\";a:7:{s:4:\"name\";s:11:\"pa_spannung\";s:5:\"value\";s:0:\"\";s:8:\"position\";i:5;s:10:\"is_visible\";i:1;s:12:\"is_variation\";i:0;s:11:\"is_taxonomy\";i:1;s:16:\"checkout_visible\";i:0;}}"],"_thumbnail_id":["7630"],"_product_image_gallery":["7631,7632,7633"],"_stock":["8"],"_crosssell_ids":["a:0:{}"],"_ts_mpn":[""],"_ts_gtin":[""],"_last_translation_edit_mode":["translation-editor"],"ast-site-content-layout":["default"],"site-content-style":["default"],"site-sidebar-style":["default"],"rank_math_analytic_object_id":["10"],"_upsell_ids":["a:2:{i:0;i:8913;i:1;i:8866;}"],"_nutrient_ids":["a:0:{}"],"_price":["34.7","38.3","34.7","38.3"],"_wcml_average_rating":[null],"_wcml_review_count":[null],"_wcml_rating_count":[null],"_wc_average_rating":[0],"_wc_review_count":["0"],"_product_version":["9.7.1"],"_wc_facebook_sync_enabled":["yes"],"fb_visibility":["yes"],"_wc_facebook_sync_enabled_v2":["yes"],"_eb_reusable_block_ids":["a:0:{}"],"_elementor_edit_mode":[""],"_elementor_template_type":[""],"_manage_stock":["no"],"ast-main-header-display":[""],"ast-hfb-above-header-display":[""],"ast-hfb-below-header-display":[""],"ast-hfb-mobile-header-display":[""],"adv-header-id-meta":[""],"footer-sml-layout":[""],"header-main-stick-meta":[""],"header-above-stick-meta":[""],"header-below-stick-meta":[""],"site-post-title":[""],"site-content-layout":[""],"ast-featured-img":[""],"ast-breadcrumbs-content":[""],"ast-banner-title-visibility":[""],"ast-global-header-display":[""],"_manufacturer_slug":[""],"rank_math_primary_product_cat":["18"],"_uag_css_file_name":["uag-css-7629.css"],"rank_math_internal_links_processed":["1"],"_uag_page_assets":["a:9:{s:3:\"css\";s:2491:\".uag-blocks-common-selector{z-index:var(--z-index-desktop) !important}@media (max-width: 976px){.uag-blocks-common-selector{z-index:var(--z-index-tablet) !important}}@media (max-width: 767px){.uag-blocks-common-selector{z-index:var(--z-index-mobile) !important}}\n.wp-block-uagb-advanced-heading h1,.wp-block-uagb-advanced-heading h2,.wp-block-uagb-advanced-heading h3,.wp-block-uagb-advanced-heading h4,.wp-block-uagb-advanced-heading h5,.wp-block-uagb-advanced-heading h6,.wp-block-uagb-advanced-heading p,.wp-block-uagb-advanced-heading div{word-break:break-word}.wp-block-uagb-advanced-heading .uagb-heading-text{margin:0}.wp-block-uagb-advanced-heading .uagb-desc-text{margin:0}.wp-block-uagb-advanced-heading .uagb-separator{font-size:0;border-top-style:solid;display:inline-block;margin:0 0 10px 0}.wp-block-uagb-advanced-heading .uagb-highlight{color:#f78a0c;border:0;transition:all 0.3s ease}.uag-highlight-toolbar{border-left:0;border-top:0;border-bottom:0;border-radius:0;border-right-color:#1e1e1e}.uag-highlight-toolbar .components-button{border-radius:0;outline:none}.uag-highlight-toolbar .components-button.is-primary{color:#fff}\n.wp-block-uagb-advanced-heading.uagb-block-b484dae9.wp-block-uagb-advanced-heading .uagb-desc-text{margin-bottom: 15px;}.wp-block-uagb-advanced-heading.uagb-block-b484dae9.wp-block-uagb-advanced-heading .uagb-highlight{font-style: normal;font-weight: Default;background: #007cba;color: #fff;-webkit-text-fill-color: #fff;}.wp-block-uagb-advanced-heading.uagb-block-b484dae9.wp-block-uagb-advanced-heading .uagb-highlight::-moz-selection{color: #fff;background: #007cba;-webkit-text-fill-color: #fff;}.wp-block-uagb-advanced-heading.uagb-block-b484dae9.wp-block-uagb-advanced-heading .uagb-highlight::selection{color: #fff;background: #007cba;-webkit-text-fill-color: #fff;}.wp-block-uagb-advanced-heading.uagb-block-c451812a.wp-block-uagb-advanced-heading .uagb-desc-text{margin-bottom: 15px;}.wp-block-uagb-advanced-heading.uagb-block-c451812a.wp-block-uagb-advanced-heading .uagb-highlight{font-style: normal;font-weight: Default;background: #007cba;color: #fff;-webkit-text-fill-color: #fff;}.wp-block-uagb-advanced-heading.uagb-block-c451812a.wp-block-uagb-advanced-heading .uagb-highlight::-moz-selection{color: #fff;background: #007cba;-webkit-text-fill-color: #fff;}.wp-block-uagb-advanced-heading.uagb-block-c451812a.wp-block-uagb-advanced-heading .uagb-highlight::selection{color: #fff;background: #007cba;-webkit-text-fill-color: #fff;}\";s:2:\"js\";s:0:\"\";s:18:\"current_block_list\";a:21:{i:0;s:11:\"core\/search\";i:1;s:10:\"core\/group\";i:2;s:12:\"core\/heading\";i:3;s:17:\"core\/latest-posts\";i:4;s:20:\"core\/latest-comments\";i:5;s:13:\"core\/archives\";i:6;s:15:\"core\/categories\";i:7;s:24:\"woocommerce\/price-filter\";i:8;s:17:\"core\/widget-group\";i:9;s:27:\"woocommerce\/product-on-sale\";i:10;s:12:\"core\/columns\";i:11;s:11:\"core\/column\";i:13;s:14:\"core\/paragraph\";i:14;s:21:\"uagb\/advanced-heading\";i:15;s:12:\"core\/details\";i:16;s:17:\"core\/social-links\";i:17;s:16:\"core\/social-link\";i:18;s:30:\"woocommerce\/product-categories\";i:19;s:22:\"wpml\/language-switcher\";i:20;s:14:\"core\/shortcode\";i:21;s:32:\"advanced-woo-search\/search-block\";}s:8:\"uag_flag\";b:1;s:11:\"uag_version\";s:10:\"1776710937\";s:6:\"gfonts\";a:1:{s:7:\"Default\";a:2:{s:10:\"fontfamily\";s:7:\"Default\";s:12:\"fontvariants\";a:0:{}}}s:10:\"gfonts_url\";s:0:\"\";s:12:\"gfonts_files\";a:0:{}s:14:\"uag_faq_layout\";b:0;}"],"_max_variation_price":[""],"_max_variation_regular_price":[""],"_max_variation_sale_price":[""],"_min_variation_price":[""],"_min_variation_regular_price":[""],"_min_variation_sale_price":[""],"_regular_price":[""],"_sale_price":[""],"_wc_rating_count":[""]},"uagb_featured_image_src":{"full":["https:\/\/shop.patlite.eu\/wp-content\/uploads\/2024\/01\/Patlite_LR5_Basismodule_Signalsaeule_50mm_schwarz_silber_weiss_Uebersicht.png",1200,800,false],"thumbnail":["https:\/\/shop.patlite.eu\/wp-content\/uploads\/2024\/01\/Patlite_LR5_Basismodule_Signalsaeule_50mm_schwarz_silber_weiss_Uebersicht-150x150.png",150,150,true],"medium":["https:\/\/shop.patlite.eu\/wp-content\/uploads\/2024\/01\/Patlite_LR5_Basismodule_Signalsaeule_50mm_schwarz_silber_weiss_Uebersicht-300x200.png",300,200,true],"medium_large":["https:\/\/shop.patlite.eu\/wp-content\/uploads\/2024\/01\/Patlite_LR5_Basismodule_Signalsaeule_50mm_schwarz_silber_weiss_Uebersicht-768x512.png",768,512,true],"large":["https:\/\/shop.patlite.eu\/wp-content\/uploads\/2024\/01\/Patlite_LR5_Basismodule_Signalsaeule_50mm_schwarz_silber_weiss_Uebersicht-1024x683.png",1024,683,true],"1536x1536":["https:\/\/shop.patlite.eu\/wp-content\/uploads\/2024\/01\/Patlite_LR5_Basismodule_Signalsaeule_50mm_schwarz_silber_weiss_Uebersicht.png",1200,800,false],"2048x2048":["https:\/\/shop.patlite.eu\/wp-content\/uploads\/2024\/01\/Patlite_LR5_Basismodule_Signalsaeule_50mm_schwarz_silber_weiss_Uebersicht.png",1200,800,false],"woocommerce_thumbnail":["https:\/\/shop.patlite.eu\/wp-content\/uploads\/2024\/01\/Patlite_LR5_Basismodule_Signalsaeule_50mm_schwarz_silber_weiss_Uebersicht-400x267.png",400,267,true],"woocommerce_single":["https:\/\/shop.patlite.eu\/wp-content\/uploads\/2024\/01\/Patlite_LR5_Basismodule_Signalsaeule_50mm_schwarz_silber_weiss_Uebersicht.png",1200,800,false],"woocommerce_gallery_thumbnail":["https:\/\/shop.patlite.eu\/wp-content\/uploads\/2024\/01\/Patlite_LR5_Basismodule_Signalsaeule_50mm_schwarz_silber_weiss_Uebersicht-100x100.png",100,100,true],"dgwt-wcas-product-suggestion":["https:\/\/shop.patlite.eu\/wp-content\/uploads\/2024\/01\/Patlite_LR5_Basismodule_Signalsaeule_50mm_schwarz_silber_weiss_Uebersicht.png",64,43,false]},"uagb_author_info":{"display_name":"Konstantin Will","author_link":"https:\/\/shop.patlite.eu\/fr\/author\/"},"uagb_comment_info":0,"uagb_excerpt":"Modules d'embase de colonnes lumineuses LR5 enti\u00e8rement modulaires avec un diam\u00e8tre de 50 mm.","_links":{"self":[{"href":"https:\/\/shop.patlite.eu\/fr\/wp-json\/wp\/v2\/product\/7629","targetHints":{"allow":["GET"]}}],"collection":[{"href":"https:\/\/shop.patlite.eu\/fr\/wp-json\/wp\/v2\/product"}],"about":[{"href":"https:\/\/shop.patlite.eu\/fr\/wp-json\/wp\/v2\/types\/product"}],"replies":[{"embeddable":true,"href":"https:\/\/shop.patlite.eu\/fr\/wp-json\/wp\/v2\/comments?post=7629"}],"version-history":[{"count":6,"href":"https:\/\/shop.patlite.eu\/fr\/wp-json\/wp\/v2\/product\/7629\/revisions"}],"predecessor-version":[{"id":9108,"href":"https:\/\/shop.patlite.eu\/fr\/wp-json\/wp\/v2\/product\/7629\/revisions\/9108"}],"wp:featuredmedia":[{"embeddable":true,"href":"https:\/\/shop.patlite.eu\/fr\/wp-json\/wp\/v2\/media\/7630"}],"wp:attachment":[{"href":"https:\/\/shop.patlite.eu\/fr\/wp-json\/wp\/v2\/media?parent=7629"}],"wp:term":[{"taxonomy":"product_brand","embeddable":true,"href":"https:\/\/shop.patlite.eu\/fr\/wp-json\/wp\/v2\/product_brand?post=7629"},{"taxonomy":"product_cat","embeddable":true,"href":"https:\/\/shop.patlite.eu\/fr\/wp-json\/wp\/v2\/product_cat?post=7629"},{"taxonomy":"product_tag","embeddable":true,"href":"https:\/\/shop.patlite.eu\/fr\/wp-json\/wp\/v2\/product_tag?post=7629"}],"curies":[{"name":"wp","href":"https:\/\/api.w.org\/{rel}","templated":true}]}}