{"id":13223,"date":"2025-11-06T16:22:14","date_gmt":"2025-11-06T15:22:14","guid":{"rendered":"https:\/\/shop.patlite.eu\/produkt\/gl10-feu-flash-ip69k\/"},"modified":"2025-12-22T16:20:58","modified_gmt":"2025-12-22T15:20:58","slug":"gl10-feu-flash-ip69k","status":"publish","type":"product","link":"https:\/\/shop.patlite.eu\/fr\/produit\/gl10-feu-flash-ip69k\/","title":{"rendered":"GL10 &#8211; Feu flash IP69K multicolore"},"content":{"rendered":"<p data-start=\"897\" data-end=\"930\"><strong data-start=\"897\" data-end=\"928\">Caract\u00e9ristiques principales :<\/strong><\/p>\n<ul data-start=\"931\" data-end=\"1662\">\n<li data-start=\"931\" data-end=\"1066\">\n<p data-start=\"933\" data-end=\"1066\">Indice de protection tr\u00e8s \u00e9lev\u00e9 <strong data-start=\"953\" data-end=\"962\">IP69K <\/strong>\u2013 \u00e9tanche \u00e0 la poussi\u00e8re et adapt\u00e9 au nettoyage \u00e0 haute pression\/\u00e0 haute temp\u00e9rature.<\/p>\n<\/li>\n<li data-start=\"1067\" data-end=\"1180\">\n<p data-start=\"1069\" data-end=\"1180\">Haute r\u00e9sistance : r\u00e9sistance aux vibrations 110 m\/s\u00b2, r\u00e9sistance aux chocs 1 000 m\/s\u00b2.<\/p>\n<\/li>\n<li data-start=\"1181\" data-end=\"1276\">\n<p data-start=\"1183\" data-end=\"1276\">Fonctionnement \u00e0 des temp\u00e9ratures extr\u00eames : -40 \u00b0C \u00e0 +85 \u00b0C.<\/p>\n<\/li>\n<li data-start=\"1277\" data-end=\"1374\">\n<p data-start=\"1279\" data-end=\"1374\">3 couleurs dans 1 seul \u00e9quipement : rouge, orange et vert.<\/p>\n<\/li>\n<li data-start=\"1375\" data-end=\"1662\">\n<p data-start=\"1377\" data-end=\"1662\">Deux options de pilotage :<br data-start=\"1403\" data-end=\"1406\">\u2003\u2022 Commande par tension (12-24V CC) avec 3 modes de clignotement\/flash pr\u00e9d\u00e9finis.<br data-start=\"1515\" data-end=\"1518\">\u2003\u2022 Commande par bus CAN (SAE J1939) avec jusqu&rsquo;\u00e0 13 modes de clignotement et 4 niveaux de luminosit\u00e9 \u2013 pour les engins de chantier, par exemple.<\/p>\n<\/li>\n<\/ul>\n<p data-start=\"1664\" data-end=\"1686\"><strong data-start=\"1664\" data-end=\"1684\">Exemples d&rsquo;applications :<\/strong><\/p>\n<ul data-start=\"1687\" data-end=\"1962\">\n<li data-start=\"1687\" data-end=\"1754\">\n<p data-start=\"1689\" data-end=\"1754\">Montage ext\u00e9rieur sur engins de chantier, machines agricoles et foresti\u00e8res<\/p>\n<\/li>\n<li data-start=\"1755\" data-end=\"1837\">\n<p data-start=\"1757\" data-end=\"1837\">Installations soumises \u00e0 des exigences \u00e9lev\u00e9es en mati\u00e8re de nettoyage (ex : lavage \u00e0 haute pression)<\/p>\n<\/li>\n<li data-start=\"1838\" data-end=\"1962\">\n<p data-start=\"1840\" data-end=\"1962\">Affichage de l&rsquo;\u00e9tat d&rsquo;une machine dans un environnement avec une forte luminosit\u00e9 ambiante \u2013 visibilit\u00e9 \u00e9lev\u00e9e garantie.<\/p>\n<\/li>\n<\/ul>\n<p>&nbsp;<\/p>\n<h2 data-start=\"1969\" data-end=\"2011\">Aper\u00e7u des mod\u00e8les<\/h2>\n<div class=\"_tableContainer_1rjym_1\">\n<div class=\"group _tableWrapper_1rjym_13 flex w-fit flex-col-reverse\" tabindex=\"-1\">\n<table class=\"w-fit min-w-(--thread-content-width)\" style=\"width: 99.5477%;\" data-start=\"2012\" data-end=\"2504\">\n<thead data-start=\"2012\" data-end=\"2071\">\n<tr data-start=\"2012\" data-end=\"2071\">\n<th style=\"width: 17.5834%;\" data-start=\"2012\" data-end=\"2032\" data-col-size=\"sm\">R\u00e9f\u00e9rence du mod\u00e8le<\/th>\n<th style=\"width: 25.8792%;\" data-start=\"2032\" data-end=\"2044\" data-col-size=\"sm\">Type de commande<\/th>\n<th style=\"width: 29.6664%;\" data-start=\"2044\" data-end=\"2058\" data-col-size=\"md\">Motifs de flash<\/th>\n<th style=\"width: 26.4537%;\" data-start=\"2058\" data-end=\"2071\" data-col-size=\"md\">Remarques<\/th>\n<\/tr>\n<\/thead>\n<tbody data-start=\"2132\" data-end=\"2504\">\n<tr data-start=\"2132\" data-end=\"2317\">\n<td style=\"width: 17.5834%;\" data-start=\"2132\" data-end=\"2145\" data-col-size=\"sm\">GL10-M1N-T<\/td>\n<td style=\"width: 25.8792%;\" data-col-size=\"sm\" data-start=\"2145\" data-end=\"2179\">Commande filaire TOR 12-24V CC<\/td>\n<td style=\"width: 29.6664%;\" data-col-size=\"md\" data-start=\"2179\" data-end=\"2299\">3 flashs pr\u00e9d\u00e9finis (Vert : flash simple, Orange : double flash, Rouge : triple flash)<\/td>\n<td style=\"width: 26.4537%;\" data-col-size=\"md\" data-start=\"2299\" data-end=\"2317\">Version standard<\/td>\n<\/tr>\n<tr data-start=\"2318\" data-end=\"2504\">\n<td style=\"width: 17.5834%;\" data-start=\"2318\" data-end=\"2333\" data-col-size=\"sm\">GL10-M1NC1-T<\/td>\n<td style=\"width: 25.8792%;\" data-col-size=\"sm\" data-start=\"2333\" data-end=\"2365\">Commande CAN-Bus (SAE J1939)<\/td>\n<td style=\"width: 29.6664%;\" data-col-size=\"md\" data-start=\"2365\" data-end=\"2449\">Jusqu&rsquo;\u00e0 13 motifs d&rsquo;\u00e9clairage configurables + 4 niveaux de luminosit\u00e9<\/td>\n<td style=\"width: 26.4537%;\" data-col-size=\"md\" data-start=\"2449\" data-end=\"2504\">Version avanc\u00e9e pour l&rsquo;int\u00e9gration dans des v\u00e9hicules <\/td>\n<\/tr>\n<\/tbody>\n<\/table>\n<\/div>\n<\/div>\n<p>&nbsp;<\/p>\n<h2 data-start=\"2616\" data-end=\"2640\">Sp\u00e9cifications techniques<\/h2>\n<p data-start=\"2641\" data-end=\"2657\"><strong data-start=\"2641\" data-end=\"2655\">G\u00e9n\u00e9rales :<\/strong><\/p>\n<ul data-start=\"2658\" data-end=\"3274\">\n<li data-start=\"2658\" data-end=\"2728\">\n<p data-start=\"2660\" data-end=\"2728\">Diam\u00e8tre : environ \u00d8100 mm<\/p>\n<\/li>\n<li data-start=\"2729\" data-end=\"2802\">\n<p data-start=\"2731\" data-end=\"2802\">Tension nominale : 12-24V CC<\/p>\n<\/li>\n<li data-start=\"2803\" data-end=\"2881\">\n<p data-start=\"2805\" data-end=\"2881\">Consommation \u00e9lectrique type : environ 4 W<\/p>\n<\/li>\n<li data-start=\"2882\" data-end=\"2950\">\n<p data-start=\"2884\" data-end=\"2950\">Poids (\u00b110 %) : environ 840 g.<\/p>\n<\/li>\n<li data-start=\"2951\" data-end=\"3083\">\n<p data-start=\"2953\" data-end=\"3083\">Indice de protection : IP6X (\u00e9tanche \u00e0 la poussi\u00e8re), IPX6 (\u00e9tanche aux jets d&rsquo;eau), IPX9K (\u00e9tanche \u00e0 l&rsquo;eau \u00e0 haute pression\/haute temp\u00e9rature)<\/p>\n<\/li>\n<li data-start=\"3084\" data-end=\"3176\">\n<p data-start=\"3086\" data-end=\"3176\">Temp\u00e9rature de fonctionnement : -40 \u00b0C \u00e0 +85 \u00b0C<\/p>\n<\/li>\n<li data-start=\"3177\" data-end=\"3274\">\n<p data-start=\"3179\" data-end=\"3274\">R\u00e9sistance aux vibrations et chocs : 110 m\/s\u00b2 et 1.000 m\/s\u00b2<\/p>\n<\/li>\n<\/ul>\n<p data-start=\"3276\" data-end=\"3303\"><strong data-start=\"3276\" data-end=\"3301\">Caract\u00e9ristiques compl\u00e9mentaires :<\/strong><\/p>\n<ul data-start=\"3304\" data-end=\"3552\">\n<li data-start=\"3304\" data-end=\"3426\">\n<p data-start=\"3306\" data-end=\"3426\">Design permettant la ventilation pour \u00e9viter la formation de bu\u00e9e (\u00ab Ventilation avec filtre \u00bb) dans la lentille<\/p>\n<\/li>\n<li data-start=\"3427\" data-end=\"3552\">\n<p data-start=\"3429\" data-end=\"3552\">Large diffusion de la lumi\u00e8re \u2013 bonne visibilit\u00e9 m\u00eame en cas de fort ensoleillement<\/p>\n<\/li>\n<\/ul>\n<p>&nbsp;<\/p>\n<h2 data-start=\"4358\" data-end=\"4397\">Avantages<\/h2>\n<ul data-start=\"4398\" data-end=\"4942\">\n<li data-start=\"4398\" data-end=\"4526\">\n<p data-start=\"4400\" data-end=\"4526\">Feu combinant 3 couleurs (rouge\/orange\/vert), r\u00e9duisant les co\u00fbts de montage et la diversit\u00e9 des pi\u00e8ces de rechange par rapport aux feux monochromes.<\/p>\n<\/li>\n<li data-start=\"4527\" data-end=\"4630\">\n<p data-start=\"4529\" data-end=\"4630\">R\u00e9sistance environnementale extr\u00eamement \u00e9lev\u00e9e (IP69K, r\u00e9sistance aux vibrations et aux chocs) \u2013 id\u00e9al pour une utilisation en ext\u00e9rieur dans des conditions difficiles.<\/p>\n<\/li>\n<li data-start=\"4631\" data-end=\"4719\">\n<p data-start=\"4633\" data-end=\"4719\">Visibilit\u00e9 m\u00eame en cas d&rsquo;ensoleillement direct \u2013 pens\u00e9 pour les travaux publics et le g\u00e9nie civil.<\/p>\n<\/li>\n<li data-start=\"4720\" data-end=\"4828\">\n<p data-start=\"4722\" data-end=\"4828\">Options de commande flexibles : de la simple commande filaire TOR \u00e0 l&rsquo;int\u00e9gration moderne du bus CAN.<\/p>\n<\/li>\n<li data-start=\"4829\" data-end=\"4942\">\n<p data-start=\"4831\" data-end=\"4942\">La qualit\u00e9 de la marque PATLITE \u2013 fournisseur mondialement reconnu dans le domaine de la signalisation visuelle depuis des d\u00e9cennies.<\/p>\n<\/li>\n<\/ul>\n","protected":false},"excerpt":{"rendered":"<p>Feu de signalisation flash IP69K robuste, r\u00e9sistant \u00e0 la poussi\u00e8re et \u00e0 l&rsquo;eau, avec 3 couleurs int\u00e9gr\u00e9es (rouge, orange, vert) \u2013 id\u00e9al pour les environnements extr\u00eames tels que les chantiers, l&rsquo;agriculture ou les installations ext\u00e9rieures avec une temp\u00e9rature ambiante de -40 \u00e0 +85 \u00b0C.<\/p>\n","protected":false},"featured_media":12378,"comment_status":"open","ping_status":"closed","template":"","meta":{"_eb_attr":"","_mo_disable_npp":"","_uag_custom_page_level_css":"","_monsterinsights_skip_tracking":false,"_monsterinsights_sitenote_active":false,"_monsterinsights_sitenote_note":"","_monsterinsights_sitenote_category":0,"site-sidebar-layout":"default","site-content-layout":"","ast-site-content-layout":"default","site-content-style":"default","site-sidebar-style":"default","ast-global-header-display":"","ast-banner-title-visibility":"","ast-main-header-display":"","ast-hfb-above-header-display":"","ast-hfb-below-header-display":"","ast-hfb-mobile-header-display":"","site-post-title":"","ast-breadcrumbs-content":"","ast-featured-img":"","footer-sml-layout":"","ast-disable-related-posts":"","theme-transparent-header-meta":"default","adv-header-id-meta":"","stick-header-meta":"default","header-above-stick-meta":"","header-main-stick-meta":"","header-below-stick-meta":"","astra-migrate-meta-layouts":"default","ast-page-background-enabled":"default","ast-page-background-meta":{"desktop":{"background-color":"var(--ast-global-color-4)","background-image":"","background-repeat":"repeat","background-position":"center center","background-size":"auto","background-attachment":"scroll","background-type":"","background-media":"","overlay-type":"","overlay-color":"","overlay-opacity":"","overlay-gradient":""},"tablet":{"background-color":"","background-image":"","background-repeat":"repeat","background-position":"center center","background-size":"auto","background-attachment":"scroll","background-type":"","background-media":"","overlay-type":"","overlay-color":"","overlay-opacity":"","overlay-gradient":""},"mobile":{"background-color":"","background-image":"","background-repeat":"repeat","background-position":"center center","background-size":"auto","background-attachment":"scroll","background-type":"","background-media":"","overlay-type":"","overlay-color":"","overlay-opacity":"","overlay-gradient":""}},"ast-content-background-meta":{"desktop":{"background-color":"var(--ast-global-color-5)","background-image":"","background-repeat":"repeat","background-position":"center center","background-size":"auto","background-attachment":"scroll","background-type":"","background-media":"","overlay-type":"","overlay-color":"","overlay-opacity":"","overlay-gradient":""},"tablet":{"background-color":"var(--ast-global-color-5)","background-image":"","background-repeat":"repeat","background-position":"center center","background-size":"auto","background-attachment":"scroll","background-type":"","background-media":"","overlay-type":"","overlay-color":"","overlay-opacity":"","overlay-gradient":""},"mobile":{"background-color":"var(--ast-global-color-5)","background-image":"","background-repeat":"repeat","background-position":"center center","background-size":"auto","background-attachment":"scroll","background-type":"","background-media":"","overlay-type":"","overlay-color":"","overlay-opacity":"","overlay-gradient":""}}},"product_brand":[],"product_cat":[625],"product_tag":[1436],"class_list":{"0":"post-13223","1":"product","2":"type-product","3":"status-publish","4":"has-post-thumbnail","6":"product_cat-balises-lumineuses","7":"product_tag-ip69k-fr","8":"desktop-align-center","9":"tablet-align-left","10":"mobile-align-left","11":"ast-product-gallery-layout-horizontal-slider","12":"ast-product-single-variable","13":"ast-product-tabs-layout-horizontal","15":"first","16":"outofstock","17":"taxable","18":"shipping-taxable","19":"purchasable","20":"product-type-variable"},"spectra_custom_meta":{"_product_attributes":["a:1:{s:9:\"anschluss\";a:7:{s:4:\"name\";s:9:\"Anschluss\";s:5:\"value\";s:25:\"12-24V | Commande CAN-Bus\";s:8:\"position\";i:0;s:10:\"is_visible\";i:1;s:12:\"is_variation\";i:1;s:11:\"is_taxonomy\";i:0;s:16:\"checkout_visible\";i:1;}}"],"attr_label_translations":["a:1:{s:2:\"fr\";a:1:{s:9:\"anschluss\";s:9:\"Contr\u00f4le\";}}"],"_unit":[""],"_unit_base":[""],"_unit_product":[""],"_unit_price":[""],"_unit_price_regular":[""],"_unit_price_sale":[""],"_unit_price_auto":["no"],"_sale_price_label":[""],"_sale_price_regular_label":[""],"_free_shipping":["no"],"_min_age":[""],"_is_food":["no"],"_used_good":["no"],"_nutrient_ids":["a:0:{}"],"_nutrient_reference_value":["100g"],"_allergen_ids":["a:0:{}"],"_nutri_score":[""],"_alcohol_content":[""],"_drained_weight":[""],"_net_filling_quantity":[""],"_deposit_type":[""],"_deposit_quantity":[""],"_service":["no"],"_differential_taxation":["no"],"_hs_code":["85318070"],"_manufacture_country":["JP"],"_backorders":["no"],"_download_limit":["-1"],"_download_expiry":["-1"],"_downloadable":["no"],"_manage_stock":["no"],"_stock_status":["outofstock"],"_sold_individually":["no"],"_tax_class":[""],"_tax_status":["taxable"],"_virtual":["no"],"total_sales":["1"],"stick-header-meta":["default"],"site-sidebar-layout":["default"],"theme-transparent-header-meta":["default"],"_wpml_media_duplicate":["1"],"_wpml_media_featured":["1"],"ast-site-content-layout":["default"],"site-content-style":["default"],"site-sidebar-style":["default"],"_manufacturer_slug":[""],"rank_math_primary_product_cat":["71"],"_top_nav_excluded":[""],"_cms_nav_minihome":[""],"_wp_page_template":["default"],"_ts_mpn":[""],"_ts_gtin":[""],"_thumbnail_id":["12378"],"_last_translation_edit_mode":["translation-editor"],"_wpml_word_count":["517"],"_eb_reusable_block_ids":["a:0:{}"],"rank_math_title":["PATLITE GL10 - feu flash multicolore robuste IP69K "],"rank_math_description":["Feu de signalisation IP69K r\u00e9sistant \u00e0 la poussi\u00e8re et \u00e0 l'eau, avec 3 couleurs \u2013 pour environnements extr\u00eames tels que les chantiers, l'agriculture ou les installations ext\u00e9rieures. -40 \u00e0 +85 \u2103. Informations  "],"rank_math_focus_keyword":["Voyant lumineux \u00e0 \u00e9clats IP69k"],"_wc_facebook_sync_enabled_v2":["yes"],"fb_visibility":["yes"],"_price":["271.50","361.50"],"_wcml_average_rating":[null],"_wcml_review_count":[null],"_wcml_rating_count":[null],"_stock":[null],"_last_change_time":["1766416858"],"_wc_average_rating":[0],"_wc_review_count":["0"],"_product_version":["10.3.6"],"_uag_css_file_name":["uag-css-13223.css"],"rank_math_internal_links_processed":["1"],"_max_variation_price":[""],"_max_variation_regular_price":[""],"_max_variation_sale_price":[""],"_min_variation_price":[""],"_min_variation_regular_price":[""],"_min_variation_sale_price":[""],"_regular_price":[""],"_sale_price":[""],"_wc_rating_count":[""]},"uagb_featured_image_src":{"full":["https:\/\/shop.patlite.eu\/wp-content\/uploads\/2025\/04\/PATLITE_GL10_Signalleuchte_IP69K_08_3-farbig.png",1200,800,false],"thumbnail":["https:\/\/shop.patlite.eu\/wp-content\/uploads\/2025\/04\/PATLITE_GL10_Signalleuchte_IP69K_08_3-farbig-150x150.png",150,150,true],"medium":["https:\/\/shop.patlite.eu\/wp-content\/uploads\/2025\/04\/PATLITE_GL10_Signalleuchte_IP69K_08_3-farbig-300x200.png",300,200,true],"medium_large":["https:\/\/shop.patlite.eu\/wp-content\/uploads\/2025\/04\/PATLITE_GL10_Signalleuchte_IP69K_08_3-farbig-768x512.png",768,512,true],"large":["https:\/\/shop.patlite.eu\/wp-content\/uploads\/2025\/04\/PATLITE_GL10_Signalleuchte_IP69K_08_3-farbig-1024x683.png",1024,683,true],"1536x1536":["https:\/\/shop.patlite.eu\/wp-content\/uploads\/2025\/04\/PATLITE_GL10_Signalleuchte_IP69K_08_3-farbig.png",1200,800,false],"2048x2048":["https:\/\/shop.patlite.eu\/wp-content\/uploads\/2025\/04\/PATLITE_GL10_Signalleuchte_IP69K_08_3-farbig.png",1200,800,false],"woocommerce_thumbnail":["https:\/\/shop.patlite.eu\/wp-content\/uploads\/2025\/04\/PATLITE_GL10_Signalleuchte_IP69K_08_3-farbig-400x267.png",400,267,true],"woocommerce_single":["https:\/\/shop.patlite.eu\/wp-content\/uploads\/2025\/04\/PATLITE_GL10_Signalleuchte_IP69K_08_3-farbig.png",1200,800,false],"woocommerce_gallery_thumbnail":["https:\/\/shop.patlite.eu\/wp-content\/uploads\/2025\/04\/PATLITE_GL10_Signalleuchte_IP69K_08_3-farbig-100x100.png",100,100,true],"dgwt-wcas-product-suggestion":["https:\/\/shop.patlite.eu\/wp-content\/uploads\/2025\/04\/PATLITE_GL10_Signalleuchte_IP69K_08_3-farbig-64x43.png",64,43,true]},"uagb_author_info":{"display_name":"Andreas Gaitzsch","author_link":"https:\/\/shop.patlite.eu\/fr\/author\/"},"uagb_comment_info":0,"uagb_excerpt":"Feu de signalisation flash IP69K robuste, r\u00e9sistant \u00e0 la poussi\u00e8re et \u00e0 l'eau, avec 3 couleurs int\u00e9gr\u00e9es (rouge, orange, vert) \u2013 id\u00e9al pour les environnements extr\u00eames tels que les chantiers, l'agriculture ou les installations ext\u00e9rieures avec une temp\u00e9rature ambiante de -40 \u00e0 +85 \u00b0C.","_links":{"self":[{"href":"https:\/\/shop.patlite.eu\/fr\/wp-json\/wp\/v2\/product\/13223","targetHints":{"allow":["GET"]}}],"collection":[{"href":"https:\/\/shop.patlite.eu\/fr\/wp-json\/wp\/v2\/product"}],"about":[{"href":"https:\/\/shop.patlite.eu\/fr\/wp-json\/wp\/v2\/types\/product"}],"replies":[{"embeddable":true,"href":"https:\/\/shop.patlite.eu\/fr\/wp-json\/wp\/v2\/comments?post=13223"}],"version-history":[{"count":2,"href":"https:\/\/shop.patlite.eu\/fr\/wp-json\/wp\/v2\/product\/13223\/revisions"}],"predecessor-version":[{"id":13227,"href":"https:\/\/shop.patlite.eu\/fr\/wp-json\/wp\/v2\/product\/13223\/revisions\/13227"}],"wp:featuredmedia":[{"embeddable":true,"href":"https:\/\/shop.patlite.eu\/fr\/wp-json\/wp\/v2\/media\/12378"}],"wp:attachment":[{"href":"https:\/\/shop.patlite.eu\/fr\/wp-json\/wp\/v2\/media?parent=13223"}],"wp:term":[{"taxonomy":"product_brand","embeddable":true,"href":"https:\/\/shop.patlite.eu\/fr\/wp-json\/wp\/v2\/product_brand?post=13223"},{"taxonomy":"product_cat","embeddable":true,"href":"https:\/\/shop.patlite.eu\/fr\/wp-json\/wp\/v2\/product_cat?post=13223"},{"taxonomy":"product_tag","embeddable":true,"href":"https:\/\/shop.patlite.eu\/fr\/wp-json\/wp\/v2\/product_tag?post=13223"}],"curies":[{"name":"wp","href":"https:\/\/api.w.org\/{rel}","templated":true}]}}