{"id":13222,"date":"2025-11-12T10:04:16","date_gmt":"2025-11-12T09:04:16","guid":{"rendered":"https:\/\/shop.patlite.eu\/produkt\/gf7-gyrophare-orange-ip69k-48v-cc\/"},"modified":"2025-11-12T10:04:16","modified_gmt":"2025-11-12T09:04:16","slug":"gf7-gyrophare-orange-ip69k-48v-cc","status":"publish","type":"product","link":"https:\/\/shop.patlite.eu\/fr\/produit\/gf7-gyrophare-orange-ip69k-48v-cc\/","title":{"rendered":"GF7 &#8211; Gyrophare orange IP69K 48V CC"},"content":{"rendered":"<div style=\"width: 50%;\">\n<h3>CARACT\u00c9RISTIQUES PRINCIPALES<\/h3>\n<div style=\"background-color: #fef2d3; padding: 5px 5px;\">\n<ul>\n<li>Con\u00e7u pour des conditions et <strong>environnements extr\u00eames<\/strong><\/li>\n<li>R\u00e9sistant aux <strong>chocs <\/strong>et <strong>vibrations<\/strong><\/li>\n<li>R\u00e9sistant \u00e0 la <strong>poussi\u00e8re <\/strong>et \u00e0 <strong>l&rsquo;eau<\/strong> IP69K<\/li>\n<li><strong>Bo\u00eetier compact<\/strong> pour les espaces d&rsquo;installation restreints<\/li>\n<\/ul>\n<\/div>\n<\/div>\n<p>&nbsp;<\/p>\n<p>La s\u00e9rie GF7 est un feu rotatif LED dans un bo\u00eetier compact pour les espaces r\u00e9duits, con\u00e7u pour simuler un effet lumineux rotatif \u00e0 360\u00b0 sans aucune pi\u00e8ce m\u00e9canique rotative. Le GF7 est particuli\u00e8rement adapt\u00e9 aux environnements exigeants qui requi\u00e8rent robustesse, fiabilit\u00e9 et haute visibilit\u00e9. <\/p>\n<p>En termes de protection et de r\u00e9sistance \u00e0 l\u2019environnement, le GL7T offre une classification exceptionnellement \u00e9lev\u00e9e : il est conforme aux normes IP6X \/ IPX6 (selon CEI 60529) et IPX9K (selon ISO 20653) \u2013 id\u00e9al pour une utilisation dans des environnements soumis \u00e0 des nettoyages \u00e0 haute pression\/temp\u00e9rature, \u00e0 la poussi\u00e8re et \u00e0 des conditions difficiles de mani\u00e8re g\u00e9n\u00e9rale. Il s\u2019utilise aussi bien en int\u00e9rieur qu\u2019en ext\u00e9rieur, ainsi que pour des applications mobiles comme sur des engins de chantier. <\/p>\n<p>Le mod\u00e8le GF7-48N-Y fonctionne avec une tension nominale de 48V CC et n\u00e9cessite une puissance maximale d\u2019environ 5,8 W. La plage de temp\u00e9rature de fonctionnement est comprise entre -40 \u00b0C et +85 \u00b0C.<br \/>Concernant les contraintes m\u00e9caniques, ce voyant lumineux est con\u00e7u pour r\u00e9sister \u00e0 des vibrations allant jusqu\u2019\u00e0 environ 110 m\/s\u00b2 et \u00e0 des chocs allant jusqu\u2019\u00e0 1 000 m\/s\u00b2 (11 ms). <\/p>\n<p>Le GF7 est disponible exclusivement en orange (ambre) et est contr\u00f4l\u00e9 de mani\u00e8re standard via 48 CC.<\/p>\n<p>Recommandation : si vous recherchez un feu de signalisation compact et tr\u00e8s r\u00e9sistant (aux conditions environnementales, aux vibrations, aux chocs), en particulier pour les installations industrielles ou ext\u00e9rieures soumises \u00e0 des conditions difficiles, le GF7 est une solution robuste qui offre une signalisation lumineuse efficace et facile \u00e0 comprendre.<\/p>\n<h3 style=\"background-color: #f40000; padding: 5px 5px; color: #ffffff;\">Sp\u00e9cifications techniques<\/h3>\n<ul>\n<li>Tension nominale : <strong>48V CC<\/strong><\/li>\n<li>Consommation maximale (puissance): <strong>5,8 W<\/strong> (\u00e0 48V CC)<\/li>\n<li>Indice de protection : IP6X \/ IPX6 (selon IEC 60529) + IPX9K (selon ISO 20653)<\/li>\n<li>R\u00e9sistance aux vibrations : <strong>110 m\/s\u00b2<\/strong><\/li>\n<li>R\u00e9sistance aux chocs : <strong>1.000 m\/s\u00b2 (11 ms)<\/strong><\/li>\n<li>Temp\u00e9rature de fonctionnement : <strong>-40 \u00b0C \u00e0 +85 \u00b0C<\/strong><\/li>\n<li>Emplacement de montage : Int\u00e9rieur\/ext\u00e9rieur (\u00e9galement pour une utilisation sur des engins de chantier)<\/li>\n<li>Dimensions : Diam\u00e8tre <strong>\u00d8 68 mm<\/strong>, L <strong>87.5mm<\/strong>, P <strong>87.5mm<\/strong>, H <strong>45.5mm<\/strong><\/li>\n<li>Poids : environ <strong>0,14 kg<\/strong><\/li>\n<li>Couleur de la lumi\u00e8re : <strong>Orange (Ambre)<\/strong><\/li>\n<li>Motif d&rsquo;\u00e9clairage : mouvement rotatif simul\u00e9<\/li>\n<li>Commande : filaire standard TOR 48V CC<\/li>\n<\/ul>\n<p>&nbsp;<\/p>\n","protected":false},"excerpt":{"rendered":"<p>Feu compact rotatif, robuste, certifi\u00e9 IP69K, de \u00d868 mm, pour usage ext\u00e9rieur, orange ; 48V CC avec c\u00e2bles de raccordement<\/p>\n","protected":false},"featured_media":12399,"comment_status":"open","ping_status":"closed","template":"","meta":{"_eb_attr":"","_mo_disable_npp":"","_uag_custom_page_level_css":"","_monsterinsights_skip_tracking":false,"_monsterinsights_sitenote_active":false,"_monsterinsights_sitenote_note":"","_monsterinsights_sitenote_category":0,"site-sidebar-layout":"default","site-content-layout":"","ast-site-content-layout":"default","site-content-style":"default","site-sidebar-style":"default","ast-global-header-display":"","ast-banner-title-visibility":"","ast-main-header-display":"","ast-hfb-above-header-display":"","ast-hfb-below-header-display":"","ast-hfb-mobile-header-display":"","site-post-title":"","ast-breadcrumbs-content":"","ast-featured-img":"","footer-sml-layout":"","ast-disable-related-posts":"","theme-transparent-header-meta":"default","adv-header-id-meta":"","stick-header-meta":"default","header-above-stick-meta":"","header-main-stick-meta":"","header-below-stick-meta":"","astra-migrate-meta-layouts":"default","ast-page-background-enabled":"default","ast-page-background-meta":{"desktop":{"background-color":"var(--ast-global-color-4)","background-image":"","background-repeat":"repeat","background-position":"center center","background-size":"auto","background-attachment":"scroll","background-type":"","background-media":"","overlay-type":"","overlay-color":"","overlay-opacity":"","overlay-gradient":""},"tablet":{"background-color":"","background-image":"","background-repeat":"repeat","background-position":"center center","background-size":"auto","background-attachment":"scroll","background-type":"","background-media":"","overlay-type":"","overlay-color":"","overlay-opacity":"","overlay-gradient":""},"mobile":{"background-color":"","background-image":"","background-repeat":"repeat","background-position":"center center","background-size":"auto","background-attachment":"scroll","background-type":"","background-media":"","overlay-type":"","overlay-color":"","overlay-opacity":"","overlay-gradient":""}},"ast-content-background-meta":{"desktop":{"background-color":"var(--ast-global-color-5)","background-image":"","background-repeat":"repeat","background-position":"center center","background-size":"auto","background-attachment":"scroll","background-type":"","background-media":"","overlay-type":"","overlay-color":"","overlay-opacity":"","overlay-gradient":""},"tablet":{"background-color":"var(--ast-global-color-5)","background-image":"","background-repeat":"repeat","background-position":"center center","background-size":"auto","background-attachment":"scroll","background-type":"","background-media":"","overlay-type":"","overlay-color":"","overlay-opacity":"","overlay-gradient":""},"mobile":{"background-color":"var(--ast-global-color-5)","background-image":"","background-repeat":"repeat","background-position":"center center","background-size":"auto","background-attachment":"scroll","background-type":"","background-media":"","overlay-type":"","overlay-color":"","overlay-opacity":"","overlay-gradient":""}}},"product_brand":[],"product_cat":[625],"product_tag":[1436,1574],"class_list":{"0":"post-13222","1":"product","2":"type-product","3":"status-publish","4":"has-post-thumbnail","6":"product_cat-balises-lumineuses","7":"product_tag-ip69k-fr","8":"product_tag-rotation","9":"pa_durchmesser-68mm-fr","10":"pa_spannung-48v-cc","11":"desktop-align-center","12":"tablet-align-left","13":"mobile-align-left","14":"ast-product-gallery-layout-horizontal-slider","15":"ast-product-tabs-layout-horizontal","17":"first","18":"instock","19":"taxable","20":"shipping-taxable","21":"purchasable","22":"product-type-simple"},"spectra_custom_meta":{"_product_attributes":["a:4:{s:7:\"gewicht\";a:7:{s:4:\"name\";s:7:\"Gewicht\";s:5:\"value\";s:6:\"0.14kg\";s:8:\"position\";i:0;s:10:\"is_visible\";i:1;s:12:\"is_variation\";i:0;s:11:\"is_taxonomy\";i:0;s:16:\"checkout_visible\";i:0;}s:14:\"pa_durchmesser\";a:7:{s:4:\"name\";s:14:\"pa_durchmesser\";s:5:\"value\";s:0:\"\";s:8:\"position\";i:1;s:10:\"is_visible\";i:1;s:12:\"is_variation\";i:0;s:11:\"is_taxonomy\";i:1;s:16:\"checkout_visible\";i:0;}s:11:\"abmessungen\";a:7:{s:4:\"name\";s:11:\"Abmessungen\";s:5:\"value\";s:30:\"L 87.5mm | P 87.5mm | H 45.5mm\";s:8:\"position\";i:2;s:10:\"is_visible\";i:1;s:12:\"is_variation\";i:0;s:11:\"is_taxonomy\";i:0;s:16:\"checkout_visible\";i:0;}s:11:\"pa_spannung\";a:7:{s:4:\"name\";s:11:\"pa_spannung\";s:5:\"value\";s:0:\"\";s:8:\"position\";i:3;s:10:\"is_visible\";i:1;s:12:\"is_variation\";i:0;s:11:\"is_taxonomy\";i:1;s:16:\"checkout_visible\";i:0;}}"],"attr_label_translations":["a:1:{s:2:\"fr\";a:2:{s:7:\"gewicht\";s:5:\"Poids\";s:11:\"abmessungen\";s:10:\"Dimensions\";}}"],"_wcml_average_rating":[null],"_wcml_review_count":[null],"_wcml_rating_count":[null],"_unit":[""],"_unit_base":[""],"_unit_product":[""],"_unit_price":[""],"_unit_price_regular":[""],"_unit_price_sale":[""],"_unit_price_auto":["no"],"_sale_price_label":[""],"_sale_price_regular_label":[""],"_free_shipping":["no"],"_min_age":[""],"_is_food":["no"],"_used_good":["no"],"_nutrient_ids":["a:0:{}"],"_nutrient_reference_value":["100g"],"_allergen_ids":["a:0:{}"],"_nutri_score":[""],"_alcohol_content":[""],"_drained_weight":[""],"_net_filling_quantity":[""],"_deposit_type":[""],"_deposit_quantity":[""],"_service":["no"],"_differential_taxation":["no"],"_hs_code":["85318070"],"_manufacture_country":["JP"],"_backorders":["no"],"_download_limit":["-1"],"_download_expiry":["-1"],"_downloadable":["no"],"_manage_stock":["yes"],"_sku":["GF7-48N-Y"],"_stock_status":["instock"],"_sold_individually":["no"],"_tax_class":[""],"_tax_status":["taxable"],"_virtual":["no"],"total_sales":["0"],"stick-header-meta":["default"],"site-sidebar-layout":["default"],"theme-transparent-header-meta":["default"],"_wpml_media_duplicate":["1"],"_wpml_media_featured":["1"],"ast-site-content-layout":["default"],"site-content-style":["default"],"site-sidebar-style":["default"],"_global_unique_id":["4938766028593"],"_manufacturer_slug":[""],"rank_math_primary_product_cat":["71"],"_top_nav_excluded":[""],"_cms_nav_minihome":[""],"_wp_page_template":["default"],"rank_math_title":["PATLITE | Feu flash GF7 IP69K pour usage ext\u00e9rieur\/int\u00e9rieur"],"rank_math_description":["Feu de signalisation tr\u00e8s compact, gyrophare, robuste, certifi\u00e9 IP69K, 68 mm, pour usage ext\u00e9rieur, avec rotation LED orange ; 48 V CC, adapt\u00e9 aux chantiers - Informations -->"],"_ts_mpn":[""],"_ts_gtin":[""],"_thumbnail_id":["12399"],"_stock":["1"],"_last_translation_edit_mode":["translation-editor"],"_wpml_word_count":["446"],"_eb_reusable_block_ids":["a:0:{}"],"_uag_css_file_name":["uag-css-13222.css"],"rank_math_internal_links_processed":["1"],"_regular_price":["156.90"],"_price":["156.90"],"_max_variation_price":[""],"_max_variation_regular_price":[""],"_max_variation_sale_price":[""],"_min_variation_price":[""],"_min_variation_regular_price":[""],"_min_variation_sale_price":[""],"_sale_price":[""],"_wc_rating_count":[""],"_wc_review_count":[""],"_wc_average_rating":[0]},"uagb_featured_image_src":{"full":["https:\/\/shop.patlite.eu\/wp-content\/uploads\/2025\/11\/PATLITE_Signalleuchte_GF7-Y-OV_1.png",727,516,false],"thumbnail":["https:\/\/shop.patlite.eu\/wp-content\/uploads\/2025\/11\/PATLITE_Signalleuchte_GF7-Y-OV_1-150x150.png",150,150,true],"medium":["https:\/\/shop.patlite.eu\/wp-content\/uploads\/2025\/11\/PATLITE_Signalleuchte_GF7-Y-OV_1-300x213.png",300,213,true],"medium_large":["https:\/\/shop.patlite.eu\/wp-content\/uploads\/2025\/11\/PATLITE_Signalleuchte_GF7-Y-OV_1.png",727,516,false],"large":["https:\/\/shop.patlite.eu\/wp-content\/uploads\/2025\/11\/PATLITE_Signalleuchte_GF7-Y-OV_1.png",727,516,false],"1536x1536":["https:\/\/shop.patlite.eu\/wp-content\/uploads\/2025\/11\/PATLITE_Signalleuchte_GF7-Y-OV_1.png",727,516,false],"2048x2048":["https:\/\/shop.patlite.eu\/wp-content\/uploads\/2025\/11\/PATLITE_Signalleuchte_GF7-Y-OV_1.png",727,516,false],"woocommerce_thumbnail":["https:\/\/shop.patlite.eu\/wp-content\/uploads\/2025\/11\/PATLITE_Signalleuchte_GF7-Y-OV_1-400x267.png",400,267,true],"woocommerce_single":["https:\/\/shop.patlite.eu\/wp-content\/uploads\/2025\/11\/PATLITE_Signalleuchte_GF7-Y-OV_1.png",727,516,false],"woocommerce_gallery_thumbnail":["https:\/\/shop.patlite.eu\/wp-content\/uploads\/2025\/11\/PATLITE_Signalleuchte_GF7-Y-OV_1-100x100.png",100,100,true],"dgwt-wcas-product-suggestion":["https:\/\/shop.patlite.eu\/wp-content\/uploads\/2025\/11\/PATLITE_Signalleuchte_GF7-Y-OV_1-64x45.png",64,45,true]},"uagb_author_info":{"display_name":"Andreas Gaitzsch","author_link":"https:\/\/shop.patlite.eu\/fr\/author\/"},"uagb_comment_info":0,"uagb_excerpt":"Feu compact rotatif, robuste, certifi\u00e9 IP69K, de \u00d868 mm, pour usage ext\u00e9rieur, orange ; 48V CC avec c\u00e2bles de raccordement","_links":{"self":[{"href":"https:\/\/shop.patlite.eu\/fr\/wp-json\/wp\/v2\/product\/13222","targetHints":{"allow":["GET"]}}],"collection":[{"href":"https:\/\/shop.patlite.eu\/fr\/wp-json\/wp\/v2\/product"}],"about":[{"href":"https:\/\/shop.patlite.eu\/fr\/wp-json\/wp\/v2\/types\/product"}],"replies":[{"embeddable":true,"href":"https:\/\/shop.patlite.eu\/fr\/wp-json\/wp\/v2\/comments?post=13222"}],"version-history":[{"count":0,"href":"https:\/\/shop.patlite.eu\/fr\/wp-json\/wp\/v2\/product\/13222\/revisions"}],"wp:featuredmedia":[{"embeddable":true,"href":"https:\/\/shop.patlite.eu\/fr\/wp-json\/wp\/v2\/media\/12399"}],"wp:attachment":[{"href":"https:\/\/shop.patlite.eu\/fr\/wp-json\/wp\/v2\/media?parent=13222"}],"wp:term":[{"taxonomy":"product_brand","embeddable":true,"href":"https:\/\/shop.patlite.eu\/fr\/wp-json\/wp\/v2\/product_brand?post=13222"},{"taxonomy":"product_cat","embeddable":true,"href":"https:\/\/shop.patlite.eu\/fr\/wp-json\/wp\/v2\/product_cat?post=13222"},{"taxonomy":"product_tag","embeddable":true,"href":"https:\/\/shop.patlite.eu\/fr\/wp-json\/wp\/v2\/product_tag?post=13222"}],"curies":[{"name":"wp","href":"https:\/\/api.w.org\/{rel}","templated":true}]}}