{"id":10206,"date":"2024-02-26T10:40:41","date_gmt":"2024-02-26T09:40:41","guid":{"rendered":"https:\/\/shop.patlite.eu\/offres-speciales\/"},"modified":"2024-09-23T13:52:49","modified_gmt":"2024-09-23T11:52:49","slug":"offres-speciales","status":"publish","type":"page","link":"https:\/\/shop.patlite.eu\/fr\/offres-speciales\/","title":{"rendered":"Offres Sp\u00e9ciales"},"content":{"rendered":"\n<div class=\"woocommerce columns-4 quick-sale\"><ul class=\"products columns-4\">\n<li class=\"desktop-align-center tablet-align-left mobile-align-left ast-product-gallery-layout-horizontal-slider ast-product-single-variable ast-product-tabs-layout-horizontal product type-product post-8803 status-publish first instock product_cat-produits-reseau product_cat-balises-lumineuses product_tag-io-link-fr product_tag-voyant-led product_tag-ne-fr product_tag-buzzer-fr product_tag-usb-fr product_tag-transmetteur-de-signal has-post-thumbnail sale taxable shipping-taxable purchasable product-type-variable\">\n\t<a href=\"https:\/\/shop.patlite.eu\/fr\/produit\/ne-balise-lumineuse-multicolore-standard-usb-io-link\/\" class=\"woocommerce-LoopProduct-link woocommerce-loop-product__link\">\n\t<span class=\"onsale\">Promo<\/span>\n\t<div style=\"position:relative;\"><img fetchpriority=\"high\" decoding=\"async\" width=\"400\" height=\"267\" src=\"https:\/\/shop.patlite.eu\/wp-content\/uploads\/2023\/12\/Patlite_NE-Group-400x267.png\" class=\"attachment-woocommerce_thumbnail size-woocommerce_thumbnail\" alt=\"NE Balise lumineuse multicolore standard \/ USB \/ IO-Link\" srcset=\"https:\/\/shop.patlite.eu\/wp-content\/uploads\/2023\/12\/Patlite_NE-Group-400x267.png 400w, https:\/\/shop.patlite.eu\/wp-content\/uploads\/2023\/12\/Patlite_NE-Group-300x200.png 300w, https:\/\/shop.patlite.eu\/wp-content\/uploads\/2023\/12\/Patlite_NE-Group-1024x683.png 1024w, https:\/\/shop.patlite.eu\/wp-content\/uploads\/2023\/12\/Patlite_NE-Group-768x512.png 768w, https:\/\/shop.patlite.eu\/wp-content\/uploads\/2023\/12\/Patlite_NE-Group.png 1200w\" sizes=\"(max-width: 400px) 100vw, 400px\" \/><div class=\"advanced-woo-labels awl-position-type-on-image awl-label-type-archive awl-align-left-bottom\" style=\"display:flex;flex-wrap:wrap;flex-direction:row;text-align:left;width:100%;position:absolute;z-index:9;left:0px;right:auto;top:auto;bottom:0px;transform:none;justify-content:flex-start;\"><div class=\"awl-label-wrap awl-text-label-wrap awl-label-id-12550\" style=\"\"><span class=\"awl-product-label awl-type-label awl-type-label-rounded\" style=\"display:table;position:relative;line-height:1;white-space:nowrap;vertical-align:baseline;font-size:14px;--awl-font-size-tablet:14px;--awl-font-size-phone:14px;font-weight:400;font-style:normal;letter-spacing:0px;color:#fff;opacity:1;margin:0px 0px 0px 0px;\"><span class=\"awl-label-text\"  style=\"display:table-cell;padding:0.3em 0.6em 0.3em 0.6em;z-index:1;background:#59769e;position:relative;line-height:1;border-radius:0.25em;\"><span class=\"awl-inner-text\">USB<\/span><\/span><\/span><\/div><\/div><\/div><h2 class=\"woocommerce-loop-product__title\">NE Balise lumineuse multicolore standard \/ USB \/ IO-Link<\/h2>\n\t<span class=\"price\"><span class=\"woocommerce-Price-amount amount\"><bdi>58,65&nbsp;<span class=\"woocommerce-Price-currencySymbol\">&euro;<\/span><\/bdi><\/span> \u2013 <span class=\"woocommerce-Price-amount amount\"><bdi>246,90&nbsp;<span class=\"woocommerce-Price-currencySymbol\">&euro;<\/span><\/bdi><\/span> <small class=\"woocommerce-price-suffix\">net H.T<\/small><\/span>\n\n\n\n<\/a>\n\n\n<a href=\"https:\/\/shop.patlite.eu\/fr\/produit\/ne-balise-lumineuse-multicolore-standard-usb-io-link\/\" class=\"button product_type_variable\">Details<\/a>\t<span id=\"woocommerce_loop_add_to_cart_link_describedby_8803\" class=\"screen-reader-text\">\n\t\tCe produit a plusieurs variations. Les options peuvent \u00eatre choisies sur la page du produit\t<\/span>\n<span class=\"gtm4wp_productdata\" style=\"display:none; visibility:hidden;\" data-gtm4wp_product_data=\"{&quot;internal_id&quot;:8803,&quot;item_id&quot;:8803,&quot;item_name&quot;:&quot;NE Balise lumineuse multicolore standard \\\/ USB \\\/ IO-Link&quot;,&quot;sku&quot;:8803,&quot;price&quot;:58.64999999999999857891452847979962825775146484375,&quot;stocklevel&quot;:1,&quot;stockstatus&quot;:&quot;instock&quot;,&quot;google_business_vertical&quot;:&quot;retail&quot;,&quot;item_category&quot;:&quot;Signalleuchten &amp; Beacons&quot;,&quot;id&quot;:8803,&quot;productlink&quot;:&quot;https:\\\/\\\/shop.patlite.eu\\\/fr\\\/produit\\\/ne-balise-lumineuse-multicolore-standard-usb-io-link\\\/&quot;,&quot;item_list_name&quot;:&quot;Produits en promotion&quot;,&quot;index&quot;:1,&quot;product_type&quot;:&quot;variable&quot;,&quot;item_brand&quot;:&quot;&quot;}\"><\/span><\/li>\n<li class=\"desktop-align-center tablet-align-left mobile-align-left ast-product-gallery-layout-horizontal-slider ast-product-single-variable ast-product-tabs-layout-horizontal product type-product post-8737 status-publish instock product_cat-colonnes-lumineuses product_tag-voyant-led product_tag-colonne-lumineuse product_tag-buzzer-fr product_tag-tour-de-signalisation product_tag-la-fr product_tag-la6-fr has-post-thumbnail sale taxable shipping-taxable purchasable product-type-variable\">\n\t<a href=\"https:\/\/shop.patlite.eu\/fr\/produit\/la6-colonne-lumineuse-dynamique-multicolore\/\" class=\"woocommerce-LoopProduct-link woocommerce-loop-product__link\">\n\t<span class=\"onsale\">Promo<\/span>\n\t<img decoding=\"async\" width=\"400\" height=\"267\" src=\"https:\/\/shop.patlite.eu\/wp-content\/uploads\/2023\/12\/Patlite_LA6-Signalturm_Signalsaeule_Uebersicht-400x267.png\" class=\"attachment-woocommerce_thumbnail size-woocommerce_thumbnail\" alt=\"LA6 Colonne lumineuse dynamique multicolore\" srcset=\"https:\/\/shop.patlite.eu\/wp-content\/uploads\/2023\/12\/Patlite_LA6-Signalturm_Signalsaeule_Uebersicht-400x267.png 400w, https:\/\/shop.patlite.eu\/wp-content\/uploads\/2023\/12\/Patlite_LA6-Signalturm_Signalsaeule_Uebersicht-300x200.png 300w, https:\/\/shop.patlite.eu\/wp-content\/uploads\/2023\/12\/Patlite_LA6-Signalturm_Signalsaeule_Uebersicht-1024x683.png 1024w, https:\/\/shop.patlite.eu\/wp-content\/uploads\/2023\/12\/Patlite_LA6-Signalturm_Signalsaeule_Uebersicht-768x512.png 768w, https:\/\/shop.patlite.eu\/wp-content\/uploads\/2023\/12\/Patlite_LA6-Signalturm_Signalsaeule_Uebersicht.png 1200w\" sizes=\"(max-width: 400px) 100vw, 400px\" \/><h2 class=\"woocommerce-loop-product__title\">LA6 Colonne lumineuse dynamique multicolore<\/h2>\n\t<span class=\"price\"><span class=\"woocommerce-Price-amount amount\"><bdi>122,48&nbsp;<span class=\"woocommerce-Price-currencySymbol\">&euro;<\/span><\/bdi><\/span> \u2013 <span class=\"woocommerce-Price-amount amount\"><bdi>321,40&nbsp;<span class=\"woocommerce-Price-currencySymbol\">&euro;<\/span><\/bdi><\/span> <small class=\"woocommerce-price-suffix\">net H.T<\/small><\/span>\n\n\n\n<\/a>\n\n\n<a href=\"https:\/\/shop.patlite.eu\/fr\/produit\/la6-colonne-lumineuse-dynamique-multicolore\/\" class=\"button product_type_variable\">Details<\/a>\t<span id=\"woocommerce_loop_add_to_cart_link_describedby_8737\" class=\"screen-reader-text\">\n\t\tCe produit a plusieurs variations. Les options peuvent \u00eatre choisies sur la page du produit\t<\/span>\n<span class=\"gtm4wp_productdata\" style=\"display:none; visibility:hidden;\" data-gtm4wp_product_data=\"{&quot;internal_id&quot;:8737,&quot;item_id&quot;:8737,&quot;item_name&quot;:&quot;LA6 Colonne lumineuse dynamique multicolore&quot;,&quot;sku&quot;:8737,&quot;price&quot;:122.4800000000000039790393202565610408782958984375,&quot;stocklevel&quot;:2,&quot;stockstatus&quot;:&quot;instock&quot;,&quot;google_business_vertical&quot;:&quot;retail&quot;,&quot;item_category&quot;:&quot;Colonnes Lumineuses&quot;,&quot;id&quot;:8737,&quot;productlink&quot;:&quot;https:\\\/\\\/shop.patlite.eu\\\/fr\\\/produit\\\/la6-colonne-lumineuse-dynamique-multicolore\\\/&quot;,&quot;item_list_name&quot;:&quot;Produits en promotion&quot;,&quot;index&quot;:2,&quot;product_type&quot;:&quot;variable&quot;,&quot;item_brand&quot;:&quot;&quot;}\"><\/span><\/li>\n<li class=\"desktop-align-center tablet-align-left mobile-align-left ast-product-gallery-layout-horizontal-slider ast-product-single-variable ast-product-tabs-layout-horizontal product type-product post-8046 status-publish instock product_cat-colonnes-lumineuses product_cat-accessoires product_tag-poe-fr product_tag-tube product_tag-usb-fr product_tag-tube-fr product_tag-la6-fr product_tag-lr6-fr product_tag-ne-fr has-post-thumbnail sale taxable shipping-taxable purchasable product-type-variable\">\n\t<a href=\"https:\/\/shop.patlite.eu\/fr\/produit\/tube-de-rehausse-pole-a21\/\" class=\"woocommerce-LoopProduct-link woocommerce-loop-product__link\">\n\t<span class=\"onsale\">Promo<\/span>\n\t<div style=\"position:relative;\"><img decoding=\"async\" width=\"400\" height=\"267\" src=\"https:\/\/shop.patlite.eu\/wp-content\/uploads\/2024\/01\/Patlite_Pole-A21_Montagestangen_fuer_Signalsaeulen_Uebersicht-400x267.png\" class=\"attachment-woocommerce_thumbnail size-woocommerce_thumbnail\" alt=\"POLE A21 Tube de r\u00e9hausse\" srcset=\"https:\/\/shop.patlite.eu\/wp-content\/uploads\/2024\/01\/Patlite_Pole-A21_Montagestangen_fuer_Signalsaeulen_Uebersicht-400x267.png 400w, https:\/\/shop.patlite.eu\/wp-content\/uploads\/2024\/01\/Patlite_Pole-A21_Montagestangen_fuer_Signalsaeulen_Uebersicht-300x200.png 300w, https:\/\/shop.patlite.eu\/wp-content\/uploads\/2024\/01\/Patlite_Pole-A21_Montagestangen_fuer_Signalsaeulen_Uebersicht-1024x683.png 1024w, https:\/\/shop.patlite.eu\/wp-content\/uploads\/2024\/01\/Patlite_Pole-A21_Montagestangen_fuer_Signalsaeulen_Uebersicht-768x512.png 768w, https:\/\/shop.patlite.eu\/wp-content\/uploads\/2024\/01\/Patlite_Pole-A21_Montagestangen_fuer_Signalsaeulen_Uebersicht.png 1200w\" sizes=\"(max-width: 400px) 100vw, 400px\" \/><div class=\"advanced-woo-labels awl-position-type-on-image awl-label-type-archive awl-align-left-bottom\" style=\"display:flex;flex-wrap:wrap;flex-direction:row;text-align:left;width:100%;position:absolute;z-index:9;left:0px;right:auto;top:auto;bottom:0px;transform:none;justify-content:flex-start;\"><div class=\"awl-label-wrap awl-text-label-wrap awl-label-id-12550\" style=\"\"><span class=\"awl-product-label awl-type-label awl-type-label-rounded\" style=\"display:table;position:relative;line-height:1;white-space:nowrap;vertical-align:baseline;font-size:14px;--awl-font-size-tablet:14px;--awl-font-size-phone:14px;font-weight:400;font-style:normal;letter-spacing:0px;color:#fff;opacity:1;margin:0px 0px 0px 0px;\"><span class=\"awl-label-text\"  style=\"display:table-cell;padding:0.3em 0.6em 0.3em 0.6em;z-index:1;background:#59769e;position:relative;line-height:1;border-radius:0.25em;\"><span class=\"awl-inner-text\">USB<\/span><\/span><\/span><\/div><\/div><\/div><h2 class=\"woocommerce-loop-product__title\">POLE A21 Tube de r\u00e9hausse<\/h2>\n\t<span class=\"price\"><span class=\"woocommerce-Price-amount amount\"><bdi>13,90&nbsp;<span class=\"woocommerce-Price-currencySymbol\">&euro;<\/span><\/bdi><\/span> \u2013 <span class=\"woocommerce-Price-amount amount\"><bdi>16,70&nbsp;<span class=\"woocommerce-Price-currencySymbol\">&euro;<\/span><\/bdi><\/span> <small class=\"woocommerce-price-suffix\">net H.T<\/small><\/span>\n\n\n\n<\/a>\n\n\n<a href=\"https:\/\/shop.patlite.eu\/fr\/produit\/tube-de-rehausse-pole-a21\/\" class=\"button product_type_variable\">Details<\/a>\t<span id=\"woocommerce_loop_add_to_cart_link_describedby_8046\" class=\"screen-reader-text\">\n\t\tCe produit a plusieurs variations. Les options peuvent \u00eatre choisies sur la page du produit\t<\/span>\n<span class=\"gtm4wp_productdata\" style=\"display:none; visibility:hidden;\" data-gtm4wp_product_data=\"{&quot;internal_id&quot;:8046,&quot;item_id&quot;:8046,&quot;item_name&quot;:&quot;POLE A21 Tube de r\\u00e9hausse&quot;,&quot;sku&quot;:8046,&quot;price&quot;:13.9000000000000003552713678800500929355621337890625,&quot;stocklevel&quot;:26,&quot;stockstatus&quot;:&quot;instock&quot;,&quot;google_business_vertical&quot;:&quot;retail&quot;,&quot;item_category&quot;:&quot;Colonnes Lumineuses&quot;,&quot;id&quot;:8046,&quot;productlink&quot;:&quot;https:\\\/\\\/shop.patlite.eu\\\/fr\\\/produit\\\/tube-de-rehausse-pole-a21\\\/&quot;,&quot;item_list_name&quot;:&quot;Produits en promotion&quot;,&quot;index&quot;:3,&quot;product_type&quot;:&quot;variable&quot;,&quot;item_brand&quot;:&quot;&quot;}\"><\/span><\/li>\n<li class=\"desktop-align-center tablet-align-left mobile-align-left ast-product-gallery-layout-horizontal-slider ast-product-gallery-with-no-image ast-product-single-variable ast-product-tabs-layout-horizontal product type-product post-7688 status-publish last instock product_cat-accessoires product_tag-joint-detancheite product_tag-sl08-fr product_tag-sl10-fr product_tag-accessoires has-post-thumbnail sale taxable shipping-taxable purchasable product-type-variable\">\n\t<a href=\"https:\/\/shop.patlite.eu\/fr\/produit\/szw-102-103-joint-detancheite-en-caoutchouc-pour-sk-sl-sf-80mm-100mm\/\" class=\"woocommerce-LoopProduct-link woocommerce-loop-product__link\">\n\t<span class=\"onsale\">Promo<\/span>\n\t<img loading=\"lazy\" decoding=\"async\" width=\"400\" height=\"267\" src=\"https:\/\/shop.patlite.eu\/wp-content\/uploads\/2024\/01\/Patlite_SZW-102_Gummidichtung_80mm_Durchmesser-400x267.png\" class=\"attachment-woocommerce_thumbnail size-woocommerce_thumbnail\" alt=\"SZW-102\/103 Joint d&#039;\u00e9tanch\u00e9it\u00e9 en caoutchouc pour SK\/SL\/SF, 80mm\/100mm\" srcset=\"https:\/\/shop.patlite.eu\/wp-content\/uploads\/2024\/01\/Patlite_SZW-102_Gummidichtung_80mm_Durchmesser-400x267.png 400w, https:\/\/shop.patlite.eu\/wp-content\/uploads\/2024\/01\/Patlite_SZW-102_Gummidichtung_80mm_Durchmesser-300x200.png 300w, https:\/\/shop.patlite.eu\/wp-content\/uploads\/2024\/01\/Patlite_SZW-102_Gummidichtung_80mm_Durchmesser-1024x683.png 1024w, https:\/\/shop.patlite.eu\/wp-content\/uploads\/2024\/01\/Patlite_SZW-102_Gummidichtung_80mm_Durchmesser-768x512.png 768w, https:\/\/shop.patlite.eu\/wp-content\/uploads\/2024\/01\/Patlite_SZW-102_Gummidichtung_80mm_Durchmesser.png 1200w\" sizes=\"(max-width: 400px) 100vw, 400px\" \/><h2 class=\"woocommerce-loop-product__title\">SZW-102\/103 Joint d&#8217;\u00e9tanch\u00e9it\u00e9 en caoutchouc pour SK\/SL\/SF, 80mm\/100mm<\/h2>\n\t<span class=\"price\"><span class=\"woocommerce-Price-amount amount\"><bdi>3,64&nbsp;<span class=\"woocommerce-Price-currencySymbol\">&euro;<\/span><\/bdi><\/span> \u2013 <span class=\"woocommerce-Price-amount amount\"><bdi>11,50&nbsp;<span class=\"woocommerce-Price-currencySymbol\">&euro;<\/span><\/bdi><\/span> <small class=\"woocommerce-price-suffix\">net H.T<\/small><\/span>\n\n\n\n<\/a>\n\n\n<a href=\"https:\/\/shop.patlite.eu\/fr\/produit\/szw-102-103-joint-detancheite-en-caoutchouc-pour-sk-sl-sf-80mm-100mm\/\" class=\"button product_type_variable\">Details<\/a>\t<span id=\"woocommerce_loop_add_to_cart_link_describedby_7688\" class=\"screen-reader-text\">\n\t\tCe produit a plusieurs variations. Les options peuvent \u00eatre choisies sur la page du produit\t<\/span>\n<span class=\"gtm4wp_productdata\" style=\"display:none; visibility:hidden;\" data-gtm4wp_product_data=\"{&quot;internal_id&quot;:7688,&quot;item_id&quot;:7688,&quot;item_name&quot;:&quot;SZW-102\\\/103 Joint d&#039;\\u00e9tanch\\u00e9it\\u00e9 en caoutchouc pour SK\\\/SL\\\/SF, 80mm\\\/100mm&quot;,&quot;sku&quot;:7688,&quot;price&quot;:3.640000000000000124344978758017532527446746826171875,&quot;stocklevel&quot;:49,&quot;stockstatus&quot;:&quot;instock&quot;,&quot;google_business_vertical&quot;:&quot;retail&quot;,&quot;item_category&quot;:&quot;Accessoires&quot;,&quot;id&quot;:7688,&quot;productlink&quot;:&quot;https:\\\/\\\/shop.patlite.eu\\\/fr\\\/produit\\\/szw-102-103-joint-detancheite-en-caoutchouc-pour-sk-sl-sf-80mm-100mm\\\/&quot;,&quot;item_list_name&quot;:&quot;Produits en promotion&quot;,&quot;index&quot;:4,&quot;product_type&quot;:&quot;variable&quot;,&quot;item_brand&quot;:&quot;&quot;}\"><\/span><\/li>\n<\/ul>\n<\/div>\n","protected":false},"excerpt":{"rendered":"","protected":false},"author":13,"featured_media":0,"parent":0,"menu_order":0,"comment_status":"closed","ping_status":"closed","template":"","meta":{"_eb_attr":"","_mo_disable_npp":"","_uag_custom_page_level_css":"","_monsterinsights_skip_tracking":false,"_monsterinsights_sitenote_active":false,"_monsterinsights_sitenote_note":"","_monsterinsights_sitenote_category":0,"site-sidebar-layout":"default","site-content-layout":"","ast-site-content-layout":"default","site-content-style":"default","site-sidebar-style":"default","ast-global-header-display":"","ast-banner-title-visibility":"","ast-main-header-display":"","ast-hfb-above-header-display":"","ast-hfb-below-header-display":"","ast-hfb-mobile-header-display":"","site-post-title":"","ast-breadcrumbs-content":"","ast-featured-img":"","footer-sml-layout":"","ast-disable-related-posts":"","theme-transparent-header-meta":"","adv-header-id-meta":"","stick-header-meta":"","header-above-stick-meta":"","header-main-stick-meta":"","header-below-stick-meta":"","astra-migrate-meta-layouts":"default","ast-page-background-enabled":"default","ast-page-background-meta":{"desktop":{"background-color":"var(--ast-global-color-4)","background-image":"","background-repeat":"repeat","background-position":"center center","background-size":"auto","background-attachment":"scroll","background-type":"","background-media":"","overlay-type":"","overlay-color":"","overlay-opacity":"","overlay-gradient":""},"tablet":{"background-color":"","background-image":"","background-repeat":"repeat","background-position":"center center","background-size":"auto","background-attachment":"scroll","background-type":"","background-media":"","overlay-type":"","overlay-color":"","overlay-opacity":"","overlay-gradient":""},"mobile":{"background-color":"","background-image":"","background-repeat":"repeat","background-position":"center center","background-size":"auto","background-attachment":"scroll","background-type":"","background-media":"","overlay-type":"","overlay-color":"","overlay-opacity":"","overlay-gradient":""}},"ast-content-background-meta":{"desktop":{"background-color":"var(--ast-global-color-5)","background-image":"","background-repeat":"repeat","background-position":"center center","background-size":"auto","background-attachment":"scroll","background-type":"","background-media":"","overlay-type":"","overlay-color":"","overlay-opacity":"","overlay-gradient":""},"tablet":{"background-color":"var(--ast-global-color-5)","background-image":"","background-repeat":"repeat","background-position":"center center","background-size":"auto","background-attachment":"scroll","background-type":"","background-media":"","overlay-type":"","overlay-color":"","overlay-opacity":"","overlay-gradient":""},"mobile":{"background-color":"var(--ast-global-color-5)","background-image":"","background-repeat":"repeat","background-position":"center center","background-size":"auto","background-attachment":"scroll","background-type":"","background-media":"","overlay-type":"","overlay-color":"","overlay-opacity":"","overlay-gradient":""}},"footnotes":""},"folder":[],"class_list":["post-10206","page","type-page","status-publish","hentry"],"spectra_custom_meta":{"yikes_woo_products_tabs":["a:1:{i:0;s:0:\"\";}"],"_wpml_media_duplicate":["1"],"_wpml_media_featured":["1"],"_top_nav_excluded":[""],"_cms_nav_minihome":[""],"_last_translation_edit_mode":["translation-editor"],"_eb_reusable_block_ids":["a:0:{}"],"_uag_css_file_name":["uag-css-10206.css"],"rank_math_internal_links_processed":["1"],"_uag_page_assets":["a:9:{s:3:\"css\";s:2491:\".uag-blocks-common-selector{z-index:var(--z-index-desktop) !important}@media (max-width: 976px){.uag-blocks-common-selector{z-index:var(--z-index-tablet) !important}}@media (max-width: 767px){.uag-blocks-common-selector{z-index:var(--z-index-mobile) !important}}\n.wp-block-uagb-advanced-heading h1,.wp-block-uagb-advanced-heading h2,.wp-block-uagb-advanced-heading h3,.wp-block-uagb-advanced-heading h4,.wp-block-uagb-advanced-heading h5,.wp-block-uagb-advanced-heading h6,.wp-block-uagb-advanced-heading p,.wp-block-uagb-advanced-heading div{word-break:break-word}.wp-block-uagb-advanced-heading .uagb-heading-text{margin:0}.wp-block-uagb-advanced-heading .uagb-desc-text{margin:0}.wp-block-uagb-advanced-heading .uagb-separator{font-size:0;border-top-style:solid;display:inline-block;margin:0 0 10px 0}.wp-block-uagb-advanced-heading .uagb-highlight{color:#f78a0c;border:0;transition:all 0.3s ease}.uag-highlight-toolbar{border-left:0;border-top:0;border-bottom:0;border-radius:0;border-right-color:#1e1e1e}.uag-highlight-toolbar .components-button{border-radius:0;outline:none}.uag-highlight-toolbar .components-button.is-primary{color:#fff}\n.wp-block-uagb-advanced-heading.uagb-block-b484dae9.wp-block-uagb-advanced-heading .uagb-desc-text{margin-bottom: 15px;}.wp-block-uagb-advanced-heading.uagb-block-b484dae9.wp-block-uagb-advanced-heading .uagb-highlight{font-style: normal;font-weight: Default;background: #007cba;color: #fff;-webkit-text-fill-color: #fff;}.wp-block-uagb-advanced-heading.uagb-block-b484dae9.wp-block-uagb-advanced-heading .uagb-highlight::-moz-selection{color: #fff;background: #007cba;-webkit-text-fill-color: #fff;}.wp-block-uagb-advanced-heading.uagb-block-b484dae9.wp-block-uagb-advanced-heading .uagb-highlight::selection{color: #fff;background: #007cba;-webkit-text-fill-color: #fff;}.wp-block-uagb-advanced-heading.uagb-block-c451812a.wp-block-uagb-advanced-heading .uagb-desc-text{margin-bottom: 15px;}.wp-block-uagb-advanced-heading.uagb-block-c451812a.wp-block-uagb-advanced-heading .uagb-highlight{font-style: normal;font-weight: Default;background: #007cba;color: #fff;-webkit-text-fill-color: #fff;}.wp-block-uagb-advanced-heading.uagb-block-c451812a.wp-block-uagb-advanced-heading .uagb-highlight::-moz-selection{color: #fff;background: #007cba;-webkit-text-fill-color: #fff;}.wp-block-uagb-advanced-heading.uagb-block-c451812a.wp-block-uagb-advanced-heading .uagb-highlight::selection{color: #fff;background: #007cba;-webkit-text-fill-color: #fff;}\";s:2:\"js\";s:0:\"\";s:18:\"current_block_list\";a:21:{i:0;s:14:\"core\/paragraph\";i:1;s:11:\"core\/search\";i:2;s:10:\"core\/group\";i:3;s:12:\"core\/heading\";i:4;s:17:\"core\/latest-posts\";i:5;s:20:\"core\/latest-comments\";i:6;s:13:\"core\/archives\";i:7;s:15:\"core\/categories\";i:8;s:24:\"woocommerce\/price-filter\";i:9;s:17:\"core\/widget-group\";i:10;s:27:\"woocommerce\/product-on-sale\";i:11;s:12:\"core\/columns\";i:12;s:11:\"core\/column\";i:13;s:21:\"uagb\/advanced-heading\";i:14;s:12:\"core\/details\";i:15;s:17:\"core\/social-links\";i:16;s:16:\"core\/social-link\";i:17;s:30:\"woocommerce\/product-categories\";i:18;s:22:\"wpml\/language-switcher\";i:19;s:14:\"core\/shortcode\";i:20;s:32:\"advanced-woo-search\/search-block\";}s:8:\"uag_flag\";b:1;s:11:\"uag_version\";s:10:\"1776314251\";s:6:\"gfonts\";a:1:{s:7:\"Default\";a:2:{s:10:\"fontfamily\";s:7:\"Default\";s:12:\"fontvariants\";a:0:{}}}s:10:\"gfonts_url\";s:0:\"\";s:12:\"gfonts_files\";a:0:{}s:14:\"uag_faq_layout\";b:0;}"]},"uagb_featured_image_src":{"full":false,"thumbnail":false,"medium":false,"medium_large":false,"large":false,"1536x1536":false,"2048x2048":false,"woocommerce_thumbnail":false,"woocommerce_single":false,"woocommerce_gallery_thumbnail":false,"dgwt-wcas-product-suggestion":false},"uagb_author_info":{"display_name":"Andreas Gaitzsch","author_link":"https:\/\/shop.patlite.eu\/fr\/author\/andreas\/"},"uagb_comment_info":0,"uagb_excerpt":null,"_links":{"self":[{"href":"https:\/\/shop.patlite.eu\/fr\/wp-json\/wp\/v2\/pages\/10206","targetHints":{"allow":["GET"]}}],"collection":[{"href":"https:\/\/shop.patlite.eu\/fr\/wp-json\/wp\/v2\/pages"}],"about":[{"href":"https:\/\/shop.patlite.eu\/fr\/wp-json\/wp\/v2\/types\/page"}],"author":[{"embeddable":true,"href":"https:\/\/shop.patlite.eu\/fr\/wp-json\/wp\/v2\/users\/13"}],"replies":[{"embeddable":true,"href":"https:\/\/shop.patlite.eu\/fr\/wp-json\/wp\/v2\/comments?post=10206"}],"version-history":[{"count":3,"href":"https:\/\/shop.patlite.eu\/fr\/wp-json\/wp\/v2\/pages\/10206\/revisions"}],"predecessor-version":[{"id":10477,"href":"https:\/\/shop.patlite.eu\/fr\/wp-json\/wp\/v2\/pages\/10206\/revisions\/10477"}],"wp:attachment":[{"href":"https:\/\/shop.patlite.eu\/fr\/wp-json\/wp\/v2\/media?parent=10206"}],"wp:term":[{"taxonomy":"folder","embeddable":true,"href":"https:\/\/shop.patlite.eu\/fr\/wp-json\/wp\/v2\/folder?post=10206"}],"curies":[{"name":"wp","href":"https:\/\/api.w.org\/{rel}","templated":true}]}}