{"id":9896,"date":"2023-11-07T16:08:49","date_gmt":"2023-11-07T15:08:49","guid":{"rendered":"https:\/\/shop.patlite.eu\/produkt\/cln-a-barra-led-de-trabajo\/"},"modified":"2023-11-07T16:08:49","modified_gmt":"2023-11-07T15:08:49","slug":"cln-a-barra-led-de-trabajo","status":"publish","type":"product","link":"https:\/\/shop.patlite.eu\/es\/producto\/cln-a-barra-led-de-trabajo\/","title":{"rendered":"CLN-A Barra LED de trabajo"},"content":{"rendered":"<div style=\"width: 50%;\">\n<h3>DESTACADO<\/h3>\n<div style=\"background-color: #fef2d3; padding: 5px 5px;\">\n<ul>\n<li>Resistente al agua, aceite y refrigerantes.<\/li>\n<li>Dos opciones de movimiento (inclinaci\u00f3n, giro-inclinaci\u00f3n)<\/li>\n<li>Modelos abatibles arriba\/abajo y giratorios hacia la derecha\/izquierda<\/li>\n<li>Luz diurna \/ blanco c\u00e1lido<\/li>\n<\/ul>\n<\/div>\n<\/div>\n<p>&nbsp;<\/p>\n<p>La nueva luz de trabajo LED CLN brilla a\u00fan m\u00e1s que su predecesora CLM. Con un grosor de 22,2 mm, una intensidad lum\u00ednica de 180lx, grados de protecci\u00f3n IP66G\/67G, IP69K y dos colores de luz, luz diurna (6500 K) y blanco c\u00e1lido (2700 K), esta barra LED de trabajo es un todoterreno que tambi\u00e9n se puede utilizar en entornos laborales dif\u00edciles como la industria alimentaria; Adem\u00e1s, la barra LED se puede plegar 180 grados y, por tanto, ofrece numerosas posibilidades de montaje;<br \/>\nUna temperatura de funcionamiento entre -40 grados y +60 grados permite su uso en \u00e1reas de trabajo con temperaturas bajo cero, como en c\u00e1maras frigor\u00edficas;<br \/>\nCumple con los requisitos CE<br \/>\nCumplimiento UL (archivo no. E306141).<\/p>\n<p>&nbsp;<\/p>\n","protected":false},"excerpt":{"rendered":"<p>Luz de trabajo LED con 22,2 mm, una intensidad luminosa de 180lx, grados de protecci\u00f3n IP66G\/67G, IP69K y dos colores de luz: luz diurna (6500K) y blanco c\u00e1lido (2700K)<\/p>\n","protected":false},"featured_media":9897,"comment_status":"open","ping_status":"closed","template":"","meta":{"_eb_attr":"","_mo_disable_npp":"","_uag_custom_page_level_css":"","_monsterinsights_skip_tracking":false,"_monsterinsights_sitenote_active":false,"_monsterinsights_sitenote_note":"","_monsterinsights_sitenote_category":0,"site-sidebar-layout":"default","site-content-layout":"","ast-site-content-layout":"default","site-content-style":"default","site-sidebar-style":"default","ast-global-header-display":"","ast-banner-title-visibility":"","ast-main-header-display":"","ast-hfb-above-header-display":"","ast-hfb-below-header-display":"","ast-hfb-mobile-header-display":"","site-post-title":"","ast-breadcrumbs-content":"","ast-featured-img":"","footer-sml-layout":"","ast-disable-related-posts":"","theme-transparent-header-meta":"default","adv-header-id-meta":"","stick-header-meta":"default","header-above-stick-meta":"","header-main-stick-meta":"","header-below-stick-meta":"","astra-migrate-meta-layouts":"default","ast-page-background-enabled":"default","ast-page-background-meta":{"desktop":{"background-color":"var(--ast-global-color-4)","background-image":"","background-repeat":"repeat","background-position":"center center","background-size":"auto","background-attachment":"scroll","background-type":"","background-media":"","overlay-type":"","overlay-color":"","overlay-opacity":"","overlay-gradient":""},"tablet":{"background-color":"","background-image":"","background-repeat":"repeat","background-position":"center center","background-size":"auto","background-attachment":"scroll","background-type":"","background-media":"","overlay-type":"","overlay-color":"","overlay-opacity":"","overlay-gradient":""},"mobile":{"background-color":"","background-image":"","background-repeat":"repeat","background-position":"center center","background-size":"auto","background-attachment":"scroll","background-type":"","background-media":"","overlay-type":"","overlay-color":"","overlay-opacity":"","overlay-gradient":""}},"ast-content-background-meta":{"desktop":{"background-color":"var(--ast-global-color-5)","background-image":"","background-repeat":"repeat","background-position":"center center","background-size":"auto","background-attachment":"scroll","background-type":"","background-media":"","overlay-type":"","overlay-color":"","overlay-opacity":"","overlay-gradient":""},"tablet":{"background-color":"var(--ast-global-color-5)","background-image":"","background-repeat":"repeat","background-position":"center center","background-size":"auto","background-attachment":"scroll","background-type":"","background-media":"","overlay-type":"","overlay-color":"","overlay-opacity":"","overlay-gradient":""},"mobile":{"background-color":"var(--ast-global-color-5)","background-image":"","background-repeat":"repeat","background-position":"center center","background-size":"auto","background-attachment":"scroll","background-type":"","background-media":"","overlay-type":"","overlay-color":"","overlay-opacity":"","overlay-gradient":""}}},"product_brand":[],"product_cat":[1122,1123],"product_tag":[1091,1231,1155],"class_list":{"0":"post-9896","1":"product","2":"type-product","3":"status-publish","4":"has-post-thumbnail","6":"product_cat-iluminacion-led-y-luces-de-trabajo","7":"product_cat-luces-de-trabajo","8":"product_tag-modulos-led","9":"product_tag-cln-es","10":"product_tag-luz-de-trabajo","11":"pa_gehaeusefarbe-plata","12":"pa_halterung-una-opcion-de-movimiento-inclinacion","13":"pa_halterung-dos-opciones-de-movimiento-giro-inclinacion","14":"pa_lampenfarbe-blanco","15":"pa_lampenfarbe-ambar","16":"pa_schutzklasse-ip67g-es","17":"pa_schutzklasse-ip69k-es","18":"pa_schutzklasse-ip66g-es","19":"pa_spannung-24vc-c","20":"desktop-align-center","21":"tablet-align-left","22":"mobile-align-left","23":"ast-product-gallery-layout-horizontal-slider","24":"ast-product-single-variable","25":"ast-product-tabs-layout-horizontal","27":"first","28":"instock","29":"taxable","30":"shipping-taxable","31":"purchasable","32":"product-type-variable"},"spectra_custom_meta":{"yikes_woo_products_tabs":["a:1:{i:0;s:0:\"\";}"],"_wcml_average_rating":[null],"_wcml_review_count":[null],"_wcml_rating_count":[null],"_unit":[""],"_unit_base":[""],"_unit_product":[""],"_unit_price":[""],"_unit_price_regular":[""],"_unit_price_sale":[""],"_unit_price_auto":["no"],"_sale_price_label":[""],"_sale_price_regular_label":[""],"_free_shipping":["no"],"_min_age":[""],"_is_food":["no"],"_used_good":["no"],"_nutrient_reference_value":["100g"],"_allergen_ids":["a:0:{}"],"_nutri_score":[""],"_alcohol_content":[""],"_drained_weight":[""],"_net_filling_quantity":[""],"_deposit_type":[""],"_deposit_quantity":[""],"_service":["no"],"_differential_taxation":["no"],"_hs_code":["85395200"],"_manufacture_country":["ID"],"_backorders":["no"],"_download_limit":["-1"],"_download_expiry":["-1"],"_downloadable":["no"],"_manage_stock":["yes"],"_stock_status":["instock"],"_sold_individually":["no"],"_tax_class":[""],"_tax_status":["taxable"],"_virtual":["no"],"total_sales":["1"],"stick-header-meta":["default"],"site-sidebar-layout":["default"],"theme-transparent-header-meta":["default"],"_wpml_media_duplicate":["1"],"_wpml_media_featured":["1"],"ast-site-content-layout":["default"],"site-content-style":["default"],"site-sidebar-style":["default"],"_top_nav_excluded":[""],"_cms_nav_minihome":[""],"_wp_page_template":["default"],"wcml_sync_hash":["a:1:{s:15:\"postmeta_fields\";s:32:\"0fb899965a4f106b6d4ea8f1aee0b8db\";}"],"attr_label_translations":["a:0:{}"],"_product_attributes":["a:5:{s:12:\"pa_halterung\";a:7:{s:4:\"name\";s:12:\"pa_halterung\";s:5:\"value\";s:0:\"\";s:8:\"position\";i:0;s:10:\"is_visible\";i:0;s:12:\"is_variation\";i:1;s:11:\"is_taxonomy\";i:1;s:16:\"checkout_visible\";i:0;}s:16:\"pa_gehaeusefarbe\";a:7:{s:4:\"name\";s:16:\"pa_gehaeusefarbe\";s:5:\"value\";s:0:\"\";s:8:\"position\";i:1;s:10:\"is_visible\";i:1;s:12:\"is_variation\";i:0;s:11:\"is_taxonomy\";i:1;s:16:\"checkout_visible\";i:0;}s:11:\"pa_spannung\";a:7:{s:4:\"name\";s:11:\"pa_spannung\";s:5:\"value\";s:0:\"\";s:8:\"position\";i:2;s:10:\"is_visible\";i:1;s:12:\"is_variation\";i:0;s:11:\"is_taxonomy\";i:1;s:16:\"checkout_visible\";i:0;}s:14:\"pa_lampenfarbe\";a:7:{s:4:\"name\";s:14:\"pa_lampenfarbe\";s:5:\"value\";s:0:\"\";s:8:\"position\";i:3;s:10:\"is_visible\";i:1;s:12:\"is_variation\";i:0;s:11:\"is_taxonomy\";i:1;s:16:\"checkout_visible\";i:0;}s:15:\"pa_schutzklasse\";a:7:{s:4:\"name\";s:15:\"pa_schutzklasse\";s:5:\"value\";s:0:\"\";s:8:\"position\";i:4;s:10:\"is_visible\";i:1;s:12:\"is_variation\";i:0;s:11:\"is_taxonomy\";i:1;s:16:\"checkout_visible\";i:0;}}"],"_thumbnail_id":["9897"],"_product_image_gallery":["9898,9897,9899"],"_default_attributes":["a:0:{}"],"_stock":["27.000000"],"_upsell_ids":["a:0:{}"],"_crosssell_ids":["a:0:{}"],"_children":["a:0:{}"],"_ts_mpn":["CLN-A"],"_ts_gtin":[""],"_nutrient_ids":["a:0:{}"],"_price":["242.6","285.6","242.6","285.6","242.6","285.6"],"_wc_facebook_sync_enabled_v2":["yes"],"fb_visibility":["yes"],"_eb_reusable_block_ids":["a:0:{}"],"_uag_css_file_name":["uag-css-9896.css"],"_max_variation_price":[""],"_max_variation_regular_price":[""],"_max_variation_sale_price":[""],"_min_variation_price":[""],"_min_variation_regular_price":[""],"_min_variation_sale_price":[""],"_regular_price":[""],"_sale_price":[""],"_wc_rating_count":[""],"_wc_review_count":[""],"_wc_average_rating":[0]},"uagb_featured_image_src":{"full":["https:\/\/shop.patlite.eu\/wp-content\/uploads\/2023\/12\/Patlite_CLN_LED_Arbeitsleuchte_Gruppe.png",1200,800,false],"thumbnail":["https:\/\/shop.patlite.eu\/wp-content\/uploads\/2023\/12\/Patlite_CLN_LED_Arbeitsleuchte_Gruppe-150x150.png",150,150,true],"medium":["https:\/\/shop.patlite.eu\/wp-content\/uploads\/2023\/12\/Patlite_CLN_LED_Arbeitsleuchte_Gruppe-300x200.png",300,200,true],"medium_large":["https:\/\/shop.patlite.eu\/wp-content\/uploads\/2023\/12\/Patlite_CLN_LED_Arbeitsleuchte_Gruppe-768x512.png",768,512,true],"large":["https:\/\/shop.patlite.eu\/wp-content\/uploads\/2023\/12\/Patlite_CLN_LED_Arbeitsleuchte_Gruppe-1024x683.png",1024,683,true],"1536x1536":["https:\/\/shop.patlite.eu\/wp-content\/uploads\/2023\/12\/Patlite_CLN_LED_Arbeitsleuchte_Gruppe.png",1200,800,false],"2048x2048":["https:\/\/shop.patlite.eu\/wp-content\/uploads\/2023\/12\/Patlite_CLN_LED_Arbeitsleuchte_Gruppe.png",1200,800,false],"woocommerce_thumbnail":["https:\/\/shop.patlite.eu\/wp-content\/uploads\/2023\/12\/Patlite_CLN_LED_Arbeitsleuchte_Gruppe-400x267.png",400,267,true],"woocommerce_single":["https:\/\/shop.patlite.eu\/wp-content\/uploads\/2023\/12\/Patlite_CLN_LED_Arbeitsleuchte_Gruppe.png",1200,800,false],"woocommerce_gallery_thumbnail":["https:\/\/shop.patlite.eu\/wp-content\/uploads\/2023\/12\/Patlite_CLN_LED_Arbeitsleuchte_Gruppe-100x100.png",100,100,true],"dgwt-wcas-product-suggestion":["https:\/\/shop.patlite.eu\/wp-content\/uploads\/2023\/12\/Patlite_CLN_LED_Arbeitsleuchte_Gruppe.png",64,43,false]},"uagb_author_info":{"display_name":"Konstantin Will","author_link":"https:\/\/shop.patlite.eu\/es\/author\/"},"uagb_comment_info":0,"uagb_excerpt":"Luz de trabajo LED con 22,2 mm, una intensidad luminosa de 180lx, grados de protecci\u00f3n IP66G\/67G, IP69K y dos colores de luz: luz diurna (6500K) y blanco c\u00e1lido (2700K)","_links":{"self":[{"href":"https:\/\/shop.patlite.eu\/es\/wp-json\/wp\/v2\/product\/9896","targetHints":{"allow":["GET"]}}],"collection":[{"href":"https:\/\/shop.patlite.eu\/es\/wp-json\/wp\/v2\/product"}],"about":[{"href":"https:\/\/shop.patlite.eu\/es\/wp-json\/wp\/v2\/types\/product"}],"replies":[{"embeddable":true,"href":"https:\/\/shop.patlite.eu\/es\/wp-json\/wp\/v2\/comments?post=9896"}],"version-history":[{"count":0,"href":"https:\/\/shop.patlite.eu\/es\/wp-json\/wp\/v2\/product\/9896\/revisions"}],"wp:featuredmedia":[{"embeddable":true,"href":"https:\/\/shop.patlite.eu\/es\/wp-json\/wp\/v2\/media\/9897"}],"wp:attachment":[{"href":"https:\/\/shop.patlite.eu\/es\/wp-json\/wp\/v2\/media?parent=9896"}],"wp:term":[{"taxonomy":"product_brand","embeddable":true,"href":"https:\/\/shop.patlite.eu\/es\/wp-json\/wp\/v2\/product_brand?post=9896"},{"taxonomy":"product_cat","embeddable":true,"href":"https:\/\/shop.patlite.eu\/es\/wp-json\/wp\/v2\/product_cat?post=9896"},{"taxonomy":"product_tag","embeddable":true,"href":"https:\/\/shop.patlite.eu\/es\/wp-json\/wp\/v2\/product_tag?post=9896"}],"curies":[{"name":"wp","href":"https:\/\/api.w.org\/{rel}","templated":true}]}}