{"id":9832,"date":"2023-11-07T20:52:36","date_gmt":"2023-11-07T19:52:36","guid":{"rendered":"https:\/\/shop.patlite.eu\/produkt\/lr7-b-u-w-k-modulos-acusticos-para-las-balizas-de-senalizacion-lr7\/"},"modified":"2023-11-07T20:52:36","modified_gmt":"2023-11-07T19:52:36","slug":"lr7-b-u-w-k-modulos-acusticos-para-las-balizas-de-senalizacion-lr7","status":"publish","type":"product","link":"https:\/\/shop.patlite.eu\/es\/producto\/lr7-b-u-w-k-modulos-acusticos-para-las-balizas-de-senalizacion-lr7\/","title":{"rendered":"LR7-B U\/W\/K M\u00f3dulos ac\u00fasticos para las balizas de se\u00f1alizaci\u00f3n LR7"},"content":{"rendered":"<div style=\"width: 50%;\">\n<h3>DESTACADO<\/h3>\n<div style=\"background-color: #fef2d3; padding: 5px 5px;\">\n<ul>\n<li>Instalaci\u00f3n sencilla gracias al sistema <strong>&#8220;Girar y Bloquear&#8221;<\/strong><\/li>\n<li>Alto <strong>grado de protecci\u00f3n <\/strong><\/li>\n<li>Distribuci\u00f3n <strong>uniforme <\/strong> del sonido<\/li>\n<\/ul>\n<\/div>\n<\/div>\n<p>&nbsp;<\/p>\n","protected":false},"excerpt":{"rendered":"<p>DESTACADO Instalaci\u00f3n sencilla gracias al sistema &#8220;Girar y Bloquear&#8221; Alto grado de protecci\u00f3n Distribuci\u00f3n uniforme del sonido &nbsp;<\/p>\n","protected":false},"featured_media":9833,"comment_status":"open","ping_status":"closed","template":"","meta":{"_eb_attr":"","_mo_disable_npp":"","_uag_custom_page_level_css":"","_monsterinsights_skip_tracking":false,"_monsterinsights_sitenote_active":false,"_monsterinsights_sitenote_note":"","_monsterinsights_sitenote_category":0,"site-sidebar-layout":"default","site-content-layout":"","ast-site-content-layout":"default","site-content-style":"default","site-sidebar-style":"default","ast-global-header-display":"","ast-banner-title-visibility":"","ast-main-header-display":"","ast-hfb-above-header-display":"","ast-hfb-below-header-display":"","ast-hfb-mobile-header-display":"","site-post-title":"","ast-breadcrumbs-content":"","ast-featured-img":"","footer-sml-layout":"","ast-disable-related-posts":"","theme-transparent-header-meta":"default","adv-header-id-meta":"","stick-header-meta":"default","header-above-stick-meta":"","header-main-stick-meta":"","header-below-stick-meta":"","astra-migrate-meta-layouts":"default","ast-page-background-enabled":"default","ast-page-background-meta":{"desktop":{"background-color":"var(--ast-global-color-4)","background-image":"","background-repeat":"repeat","background-position":"center center","background-size":"auto","background-attachment":"scroll","background-type":"","background-media":"","overlay-type":"","overlay-color":"","overlay-opacity":"","overlay-gradient":""},"tablet":{"background-color":"","background-image":"","background-repeat":"repeat","background-position":"center center","background-size":"auto","background-attachment":"scroll","background-type":"","background-media":"","overlay-type":"","overlay-color":"","overlay-opacity":"","overlay-gradient":""},"mobile":{"background-color":"","background-image":"","background-repeat":"repeat","background-position":"center center","background-size":"auto","background-attachment":"scroll","background-type":"","background-media":"","overlay-type":"","overlay-color":"","overlay-opacity":"","overlay-gradient":""}},"ast-content-background-meta":{"desktop":{"background-color":"var(--ast-global-color-5)","background-image":"","background-repeat":"repeat","background-position":"center center","background-size":"auto","background-attachment":"scroll","background-type":"","background-media":"","overlay-type":"","overlay-color":"","overlay-opacity":"","overlay-gradient":""},"tablet":{"background-color":"var(--ast-global-color-5)","background-image":"","background-repeat":"repeat","background-position":"center center","background-size":"auto","background-attachment":"scroll","background-type":"","background-media":"","overlay-type":"","overlay-color":"","overlay-opacity":"","overlay-gradient":""},"mobile":{"background-color":"var(--ast-global-color-5)","background-image":"","background-repeat":"repeat","background-position":"center center","background-size":"auto","background-attachment":"scroll","background-type":"","background-media":"","overlay-type":"","overlay-color":"","overlay-opacity":"","overlay-gradient":""}}},"product_brand":[],"product_cat":[1199,1069,1073],"product_tag":[1166,1204,1075,1090],"class_list":{"0":"post-9832","1":"product","2":"type-product","3":"status-publish","4":"has-post-thumbnail","6":"product_cat-alarmas-acusticas","7":"product_cat-acesorios","8":"product_cat-balizas-de-senalizacion","9":"product_tag-modulo-acustico","10":"product_tag-zumbador","11":"product_tag-baliza-de-senalizacion","12":"product_tag-lr7-es","13":"pa_durchmesser-70mm-es","14":"pa_gehaeusefarbe-plata","15":"pa_gehaeusefarbe-blanco","16":"pa_gehaeusefarbe-negro","17":"pa_lautstaerke-90db-es","18":"desktop-align-center","19":"tablet-align-left","20":"mobile-align-left","21":"ast-product-gallery-layout-horizontal-slider","22":"ast-product-gallery-with-no-image","23":"ast-product-single-variable","24":"ast-product-tabs-layout-horizontal","26":"first","27":"instock","28":"taxable","29":"shipping-taxable","30":"purchasable","31":"product-type-variable"},"spectra_custom_meta":{"yikes_woo_products_tabs":["a:1:{i:0;s:0:\"\";}"],"_wcml_average_rating":[null],"_wcml_review_count":[null],"_wcml_rating_count":[null],"_unit":[""],"_unit_base":[""],"_unit_product":[""],"_unit_price":[""],"_unit_price_regular":[""],"_unit_price_sale":[""],"_unit_price_auto":["no"],"_sale_price_label":[""],"_sale_price_regular_label":[""],"_free_shipping":["no"],"_min_age":[""],"_is_food":["no"],"_used_good":["no"],"_nutrient_reference_value":["100g"],"_allergen_ids":["a:0:{}"],"_nutri_score":[""],"_alcohol_content":[""],"_drained_weight":[""],"_net_filling_quantity":[""],"_deposit_type":[""],"_deposit_quantity":[""],"_service":["no"],"_differential_taxation":["no"],"_hs_code":["85318070"],"_manufacture_country":["ID"],"_backorders":["no"],"_download_limit":["-1"],"_download_expiry":["-1"],"_downloadable":["no"],"_manage_stock":["yes"],"_stock_status":["instock"],"_sold_individually":["no"],"_tax_class":[""],"_tax_status":["taxable"],"_virtual":["no"],"_weight":["0.07"],"_width":["7"],"_height":["7"],"_length":["5.35"],"total_sales":["2"],"stick-header-meta":["default"],"site-sidebar-layout":["default"],"theme-transparent-header-meta":["default"],"_wpml_media_duplicate":["1"],"_wpml_media_featured":["1"],"ast-site-content-layout":["default"],"site-content-style":["default"],"site-sidebar-style":["default"],"_top_nav_excluded":[""],"_cms_nav_minihome":[""],"_wp_page_template":["default"],"_mini_desc":["Se pueden a\u00f1adir o quitar m\u00f3dulos ac\u00fasticos de las balizas de se\u00f1alizaci\u00f3n sin necesidad de volver a cablear o reconfigurar el hardware."],"wcml_sync_hash":["a:1:{s:15:\"postmeta_fields\";s:32:\"bb330434a2372450e08c8c104b3387b6\";}"],"attr_label_translations":["a:0:{}"],"_product_attributes":["a:3:{s:16:\"pa_gehaeusefarbe\";a:7:{s:4:\"name\";s:16:\"pa_gehaeusefarbe\";s:5:\"value\";s:0:\"\";s:8:\"position\";i:0;s:10:\"is_visible\";i:0;s:12:\"is_variation\";i:1;s:11:\"is_taxonomy\";i:1;s:16:\"checkout_visible\";i:0;}s:14:\"pa_durchmesser\";a:7:{s:4:\"name\";s:14:\"pa_durchmesser\";s:5:\"value\";s:0:\"\";s:8:\"position\";i:1;s:10:\"is_visible\";i:1;s:12:\"is_variation\";i:0;s:11:\"is_taxonomy\";i:1;s:16:\"checkout_visible\";i:0;}s:14:\"pa_lautstaerke\";a:7:{s:4:\"name\";s:14:\"pa_lautstaerke\";s:5:\"value\";s:0:\"\";s:8:\"position\";i:2;s:10:\"is_visible\";i:1;s:12:\"is_variation\";i:0;s:11:\"is_taxonomy\";i:1;s:16:\"checkout_visible\";i:0;}}"],"_thumbnail_id":["9833"],"_product_image_gallery":[""],"_default_attributes":["a:0:{}"],"_stock":["48"],"_upsell_ids":["a:0:{}"],"_crosssell_ids":["a:0:{}"],"_children":["a:0:{}"],"_ts_mpn":[""],"_ts_gtin":[""],"_nutrient_ids":["a:0:{}","a:0:{}","a:0:{}"],"_price":["43.10","45.50"],"_wc_facebook_sync_enabled_v2":["yes"],"fb_visibility":["yes"],"_eb_reusable_block_ids":["a:0:{}"],"_uag_css_file_name":["uag-css-9832.css"],"_max_variation_price":[""],"_max_variation_regular_price":[""],"_max_variation_sale_price":[""],"_min_variation_price":[""],"_min_variation_regular_price":[""],"_min_variation_sale_price":[""],"_regular_price":[""],"_sale_price":[""],"_wc_rating_count":[""],"_wc_review_count":[""],"_wc_average_rating":[0]},"uagb_featured_image_src":{"full":["https:\/\/shop.patlite.eu\/wp-content\/uploads\/2023\/12\/Patlite_LR7-B_summereinheiten_fuer_Signalsaeule_Signalturm_LR7_Uebersicht.png",1200,800,false],"thumbnail":["https:\/\/shop.patlite.eu\/wp-content\/uploads\/2023\/12\/Patlite_LR7-B_summereinheiten_fuer_Signalsaeule_Signalturm_LR7_Uebersicht-150x150.png",150,150,true],"medium":["https:\/\/shop.patlite.eu\/wp-content\/uploads\/2023\/12\/Patlite_LR7-B_summereinheiten_fuer_Signalsaeule_Signalturm_LR7_Uebersicht-300x200.png",300,200,true],"medium_large":["https:\/\/shop.patlite.eu\/wp-content\/uploads\/2023\/12\/Patlite_LR7-B_summereinheiten_fuer_Signalsaeule_Signalturm_LR7_Uebersicht-768x512.png",768,512,true],"large":["https:\/\/shop.patlite.eu\/wp-content\/uploads\/2023\/12\/Patlite_LR7-B_summereinheiten_fuer_Signalsaeule_Signalturm_LR7_Uebersicht-1024x683.png",1024,683,true],"1536x1536":["https:\/\/shop.patlite.eu\/wp-content\/uploads\/2023\/12\/Patlite_LR7-B_summereinheiten_fuer_Signalsaeule_Signalturm_LR7_Uebersicht.png",1200,800,false],"2048x2048":["https:\/\/shop.patlite.eu\/wp-content\/uploads\/2023\/12\/Patlite_LR7-B_summereinheiten_fuer_Signalsaeule_Signalturm_LR7_Uebersicht.png",1200,800,false],"woocommerce_thumbnail":["https:\/\/shop.patlite.eu\/wp-content\/uploads\/2023\/12\/Patlite_LR7-B_summereinheiten_fuer_Signalsaeule_Signalturm_LR7_Uebersicht-400x267.png",400,267,true],"woocommerce_single":["https:\/\/shop.patlite.eu\/wp-content\/uploads\/2023\/12\/Patlite_LR7-B_summereinheiten_fuer_Signalsaeule_Signalturm_LR7_Uebersicht.png",1200,800,false],"woocommerce_gallery_thumbnail":["https:\/\/shop.patlite.eu\/wp-content\/uploads\/2023\/12\/Patlite_LR7-B_summereinheiten_fuer_Signalsaeule_Signalturm_LR7_Uebersicht-100x100.png",100,100,true],"dgwt-wcas-product-suggestion":["https:\/\/shop.patlite.eu\/wp-content\/uploads\/2023\/12\/Patlite_LR7-B_summereinheiten_fuer_Signalsaeule_Signalturm_LR7_Uebersicht.png",64,43,false]},"uagb_author_info":{"display_name":"Konstantin Will","author_link":"https:\/\/shop.patlite.eu\/es\/author\/"},"uagb_comment_info":0,"uagb_excerpt":"DESTACADO Instalaci\u00f3n sencilla gracias al sistema &#8220;Girar y Bloquear&#8221; Alto grado de protecci\u00f3n Distribuci\u00f3n uniforme del sonido &nbsp;","_links":{"self":[{"href":"https:\/\/shop.patlite.eu\/es\/wp-json\/wp\/v2\/product\/9832","targetHints":{"allow":["GET"]}}],"collection":[{"href":"https:\/\/shop.patlite.eu\/es\/wp-json\/wp\/v2\/product"}],"about":[{"href":"https:\/\/shop.patlite.eu\/es\/wp-json\/wp\/v2\/types\/product"}],"replies":[{"embeddable":true,"href":"https:\/\/shop.patlite.eu\/es\/wp-json\/wp\/v2\/comments?post=9832"}],"version-history":[{"count":0,"href":"https:\/\/shop.patlite.eu\/es\/wp-json\/wp\/v2\/product\/9832\/revisions"}],"wp:featuredmedia":[{"embeddable":true,"href":"https:\/\/shop.patlite.eu\/es\/wp-json\/wp\/v2\/media\/9833"}],"wp:attachment":[{"href":"https:\/\/shop.patlite.eu\/es\/wp-json\/wp\/v2\/media?parent=9832"}],"wp:term":[{"taxonomy":"product_brand","embeddable":true,"href":"https:\/\/shop.patlite.eu\/es\/wp-json\/wp\/v2\/product_brand?post=9832"},{"taxonomy":"product_cat","embeddable":true,"href":"https:\/\/shop.patlite.eu\/es\/wp-json\/wp\/v2\/product_cat?post=9832"},{"taxonomy":"product_tag","embeddable":true,"href":"https:\/\/shop.patlite.eu\/es\/wp-json\/wp\/v2\/product_tag?post=9832"}],"curies":[{"name":"wp","href":"https:\/\/api.w.org\/{rel}","templated":true}]}}