{"id":9511,"date":"2023-12-14T12:16:03","date_gmt":"2023-12-14T11:16:03","guid":{"rendered":"https:\/\/shop.patlite.eu\/produkt\/baliza-de-senalizacion-lr4-de-40mm-sistema-premontado\/"},"modified":"2023-12-14T12:16:03","modified_gmt":"2023-12-14T11:16:03","slug":"baliza-de-senalizacion-lr4-de-40mm-sistema-premontado","status":"publish","type":"product","link":"https:\/\/shop.patlite.eu\/es\/producto\/baliza-de-senalizacion-lr4-de-40mm-sistema-premontado\/","title":{"rendered":"Baliza de se\u00f1alizaci\u00f3n LR4 de 40mm &#8211; Sistema premontado"},"content":{"rendered":"<ul>\n<li>M\u00e1xima flexibilidad: Con la funci\u00f3n \u201cGirar y Bloquear\u201d, los m\u00f3dulos (LED y zumbadores) tambi\u00e9n se pueden ajustar y configurar f\u00e1cilmente m\u00e1s tarde y sin herramientas<\/li>\n<li>Luz uniforme para visibilidad desde mayores distancias.<\/li>\n<li>M\u00f3dulo ac\u00fasticocerrado con alto grado de protecci\u00f3n y propagaci\u00f3n de sonido omnidireccional (LR4 y LR5: 85dB, LR6: 88dB, LR7: 90dB a 1 m de distancia)<\/li>\n<li>Dise\u00f1o delgado y elegante con construcci\u00f3n robusta para un alto rendimiento en entornos hostiles, dise\u00f1ado con grado de protecci\u00f3n IP65.<\/li>\n<li>Cuatro opciones de montaje: montaje directo, montaje sobre tubo con soporte en L, montaje sobre tubo con soporte redondo y montaje sobre tubo con soporte abatible (bajo pedido).<\/li>\n<li>Disponible en 24Vc.c.<\/li>\n<li>Color de la carcasa: blanco o plateado.<\/li>\n<li>Disponible con lentes transparentes (Opcional).<\/li>\n<\/ul>\n<table class=\"specTB\" style=\"color: #000000;\" border=\"0\" cellspacing=\"0\">\n<tbody>\n<tr>\n<th scope=\"row\">Funcionamiento a temperatura ambiente<\/th>\n<td>-20\u2103 &#8211; +50\u2103<\/td>\n<\/tr>\n<tr>\n<th scope=\"row\">Rango de humedad de funcionamiento<\/th>\n<td>90% Hr (humedad relativa) o menos, sin condensaci\u00f3n<\/td>\n<\/tr>\n<tr>\n<th scope=\"row\">Rango de temperatura de almacenamiento<\/th>\n<td>-30\u2103 &#8211; +60\u2103<\/td>\n<\/tr>\n<tr>\n<th scope=\"row\">Rango de humedad de almacenamiento<\/th>\n<td>90% Hr (humedad relativa) o menos, sin condensaci\u00f3n<\/td>\n<\/tr>\n<tr>\n<th scope=\"row\">Tipo de montaje<\/th>\n<td>Uso en interiores<\/td>\n<\/tr>\n<tr>\n<th scope=\"row\">Direcci\u00f3n de montaje<\/th>\n<td>Posici\u00f3n vertical<\/td>\n<\/tr>\n<tr>\n<th scope=\"row\">Grado de Protecci\u00f3n <sup>*1<\/sup><\/th>\n<td>IP65(IEC 60529) \/ NEMATYP 4X, 13<\/td>\n<\/tr>\n<tr>\n<th scope=\"row\">Condiciones ambientales<\/th>\n<td>Posici\u00f3n vertical<\/td>\n<\/tr>\n<tr>\n<th scope=\"row\">Resistencia de aislamiento<\/th>\n<td>M\u00e1s de 1 M\u03a9 a 500 Vc.c. entre la l\u00ednea de entrada de alimentaci\u00f3n y la carcasa<\/td>\n<\/tr>\n<tr>\n<th scope=\"row\">Tensi\u00f3n soportada<\/th>\n<td>500Vc.a. durante 1 minuto entre terminales y carcasa sin da\u00f1ar el aislamiento (M2: 1500Vc.a. durante 1 min.)<\/td>\n<\/tr>\n<tr>\n<th scope=\"row\">Ciclo intermitente<\/th>\n<td>60 \u00b12 Destellos\/min<\/td>\n<\/tr>\n<tr>\n<th scope=\"row\">Nivel de sonido<\/th>\n<td><span class=\"deco\">LR4<\/span> 85dB<\/td>\n<\/tr>\n<tr>\n<th scope=\"row\">Reducci\u00f3n de volumen<sup>*2<\/sup><\/th>\n<td>ab. Reducci\u00f3n -10dB<\/td>\n<\/tr>\n<tr>\n<th scope=\"row\">Condiciones ambientales<\/th>\n<td>Pitido n\u00ba 4 (silbido) desde todas las direcciones a una distancia de 1m<\/td>\n<\/tr>\n<tr>\n<th scope=\"row\">Sonidos del Zumbador<\/th>\n<td>4 patrones <sup>*2<\/sup> <span class=\"deco\">No.1<\/span> Tono con interrupciones cortas <span class=\"deco\">No.2<\/span> Tono continuo <span class=\"deco\">No.3<\/span> Ritmo r\u00e1pido alto\/bajo <span class=\"deco\">No.4<\/span> Tono de silbido<\/td>\n<\/tr>\n<tr>\n<th scope=\"row\">Salida de transistores<\/th>\n<td>NPN \/ PNP (100-240Vc.a. solo NPN)<\/td>\n<\/tr>\n<tr>\n<th scope=\"row\">Normas<\/th>\n<td>\u25cfUL 508, CSA-C22.2 No.14<br \/>\n\u25cfFCC secci\u00f3n 15 Subsecci\u00f3n B Clase A<br \/>\n\u25cfDirectiva RoHS (EN IEC 63000)<br \/>\n\u25cfDirectiva EMC (EN 61000-6-4, EN 61000-6-2)<br \/>\n\u25cfKC (KN 61000-6-4, KN 61000-6-2)<sup>*3<\/sup><br \/>\n\u25cfDirectiva de baja tensi\u00f3n (IEC\/EN 60947-5-1, EN62471)<sup>*4<\/sup><\/td>\n<\/tr>\n<\/tbody>\n<\/table>\n","protected":false},"excerpt":{"rendered":"<p>Baliza de se\u00f1alizaci\u00f3n de la serie LR de 40mm de di\u00e1metro, premontada y cableada.<\/p>\n<p>Todas las versiones que <strong>no <\/strong> se muestran aqu\u00ed est\u00e1n disponibles bajo pedido o se pueden configurar individualmente como un sistema totalmente modular.<\/p>\n","protected":false},"featured_media":9512,"comment_status":"open","ping_status":"closed","template":"","meta":{"_eb_attr":"","_mo_disable_npp":"","_uag_custom_page_level_css":"","_monsterinsights_skip_tracking":false,"_monsterinsights_sitenote_active":false,"_monsterinsights_sitenote_note":"","_monsterinsights_sitenote_category":0,"site-sidebar-layout":"default","site-content-layout":"","ast-site-content-layout":"default","site-content-style":"default","site-sidebar-style":"default","ast-global-header-display":"","ast-banner-title-visibility":"","ast-main-header-display":"","ast-hfb-above-header-display":"","ast-hfb-below-header-display":"","ast-hfb-mobile-header-display":"","site-post-title":"","ast-breadcrumbs-content":"","ast-featured-img":"","footer-sml-layout":"","ast-disable-related-posts":"","theme-transparent-header-meta":"default","adv-header-id-meta":"","stick-header-meta":"default","header-above-stick-meta":"","header-main-stick-meta":"","header-below-stick-meta":"","astra-migrate-meta-layouts":"default","ast-page-background-enabled":"default","ast-page-background-meta":{"desktop":{"background-color":"var(--ast-global-color-4)","background-image":"","background-repeat":"repeat","background-position":"center center","background-size":"auto","background-attachment":"scroll","background-type":"","background-media":"","overlay-type":"","overlay-color":"","overlay-opacity":"","overlay-gradient":""},"tablet":{"background-color":"","background-image":"","background-repeat":"repeat","background-position":"center center","background-size":"auto","background-attachment":"scroll","background-type":"","background-media":"","overlay-type":"","overlay-color":"","overlay-opacity":"","overlay-gradient":""},"mobile":{"background-color":"","background-image":"","background-repeat":"repeat","background-position":"center center","background-size":"auto","background-attachment":"scroll","background-type":"","background-media":"","overlay-type":"","overlay-color":"","overlay-opacity":"","overlay-gradient":""}},"ast-content-background-meta":{"desktop":{"background-color":"var(--ast-global-color-5)","background-image":"","background-repeat":"repeat","background-position":"center center","background-size":"auto","background-attachment":"scroll","background-type":"","background-media":"","overlay-type":"","overlay-color":"","overlay-opacity":"","overlay-gradient":""},"tablet":{"background-color":"var(--ast-global-color-5)","background-image":"","background-repeat":"repeat","background-position":"center center","background-size":"auto","background-attachment":"scroll","background-type":"","background-media":"","overlay-type":"","overlay-color":"","overlay-opacity":"","overlay-gradient":""},"mobile":{"background-color":"var(--ast-global-color-5)","background-image":"","background-repeat":"repeat","background-position":"center center","background-size":"auto","background-attachment":"scroll","background-type":"","background-media":"","overlay-type":"","overlay-color":"","overlay-opacity":"","overlay-gradient":""}}},"product_brand":[],"product_cat":[1073],"product_tag":[1075,1081,1083,1109],"class_list":{"0":"post-9511","1":"product","2":"type-product","3":"status-publish","4":"has-post-thumbnail","6":"product_cat-balizas-de-senalizacion","7":"product_tag-baliza-de-senalizacion","8":"product_tag-baliza-de-senalizacion-es","9":"product_tag-lr-es","10":"product_tag-lr4-es","11":"pa_durchmesser-40mm-es","12":"pa_ebenen-3-es","13":"pa_ebenen-2-es","14":"pa_ebenen-4-es","15":"pa_ebenen-0-es","16":"pa_ebenen-1-es","17":"pa_gehaeusefarbe-plata","18":"pa_gehaeusefarbe-blanco","19":"pa_halterung-montaje-sobre-tubo-con-soporte-en-superficie-redondo","20":"pa_halterung-montaje-sobre-tubo-con-soporte-en-l","21":"pa_halterung-montaje-directo","22":"pa_optionen-presion-sonora-85db","23":"pa_optionen-sin-zumbador","24":"pa_schutzklasse-ip65-es","25":"pa_spannung-24vc-c-es","26":"desktop-align-center","27":"tablet-align-left","28":"mobile-align-left","29":"ast-product-gallery-layout-horizontal-slider","30":"ast-product-single-variable","31":"ast-product-tabs-layout-horizontal","33":"first","34":"instock","35":"taxable","36":"shipping-taxable","37":"purchasable","38":"product-type-variable"},"spectra_custom_meta":{"_wcml_average_rating":[null],"_wcml_review_count":[null],"_wcml_rating_count":[null],"_unit":[""],"_unit_base":[""],"_unit_product":[""],"_unit_price":[""],"_unit_price_regular":[""],"_unit_price_sale":[""],"_unit_price_auto":["no"],"_sale_price_label":[""],"_sale_price_regular_label":[""],"_free_shipping":["no"],"_min_age":[""],"_is_food":["no"],"_used_good":["no"],"_nutrient_reference_value":["100g"],"_allergen_ids":["a:0:{}"],"_nutri_score":[""],"_alcohol_content":[""],"_drained_weight":[""],"_net_filling_quantity":[""],"_deposit_type":[""],"_deposit_quantity":[""],"_service":["no"],"_differential_taxation":["no"],"_hs_code":["85318070"],"_manufacture_country":["ID"],"_backorders":["no"],"_download_limit":["-1"],"_download_expiry":["-1"],"_downloadable":["no"],"_stock_status":["instock"],"_sold_individually":["no"],"_tax_class":[""],"_tax_status":["taxable"],"_virtual":["no"],"total_sales":["21"],"stick-header-meta":["default"],"site-sidebar-layout":["default"],"theme-transparent-header-meta":["default"],"_wpml_media_duplicate":["1"],"_wpml_media_featured":["1"],"ast-site-content-layout":["default"],"site-content-style":["default"],"site-sidebar-style":["default"],"_top_nav_excluded":[""],"_cms_nav_minihome":[""],"_wp_page_template":["default"],"wcml_sync_hash":["a:1:{s:15:\"postmeta_fields\";s:32:\"ec9251d8c63534662d691f636d6c3d63\";}"],"attr_label_translations":["a:0:{}"],"_product_attributes":["a:7:{s:14:\"pa_durchmesser\";a:7:{s:4:\"name\";s:14:\"pa_durchmesser\";s:5:\"value\";s:0:\"\";s:8:\"position\";i:0;s:10:\"is_visible\";i:1;s:12:\"is_variation\";i:0;s:11:\"is_taxonomy\";i:1;s:16:\"checkout_visible\";i:0;}s:9:\"pa_ebenen\";a:7:{s:4:\"name\";s:9:\"pa_ebenen\";s:5:\"value\";s:0:\"\";s:8:\"position\";i:1;s:10:\"is_visible\";i:0;s:12:\"is_variation\";i:1;s:11:\"is_taxonomy\";i:1;s:16:\"checkout_visible\";i:0;}s:16:\"pa_gehaeusefarbe\";a:7:{s:4:\"name\";s:16:\"pa_gehaeusefarbe\";s:5:\"value\";s:0:\"\";s:8:\"position\";i:2;s:10:\"is_visible\";i:0;s:12:\"is_variation\";i:1;s:11:\"is_taxonomy\";i:1;s:16:\"checkout_visible\";i:0;}s:12:\"pa_halterung\";a:7:{s:4:\"name\";s:12:\"pa_halterung\";s:5:\"value\";s:0:\"\";s:8:\"position\";i:3;s:10:\"is_visible\";i:0;s:12:\"is_variation\";i:1;s:11:\"is_taxonomy\";i:1;s:16:\"checkout_visible\";i:0;}s:15:\"pa_schutzklasse\";a:7:{s:4:\"name\";s:15:\"pa_schutzklasse\";s:5:\"value\";s:0:\"\";s:8:\"position\";i:4;s:10:\"is_visible\";i:1;s:12:\"is_variation\";i:0;s:11:\"is_taxonomy\";i:1;s:16:\"checkout_visible\";i:0;}s:11:\"pa_spannung\";a:7:{s:4:\"name\";s:11:\"pa_spannung\";s:5:\"value\";s:0:\"\";s:8:\"position\";i:5;s:10:\"is_visible\";i:1;s:12:\"is_variation\";i:0;s:11:\"is_taxonomy\";i:1;s:16:\"checkout_visible\";i:0;}s:11:\"pa_optionen\";a:7:{s:4:\"name\";s:11:\"pa_optionen\";s:5:\"value\";s:0:\"\";s:8:\"position\";i:6;s:10:\"is_visible\";i:0;s:12:\"is_variation\";i:1;s:11:\"is_taxonomy\";i:1;s:16:\"checkout_visible\";i:0;}}"],"_thumbnail_id":["9512"],"_product_image_gallery":["9513,9514,9515,9516,9517,9518,9519,9520,9521,9522"],"_stock":["1"],"_crosssell_ids":["a:0:{}"],"_ts_mpn":[""],"_ts_gtin":[""],"_nutrient_ids":["a:0:{}"],"_price":["90.9","108.7","110.0","127.9","127.90","138.6","145.80","155.4","157.7","174.4","175.7","175.70","192.40","206.80"],"_wc_facebook_sync_enabled":["yes"],"fb_visibility":["yes"],"_wc_facebook_sync_enabled_v2":["yes"],"_eb_reusable_block_ids":["a:0:{}"],"_elementor_edit_mode":[""],"_elementor_template_type":[""],"_manage_stock":["no"],"ast-main-header-display":[""],"ast-hfb-above-header-display":[""],"ast-hfb-below-header-display":[""],"ast-hfb-mobile-header-display":[""],"adv-header-id-meta":[""],"footer-sml-layout":[""],"header-main-stick-meta":[""],"header-above-stick-meta":[""],"header-below-stick-meta":[""],"site-post-title":[""],"site-content-layout":[""],"ast-featured-img":[""],"ast-breadcrumbs-content":[""],"ast-banner-title-visibility":[""],"ast-global-header-display":[""],"_manufacturer_slug":[""],"rank_math_primary_product_cat":["18"],"_uag_css_file_name":["uag-css-9511.css"],"rank_math_internal_links_processed":["1"],"_max_variation_price":[""],"_max_variation_regular_price":[""],"_max_variation_sale_price":[""],"_min_variation_price":[""],"_min_variation_regular_price":[""],"_min_variation_sale_price":[""],"_regular_price":[""],"_sale_price":[""],"_wc_rating_count":[""],"_wc_review_count":[""],"_wc_average_rating":[0]},"uagb_featured_image_src":{"full":["https:\/\/shop.patlite.eu\/wp-content\/uploads\/2024\/01\/Patlite_LED-Signalsaeule_LR4_Gruppe.png",1200,800,false],"thumbnail":["https:\/\/shop.patlite.eu\/wp-content\/uploads\/2024\/01\/Patlite_LED-Signalsaeule_LR4_Gruppe-150x150.png",150,150,true],"medium":["https:\/\/shop.patlite.eu\/wp-content\/uploads\/2024\/01\/Patlite_LED-Signalsaeule_LR4_Gruppe-300x200.png",300,200,true],"medium_large":["https:\/\/shop.patlite.eu\/wp-content\/uploads\/2024\/01\/Patlite_LED-Signalsaeule_LR4_Gruppe-768x512.png",768,512,true],"large":["https:\/\/shop.patlite.eu\/wp-content\/uploads\/2024\/01\/Patlite_LED-Signalsaeule_LR4_Gruppe-1024x683.png",1024,683,true],"1536x1536":["https:\/\/shop.patlite.eu\/wp-content\/uploads\/2024\/01\/Patlite_LED-Signalsaeule_LR4_Gruppe.png",1200,800,false],"2048x2048":["https:\/\/shop.patlite.eu\/wp-content\/uploads\/2024\/01\/Patlite_LED-Signalsaeule_LR4_Gruppe.png",1200,800,false],"woocommerce_thumbnail":["https:\/\/shop.patlite.eu\/wp-content\/uploads\/2024\/01\/Patlite_LED-Signalsaeule_LR4_Gruppe-400x267.png",400,267,true],"woocommerce_single":["https:\/\/shop.patlite.eu\/wp-content\/uploads\/2024\/01\/Patlite_LED-Signalsaeule_LR4_Gruppe.png",1200,800,false],"woocommerce_gallery_thumbnail":["https:\/\/shop.patlite.eu\/wp-content\/uploads\/2024\/01\/Patlite_LED-Signalsaeule_LR4_Gruppe-100x100.png",100,100,true],"dgwt-wcas-product-suggestion":["https:\/\/shop.patlite.eu\/wp-content\/uploads\/2024\/01\/Patlite_LED-Signalsaeule_LR4_Gruppe.png",64,43,false]},"uagb_author_info":{"display_name":"Konstantin Will","author_link":"https:\/\/shop.patlite.eu\/es\/author\/"},"uagb_comment_info":0,"uagb_excerpt":"Baliza de se\u00f1alizaci\u00f3n de la serie LR de 40mm de di\u00e1metro, premontada y cableada. Todas las versiones que no se muestran aqu\u00ed est\u00e1n disponibles bajo pedido o se pueden configurar individualmente como un sistema totalmente modular.","_links":{"self":[{"href":"https:\/\/shop.patlite.eu\/es\/wp-json\/wp\/v2\/product\/9511","targetHints":{"allow":["GET"]}}],"collection":[{"href":"https:\/\/shop.patlite.eu\/es\/wp-json\/wp\/v2\/product"}],"about":[{"href":"https:\/\/shop.patlite.eu\/es\/wp-json\/wp\/v2\/types\/product"}],"replies":[{"embeddable":true,"href":"https:\/\/shop.patlite.eu\/es\/wp-json\/wp\/v2\/comments?post=9511"}],"version-history":[{"count":0,"href":"https:\/\/shop.patlite.eu\/es\/wp-json\/wp\/v2\/product\/9511\/revisions"}],"wp:featuredmedia":[{"embeddable":true,"href":"https:\/\/shop.patlite.eu\/es\/wp-json\/wp\/v2\/media\/9512"}],"wp:attachment":[{"href":"https:\/\/shop.patlite.eu\/es\/wp-json\/wp\/v2\/media?parent=9511"}],"wp:term":[{"taxonomy":"product_brand","embeddable":true,"href":"https:\/\/shop.patlite.eu\/es\/wp-json\/wp\/v2\/product_brand?post=9511"},{"taxonomy":"product_cat","embeddable":true,"href":"https:\/\/shop.patlite.eu\/es\/wp-json\/wp\/v2\/product_cat?post=9511"},{"taxonomy":"product_tag","embeddable":true,"href":"https:\/\/shop.patlite.eu\/es\/wp-json\/wp\/v2\/product_tag?post=9511"}],"curies":[{"name":"wp","href":"https:\/\/api.w.org\/{rel}","templated":true}]}}