{"id":13151,"date":"2025-11-12T10:04:16","date_gmt":"2025-11-12T09:04:16","guid":{"rendered":"https:\/\/shop.patlite.eu\/produkt\/gf7-baliza-giratoria-naranja-ip69k-48-vc-c\/"},"modified":"2025-11-12T10:04:16","modified_gmt":"2025-11-12T09:04:16","slug":"gf7-baliza-giratoria-naranja-ip69k-48-vc-c","status":"publish","type":"product","link":"https:\/\/shop.patlite.eu\/es\/producto\/gf7-baliza-giratoria-naranja-ip69k-48-vc-c\/","title":{"rendered":"GF7 &#8211; Baliza giratoria naranja IP69K 48 Vc.c."},"content":{"rendered":"<div style=\"width: 50%;\">\n<h3>Informaci\u00f3n relevante<\/h3>\n<div style=\"background-color: #fef2d3; padding: 5px 5px;\">\n<ul>\n<li>Dise\u00f1ado para <strong>condiciones operativas extremas<\/strong><\/li>\n<li>Resistente a vibraciones y golpes.<\/li>\n<li>Resistente al polvo y al agua IP69K<\/li>\n<li>Carcasa muy compacta para espacios de instalaci\u00f3n reducidos<\/li>\n<\/ul>\n<\/div>\n<\/div>\n<p>&nbsp;<\/p>\n<p>La serie GF7 es una luz de se\u00f1alizaci\u00f3n giratoria LED con una carcasa muy compacta para entornos de instalaci\u00f3n exigentes. Est\u00e1 dise\u00f1ada para simular un efecto de luz giratoria de 360\u00b0, sin componentes mec\u00e1nicos giratorios. La baliza GF7 es especialmente adecuada para entornos operativos exigentes donde la robustez, la fiabilidad y la alta visibilidad son esenciales. <\/p>\n<p>En cuanto a su grado de protecci\u00f3n y resistencia ambiental, este modelo ofrece un rendimiento excepcionalmente alto: cumple con las normas IP6X\/IPX6 (seg\u00fan IEC 60529) e IPX9K (seg\u00fan ISO 20653), lo que lo hace ideal para entornos con requisitos de limpieza a alta presi\u00f3n y temperatura, polvo y condiciones adversas. Sus aplicaciones abarcan desde interiores y exteriores hasta maquinaria de construcci\u00f3n. <\/p>\n<p>El modelo GF7-48N-Y funciona a una tensi\u00f3n nominal de 48 V CC y requiere un consumo m\u00e1ximo de energ\u00eda de aproximadamente 5,8 W. El rango de temperatura admisible es de -40 \u00b0C a +85 \u00b0C.<br \/>En cuanto a la tensi\u00f3n mec\u00e1nica, la luminaria est\u00e1 dise\u00f1ada para soportar vibraciones de hasta aproximadamente 110 m\/s\u00b2 y choques de hasta 1000 m\/s\u00b2 (11 ms). <\/p>\n<p>La baliza GF7 se ofrece exclusivamente en color naranja\/\u00e1mbar y se controla de forma cl\u00e1sica a trav\u00e9s de 48 Vc.c.<\/p>\n<p>Recomendaci\u00f3n: Para aquellos que buscan una luz de se\u00f1alizaci\u00f3n compacta y de alta resistencia (a condiciones ambientales, vibraciones, golpes), especialmente para entornos hostiles, industriales o al aire libre, la serie GF7 ofrece una soluci\u00f3n de dise\u00f1o robusto que proporciona una se\u00f1alizaci\u00f3n luminosa eficaz y f\u00e1cil de entender.<\/p>\n<h3 style=\"background-color: #f40000; padding: 5px 5px; color: #ffffff;\">Especificaciones t\u00e9cnicas<\/h3>\n<ul>\n<li>Tensi\u00f3n nominal: 48 Vc.c.<\/li>\n<li>Consumo m\u00e1ximo de energ\u00eda: 5,8 W (a 48 Vc.c.)<\/li>\n<li>Grado de protecci\u00f3n: IP6X \/ IPX6 (seg\u00fan IEC 60529) + IPX9K (seg\u00fan ISO 20653)<\/li>\n<li>Resistencia a la vibraci\u00f3n: 110 m\/s\u00b2<\/li>\n<li>Resistencia al impacto: 1.000 m\/s\u00b2 (11 ms)<\/li>\n<li>Rango de temperatura de funcionamiento: de -40 \u00b0C a +85 \u00b0C<\/li>\n<li>Ubicaci\u00f3n de montaje: Interior\/Exterior (tambi\u00e9n apto para uso con maquinaria de construcci\u00f3n)<\/li>\n<li>Dimensiones: Di\u00e1metro \u00d8 68 mm, Largo 87,5 mm, Ancho 87,5 mm, Alto 45,5 mm<\/li>\n<li>Peso: aprox. <strong>0,14 kg<\/strong><\/li>\n<li>Color de la luz: Naranja (\u00c1mbar\/Amarillo)<\/li>\n<li>Patr\u00f3n de luz: Rotaci\u00f3n simulada<\/li>\n<li>Control: cl\u00e1sico 48 Vc.c.<\/li>\n<\/ul>\n<p>&nbsp;<\/p>\n","protected":false},"excerpt":{"rendered":"<p>Baliza de exterior compacta, robusta y con certificaci\u00f3n IP69K de 68mm con rotaci\u00f3n naranja; 48 Vc.c.con cables de conexi\u00f3n<\/p>\n","protected":false},"featured_media":12401,"comment_status":"open","ping_status":"closed","template":"","meta":{"_eb_attr":"","_mo_disable_npp":"","_uag_custom_page_level_css":"","_monsterinsights_skip_tracking":false,"_monsterinsights_sitenote_active":false,"_monsterinsights_sitenote_note":"","_monsterinsights_sitenote_category":0,"site-sidebar-layout":"default","site-content-layout":"","ast-site-content-layout":"default","site-content-style":"default","site-sidebar-style":"default","ast-global-header-display":"","ast-banner-title-visibility":"","ast-main-header-display":"","ast-hfb-above-header-display":"","ast-hfb-below-header-display":"","ast-hfb-mobile-header-display":"","site-post-title":"","ast-breadcrumbs-content":"","ast-featured-img":"","footer-sml-layout":"","ast-disable-related-posts":"","theme-transparent-header-meta":"default","adv-header-id-meta":"","stick-header-meta":"default","header-above-stick-meta":"","header-main-stick-meta":"","header-below-stick-meta":"","astra-migrate-meta-layouts":"default","ast-page-background-enabled":"default","ast-page-background-meta":{"desktop":{"background-color":"var(--ast-global-color-4)","background-image":"","background-repeat":"repeat","background-position":"center center","background-size":"auto","background-attachment":"scroll","background-type":"","background-media":"","overlay-type":"","overlay-color":"","overlay-opacity":"","overlay-gradient":""},"tablet":{"background-color":"","background-image":"","background-repeat":"repeat","background-position":"center center","background-size":"auto","background-attachment":"scroll","background-type":"","background-media":"","overlay-type":"","overlay-color":"","overlay-opacity":"","overlay-gradient":""},"mobile":{"background-color":"","background-image":"","background-repeat":"repeat","background-position":"center center","background-size":"auto","background-attachment":"scroll","background-type":"","background-media":"","overlay-type":"","overlay-color":"","overlay-opacity":"","overlay-gradient":""}},"ast-content-background-meta":{"desktop":{"background-color":"var(--ast-global-color-5)","background-image":"","background-repeat":"repeat","background-position":"center center","background-size":"auto","background-attachment":"scroll","background-type":"","background-media":"","overlay-type":"","overlay-color":"","overlay-opacity":"","overlay-gradient":""},"tablet":{"background-color":"var(--ast-global-color-5)","background-image":"","background-repeat":"repeat","background-position":"center center","background-size":"auto","background-attachment":"scroll","background-type":"","background-media":"","overlay-type":"","overlay-color":"","overlay-opacity":"","overlay-gradient":""},"mobile":{"background-color":"var(--ast-global-color-5)","background-image":"","background-repeat":"repeat","background-position":"center center","background-size":"auto","background-attachment":"scroll","background-type":"","background-media":"","overlay-type":"","overlay-color":"","overlay-opacity":"","overlay-gradient":""}}},"product_brand":[],"product_cat":[1182],"product_tag":[1531,1547],"class_list":{"0":"post-13151","1":"product","2":"type-product","3":"status-publish","4":"has-post-thumbnail","6":"product_cat-indicadores-luminosos","7":"product_tag-ip69k","8":"product_tag-rotativa","9":"pa_durchmesser-68mm-es","10":"pa_spannung-48vc-c","11":"desktop-align-center","12":"tablet-align-left","13":"mobile-align-left","14":"ast-product-gallery-layout-horizontal-slider","15":"ast-product-tabs-layout-horizontal","17":"first","18":"instock","19":"taxable","20":"shipping-taxable","21":"purchasable","22":"product-type-simple"},"spectra_custom_meta":{"_product_attributes":["a:4:{s:7:\"gewicht\";a:7:{s:4:\"name\";s:7:\"Gewicht\";s:5:\"value\";s:6:\"0.14kg\";s:8:\"position\";i:0;s:10:\"is_visible\";i:1;s:12:\"is_variation\";i:0;s:11:\"is_taxonomy\";i:0;s:16:\"checkout_visible\";i:0;}s:14:\"pa_durchmesser\";a:7:{s:4:\"name\";s:14:\"pa_durchmesser\";s:5:\"value\";s:0:\"\";s:8:\"position\";i:1;s:10:\"is_visible\";i:1;s:12:\"is_variation\";i:0;s:11:\"is_taxonomy\";i:1;s:16:\"checkout_visible\";i:0;}s:11:\"abmessungen\";a:7:{s:4:\"name\";s:11:\"Abmessungen\";s:5:\"value\";s:39:\"Largo 87,5 mm | B 87.5mm | Alto 45,5 mm\";s:8:\"position\";i:2;s:10:\"is_visible\";i:1;s:12:\"is_variation\";i:0;s:11:\"is_taxonomy\";i:0;s:16:\"checkout_visible\";i:0;}s:11:\"pa_spannung\";a:7:{s:4:\"name\";s:11:\"pa_spannung\";s:5:\"value\";s:0:\"\";s:8:\"position\";i:3;s:10:\"is_visible\";i:1;s:12:\"is_variation\";i:0;s:11:\"is_taxonomy\";i:1;s:16:\"checkout_visible\";i:0;}}"],"attr_label_translations":["a:1:{s:2:\"es\";a:2:{s:7:\"gewicht\";s:4:\"Peso\";s:11:\"abmessungen\";s:11:\"Dimensiones\";}}"],"_wcml_average_rating":[null],"_wcml_review_count":[null],"_wcml_rating_count":[null],"_unit":[""],"_unit_base":[""],"_unit_product":[""],"_unit_price":[""],"_unit_price_regular":[""],"_unit_price_sale":[""],"_unit_price_auto":["no"],"_sale_price_label":[""],"_sale_price_regular_label":[""],"_free_shipping":["no"],"_min_age":[""],"_is_food":["no"],"_used_good":["no"],"_nutrient_ids":["a:0:{}"],"_nutrient_reference_value":["100g"],"_allergen_ids":["a:0:{}"],"_nutri_score":[""],"_alcohol_content":[""],"_drained_weight":[""],"_net_filling_quantity":[""],"_deposit_type":[""],"_deposit_quantity":[""],"_service":["no"],"_differential_taxation":["no"],"_hs_code":["85318070"],"_manufacture_country":["JP"],"_backorders":["no"],"_download_limit":["-1"],"_download_expiry":["-1"],"_downloadable":["no"],"_manage_stock":["yes"],"_sku":["GF7-48N-Y"],"_stock_status":["instock"],"_sold_individually":["no"],"_tax_class":[""],"_tax_status":["taxable"],"_virtual":["no"],"total_sales":["0"],"stick-header-meta":["default"],"site-sidebar-layout":["default"],"theme-transparent-header-meta":["default"],"_wpml_media_duplicate":["1"],"_wpml_media_featured":["1"],"ast-site-content-layout":["default"],"site-content-style":["default"],"site-sidebar-style":["default"],"_global_unique_id":["4938766028593"],"_manufacturer_slug":[""],"rank_math_primary_product_cat":["71"],"_top_nav_excluded":[""],"_cms_nav_minihome":[""],"_wp_page_template":["default"],"rank_math_title":["PATLITE | Baliza giratoria GF7 IP69K para uso en exteriores e interiores"],"rank_math_description":["Baliza de se\u00f1alizaci\u00f3n exterior muy compacta, robusta y con certificaci\u00f3n IP69K de 68mm con rotaci\u00f3n de LED naranja; 48 Vc.c., adecuada para obras de construcci\u00f3n - Informaci\u00f3n -->"],"_ts_mpn":[""],"_ts_gtin":[""],"_thumbnail_id":["12401"],"_stock":["1"],"_last_translation_edit_mode":["translation-editor"],"_wpml_word_count":["423"],"_eb_reusable_block_ids":["a:0:{}"],"_uag_css_file_name":["uag-css-13151.css"],"rank_math_internal_links_processed":["1"],"_regular_price":["156.90"],"_price":["156.90"],"_uag_page_assets":["a:9:{s:3:\"css\";s:2228:\".wp-block-uagb-advanced-heading h1,.wp-block-uagb-advanced-heading h2,.wp-block-uagb-advanced-heading h3,.wp-block-uagb-advanced-heading h4,.wp-block-uagb-advanced-heading h5,.wp-block-uagb-advanced-heading h6,.wp-block-uagb-advanced-heading p,.wp-block-uagb-advanced-heading div{word-break:break-word}.wp-block-uagb-advanced-heading .uagb-heading-text{margin:0}.wp-block-uagb-advanced-heading .uagb-desc-text{margin:0}.wp-block-uagb-advanced-heading .uagb-separator{font-size:0;border-top-style:solid;display:inline-block;margin:0 0 10px 0}.wp-block-uagb-advanced-heading .uagb-highlight{color:#f78a0c;border:0;transition:all 0.3s ease}.uag-highlight-toolbar{border-left:0;border-top:0;border-bottom:0;border-radius:0;border-right-color:#1e1e1e}.uag-highlight-toolbar .components-button{border-radius:0;outline:none}.uag-highlight-toolbar .components-button.is-primary{color:#fff}\n.wp-block-uagb-advanced-heading.uagb-block-b484dae9.wp-block-uagb-advanced-heading .uagb-desc-text{margin-bottom: 15px;}.wp-block-uagb-advanced-heading.uagb-block-b484dae9.wp-block-uagb-advanced-heading .uagb-highlight{font-style: normal;font-weight: Default;background: #007cba;color: #fff;-webkit-text-fill-color: #fff;}.wp-block-uagb-advanced-heading.uagb-block-b484dae9.wp-block-uagb-advanced-heading .uagb-highlight::-moz-selection{color: #fff;background: #007cba;-webkit-text-fill-color: #fff;}.wp-block-uagb-advanced-heading.uagb-block-b484dae9.wp-block-uagb-advanced-heading .uagb-highlight::selection{color: #fff;background: #007cba;-webkit-text-fill-color: #fff;}.wp-block-uagb-advanced-heading.uagb-block-c451812a.wp-block-uagb-advanced-heading .uagb-desc-text{margin-bottom: 15px;}.wp-block-uagb-advanced-heading.uagb-block-c451812a.wp-block-uagb-advanced-heading .uagb-highlight{font-style: normal;font-weight: Default;background: #007cba;color: #fff;-webkit-text-fill-color: #fff;}.wp-block-uagb-advanced-heading.uagb-block-c451812a.wp-block-uagb-advanced-heading .uagb-highlight::-moz-selection{color: #fff;background: #007cba;-webkit-text-fill-color: #fff;}.wp-block-uagb-advanced-heading.uagb-block-c451812a.wp-block-uagb-advanced-heading .uagb-highlight::selection{color: #fff;background: #007cba;-webkit-text-fill-color: #fff;}\";s:2:\"js\";s:0:\"\";s:18:\"current_block_list\";a:21:{i:0;s:11:\"core\/search\";i:1;s:10:\"core\/group\";i:2;s:12:\"core\/heading\";i:3;s:17:\"core\/latest-posts\";i:4;s:20:\"core\/latest-comments\";i:5;s:13:\"core\/archives\";i:6;s:15:\"core\/categories\";i:7;s:24:\"woocommerce\/price-filter\";i:8;s:17:\"core\/widget-group\";i:9;s:27:\"woocommerce\/product-on-sale\";i:10;s:12:\"core\/columns\";i:11;s:11:\"core\/column\";i:13;s:14:\"core\/paragraph\";i:14;s:21:\"uagb\/advanced-heading\";i:15;s:12:\"core\/details\";i:16;s:17:\"core\/social-links\";i:17;s:16:\"core\/social-link\";i:18;s:30:\"woocommerce\/product-categories\";i:19;s:22:\"wpml\/language-switcher\";i:20;s:14:\"core\/shortcode\";i:21;s:32:\"advanced-woo-search\/search-block\";}s:8:\"uag_flag\";b:1;s:11:\"uag_version\";s:10:\"1776637936\";s:6:\"gfonts\";a:1:{s:7:\"Default\";a:2:{s:10:\"fontfamily\";s:7:\"Default\";s:12:\"fontvariants\";a:0:{}}}s:10:\"gfonts_url\";s:0:\"\";s:12:\"gfonts_files\";a:0:{}s:14:\"uag_faq_layout\";b:0;}"],"_max_variation_price":[""],"_max_variation_regular_price":[""],"_max_variation_sale_price":[""],"_min_variation_price":[""],"_min_variation_regular_price":[""],"_min_variation_sale_price":[""],"_sale_price":[""],"_wc_rating_count":[""],"_wc_review_count":[""],"_wc_average_rating":[0]},"uagb_featured_image_src":{"full":["https:\/\/shop.patlite.eu\/wp-content\/uploads\/2025\/11\/PATLITE_Signalleuchte_GF7-Y-OV_1.png",727,516,false],"thumbnail":["https:\/\/shop.patlite.eu\/wp-content\/uploads\/2025\/11\/PATLITE_Signalleuchte_GF7-Y-OV_1-150x150.png",150,150,true],"medium":["https:\/\/shop.patlite.eu\/wp-content\/uploads\/2025\/11\/PATLITE_Signalleuchte_GF7-Y-OV_1-300x213.png",300,213,true],"medium_large":["https:\/\/shop.patlite.eu\/wp-content\/uploads\/2025\/11\/PATLITE_Signalleuchte_GF7-Y-OV_1.png",727,516,false],"large":["https:\/\/shop.patlite.eu\/wp-content\/uploads\/2025\/11\/PATLITE_Signalleuchte_GF7-Y-OV_1.png",727,516,false],"1536x1536":["https:\/\/shop.patlite.eu\/wp-content\/uploads\/2025\/11\/PATLITE_Signalleuchte_GF7-Y-OV_1.png",727,516,false],"2048x2048":["https:\/\/shop.patlite.eu\/wp-content\/uploads\/2025\/11\/PATLITE_Signalleuchte_GF7-Y-OV_1.png",727,516,false],"woocommerce_thumbnail":["https:\/\/shop.patlite.eu\/wp-content\/uploads\/2025\/11\/PATLITE_Signalleuchte_GF7-Y-OV_1-400x267.png",400,267,true],"woocommerce_single":["https:\/\/shop.patlite.eu\/wp-content\/uploads\/2025\/11\/PATLITE_Signalleuchte_GF7-Y-OV_1.png",727,516,false],"woocommerce_gallery_thumbnail":["https:\/\/shop.patlite.eu\/wp-content\/uploads\/2025\/11\/PATLITE_Signalleuchte_GF7-Y-OV_1-100x100.png",100,100,true],"dgwt-wcas-product-suggestion":["https:\/\/shop.patlite.eu\/wp-content\/uploads\/2025\/11\/PATLITE_Signalleuchte_GF7-Y-OV_1-64x45.png",64,45,true]},"uagb_author_info":{"display_name":"Andreas Gaitzsch","author_link":"https:\/\/shop.patlite.eu\/es\/author\/"},"uagb_comment_info":0,"uagb_excerpt":"Baliza de exterior compacta, robusta y con certificaci\u00f3n IP69K de 68mm con rotaci\u00f3n naranja; 48 Vc.c.con cables de conexi\u00f3n","_links":{"self":[{"href":"https:\/\/shop.patlite.eu\/es\/wp-json\/wp\/v2\/product\/13151","targetHints":{"allow":["GET"]}}],"collection":[{"href":"https:\/\/shop.patlite.eu\/es\/wp-json\/wp\/v2\/product"}],"about":[{"href":"https:\/\/shop.patlite.eu\/es\/wp-json\/wp\/v2\/types\/product"}],"replies":[{"embeddable":true,"href":"https:\/\/shop.patlite.eu\/es\/wp-json\/wp\/v2\/comments?post=13151"}],"version-history":[{"count":0,"href":"https:\/\/shop.patlite.eu\/es\/wp-json\/wp\/v2\/product\/13151\/revisions"}],"wp:featuredmedia":[{"embeddable":true,"href":"https:\/\/shop.patlite.eu\/es\/wp-json\/wp\/v2\/media\/12401"}],"wp:attachment":[{"href":"https:\/\/shop.patlite.eu\/es\/wp-json\/wp\/v2\/media?parent=13151"}],"wp:term":[{"taxonomy":"product_brand","embeddable":true,"href":"https:\/\/shop.patlite.eu\/es\/wp-json\/wp\/v2\/product_brand?post=13151"},{"taxonomy":"product_cat","embeddable":true,"href":"https:\/\/shop.patlite.eu\/es\/wp-json\/wp\/v2\/product_cat?post=13151"},{"taxonomy":"product_tag","embeddable":true,"href":"https:\/\/shop.patlite.eu\/es\/wp-json\/wp\/v2\/product_tag?post=13151"}],"curies":[{"name":"wp","href":"https:\/\/api.w.org\/{rel}","templated":true}]}}