{"id":12094,"date":"2025-03-19T13:35:45","date_gmt":"2025-03-19T12:35:45","guid":{"rendered":"https:\/\/shop.patlite.eu\/produkt\/lr5-lan-baliza-de-senalizacion-con-ethernet\/"},"modified":"2025-05-08T11:52:15","modified_gmt":"2025-05-08T09:52:15","slug":"lr5-lan-baliza-de-senalizacion-con-ethernet","status":"publish","type":"product","link":"https:\/\/shop.patlite.eu\/es\/producto\/lr5-lan-baliza-de-senalizacion-con-ethernet\/","title":{"rendered":"LR5 LAN Baliza de Se\u00f1alizaci\u00f3n con Ethernet"},"content":{"rendered":"<div style=\"width: 50%\">\n<h3>Informaci\u00f3n relevante<\/h3>\n<div style=\"background-color: #fef2d3;padding: 5px 5px\">\n<ul>\n<li>La <b>conexi\u00f3n LAN<\/b> directa permite una f\u00e1cil integraci\u00f3n del sistema<\/li>\n<li>Listo para usar r\u00e1pidamente con <strong>Plug &amp; Play<\/strong><\/li>\n<li>Comunicaci\u00f3n mediante protocolos <strong>HTTP(S) y Modbus\/TCP<\/strong><\/li>\n<li><strong>No <\/strong>se requiere tarjeta de E\/S (PLC)Keine <strong>m\u00f3dulos de E\/S<\/strong>(PLC)<\/li>\n<\/ul>\n<\/div>\n<\/div>\n<p>&nbsp;<\/p>\n<p><span style=\"font-size: 18pt\"><strong>F\u00e1cil configuraci\u00f3n y se\u00f1alizaci\u00f3n a trav\u00e9s del control directo LAN<\/strong><\/span><\/p>\n<table style=\"height: 111px;width: 75.8315%;border-collapse: collapse;background-color: #f0f4f5\">\n<tbody>\n<tr>\n<td style=\"width: 50%\"><strong>Ahor\u00e1<\/strong><\/td>\n<td style=\"width: 50%\"><span style=\"color: #3766c4\"><strong>con LR5 LAN<\/strong><\/span><\/td>\n<\/tr>\n<tr>\n<td style=\"width: 50%\">Sistema industrial controlado v\u00eda PC\/PLC con tarjetas de salidas digitales<\/td>\n<td style=\"width: 50%\"><span style=\"color: #3766c4\">Control directo a trav\u00e9s de comandos HTTP(S) o Modbus\/TCP<\/span><\/td>\n<\/tr>\n<tr>\n<td style=\"width: 50%\" colspan=\"2\"><a href=\"https:\/\/shop.patlite.eu\/wp-content\/uploads\/2025\/03\/PATLITE_LR5_LAN_Grafik_ES-1024x576.png\"><img fetchpriority=\"high\" decoding=\"async\" class=\"wp-image-12202 size-large\" src=\"https:\/\/shop.patlite.eu\/wp-content\/uploads\/2025\/03\/PATLITE_LR5_LAN_Grafik_ES-1024x576.png\" alt=\"PATLITE_LR5_LAN_Grafik_ES\" width=\"1024\" height=\"576\" srcset=\"https:\/\/shop.patlite.eu\/wp-content\/uploads\/2025\/03\/PATLITE_LR5_LAN_Grafik_ES-1024x576.png 1024w, https:\/\/shop.patlite.eu\/wp-content\/uploads\/2025\/03\/PATLITE_LR5_LAN_Grafik_ES-300x169.png 300w, https:\/\/shop.patlite.eu\/wp-content\/uploads\/2025\/03\/PATLITE_LR5_LAN_Grafik_ES-768x432.png 768w, https:\/\/shop.patlite.eu\/wp-content\/uploads\/2025\/03\/PATLITE_LR5_LAN_Grafik_ES-1536x864.png 1536w, https:\/\/shop.patlite.eu\/wp-content\/uploads\/2025\/03\/PATLITE_LR5_LAN_Grafik_ES-1200x675.png 1200w, https:\/\/shop.patlite.eu\/wp-content\/uploads\/2025\/03\/PATLITE_LR5_LAN_Grafik_ES-64x36.png 64w, https:\/\/shop.patlite.eu\/wp-content\/uploads\/2025\/03\/PATLITE_LR5_LAN_Grafik_ES.png 1920w\" sizes=\"(max-width: 1024px) 100vw, 1024px\" \/><\/a><\/td>\n<\/tr>\n<\/tbody>\n<\/table>\n<div><\/div>\n<div><span style=\"font-size: 18pt\"><strong>No requiere cableado | Reducci\u00f3n del esfuerzo de instalaci\u00f3n<\/strong><\/span><\/div>\n<div>La fuente de alimentaci\u00f3n es de 24 Vc.c. y la baliza de se\u00f1alizaci\u00f3n se controla a trav\u00e9s de un conector RJ-45 con un cable LAN.<\/div>\n<div><\/div>\n<div><\/div>\n<div>\n<table style=\"height: 52px;width: 76.4967%;border-collapse: collapse;border-style: hidden;background-color: #f0f4f5\">\n<tbody>\n<tr>\n<td style=\"width: 100%\"><a href=\"https:\/\/shop.patlite.eu\/wp-content\/uploads\/2025\/03\/lr5lan_product_9-1ES.png\"><img decoding=\"async\" class=\"wp-image-12208\" src=\"https:\/\/shop.patlite.eu\/wp-content\/uploads\/2025\/03\/lr5lan_product_9-1ES.png\" alt=\"PATLITE_LR5_LAN_wiring_ES\" width=\"1024\" height=\"584\" srcset=\"https:\/\/shop.patlite.eu\/wp-content\/uploads\/2025\/03\/lr5lan_product_9-1ES.png 824w, https:\/\/shop.patlite.eu\/wp-content\/uploads\/2025\/03\/lr5lan_product_9-1ES-300x171.png 300w, https:\/\/shop.patlite.eu\/wp-content\/uploads\/2025\/03\/lr5lan_product_9-1ES-768x438.png 768w, https:\/\/shop.patlite.eu\/wp-content\/uploads\/2025\/03\/lr5lan_product_9-1ES-64x37.png 64w\" sizes=\"(max-width: 1024px) 100vw, 1024px\" \/><\/a><\/td>\n<\/tr>\n<\/tbody>\n<\/table>\n<\/div>\n<div><\/div>\n<div><strong><span style=\"font-size: 18pt\">Dise\u00f1o de software sencillo<\/span><\/strong><\/div>\n<div><\/div>\n<div>\n<table style=\"height: 175px;width: 1023px;border-collapse: collapse;background-color: #f0f4f5\">\n<tbody style=\"font-size: 16px\">\n<tr style=\"font-size: 16px\">\n<td style=\"font-size: 16px;width: 340.656px\"><strong>Configuraci\u00f3n<\/strong><\/td>\n<td style=\"font-size: 16px;width: 340.656px\"><strong>C\u00f3digo funcional<\/strong><\/td>\n<td style=\"font-size: 16px;width: 340.688px\"><strong>Patrones de se\u00f1alizaci\u00f3n<\/strong><\/td>\n<\/tr>\n<tr style=\"font-size: 16px\">\n<td style=\"width: 33.3333%\">Despu\u00e9s de registrar la LR5 LAN a trav\u00e9s de un navegador web, los patrones de se\u00f1alizaci\u00f3n, seleccionables independientemente, se pueden asignar f\u00e1cilmente (por ejemplo &#8220;parpadeo continuo&#8221;) a trav\u00e9s del men\u00fa desplegable sin ning\u00fan esfuerzo de programaci\u00f3n.<\/td>\n<td style=\"width: 33.3333%\">Para permitir la programaci\u00f3n del LR5-LAN en lenguajes espec\u00edficos del proyecto, se proporcionan c\u00f3digos fuente de muestra para Windows\u00ae y Linux.<\/td>\n<td style=\"width: 33.3333%\">Hay 7 patrones preestablecidos disponibles.<\/td>\n<\/tr>\n<tr>\n<td style=\"width: 33.3333%\" colspan=\"3\"><a href=\"https:\/\/shop.patlite.eu\/wp-content\/uploads\/2025\/03\/lr5lan_product_6-1ES-scaled.png\"><img decoding=\"async\" class=\"wp-image-12219 size-large\" src=\"https:\/\/shop.patlite.eu\/wp-content\/uploads\/2025\/03\/lr5lan_product_6-1ES-1024x323.png\" alt=\"PATLITE_LR5_LAN\" width=\"1024\" height=\"323\" srcset=\"https:\/\/shop.patlite.eu\/wp-content\/uploads\/2025\/03\/lr5lan_product_6-1ES-1024x323.png 1024w, https:\/\/shop.patlite.eu\/wp-content\/uploads\/2025\/03\/lr5lan_product_6-1ES-300x95.png 300w, https:\/\/shop.patlite.eu\/wp-content\/uploads\/2025\/03\/lr5lan_product_6-1ES-768x242.png 768w, https:\/\/shop.patlite.eu\/wp-content\/uploads\/2025\/03\/lr5lan_product_6-1ES-1536x484.png 1536w, https:\/\/shop.patlite.eu\/wp-content\/uploads\/2025\/03\/lr5lan_product_6-1ES-2048x646.png 2048w, https:\/\/shop.patlite.eu\/wp-content\/uploads\/2025\/03\/lr5lan_product_6-1ES-1200x378.png 1200w, https:\/\/shop.patlite.eu\/wp-content\/uploads\/2025\/03\/lr5lan_product_6-1ES-64x20.png 64w\" sizes=\"(max-width: 1024px) 100vw, 1024px\" \/><\/a><\/td>\n<\/tr>\n<\/tbody>\n<\/table>\n<div>\n<table style=\"height: 400px;width: 76.8697%;border-collapse: collapse;border-style: hidden\">\n<tbody>\n<tr style=\"height: 396px\">\n<td style=\"width: 100%;height: 396px\"><\/td>\n<\/tr>\n<\/tbody>\n<\/table>\n<\/div>\n<p>&nbsp;<\/p>\n<\/div>\n<p>&nbsp;<\/p>\n","protected":false},"excerpt":{"rendered":"<p>\u00a1La revoluci\u00f3n en la se\u00f1alizaci\u00f3n industrial! Control directo a trav\u00e9s de Ethernet para una integraci\u00f3n sin esfuerzo en su sistema y sus m\u00e1quinas. \u00a1La tecnolog\u00eda inteligente nunca ha sido tan f\u00e1cil!<\/p>\n<p>&nbsp;<\/p>\n<p>&nbsp;<\/p>\n<p>&nbsp;<\/p>\n","protected":false},"featured_media":11323,"comment_status":"open","ping_status":"closed","template":"","meta":{"_eb_attr":"","_mo_disable_npp":"","_uag_custom_page_level_css":"","_monsterinsights_skip_tracking":false,"_monsterinsights_sitenote_active":false,"_monsterinsights_sitenote_note":"","_monsterinsights_sitenote_category":0,"site-sidebar-layout":"default","site-content-layout":"","ast-site-content-layout":"default","site-content-style":"default","site-sidebar-style":"default","ast-global-header-display":"","ast-banner-title-visibility":"","ast-main-header-display":"","ast-hfb-above-header-display":"","ast-hfb-below-header-display":"","ast-hfb-mobile-header-display":"","site-post-title":"","ast-breadcrumbs-content":"","ast-featured-img":"","footer-sml-layout":"","ast-disable-related-posts":"","theme-transparent-header-meta":"default","adv-header-id-meta":"","stick-header-meta":"default","header-above-stick-meta":"","header-main-stick-meta":"","header-below-stick-meta":"","astra-migrate-meta-layouts":"set","ast-page-background-enabled":"default","ast-page-background-meta":{"desktop":{"background-color":"var(--ast-global-color-4)","background-image":"","background-repeat":"repeat","background-position":"center center","background-size":"auto","background-attachment":"scroll","background-type":"","background-media":"","overlay-type":"","overlay-color":"","overlay-opacity":"","overlay-gradient":""},"tablet":{"background-color":"","background-image":"","background-repeat":"repeat","background-position":"center center","background-size":"auto","background-attachment":"scroll","background-type":"","background-media":"","overlay-type":"","overlay-color":"","overlay-opacity":"","overlay-gradient":""},"mobile":{"background-color":"","background-image":"","background-repeat":"repeat","background-position":"center center","background-size":"auto","background-attachment":"scroll","background-type":"","background-media":"","overlay-type":"","overlay-color":"","overlay-opacity":"","overlay-gradient":""}},"ast-content-background-meta":{"desktop":{"background-color":"var(--ast-global-color-5)","background-image":"","background-repeat":"repeat","background-position":"center center","background-size":"auto","background-attachment":"scroll","background-type":"","background-media":"","overlay-type":"","overlay-color":"","overlay-opacity":"","overlay-gradient":""},"tablet":{"background-color":"var(--ast-global-color-5)","background-image":"","background-repeat":"repeat","background-position":"center center","background-size":"auto","background-attachment":"scroll","background-type":"","background-media":"","overlay-type":"","overlay-color":"","overlay-opacity":"","overlay-gradient":""},"mobile":{"background-color":"var(--ast-global-color-5)","background-image":"","background-repeat":"repeat","background-position":"center center","background-size":"auto","background-attachment":"scroll","background-type":"","background-media":"","overlay-type":"","overlay-color":"","overlay-opacity":"","overlay-gradient":""}}},"product_brand":[],"product_cat":[1125,1073],"product_tag":[1080,1447,1081,1083,1084,1088,1091,1178,1075,1239,1248],"class_list":{"0":"post-12094","1":"product","2":"type-product","3":"status-publish","4":"has-post-thumbnail","6":"product_cat-dispositivos-de-red","7":"product_cat-balizas-de-senalizacion","8":"product_tag-lr5-es","9":"product_tag-ethernet-es","10":"product_tag-baliza-de-senalizacion-es","11":"product_tag-lr-es","12":"product_tag-50mm-es","13":"product_tag-baliza-de-senalizacion-es-2","14":"product_tag-modulos-led","15":"product_tag-modulo-led-es","16":"product_tag-baliza-de-senalizacion","17":"product_tag-lan-es","18":"product_tag-baliza","19":"pa_durchmesser-50mm-es","20":"pa_ebenen-2-es","21":"pa_ebenen-4-es","22":"pa_ebenen-5-es","23":"pa_ebenen-1-es","24":"pa_ebenen-0-es","25":"pa_ebenen-3-es","26":"pa_halterung-montaje-sobre-tubo-con-soporte-en-l","27":"pa_halterung-montaje-directo","28":"pa_netzwerk-lan-es","29":"pa_optionen-sin-zumbador","30":"pa_optionen-zumbador","31":"pa_spannung-24vc-c-es","32":"desktop-align-center","33":"tablet-align-left","34":"mobile-align-left","35":"ast-product-gallery-layout-horizontal-slider","36":"ast-product-single-variable","37":"ast-product-tabs-layout-horizontal","39":"first","40":"instock","41":"taxable","42":"shipping-taxable","43":"purchasable","44":"product-type-variable"},"spectra_custom_meta":{"yikes_woo_products_tabs":["a:1:{i:0;a:3:{s:5:\"title\";s:22:\"Informaci\u00f3n relevante\";s:2:\"id\";s:21:\"informacion-relevante\";s:7:\"content\";s:625:\"<ul class=\"l-prd-function\" style=\"color: #000000;\">\r\n \t<li class=\"l-prd-function__item\" title=\"Ethernet\">Ethernet<\/li>\r\n \t<li class=\"l-prd-function__item\" title=\"\u03a650\">\u03a650<\/li>\r\n \t<li class=\"l-prd-function__item\" title=\"Baliza de se\u00f1alizaci\u00f3n\">Baliza de se\u00f1alizaci\u00f3n<\/li>\r\n \t<li class=\"l-prd-function__item\" title=\"Zumbador\">Zumbador<\/li>\r\n \t<li class=\"l-prd-function__item\" title=\"Baliza modular\">Baliza modular<\/li>\r\n \t<li class=\"l-prd-function__item\" title=\"IP65 (Montaje directo)\">IP65 (Montaje directo)<\/li>\r\n \t<li class=\"l-prd-function__item\" title=\"IP54 (Montaje sobre tubo)\">IP54 (Montaje sobre tubo)<\/li>\r\n<\/ul>\";}}"],"_unit":[""],"_unit_base":[""],"_unit_product":[""],"_unit_price":[""],"_unit_price_regular":[""],"_unit_price_sale":[""],"_unit_price_auto":["no"],"_sale_price_label":[""],"_sale_price_regular_label":[""],"_free_shipping":["no"],"_min_age":[""],"_is_food":["no"],"_used_good":["no"],"_nutrient_ids":["a:0:{}"],"_nutrient_reference_value":["100g"],"_allergen_ids":["a:0:{}"],"_nutri_score":[""],"_alcohol_content":[""],"_drained_weight":[""],"_net_filling_quantity":[""],"_deposit_type":[""],"_deposit_quantity":[""],"_service":["no"],"_differential_taxation":["no"],"_hs_code":["85318070"],"_manufacture_country":["JP"],"_backorders":["no"],"_download_limit":["-1"],"_download_expiry":["-1"],"_downloadable":["no"],"_manage_stock":["no"],"_stock_status":["instock"],"_sold_individually":["no"],"_tax_class":[""],"_tax_status":["taxable"],"_virtual":["no"],"total_sales":["15"],"_price":["250.00","276.00","300.70","320.20","325.30","337.40","344.80","364.20","364.80","369.50","386.80","403.30","407.50","408.40","412.80","432.30","447.40","451.70","456.80","490.70","495.90","534.80"],"stick-header-meta":["default"],"site-sidebar-layout":["default"],"theme-transparent-header-meta":["default"],"_wpml_media_duplicate":["1"],"_wpml_media_featured":["1"],"ast-site-content-layout":["default"],"site-content-style":["default"],"site-sidebar-style":["default"],"_manufacturer_slug":[""],"_top_nav_excluded":[""],"_cms_nav_minihome":[""],"_wp_page_template":["default"],"_crosssell_ids":["a:7:{i:0;i:9874;i:1;i:9876;i:2;i:9877;i:3;i:9878;i:4;i:9879;i:5;i:9875;i:6;i:9814;}"],"_upsell_ids":["a:8:{i:0;i:9359;i:1;i:9300;i:2;i:9335;i:3;i:9874;i:4;i:9814;i:5;i:9266;i:6;i:9258;i:7;i:9245;}"],"_downloadable_files":[""],"_thumbnail_id":["11323"],"_ts_mpn":[""],"_ts_gtin":[""],"_wpml_word_count":["259"],"_product_image_gallery":["11328,11283,11323"],"_edit_lock":["1764325090:17"],"rank_math_seo_score":["20"],"_edit_last":["3"],"pisol_acblw_associated_coupons":[""],"_stock":[null],"_wc_average_rating":[0],"_wc_review_count":["0"],"_product_version":["9.8.2"],"_woosea_brand":[""],"_woosea_mpn":[""],"_woosea_upc":[""],"_woosea_ean":[""],"_woosea_gtin":[""],"_woosea_color":[""],"_woosea_size":[""],"_woosea_gender":[""],"_woosea_material":[""],"_woosea_pattern":[""],"_woosea_optimized_title":[""],"_woosea_unit_pricing_measure":[""],"_woosea_unit_pricing_base_measure":[""],"_woosea_condition":[""],"_woosea_age_group":[""],"_woosea_installment_months":[""],"_woosea_installment_amount":[""],"_woosea_exclude_product":["no"],"_woosea_cost_of_good_sold":[""],"_woosea_multipack":[""],"_woosea_is_bundle":[""],"_woosea_energy_efficiency_class":[""],"_woosea_min_energy_efficiency_class":[""],"_woosea_max_energy_efficiency_class":[""],"_woosea_is_promotion":[""],"_woosea_custom_field_0":[""],"_woosea_custom_field_1":[""],"_woosea_custom_field_2":[""],"_woosea_custom_field_3":[""],"_woosea_custom_field_4":[""],"bm_all_customers_copy_for_group":["copy"],"bm_all_customers_bulk_copy_for_group":["copy"],"bm_pleu-test_copy_for_group":["copy"],"bm_pleu-test_bulk_copy_for_group":["copy"],"bm_customer_copy_for_group":["copy"],"bm_customer_bulk_copy_for_group":["copy"],"bm_guest_copy_for_group":["copy"],"bm_guest_bulk_copy_for_group":["copy"],"_mini_desc":[""],"_safety_instructions":[""],"_ingredients":[""],"_food_distributor":[""],"_food_description":[""],"_food_place_of_origin":[""],"_warranty_attachment_id":[""],"_safety_attachment_ids":["a:0:{}"],"_delivery_time_countries":["a:0:{}"],"_photovoltaic_system":["no"],"_defective_copy":["no"],"_wireless_electronic_device":["no"],"_device_contains_power_supply":["no"],"_device_charging_supports_usb_pd":["no"],"_device_charging_watt_min":["0"],"_device_charging_watt_max":["0"],"_defect_description":[""],"_gzd_version":["3.19.10"],"_customs_description":[""],"_is_non_returnable":["no"],"_shipping_length":[""],"_shipping_width":[""],"_shipping_height":[""],"mailoptinWooCommerceSelectIntegration":[""],"fb_brand":[""],"fb_mpn":[""],"fb_size":[""],"fb_color":[""],"fb_material":[""],"fb_pattern":[""],"fb_age_group":[""],"fb_gender":[""],"fb_product_condition":[""],"fb_product_group_id":["9976238229119762"],"_wpml_media_has_media":["1"],"_monsterinsights_skip_tracking":["0"],"_monsterinsights_sitenote_active":["0"],"wpr_secondary_image_id":["0"],"rank_math_primary_product_brand":["0"],"rank_math_primary_fb_product_set":["0"],"_last_translation_edit_mode":["native-editor"],"_wcml_average_rating":[null],"_wcml_review_count":[null],"_wcml_rating_count":[null],"astra-migrate-meta-layouts":["set"],"_product_attributes":["a:7:{s:19:\"pa_ebenen-ledmodule\";a:7:{s:4:\"name\";s:19:\"pa_ebenen-ledmodule\";s:5:\"value\";s:0:\"\";s:8:\"position\";i:0;s:10:\"is_visible\";i:1;s:12:\"is_variation\";i:1;s:11:\"is_taxonomy\";i:1;s:16:\"checkout_visible\";i:0;}s:14:\"pa_durchmesser\";a:7:{s:4:\"name\";s:14:\"pa_durchmesser\";s:5:\"value\";s:0:\"\";s:8:\"position\";i:1;s:10:\"is_visible\";i:1;s:12:\"is_variation\";i:0;s:11:\"is_taxonomy\";i:1;s:16:\"checkout_visible\";i:0;}s:9:\"pa_ebenen\";a:7:{s:4:\"name\";s:9:\"pa_ebenen\";s:5:\"value\";s:0:\"\";s:8:\"position\";i:2;s:10:\"is_visible\";i:1;s:12:\"is_variation\";i:0;s:11:\"is_taxonomy\";i:1;s:16:\"checkout_visible\";i:0;}s:12:\"pa_halterung\";a:7:{s:4:\"name\";s:12:\"pa_halterung\";s:5:\"value\";s:0:\"\";s:8:\"position\";i:3;s:10:\"is_visible\";i:1;s:12:\"is_variation\";i:1;s:11:\"is_taxonomy\";i:1;s:16:\"checkout_visible\";i:0;}s:11:\"pa_optionen\";a:7:{s:4:\"name\";s:11:\"pa_optionen\";s:5:\"value\";s:0:\"\";s:8:\"position\";i:5;s:10:\"is_visible\";i:1;s:12:\"is_variation\";i:1;s:11:\"is_taxonomy\";i:1;s:16:\"checkout_visible\";i:0;}s:11:\"pa_netzwerk\";a:7:{s:4:\"name\";s:11:\"pa_netzwerk\";s:5:\"value\";s:0:\"\";s:8:\"position\";i:6;s:10:\"is_visible\";i:1;s:12:\"is_variation\";i:0;s:11:\"is_taxonomy\";i:1;s:16:\"checkout_visible\";i:0;}s:11:\"pa_spannung\";a:7:{s:4:\"name\";s:11:\"pa_spannung\";s:5:\"value\";s:0:\"\";s:8:\"position\";i:7;s:10:\"is_visible\";i:1;s:12:\"is_variation\";i:0;s:11:\"is_taxonomy\";i:1;s:16:\"checkout_visible\";i:0;}}"],"_wc_facebook_sync_enabled":["yes"],"fb_visibility":["yes"],"_wc_facebook_sync_enabled_v2":["yes"],"rank_math_primary_product_cat":["18"],"_eb_reusable_block_ids":["a:0:{}"],"_uag_css_file_name":["uag-css-12094.css"],"rank_math_internal_links_processed":["1"],"_uag_page_assets":["a:9:{s:3:\"css\";s:2491:\".uag-blocks-common-selector{z-index:var(--z-index-desktop) !important}@media (max-width: 976px){.uag-blocks-common-selector{z-index:var(--z-index-tablet) !important}}@media (max-width: 767px){.uag-blocks-common-selector{z-index:var(--z-index-mobile) !important}}\n.wp-block-uagb-advanced-heading h1,.wp-block-uagb-advanced-heading h2,.wp-block-uagb-advanced-heading h3,.wp-block-uagb-advanced-heading h4,.wp-block-uagb-advanced-heading h5,.wp-block-uagb-advanced-heading h6,.wp-block-uagb-advanced-heading p,.wp-block-uagb-advanced-heading div{word-break:break-word}.wp-block-uagb-advanced-heading .uagb-heading-text{margin:0}.wp-block-uagb-advanced-heading .uagb-desc-text{margin:0}.wp-block-uagb-advanced-heading .uagb-separator{font-size:0;border-top-style:solid;display:inline-block;margin:0 0 10px 0}.wp-block-uagb-advanced-heading .uagb-highlight{color:#f78a0c;border:0;transition:all 0.3s ease}.uag-highlight-toolbar{border-left:0;border-top:0;border-bottom:0;border-radius:0;border-right-color:#1e1e1e}.uag-highlight-toolbar .components-button{border-radius:0;outline:none}.uag-highlight-toolbar .components-button.is-primary{color:#fff}\n.wp-block-uagb-advanced-heading.uagb-block-b484dae9.wp-block-uagb-advanced-heading .uagb-desc-text{margin-bottom: 15px;}.wp-block-uagb-advanced-heading.uagb-block-b484dae9.wp-block-uagb-advanced-heading .uagb-highlight{font-style: normal;font-weight: Default;background: #007cba;color: #fff;-webkit-text-fill-color: #fff;}.wp-block-uagb-advanced-heading.uagb-block-b484dae9.wp-block-uagb-advanced-heading .uagb-highlight::-moz-selection{color: #fff;background: #007cba;-webkit-text-fill-color: #fff;}.wp-block-uagb-advanced-heading.uagb-block-b484dae9.wp-block-uagb-advanced-heading .uagb-highlight::selection{color: #fff;background: #007cba;-webkit-text-fill-color: #fff;}.wp-block-uagb-advanced-heading.uagb-block-c451812a.wp-block-uagb-advanced-heading .uagb-desc-text{margin-bottom: 15px;}.wp-block-uagb-advanced-heading.uagb-block-c451812a.wp-block-uagb-advanced-heading .uagb-highlight{font-style: normal;font-weight: Default;background: #007cba;color: #fff;-webkit-text-fill-color: #fff;}.wp-block-uagb-advanced-heading.uagb-block-c451812a.wp-block-uagb-advanced-heading .uagb-highlight::-moz-selection{color: #fff;background: #007cba;-webkit-text-fill-color: #fff;}.wp-block-uagb-advanced-heading.uagb-block-c451812a.wp-block-uagb-advanced-heading .uagb-highlight::selection{color: #fff;background: #007cba;-webkit-text-fill-color: #fff;}\";s:2:\"js\";s:0:\"\";s:18:\"current_block_list\";a:21:{i:0;s:11:\"core\/search\";i:1;s:10:\"core\/group\";i:2;s:12:\"core\/heading\";i:3;s:17:\"core\/latest-posts\";i:4;s:20:\"core\/latest-comments\";i:5;s:13:\"core\/archives\";i:6;s:15:\"core\/categories\";i:7;s:24:\"woocommerce\/price-filter\";i:8;s:17:\"core\/widget-group\";i:9;s:27:\"woocommerce\/product-on-sale\";i:10;s:12:\"core\/columns\";i:11;s:11:\"core\/column\";i:13;s:14:\"core\/paragraph\";i:14;s:21:\"uagb\/advanced-heading\";i:15;s:12:\"core\/details\";i:16;s:17:\"core\/social-links\";i:17;s:16:\"core\/social-link\";i:18;s:30:\"woocommerce\/product-categories\";i:19;s:22:\"wpml\/language-switcher\";i:20;s:14:\"core\/shortcode\";i:21;s:32:\"advanced-woo-search\/search-block\";}s:8:\"uag_flag\";b:1;s:11:\"uag_version\";s:10:\"1776613785\";s:6:\"gfonts\";a:1:{s:7:\"Default\";a:2:{s:10:\"fontfamily\";s:7:\"Default\";s:12:\"fontvariants\";a:0:{}}}s:10:\"gfonts_url\";s:0:\"\";s:12:\"gfonts_files\";a:0:{}s:14:\"uag_faq_layout\";b:0;}"],"_max_variation_price":[""],"_max_variation_regular_price":[""],"_max_variation_sale_price":[""],"_min_variation_price":[""],"_min_variation_regular_price":[""],"_min_variation_sale_price":[""],"_regular_price":[""],"_sale_price":[""],"_wc_rating_count":[""]},"uagb_featured_image_src":{"full":["https:\/\/shop.patlite.eu\/wp-content\/uploads\/2025\/03\/Patlite_LR5-LAN_Signaeule_Galeriebild.png",1200,800,false],"thumbnail":["https:\/\/shop.patlite.eu\/wp-content\/uploads\/2025\/03\/Patlite_LR5-LAN_Signaeule_Galeriebild-150x150.png",150,150,true],"medium":["https:\/\/shop.patlite.eu\/wp-content\/uploads\/2025\/03\/Patlite_LR5-LAN_Signaeule_Galeriebild-300x200.png",300,200,true],"medium_large":["https:\/\/shop.patlite.eu\/wp-content\/uploads\/2025\/03\/Patlite_LR5-LAN_Signaeule_Galeriebild-768x512.png",768,512,true],"large":["https:\/\/shop.patlite.eu\/wp-content\/uploads\/2025\/03\/Patlite_LR5-LAN_Signaeule_Galeriebild-1024x683.png",1024,683,true],"1536x1536":["https:\/\/shop.patlite.eu\/wp-content\/uploads\/2025\/03\/Patlite_LR5-LAN_Signaeule_Galeriebild.png",1200,800,false],"2048x2048":["https:\/\/shop.patlite.eu\/wp-content\/uploads\/2025\/03\/Patlite_LR5-LAN_Signaeule_Galeriebild.png",1200,800,false],"woocommerce_thumbnail":["https:\/\/shop.patlite.eu\/wp-content\/uploads\/2025\/03\/Patlite_LR5-LAN_Signaeule_Galeriebild-400x267.png",400,267,true],"woocommerce_single":["https:\/\/shop.patlite.eu\/wp-content\/uploads\/2025\/03\/Patlite_LR5-LAN_Signaeule_Galeriebild.png",1200,800,false],"woocommerce_gallery_thumbnail":["https:\/\/shop.patlite.eu\/wp-content\/uploads\/2025\/03\/Patlite_LR5-LAN_Signaeule_Galeriebild-100x100.png",100,100,true],"dgwt-wcas-product-suggestion":["https:\/\/shop.patlite.eu\/wp-content\/uploads\/2025\/03\/Patlite_LR5-LAN_Signaeule_Galeriebild-64x43.png",64,43,true]},"uagb_author_info":{"display_name":"Konstantin Will","author_link":"https:\/\/shop.patlite.eu\/es\/author\/"},"uagb_comment_info":0,"uagb_excerpt":"\u00a1La revoluci\u00f3n en la se\u00f1alizaci\u00f3n industrial! Control directo a trav\u00e9s de Ethernet para una integraci\u00f3n sin esfuerzo en su sistema y sus m\u00e1quinas. \u00a1La tecnolog\u00eda inteligente nunca ha sido tan f\u00e1cil! &nbsp; &nbsp; &nbsp;","_links":{"self":[{"href":"https:\/\/shop.patlite.eu\/es\/wp-json\/wp\/v2\/product\/12094","targetHints":{"allow":["GET"]}}],"collection":[{"href":"https:\/\/shop.patlite.eu\/es\/wp-json\/wp\/v2\/product"}],"about":[{"href":"https:\/\/shop.patlite.eu\/es\/wp-json\/wp\/v2\/types\/product"}],"replies":[{"embeddable":true,"href":"https:\/\/shop.patlite.eu\/es\/wp-json\/wp\/v2\/comments?post=12094"}],"version-history":[{"count":2,"href":"https:\/\/shop.patlite.eu\/es\/wp-json\/wp\/v2\/product\/12094\/revisions"}],"predecessor-version":[{"id":12224,"href":"https:\/\/shop.patlite.eu\/es\/wp-json\/wp\/v2\/product\/12094\/revisions\/12224"}],"wp:featuredmedia":[{"embeddable":true,"href":"https:\/\/shop.patlite.eu\/es\/wp-json\/wp\/v2\/media\/11323"}],"wp:attachment":[{"href":"https:\/\/shop.patlite.eu\/es\/wp-json\/wp\/v2\/media?parent=12094"}],"wp:term":[{"taxonomy":"product_brand","embeddable":true,"href":"https:\/\/shop.patlite.eu\/es\/wp-json\/wp\/v2\/product_brand?post=12094"},{"taxonomy":"product_cat","embeddable":true,"href":"https:\/\/shop.patlite.eu\/es\/wp-json\/wp\/v2\/product_cat?post=12094"},{"taxonomy":"product_tag","embeddable":true,"href":"https:\/\/shop.patlite.eu\/es\/wp-json\/wp\/v2\/product_tag?post=12094"}],"curies":[{"name":"wp","href":"https:\/\/api.w.org\/{rel}","templated":true}]}}