{"id":6383,"date":"2024-01-26T00:15:31","date_gmt":"2024-01-25T23:15:31","guid":{"rendered":"https:\/\/shop.patlite.eu\/?post_type=product&#038;p=6383"},"modified":"2026-05-01T09:01:25","modified_gmt":"2026-05-01T07:01:25","slug":"lr5-50mm-basismodule-mit-anschlussvarianten-kt-wt-fuer-vollmodulares-system","status":"publish","type":"product","link":"https:\/\/shop.patlite.eu\/de\/produkt\/lr5-50mm-basismodule-mit-anschlussvarianten-kt-wt-fuer-vollmodulares-system\/","title":{"rendered":"LR5 50mm Basismodule mit Anschlussvarianten (KT\/WT) f\u00fcr vollmodulares System"},"content":{"rendered":"<div style=\"width: 50%;\">\n<h3>HIGHLIGHTS<\/h3>\n<div style=\"background-color: #fef2d3; padding: 5px 5px;\">\n<ul>\n<li><strong>vollmodulares<\/strong> System<\/li>\n<li><b>Twist &amp; Lock<\/b>-Funktion<\/li>\n<li>Schutzklasse <strong>IP65<\/strong><\/li>\n<\/ul>\n<\/div>\n<\/div>\n<p>Basismodule der LR-Serie mit einem Durchmesser von 50mm.<\/p>\n<p>Die LR-Serie ist unser Allesk\u00f6nner unter den Signals\u00e4ulen, erh\u00e4ltlich in den Durchmessern 40, 50, 60 und 70mm. Als vollmodulares System bietet diese Serie eine breit gef\u00e4cherte Palette ein Einzelmodulen und Montageoptionen f\u00fcr eine individuelle Konfiguration, deren Montage dank der cleveren &#8222;Twist &amp; Lock&#8220;-Funktion denkbar einfach ist. W\u00e4hlen sie selbst Gr\u00f6\u00dfe, Farbe, Funktion, Spannung, Anschluss und Montageart und erhalten sie so &#8222;St\u00fcck f\u00fcr St\u00fcck&#8220; das auf ihre pers\u00f6nlichen Anforderungen ausgerichtete Produkt.<\/p>\n<p>Mit \u00fcberragender Sichtbarkeit und Ger\u00e4uschanzeige der LED- und Summermodule sowie der robusten Konstruktion (IP65) f\u00fcr raue, nasse Umgebungen ist die LR-Serie f\u00fcr die anspruchsvollsten Anwendungen ger\u00fcstet.<\/p>\n<h4>Technische Daten<\/h4>\n<div class=\"inc_TB\">\n<table class=\"specTB\" border=\"0\" cellspacing=\"0\">\n<tbody>\n<tr>\n<th scope=\"row\">Umgebungstemperatur Betrieb<\/th>\n<td>-20\u2103 &#8211; +50\u2103<\/td>\n<\/tr>\n<tr>\n<th scope=\"row\">Betriebsfeuchtigkeitsbereich<\/th>\n<td>90% rF (relative Luftfeuchtigkeit) oder weniger, keine Kondensation<\/td>\n<\/tr>\n<tr>\n<th scope=\"row\">Lagertemperaturbereich<\/th>\n<td>-30\u2103 &#8211; +60\u2103<\/td>\n<\/tr>\n<tr>\n<th scope=\"row\">Lagerfeuchtigkeitsbereich<\/th>\n<td>90% rF (relative Luftfeuchtigkeit) oder weniger, keine Kondensation<\/td>\n<\/tr>\n<tr>\n<th scope=\"row\">Befestigungsort<\/th>\n<td>Verwendung im Innenbereich<\/td>\n<\/tr>\n<tr>\n<th scope=\"row\">Montagerichtung<\/th>\n<td>Aufrechte Position<\/td>\n<\/tr>\n<tr>\n<th scope=\"row\">Schutzklasse<\/th>\n<td>IP65(IEC 60529) \/ NEMATYP 4X, 13<\/td>\n<\/tr>\n<tr>\n<th scope=\"row\">Umgebungsbedingungen<\/th>\n<td>Aufrechte Position<\/td>\n<\/tr>\n<tr>\n<th scope=\"row\">Isolationswiderstand<\/th>\n<td>\u00dcber 1M\u03a9 bei DC500V zwischen Stromeingangsleitung und Geh\u00e4use<\/td>\n<\/tr>\n<tr>\n<th scope=\"row\">Stehspannung<\/th>\n<td>AC 500V f\u00fcr 1 Minute zwischen Klemmen und Geh\u00e4use ohne Besch\u00e4digung der Isolierung (M2: AC 1500V f\u00fcr 1 min.)<\/td>\n<\/tr>\n<tr>\n<th scope=\"row\">Blinktakt<\/th>\n<td>60 \u00b12 Blinks \/ min<\/td>\n<\/tr>\n<tr>\n<th scope=\"row\">Schallpegel<\/th>\n<td><span class=\"deco\">LR5<\/span>Typ. 85dB\u2003 \u2003 <span class=\"deco\">LR7<\/span>Typ. 90dB<\/td>\n<\/tr>\n<tr>\n<th scope=\"row\">Lautst\u00e4rkereduzierung<sup>*1<\/sup><\/th>\n<td>ab. -10dB Reduzierung<\/td>\n<\/tr>\n<tr>\n<th scope=\"row\">Umgebungsbedingungen<\/th>\n<td>Signalton Nr. 4 (Zischen) aus allen Richtungen bei 1m Abstand<\/td>\n<\/tr>\n<tr>\n<th scope=\"row\">Summerton<\/th>\n<td>4 Muster: <span class=\"deco\">Nr.1 <\/span>Ton mit kurzen Unterbrechungen\u2003 <span class=\"deco\">Nr.2 <\/span>Durchgehender Ton\u2003 <span class=\"deco\">Nr.3 <\/span>Schneller Hoch\/Tief-Takt\u2003 <span class=\"deco\">Nr.4 Z<\/span>ischton<\/td>\n<\/tr>\n<tr>\n<th scope=\"row\">Transistorausgang<\/th>\n<td>NPN \/ PNP<\/td>\n<\/tr>\n<tr>\n<th scope=\"row\">Normen<\/th>\n<td>\u25cfUL 508, CSA-C22.2 No.14<br \/>\n\u25cfFCC Part 15 Subpart B Class A<br \/>\n\u25cfRoHS-Richtlinie (EN IEC 63000)<br \/>\n\u25cfEMV-Richtlinie (EN 61000-6-4, EN 61000-6-2)<br \/>\n\u25cfKC (KN 61000-6-4, KN 61000-6-2)<\/td>\n<\/tr>\n<\/tbody>\n<\/table>\n<p class=\"remarks\">*1: Je nach Einstellungen des DIP-Schalters<\/p>\n<\/div>\n","protected":false},"excerpt":{"rendered":"<p>Basismodule der vollmodularen LR5 Signals\u00e4ulenserie mit einem Durchmesser von 50mm.<\/p>\n","protected":false},"featured_media":6414,"comment_status":"open","ping_status":"closed","template":"","meta":{"_eb_attr":"","_mo_disable_npp":"","_uag_custom_page_level_css":"","_monsterinsights_skip_tracking":false,"_monsterinsights_sitenote_active":false,"_monsterinsights_sitenote_note":"","_monsterinsights_sitenote_category":0,"site-sidebar-layout":"default","site-content-layout":"","ast-site-content-layout":"default","site-content-style":"default","site-sidebar-style":"default","ast-global-header-display":"","ast-banner-title-visibility":"","ast-main-header-display":"","ast-hfb-above-header-display":"","ast-hfb-below-header-display":"","ast-hfb-mobile-header-display":"","site-post-title":"","ast-breadcrumbs-content":"","ast-featured-img":"","footer-sml-layout":"","ast-disable-related-posts":"","theme-transparent-header-meta":"default","adv-header-id-meta":"","stick-header-meta":"default","header-above-stick-meta":"","header-main-stick-meta":"","header-below-stick-meta":"","astra-migrate-meta-layouts":"set","ast-page-background-enabled":"default","ast-page-background-meta":{"desktop":{"background-color":"var(--ast-global-color-4)","background-image":"","background-repeat":"repeat","background-position":"center center","background-size":"auto","background-attachment":"scroll","background-type":"","background-media":"","overlay-type":"","overlay-color":"","overlay-opacity":"","overlay-gradient":""},"tablet":{"background-color":"","background-image":"","background-repeat":"repeat","background-position":"center center","background-size":"auto","background-attachment":"scroll","background-type":"","background-media":"","overlay-type":"","overlay-color":"","overlay-opacity":"","overlay-gradient":""},"mobile":{"background-color":"","background-image":"","background-repeat":"repeat","background-position":"center center","background-size":"auto","background-attachment":"scroll","background-type":"","background-media":"","overlay-type":"","overlay-color":"","overlay-opacity":"","overlay-gradient":""}},"ast-content-background-meta":{"desktop":{"background-color":"var(--ast-global-color-5)","background-image":"","background-repeat":"repeat","background-position":"center center","background-size":"auto","background-attachment":"scroll","background-type":"","background-media":"","overlay-type":"","overlay-color":"","overlay-opacity":"","overlay-gradient":""},"tablet":{"background-color":"var(--ast-global-color-5)","background-image":"","background-repeat":"repeat","background-position":"center center","background-size":"auto","background-attachment":"scroll","background-type":"","background-media":"","overlay-type":"","overlay-color":"","overlay-opacity":"","overlay-gradient":""},"mobile":{"background-color":"var(--ast-global-color-5)","background-image":"","background-repeat":"repeat","background-position":"center center","background-size":"auto","background-attachment":"scroll","background-type":"","background-media":"","overlay-type":"","overlay-color":"","overlay-opacity":"","overlay-gradient":""}}},"product_brand":[],"product_cat":[18,20],"product_tag":[142,170,244,323,94,418],"class_list":{"0":"post-6383","1":"product","2":"type-product","3":"status-publish","4":"has-post-thumbnail","6":"product_cat-signalsaeulen","7":"product_cat-zubehoer","8":"product_tag-lr5","9":"product_tag-signalsaeule","10":"product_tag-lr","11":"product_tag-50mm","12":"product_tag-signalturm","13":"product_tag-modular","14":"pa_durchmesser-50mm","15":"pa_gehaeusefarbe-schwarz","16":"pa_gehaeusefarbe-weiss","17":"pa_gehaeusefarbe-silber","18":"pa_halterung-direkt-montage-mit-klemmleiste","19":"pa_halterung-montagehalterung-mit-ausstanzloechern-und-klemmleiste","20":"pa_schutzklasse-ip65","21":"pa_spannung-24v-dc","22":"desktop-align-center","23":"tablet-align-left","24":"mobile-align-left","25":"ast-product-gallery-layout-horizontal-slider","26":"ast-product-single-variable","27":"ast-product-tabs-layout-horizontal","29":"first","30":"instock","31":"taxable","32":"shipping-taxable","33":"purchasable","34":"product-type-variable"},"spectra_custom_meta":{"total_sales":["13"],"_tax_status":["taxable"],"_tax_class":[""],"_manage_stock":["no"],"_backorders":["no"],"_sold_individually":["no"],"_upsell_ids":["a:2:{i:0;i:3460;i:1;i:3706;}"],"_virtual":["no"],"_downloadable":["no"],"_product_image_gallery":["6412,6410,6408"],"_download_limit":["-1"],"_download_expiry":["-1"],"_stock":[null],"_stock_status":["instock"],"_wc_average_rating":[0],"_wc_review_count":["0"],"_product_attributes":["a:5:{s:14:\"pa_durchmesser\";a:7:{s:4:\"name\";s:14:\"pa_durchmesser\";s:5:\"value\";s:0:\"\";s:8:\"position\";i:0;s:10:\"is_visible\";i:1;s:12:\"is_variation\";i:0;s:11:\"is_taxonomy\";i:1;s:16:\"checkout_visible\";i:0;}s:16:\"pa_gehaeusefarbe\";a:7:{s:4:\"name\";s:16:\"pa_gehaeusefarbe\";s:5:\"value\";s:0:\"\";s:8:\"position\";i:2;s:10:\"is_visible\";i:0;s:12:\"is_variation\";i:1;s:11:\"is_taxonomy\";i:1;s:16:\"checkout_visible\";i:0;}s:12:\"pa_halterung\";a:7:{s:4:\"name\";s:12:\"pa_halterung\";s:5:\"value\";s:0:\"\";s:8:\"position\";i:3;s:10:\"is_visible\";i:0;s:12:\"is_variation\";i:1;s:11:\"is_taxonomy\";i:1;s:16:\"checkout_visible\";i:0;}s:15:\"pa_schutzklasse\";a:7:{s:4:\"name\";s:15:\"pa_schutzklasse\";s:5:\"value\";s:0:\"\";s:8:\"position\";i:4;s:10:\"is_visible\";i:1;s:12:\"is_variation\";i:0;s:11:\"is_taxonomy\";i:1;s:16:\"checkout_visible\";i:0;}s:11:\"pa_spannung\";a:7:{s:4:\"name\";s:11:\"pa_spannung\";s:5:\"value\";s:0:\"\";s:8:\"position\";i:5;s:10:\"is_visible\";i:1;s:12:\"is_variation\";i:0;s:11:\"is_taxonomy\";i:1;s:16:\"checkout_visible\";i:0;}}"],"_product_version":["10.7.0"],"_wpml_word_count":["377"],"_wpml_location_migration_done":["1"],"rank_math_seo_score":["23"],"_wp_page_template":["default"],"_unit":[""],"_unit_base":[""],"_unit_product":[""],"_unit_price_auto":["no"],"_unit_price_regular":[""],"_unit_price":[""],"_unit_price_sale":[""],"_sale_price_label":[""],"_sale_price_regular_label":[""],"_deposit_type":[""],"_mini_desc":[""],"_defect_description":[""],"_nutrient_reference_value":["100g"],"_allergen_ids":["a:0:{}"],"_ingredients":[""],"_nutri_score":[""],"_alcohol_content":[""],"_drained_weight":[""],"_net_filling_quantity":[""],"_food_distributor":[""],"_food_description":[""],"_food_place_of_origin":[""],"_warranty_attachment_id":[""],"_min_age":[""],"_ts_gtin":[""],"_ts_mpn":[""],"_delivery_time_countries":["a:0:{}"],"_deposit_quantity":[""],"_free_shipping":["no"],"_service":["no"],"_photovoltaic_system":["no"],"_used_good":["no"],"_defective_copy":["no"],"_is_food":["no"],"_differential_taxation":["no"],"_gzd_version":["4.0.3"],"_hs_code":["85318070"],"_customs_description":["LR5 Signalturm 50mm"],"_manufacture_country":["ID"],"_is_non_returnable":["no"],"_rank_math_gtin_code":[""],"rank_math_primary_product_cat":["18"],"site-sidebar-layout":["default"],"ast-site-content-layout":["default"],"site-content-style":["default"],"site-sidebar-style":["default"],"theme-transparent-header-meta":["default"],"stick-header-meta":["default"],"_wpml_media_duplicate":["1"],"_wpml_media_featured":["1"],"_monsterinsights_skip_tracking":[""],"_monsterinsights_sitenote_active":[""],"_uf_disable_surveys":[""],"_wpml_post_translation_editor_native":["no"],"_edit_lock":["1771422237:13"],"_edit_last":["13"],"_thumbnail_id":["6414"],"wb_custom_tabs":["a:0:{}"],"rank_math_contentai_score":["a:4:{s:9:\"wordCount\";s:5:\"11.72\";s:9:\"linkCount\";s:1:\"0\";s:12:\"headingCount\";s:4:\"8.89\";s:10:\"mediaCount\";s:5:\"17.78\";}"],"yikes_woo_products_tabs":["a:0:{}"],"rank_math_analytic_object_id":["8"],"pisol_acblw_associated_coupons":[""],"_woosea_brand":[""],"_woosea_mpn":[""],"_woosea_upc":[""],"_woosea_ean":[""],"_woosea_gtin":[""],"_woosea_color":[""],"_woosea_size":[""],"_woosea_gender":[""],"_woosea_material":[""],"_woosea_pattern":[""],"_woosea_optimized_title":[""],"_woosea_unit_pricing_measure":[""],"_woosea_unit_pricing_base_measure":[""],"_woosea_condition":[""],"_woosea_age_group":[""],"_woosea_installment_months":[""],"_woosea_installment_amount":[""],"_woosea_exclude_product":["no"],"_woosea_cost_of_good_sold":[""],"_woosea_multipack":[""],"_woosea_is_bundle":[""],"_woosea_energy_efficiency_class":[""],"_woosea_min_energy_efficiency_class":[""],"_woosea_max_energy_efficiency_class":[""],"_woosea_is_promotion":[""],"_woosea_custom_field_0":[""],"_woosea_custom_field_1":[""],"_woosea_custom_field_2":[""],"_woosea_custom_field_3":[""],"_woosea_custom_field_4":[""],"_nutrient_ids":["a:0:{}"],"_shipping_length":[""],"_shipping_width":[""],"_shipping_height":[""],"wpr_secondary_image_id":["0"],"fb_product_group_id":["7996832753660705"],"bm_all_customers_copy_for_group":["copy"],"bm_all_customers_bulk_copy_for_group":["copy"],"bm_pleu-test_copy_for_group":["copy"],"bm_pleu-test_bulk_copy_for_group":["copy"],"bm_customer_copy_for_group":["copy"],"bm_customer_bulk_copy_for_group":["copy"],"bm_guest_copy_for_group":["copy"],"bm_guest_bulk_copy_for_group":["copy"],"_manufacturer_slug":[""],"_safety_instructions":[""],"_safety_attachment_ids":["a:0:{}"],"mailoptinWooCommerceSelectIntegration":[""],"_wc_facebook_commerce_enabled":["no"],"rank_math_primary_fb_product_set":["0"],"astra-migrate-meta-layouts":["set"],"_wc_facebook_sync_enabled":["yes"],"fb_visibility":["yes"],"_wc_facebook_sync_enabled_v2":["yes"],"_eb_reusable_block_ids":["a:0:{}"],"copied_media_ids":["a:0:{}"],"referenced_media_ids":["a:4:{i:0;i:6414;i:1;i:6412;i:2;i:6410;i:3;i:6408;}"],"_eb_attr":[""],"_mo_disable_npp":[""],"_uag_custom_page_level_css":[""],"site-content-layout":[""],"ast-global-header-display":[""],"ast-banner-title-visibility":[""],"ast-main-header-display":[""],"ast-hfb-above-header-display":[""],"ast-hfb-below-header-display":[""],"ast-hfb-mobile-header-display":[""],"site-post-title":[""],"ast-breadcrumbs-content":[""],"ast-featured-img":[""],"footer-sml-layout":[""],"ast-disable-related-posts":[""],"adv-header-id-meta":[""],"header-above-stick-meta":[""],"header-main-stick-meta":[""],"header-below-stick-meta":[""],"ast-page-background-enabled":["default"],"ast-page-background-meta":["a:3:{s:7:\"desktop\";a:12:{s:16:\"background-color\";s:25:\"var(--ast-global-color-4)\";s:16:\"background-image\";s:0:\"\";s:17:\"background-repeat\";s:6:\"repeat\";s:19:\"background-position\";s:13:\"center center\";s:15:\"background-size\";s:4:\"auto\";s:21:\"background-attachment\";s:6:\"scroll\";s:15:\"background-type\";s:0:\"\";s:16:\"background-media\";s:0:\"\";s:12:\"overlay-type\";s:0:\"\";s:13:\"overlay-color\";s:0:\"\";s:15:\"overlay-opacity\";s:0:\"\";s:16:\"overlay-gradient\";s:0:\"\";}s:6:\"tablet\";a:12:{s:16:\"background-color\";s:0:\"\";s:16:\"background-image\";s:0:\"\";s:17:\"background-repeat\";s:6:\"repeat\";s:19:\"background-position\";s:13:\"center center\";s:15:\"background-size\";s:4:\"auto\";s:21:\"background-attachment\";s:6:\"scroll\";s:15:\"background-type\";s:0:\"\";s:16:\"background-media\";s:0:\"\";s:12:\"overlay-type\";s:0:\"\";s:13:\"overlay-color\";s:0:\"\";s:15:\"overlay-opacity\";s:0:\"\";s:16:\"overlay-gradient\";s:0:\"\";}s:6:\"mobile\";a:12:{s:16:\"background-color\";s:0:\"\";s:16:\"background-image\";s:0:\"\";s:17:\"background-repeat\";s:6:\"repeat\";s:19:\"background-position\";s:13:\"center center\";s:15:\"background-size\";s:4:\"auto\";s:21:\"background-attachment\";s:6:\"scroll\";s:15:\"background-type\";s:0:\"\";s:16:\"background-media\";s:0:\"\";s:12:\"overlay-type\";s:0:\"\";s:13:\"overlay-color\";s:0:\"\";s:15:\"overlay-opacity\";s:0:\"\";s:16:\"overlay-gradient\";s:0:\"\";}}"],"ast-content-background-meta":["a:3:{s:7:\"desktop\";a:12:{s:16:\"background-color\";s:25:\"var(--ast-global-color-5)\";s:16:\"background-image\";s:0:\"\";s:17:\"background-repeat\";s:6:\"repeat\";s:19:\"background-position\";s:13:\"center center\";s:15:\"background-size\";s:4:\"auto\";s:21:\"background-attachment\";s:6:\"scroll\";s:15:\"background-type\";s:0:\"\";s:16:\"background-media\";s:0:\"\";s:12:\"overlay-type\";s:0:\"\";s:13:\"overlay-color\";s:0:\"\";s:15:\"overlay-opacity\";s:0:\"\";s:16:\"overlay-gradient\";s:0:\"\";}s:6:\"tablet\";a:12:{s:16:\"background-color\";s:25:\"var(--ast-global-color-5)\";s:16:\"background-image\";s:0:\"\";s:17:\"background-repeat\";s:6:\"repeat\";s:19:\"background-position\";s:13:\"center center\";s:15:\"background-size\";s:4:\"auto\";s:21:\"background-attachment\";s:6:\"scroll\";s:15:\"background-type\";s:0:\"\";s:16:\"background-media\";s:0:\"\";s:12:\"overlay-type\";s:0:\"\";s:13:\"overlay-color\";s:0:\"\";s:15:\"overlay-opacity\";s:0:\"\";s:16:\"overlay-gradient\";s:0:\"\";}s:6:\"mobile\";a:12:{s:16:\"background-color\";s:25:\"var(--ast-global-color-5)\";s:16:\"background-image\";s:0:\"\";s:17:\"background-repeat\";s:6:\"repeat\";s:19:\"background-position\";s:13:\"center center\";s:15:\"background-size\";s:4:\"auto\";s:21:\"background-attachment\";s:6:\"scroll\";s:15:\"background-type\";s:0:\"\";s:16:\"background-media\";s:0:\"\";s:12:\"overlay-type\";s:0:\"\";s:13:\"overlay-color\";s:0:\"\";s:15:\"overlay-opacity\";s:0:\"\";s:16:\"overlay-gradient\";s:0:\"\";}}"],"_elementor_edit_mode":[""],"_elementor_template_type":[""],"_elementor_data":[""],"_elementor_conditions":["a:0:{}"],"wppfm_exclude_from_feed":["no"],"_is_non_alcoholic":["no"],"_wireless_electronic_device":["no"],"_device_contains_power_supply":["no"],"_device_charging_supports_usb_pd":["no"],"_device_charging_watt_min":[""],"_device_charging_watt_max":[""],"_mid_code":[""],"_ship_separately_via":[""],"_shipping_weight":[""],"_last_change_time":["1771422232"],"fb_product_video":["a:0:{}"],"fb_brand":[""],"fb_mpn":[""],"fb_size":[""],"fb_color":[""],"fb_material":[""],"fb_pattern":[""],"fb_age_group":[""],"fb_gender":[""],"fb_product_condition":[""],"fb_product_description":[""],"fb_rich_text_description":[""],"_wc_facebook_product_image_source":["product"],"_uag_css_file_name":["uag-css-6383.css"],"rank_math_internal_links_processed":["1"],"_default_delivery_time":[""],"_price":["35.90","36.80","39.60"],"_wcml_average_rating":[null],"_wcml_review_count":[null],"_wcml_rating_count":[null],"_max_variation_price":[""],"_max_variation_regular_price":[""],"_max_variation_sale_price":[""],"_min_variation_price":[""],"_min_variation_regular_price":[""],"_min_variation_sale_price":[""],"_regular_price":[""],"_sale_price":[""],"_wc_rating_count":[""]},"uagb_featured_image_src":{"full":["https:\/\/shop.patlite.eu\/wp-content\/uploads\/2024\/01\/Patlite_LR5_Basismodule_Signalsaeule_50mm_schwarz_silber_weiss_Uebersicht.png",1200,800,false],"thumbnail":["https:\/\/shop.patlite.eu\/wp-content\/uploads\/2024\/01\/Patlite_LR5_Basismodule_Signalsaeule_50mm_schwarz_silber_weiss_Uebersicht-150x150.png",150,150,true],"medium":["https:\/\/shop.patlite.eu\/wp-content\/uploads\/2024\/01\/Patlite_LR5_Basismodule_Signalsaeule_50mm_schwarz_silber_weiss_Uebersicht-300x200.png",300,200,true],"medium_large":["https:\/\/shop.patlite.eu\/wp-content\/uploads\/2024\/01\/Patlite_LR5_Basismodule_Signalsaeule_50mm_schwarz_silber_weiss_Uebersicht-768x512.png",768,512,true],"large":["https:\/\/shop.patlite.eu\/wp-content\/uploads\/2024\/01\/Patlite_LR5_Basismodule_Signalsaeule_50mm_schwarz_silber_weiss_Uebersicht-1024x683.png",1024,683,true],"1536x1536":["https:\/\/shop.patlite.eu\/wp-content\/uploads\/2024\/01\/Patlite_LR5_Basismodule_Signalsaeule_50mm_schwarz_silber_weiss_Uebersicht.png",1200,800,false],"2048x2048":["https:\/\/shop.patlite.eu\/wp-content\/uploads\/2024\/01\/Patlite_LR5_Basismodule_Signalsaeule_50mm_schwarz_silber_weiss_Uebersicht.png",1200,800,false],"woocommerce_thumbnail":["https:\/\/shop.patlite.eu\/wp-content\/uploads\/2024\/01\/Patlite_LR5_Basismodule_Signalsaeule_50mm_schwarz_silber_weiss_Uebersicht-400x267.png",400,267,true],"woocommerce_single":["https:\/\/shop.patlite.eu\/wp-content\/uploads\/2024\/01\/Patlite_LR5_Basismodule_Signalsaeule_50mm_schwarz_silber_weiss_Uebersicht.png",1200,800,false],"woocommerce_gallery_thumbnail":["https:\/\/shop.patlite.eu\/wp-content\/uploads\/2024\/01\/Patlite_LR5_Basismodule_Signalsaeule_50mm_schwarz_silber_weiss_Uebersicht-100x100.png",100,100,true],"dgwt-wcas-product-suggestion":["https:\/\/shop.patlite.eu\/wp-content\/uploads\/2024\/01\/Patlite_LR5_Basismodule_Signalsaeule_50mm_schwarz_silber_weiss_Uebersicht.png",64,43,false]},"uagb_author_info":{"display_name":"Andreas Gaitzsch","author_link":"https:\/\/shop.patlite.eu\/de\/author\/"},"uagb_comment_info":0,"uagb_excerpt":"Basismodule der vollmodularen LR5 Signals\u00e4ulenserie mit einem Durchmesser von 50mm.","_links":{"self":[{"href":"https:\/\/shop.patlite.eu\/de\/wp-json\/wp\/v2\/product\/6383","targetHints":{"allow":["GET"]}}],"collection":[{"href":"https:\/\/shop.patlite.eu\/de\/wp-json\/wp\/v2\/product"}],"about":[{"href":"https:\/\/shop.patlite.eu\/de\/wp-json\/wp\/v2\/types\/product"}],"replies":[{"embeddable":true,"href":"https:\/\/shop.patlite.eu\/de\/wp-json\/wp\/v2\/comments?post=6383"}],"version-history":[{"count":6,"href":"https:\/\/shop.patlite.eu\/de\/wp-json\/wp\/v2\/product\/6383\/revisions"}],"predecessor-version":[{"id":13362,"href":"https:\/\/shop.patlite.eu\/de\/wp-json\/wp\/v2\/product\/6383\/revisions\/13362"}],"wp:featuredmedia":[{"embeddable":true,"href":"https:\/\/shop.patlite.eu\/de\/wp-json\/wp\/v2\/media\/6414"}],"wp:attachment":[{"href":"https:\/\/shop.patlite.eu\/de\/wp-json\/wp\/v2\/media?parent=6383"}],"wp:term":[{"taxonomy":"product_brand","embeddable":true,"href":"https:\/\/shop.patlite.eu\/de\/wp-json\/wp\/v2\/product_brand?post=6383"},{"taxonomy":"product_cat","embeddable":true,"href":"https:\/\/shop.patlite.eu\/de\/wp-json\/wp\/v2\/product_cat?post=6383"},{"taxonomy":"product_tag","embeddable":true,"href":"https:\/\/shop.patlite.eu\/de\/wp-json\/wp\/v2\/product_tag?post=6383"}],"curies":[{"name":"wp","href":"https:\/\/api.w.org\/{rel}","templated":true}]}}