{"id":6196,"date":"2024-01-24T00:28:00","date_gmt":"2024-01-23T23:28:00","guid":{"rendered":"https:\/\/shop.patlite.eu\/?post_type=product&#038;p=6196"},"modified":"2026-05-04T21:01:21","modified_gmt":"2026-05-04T19:01:21","slug":"lr7-70mm-basismodule-mit-anschlussvarianten-kt-wt-fuer-vollmodulares-system","status":"publish","type":"product","link":"https:\/\/shop.patlite.eu\/de\/produkt\/lr7-70mm-basismodule-mit-anschlussvarianten-kt-wt-fuer-vollmodulares-system\/","title":{"rendered":"LR7 70mm Basismodule mit Anschlussvarianten (KT\/WT) f\u00fcr vollmodulares System"},"content":{"rendered":"<div style=\"width: 50%\">\n<h3>HIGHLIGHTS<\/h3>\n<div style=\"background-color: #fef2d3;padding: 5px 5px\">\n<ul>\n<li><strong>vollmodulares <\/strong>System<strong><br \/>\n<\/strong><\/li>\n<li><strong>Twist &amp; Lock<\/strong> Funktion<\/li>\n<li>Schutzklasse <strong>IP65*<\/strong><\/li>\n<\/ul>\n<\/div>\n<\/div>\n<p>&nbsp;<\/p>\n<p>Basismodule der LR-Serie mit einem Durchmesser von 70mm.<\/p>\n<p>Die LR-Serie ist unser Allesk\u00f6nner unter den Signals\u00e4ulen, erh\u00e4ltlich in den Durchmessern 40, 50, 60 und 70mm. Als vollmodulares System bietet diese Serie eine breit gef\u00e4cherte Palette ein Einzelmodulen und Montageoptionen f\u00fcr eine individuelle Konfiguration, deren Montage dank der cleveren &#8222;Twist &amp; Lock&#8220;-Funktion denkbar einfach ist. W\u00e4hlen sie selbst Gr\u00f6\u00dfe, Farbe, Funktion, Spannung, Anschluss und Montageart und erhalten sie so &#8222;St\u00fcck f\u00fcr St\u00fcck&#8220; das auf ihre pers\u00f6nlichen Anforderungen ausgerichtete Produkt.<br \/>\nMit \u00fcberragender Sichtbarkeit und Ger\u00e4uschanzeige der LED- und Summermodule sowie der robusten Konstruktion (IP65) f\u00fcr raue, nasse Umgebungen ist die LR-Serie f\u00fcr die anspruchsvollsten Anwendungen ger\u00fcstet.<\/p>\n<p>Die LR-7 Signals\u00e4ule ist auch als vorkonfektionierte Version mit 3 LED-Ebenen in Rot, Gelb, Gr\u00fcn in der Farbe Wei\u00df erh\u00e4ltlich.<\/p>\n<p><span style=\"font-size: 10pt\">*Bei Montage an POLE22-\u25a1\u25a1\u25a1\u25a1AT: Schutzklasse IP54(IEC 60529) \/ NEMA TYPE 4X,13&#8243;\u00a0<\/span><\/p>\n","protected":false},"excerpt":{"rendered":"<p>Basismodule der vollmodularen LR-7 Signals\u00e4ulenserie mit einem Durchmesser von 70mm.<\/p>\n","protected":false},"featured_media":6242,"comment_status":"open","ping_status":"closed","template":"","meta":{"_eb_attr":"","_mo_disable_npp":"","_uag_custom_page_level_css":"","_monsterinsights_skip_tracking":false,"_monsterinsights_sitenote_active":false,"_monsterinsights_sitenote_note":"","_monsterinsights_sitenote_category":0,"site-sidebar-layout":"default","site-content-layout":"","ast-site-content-layout":"default","site-content-style":"default","site-sidebar-style":"default","ast-global-header-display":"","ast-banner-title-visibility":"","ast-main-header-display":"","ast-hfb-above-header-display":"","ast-hfb-below-header-display":"","ast-hfb-mobile-header-display":"","site-post-title":"","ast-breadcrumbs-content":"","ast-featured-img":"","footer-sml-layout":"","ast-disable-related-posts":"","theme-transparent-header-meta":"default","adv-header-id-meta":"","stick-header-meta":"default","header-above-stick-meta":"","header-main-stick-meta":"","header-below-stick-meta":"","astra-migrate-meta-layouts":"set","ast-page-background-enabled":"default","ast-page-background-meta":{"desktop":{"background-color":"var(--ast-global-color-4)","background-image":"","background-repeat":"repeat","background-position":"center center","background-size":"auto","background-attachment":"scroll","background-type":"","background-media":"","overlay-type":"","overlay-color":"","overlay-opacity":"","overlay-gradient":""},"tablet":{"background-color":"","background-image":"","background-repeat":"repeat","background-position":"center center","background-size":"auto","background-attachment":"scroll","background-type":"","background-media":"","overlay-type":"","overlay-color":"","overlay-opacity":"","overlay-gradient":""},"mobile":{"background-color":"","background-image":"","background-repeat":"repeat","background-position":"center center","background-size":"auto","background-attachment":"scroll","background-type":"","background-media":"","overlay-type":"","overlay-color":"","overlay-opacity":"","overlay-gradient":""}},"ast-content-background-meta":{"desktop":{"background-color":"var(--ast-global-color-5)","background-image":"","background-repeat":"repeat","background-position":"center center","background-size":"auto","background-attachment":"scroll","background-type":"","background-media":"","overlay-type":"","overlay-color":"","overlay-opacity":"","overlay-gradient":""},"tablet":{"background-color":"var(--ast-global-color-5)","background-image":"","background-repeat":"repeat","background-position":"center center","background-size":"auto","background-attachment":"scroll","background-type":"","background-media":"","overlay-type":"","overlay-color":"","overlay-opacity":"","overlay-gradient":""},"mobile":{"background-color":"var(--ast-global-color-5)","background-image":"","background-repeat":"repeat","background-position":"center center","background-size":"auto","background-attachment":"scroll","background-type":"","background-media":"","overlay-type":"","overlay-color":"","overlay-opacity":"","overlay-gradient":""}}},"product_brand":[],"product_cat":[18,20],"product_tag":[170,172,212,244,94,336,95],"class_list":{"0":"post-6196","1":"product","2":"type-product","3":"status-publish","4":"has-post-thumbnail","6":"product_cat-signalsaeulen","7":"product_cat-zubehoer","8":"product_tag-signalsaeule","9":"product_tag-led-leuchte","10":"product_tag-lr7","11":"product_tag-lr","12":"product_tag-signalturm","13":"product_tag-70mm","14":"product_tag-turmlicht","15":"pa_durchmesser-70mm","16":"pa_gehaeusefarbe-weiss","17":"pa_gehaeusefarbe-silber","18":"pa_gehaeusefarbe-schwarz","19":"pa_halterung-montagehalterung-mit-ausstanzloechern-und-klemmleiste","20":"pa_halterung-direkt-montage-mit-klemmleiste","21":"pa_schutzklasse-ip65","22":"pa_spannung-24v","23":"desktop-align-center","24":"tablet-align-left","25":"mobile-align-left","26":"ast-product-gallery-layout-horizontal-slider","27":"ast-product-single-variable","28":"ast-product-tabs-layout-horizontal","30":"first","31":"instock","32":"taxable","33":"shipping-taxable","34":"purchasable","35":"product-type-variable"},"spectra_custom_meta":{"total_sales":["1"],"_tax_status":["taxable"],"_tax_class":[""],"_manage_stock":["no"],"_backorders":["no"],"_sold_individually":["no"],"_virtual":["no"],"_downloadable":["no"],"_download_limit":["-1"],"_download_expiry":["-1"],"_stock":[null],"_stock_status":["instock"],"_wc_average_rating":[0],"_wc_review_count":["0"],"_product_attributes":["a:5:{s:14:\"pa_durchmesser\";a:7:{s:4:\"name\";s:14:\"pa_durchmesser\";s:5:\"value\";s:0:\"\";s:8:\"position\";i:0;s:10:\"is_visible\";i:1;s:12:\"is_variation\";i:0;s:11:\"is_taxonomy\";i:1;s:16:\"checkout_visible\";i:0;}s:16:\"pa_gehaeusefarbe\";a:7:{s:4:\"name\";s:16:\"pa_gehaeusefarbe\";s:5:\"value\";s:0:\"\";s:8:\"position\";i:1;s:10:\"is_visible\";i:0;s:12:\"is_variation\";i:1;s:11:\"is_taxonomy\";i:1;s:16:\"checkout_visible\";i:0;}s:12:\"pa_halterung\";a:7:{s:4:\"name\";s:12:\"pa_halterung\";s:5:\"value\";s:0:\"\";s:8:\"position\";i:2;s:10:\"is_visible\";i:0;s:12:\"is_variation\";i:1;s:11:\"is_taxonomy\";i:1;s:16:\"checkout_visible\";i:0;}s:15:\"pa_schutzklasse\";a:7:{s:4:\"name\";s:15:\"pa_schutzklasse\";s:5:\"value\";s:0:\"\";s:8:\"position\";i:3;s:10:\"is_visible\";i:1;s:12:\"is_variation\";i:0;s:11:\"is_taxonomy\";i:1;s:16:\"checkout_visible\";i:0;}s:11:\"pa_spannung\";a:7:{s:4:\"name\";s:11:\"pa_spannung\";s:5:\"value\";s:0:\"\";s:8:\"position\";i:4;s:10:\"is_visible\";i:1;s:12:\"is_variation\";i:0;s:11:\"is_taxonomy\";i:1;s:16:\"checkout_visible\";i:0;}}"],"_product_version":["10.7.0"],"_wpml_word_count":["{\"total\":185,\"to_translate\":{\"en\":185}}"],"_wpml_location_migration_done":["1"],"rank_math_seo_score":["17"],"_wp_page_template":["default"],"_unit":[""],"_unit_base":[""],"_unit_product":[""],"_unit_price_auto":["no"],"_unit_price_regular":[""],"_unit_price":[""],"_unit_price_sale":[""],"_sale_price_label":[""],"_sale_price_regular_label":[""],"_deposit_type":[""],"_mini_desc":[""],"_defect_description":[""],"_nutrient_reference_value":["100g"],"_allergen_ids":["a:0:{}"],"_ingredients":[""],"_nutri_score":[""],"_alcohol_content":[""],"_drained_weight":[""],"_net_filling_quantity":[""],"_food_distributor":[""],"_food_description":[""],"_food_place_of_origin":[""],"_warranty_attachment_id":[""],"_min_age":[""],"_ts_gtin":[""],"_ts_mpn":[""],"_delivery_time_countries":["a:0:{}"],"_deposit_quantity":[""],"_free_shipping":["no"],"_service":["no"],"_photovoltaic_system":["no"],"_used_good":["no"],"_defective_copy":["no"],"_is_food":["no"],"_differential_taxation":["no"],"_gzd_version":["4.0.3"],"_hs_code":["85318070"],"_customs_description":["LR7 70mm-LED-Signals\u00e4ule"],"_manufacture_country":["ID"],"_is_non_returnable":["no"],"_rank_math_gtin_code":[""],"rank_math_primary_product_cat":["18"],"site-sidebar-layout":["default"],"ast-site-content-layout":["default"],"site-content-style":["default"],"site-sidebar-style":["default"],"theme-transparent-header-meta":["default"],"stick-header-meta":["default"],"_wpml_media_duplicate":["1"],"_wpml_media_featured":["1"],"_monsterinsights_skip_tracking":["0"],"_monsterinsights_sitenote_active":["0"],"_uf_disable_surveys":[""],"_edit_lock":["1734596801:3"],"_edit_last":["3"],"_upsell_ids":["a:5:{i:0;i:5372;i:1;i:3669;i:2;i:3682;i:3;i:3848;i:4;i:5453;}"],"_thumbnail_id":["6242"],"_product_image_gallery":["6240,6238,10034,6236,10040,6234,10050,10042,10052,10036,10046,10044,10048,10038"],"_wp_old_slug":["lr7-70mm-led-signalsaeule-vollmodulares-system","lr7-70mm-modulare-led-signalsaeule-basismodul-mit-anschlussvarianten-kt-wt"],"wb_custom_tabs":["a:0:{}"],"rank_math_contentai_score":["a:4:{s:9:\"wordCount\";s:4:\"6.17\";s:9:\"linkCount\";s:1:\"0\";s:12:\"headingCount\";s:4:\"8.89\";s:10:\"mediaCount\";s:5:\"22.22\";}"],"yikes_woo_products_tabs":["a:0:{}"],"rank_math_analytic_object_id":["13"],"pisol_acblw_associated_coupons":[""],"_woosea_brand":[""],"_woosea_mpn":[""],"_woosea_upc":[""],"_woosea_ean":[""],"_woosea_gtin":[""],"_woosea_color":[""],"_woosea_size":[""],"_woosea_gender":[""],"_woosea_material":[""],"_woosea_pattern":[""],"_woosea_optimized_title":[""],"_woosea_unit_pricing_measure":[""],"_woosea_unit_pricing_base_measure":[""],"_woosea_condition":[""],"_woosea_age_group":[""],"_woosea_installment_months":[""],"_woosea_installment_amount":[""],"_woosea_exclude_product":["no"],"_woosea_cost_of_good_sold":[""],"_woosea_multipack":[""],"_woosea_is_bundle":[""],"_woosea_energy_efficiency_class":[""],"_woosea_min_energy_efficiency_class":[""],"_woosea_max_energy_efficiency_class":[""],"_woosea_is_promotion":[""],"_woosea_custom_field_0":[""],"_woosea_custom_field_1":[""],"_woosea_custom_field_2":[""],"_woosea_custom_field_3":[""],"_woosea_custom_field_4":[""],"_nutrient_ids":["a:0:{}"],"_shipping_length":[""],"_shipping_width":[""],"_shipping_height":[""],"wpr_secondary_image_id":["0"],"fb_product_group_id":["26430375643227963"],"_wc_facebook_commerce_enabled":["no"],"rank_math_primary_fb_product_set":["0","0"],"bm_all_customers_copy_for_group":["copy"],"bm_all_customers_bulk_copy_for_group":["copy"],"bm_pleu-test_copy_for_group":["copy"],"bm_pleu-test_bulk_copy_for_group":["copy"],"bm_customer_copy_for_group":["copy"],"bm_customer_bulk_copy_for_group":["copy"],"bm_guest_copy_for_group":["copy"],"bm_guest_bulk_copy_for_group":["copy"],"_manufacturer_slug":[""],"_safety_instructions":[""],"_safety_attachment_ids":["a:0:{}"],"mailoptinWooCommerceSelectIntegration":[""],"astra-migrate-meta-layouts":["set"],"_wc_facebook_sync_enabled":["yes"],"fb_visibility":["yes"],"_wc_facebook_sync_enabled_v2":["yes"],"_eb_reusable_block_ids":["a:0:{}"],"copied_media_ids":["a:0:{}"],"referenced_media_ids":["a:15:{i:0;i:6242;i:1;i:6240;i:2;i:6238;i:3;i:10034;i:4;i:6236;i:5;i:10040;i:6;i:6234;i:7;i:10050;i:8;i:10042;i:9;i:10052;i:10;i:10036;i:11;i:10046;i:12;i:10044;i:13;i:10048;i:14;i:10038;}"],"_uag_css_file_name":["uag-css-6196.css"],"rank_math_internal_links_processed":["1"],"_is_non_alcoholic":["no"],"_default_delivery_time":[""],"_wireless_electronic_device":["no"],"_device_contains_power_supply":["no"],"_device_charging_supports_usb_pd":["no"],"_last_change_time":["1777367258"],"_price":["40.60","48.20"],"_wcml_average_rating":[null],"_wcml_review_count":[null],"_wcml_rating_count":[null],"_uag_page_assets":["a:9:{s:3:\"css\";s:2486:\".uag-blocks-common-selector{z-index:var(--z-index-desktop) !important}@media(max-width: 976px){.uag-blocks-common-selector{z-index:var(--z-index-tablet) !important}}@media(max-width: 767px){.uag-blocks-common-selector{z-index:var(--z-index-mobile) !important}}.wp-block-uagb-advanced-heading h1,.wp-block-uagb-advanced-heading h2,.wp-block-uagb-advanced-heading h3,.wp-block-uagb-advanced-heading h4,.wp-block-uagb-advanced-heading h5,.wp-block-uagb-advanced-heading h6,.wp-block-uagb-advanced-heading p,.wp-block-uagb-advanced-heading div{word-break:break-word}.wp-block-uagb-advanced-heading .uagb-heading-text{margin:0}.wp-block-uagb-advanced-heading .uagb-desc-text{margin:0}.wp-block-uagb-advanced-heading .uagb-separator{font-size:0;border-top-style:solid;display:inline-block;margin:0 0 10px 0}.wp-block-uagb-advanced-heading .uagb-highlight{color:#f78a0c;border:0;transition:all .3s ease}.uag-highlight-toolbar{border-left:0;border-top:0;border-bottom:0;border-radius:0;border-right-color:#1e1e1e}.uag-highlight-toolbar .components-button{border-radius:0;outline:none}.uag-highlight-toolbar .components-button.is-primary{color:#fff}.wp-block-uagb-advanced-heading.uagb-block-b484dae9.wp-block-uagb-advanced-heading .uagb-desc-text{margin-bottom: 15px;}.wp-block-uagb-advanced-heading.uagb-block-b484dae9.wp-block-uagb-advanced-heading .uagb-highlight{font-style: normal;font-weight: Default;background: #007cba;color: #fff;-webkit-text-fill-color: #fff;}.wp-block-uagb-advanced-heading.uagb-block-b484dae9.wp-block-uagb-advanced-heading .uagb-highlight::-moz-selection{color: #fff;background: #007cba;-webkit-text-fill-color: #fff;}.wp-block-uagb-advanced-heading.uagb-block-b484dae9.wp-block-uagb-advanced-heading .uagb-highlight::selection{color: #fff;background: #007cba;-webkit-text-fill-color: #fff;}.wp-block-uagb-advanced-heading.uagb-block-c451812a.wp-block-uagb-advanced-heading .uagb-desc-text{margin-bottom: 15px;}.wp-block-uagb-advanced-heading.uagb-block-c451812a.wp-block-uagb-advanced-heading .uagb-highlight{font-style: normal;font-weight: Default;background: #007cba;color: #fff;-webkit-text-fill-color: #fff;}.wp-block-uagb-advanced-heading.uagb-block-c451812a.wp-block-uagb-advanced-heading .uagb-highlight::-moz-selection{color: #fff;background: #007cba;-webkit-text-fill-color: #fff;}.wp-block-uagb-advanced-heading.uagb-block-c451812a.wp-block-uagb-advanced-heading .uagb-highlight::selection{color: #fff;background: #007cba;-webkit-text-fill-color: #fff;}\";s:2:\"js\";s:0:\"\";s:18:\"current_block_list\";a:21:{i:0;s:11:\"core\/search\";i:1;s:10:\"core\/group\";i:2;s:12:\"core\/heading\";i:3;s:17:\"core\/latest-posts\";i:4;s:20:\"core\/latest-comments\";i:5;s:13:\"core\/archives\";i:6;s:15:\"core\/categories\";i:7;s:24:\"woocommerce\/price-filter\";i:8;s:17:\"core\/widget-group\";i:9;s:27:\"woocommerce\/product-on-sale\";i:10;s:12:\"core\/columns\";i:11;s:11:\"core\/column\";i:13;s:14:\"core\/paragraph\";i:14;s:21:\"uagb\/advanced-heading\";i:15;s:12:\"core\/details\";i:16;s:17:\"core\/social-links\";i:17;s:16:\"core\/social-link\";i:18;s:30:\"woocommerce\/product-categories\";i:19;s:22:\"wpml\/language-switcher\";i:20;s:14:\"core\/shortcode\";i:21;s:32:\"advanced-woo-search\/search-block\";}s:8:\"uag_flag\";b:1;s:11:\"uag_version\";s:10:\"1777921681\";s:6:\"gfonts\";a:1:{s:7:\"Default\";a:2:{s:10:\"fontfamily\";s:7:\"Default\";s:12:\"fontvariants\";a:0:{}}}s:10:\"gfonts_url\";s:0:\"\";s:12:\"gfonts_files\";a:0:{}s:14:\"uag_faq_layout\";b:0;}"],"_max_variation_price":[""],"_max_variation_regular_price":[""],"_max_variation_sale_price":[""],"_min_variation_price":[""],"_min_variation_regular_price":[""],"_min_variation_sale_price":[""],"_regular_price":[""],"_sale_price":[""],"_wc_rating_count":[""]},"uagb_featured_image_src":{"full":["https:\/\/shop.patlite.eu\/wp-content\/uploads\/2024\/01\/Patlite_LR7_LED_Signalsaeule_Basismodule_Uebersicht.png",1200,800,false],"thumbnail":["https:\/\/shop.patlite.eu\/wp-content\/uploads\/2024\/01\/Patlite_LR7_LED_Signalsaeule_Basismodule_Uebersicht-150x150.png",150,150,true],"medium":["https:\/\/shop.patlite.eu\/wp-content\/uploads\/2024\/01\/Patlite_LR7_LED_Signalsaeule_Basismodule_Uebersicht-300x200.png",300,200,true],"medium_large":["https:\/\/shop.patlite.eu\/wp-content\/uploads\/2024\/01\/Patlite_LR7_LED_Signalsaeule_Basismodule_Uebersicht-768x512.png",768,512,true],"large":["https:\/\/shop.patlite.eu\/wp-content\/uploads\/2024\/01\/Patlite_LR7_LED_Signalsaeule_Basismodule_Uebersicht-1024x683.png",1024,683,true],"1536x1536":["https:\/\/shop.patlite.eu\/wp-content\/uploads\/2024\/01\/Patlite_LR7_LED_Signalsaeule_Basismodule_Uebersicht.png",1200,800,false],"2048x2048":["https:\/\/shop.patlite.eu\/wp-content\/uploads\/2024\/01\/Patlite_LR7_LED_Signalsaeule_Basismodule_Uebersicht.png",1200,800,false],"woocommerce_thumbnail":["https:\/\/shop.patlite.eu\/wp-content\/uploads\/2024\/01\/Patlite_LR7_LED_Signalsaeule_Basismodule_Uebersicht-400x267.png",400,267,true],"woocommerce_single":["https:\/\/shop.patlite.eu\/wp-content\/uploads\/2024\/01\/Patlite_LR7_LED_Signalsaeule_Basismodule_Uebersicht.png",1200,800,false],"woocommerce_gallery_thumbnail":["https:\/\/shop.patlite.eu\/wp-content\/uploads\/2024\/01\/Patlite_LR7_LED_Signalsaeule_Basismodule_Uebersicht-100x100.png",100,100,true],"dgwt-wcas-product-suggestion":["https:\/\/shop.patlite.eu\/wp-content\/uploads\/2024\/01\/Patlite_LR7_LED_Signalsaeule_Basismodule_Uebersicht.png",64,43,false]},"uagb_author_info":{"display_name":"Konstantin Will","author_link":"https:\/\/shop.patlite.eu\/de\/author\/"},"uagb_comment_info":0,"uagb_excerpt":"Basismodule der vollmodularen LR-7 Signals\u00e4ulenserie mit einem Durchmesser von 70mm.","_links":{"self":[{"href":"https:\/\/shop.patlite.eu\/de\/wp-json\/wp\/v2\/product\/6196","targetHints":{"allow":["GET"]}}],"collection":[{"href":"https:\/\/shop.patlite.eu\/de\/wp-json\/wp\/v2\/product"}],"about":[{"href":"https:\/\/shop.patlite.eu\/de\/wp-json\/wp\/v2\/types\/product"}],"replies":[{"embeddable":true,"href":"https:\/\/shop.patlite.eu\/de\/wp-json\/wp\/v2\/comments?post=6196"}],"version-history":[{"count":6,"href":"https:\/\/shop.patlite.eu\/de\/wp-json\/wp\/v2\/product\/6196\/revisions"}],"predecessor-version":[{"id":11075,"href":"https:\/\/shop.patlite.eu\/de\/wp-json\/wp\/v2\/product\/6196\/revisions\/11075"}],"wp:featuredmedia":[{"embeddable":true,"href":"https:\/\/shop.patlite.eu\/de\/wp-json\/wp\/v2\/media\/6242"}],"wp:attachment":[{"href":"https:\/\/shop.patlite.eu\/de\/wp-json\/wp\/v2\/media?parent=6196"}],"wp:term":[{"taxonomy":"product_brand","embeddable":true,"href":"https:\/\/shop.patlite.eu\/de\/wp-json\/wp\/v2\/product_brand?post=6196"},{"taxonomy":"product_cat","embeddable":true,"href":"https:\/\/shop.patlite.eu\/de\/wp-json\/wp\/v2\/product_cat?post=6196"},{"taxonomy":"product_tag","embeddable":true,"href":"https:\/\/shop.patlite.eu\/de\/wp-json\/wp\/v2\/product_tag?post=6196"}],"curies":[{"name":"wp","href":"https:\/\/api.w.org\/{rel}","templated":true}]}}