{"id":3617,"date":"2023-11-07T16:20:22","date_gmt":"2023-11-07T15:20:22","guid":{"rendered":"https:\/\/shop.patlite.eu\/?post_type=product&#038;p=3617"},"modified":"2026-04-16T10:15:06","modified_gmt":"2026-04-16T08:15:06","slug":"lr4-led-module-r-y-g-c-b","status":"publish","type":"product","link":"https:\/\/shop.patlite.eu\/de\/produkt\/lr4-led-module-r-y-g-c-b\/","title":{"rendered":"LR4 LED Module R\/Y\/G\/C\/B"},"content":{"rendered":"<div style=\"width: 50%\">\n<h3>HIGHLIGHTS<\/h3>\n<div style=\"background-color: #fef2d3;padding: 5px 5px\">\n<ul>\n<li>Einfacher Anbau &amp; Erweiterung dank modularem <strong>&#8220;Dreh-und-Einrast&#8221; System<\/strong><\/li>\n<li><strong>Gleichm\u00e4\u00dfige<\/strong> Lichtverteilung<\/li>\n<\/ul>\n<\/div>\n<\/div>\n<p>&nbsp;<\/p>\n","protected":false},"excerpt":{"rendered":"<p>LED Modul f\u00fcr die LR4 Signals\u00e4ule in den Farben:<\/p>\n<ul>\n<li>rot<\/li>\n<li>orange<\/li>\n<li>gr\u00fcn<\/li>\n<li>blau<\/li>\n<li>klar\/wei\u00df<\/li>\n<\/ul>\n<p>Alternativ ist eine klare Linse mit farbigen LEDs erh\u00e4ltlich.<\/p>\n","protected":false},"featured_media":3499,"comment_status":"open","ping_status":"closed","template":"","meta":{"_eb_attr":"","_mo_disable_npp":"","_uag_custom_page_level_css":"","_monsterinsights_skip_tracking":false,"_monsterinsights_sitenote_active":false,"_monsterinsights_sitenote_note":"","_monsterinsights_sitenote_category":0,"site-sidebar-layout":"default","site-content-layout":"","ast-site-content-layout":"default","site-content-style":"default","site-sidebar-style":"default","ast-global-header-display":"","ast-banner-title-visibility":"","ast-main-header-display":"","ast-hfb-above-header-display":"","ast-hfb-below-header-display":"","ast-hfb-mobile-header-display":"","site-post-title":"","ast-breadcrumbs-content":"","ast-featured-img":"","footer-sml-layout":"","ast-disable-related-posts":"","theme-transparent-header-meta":"default","adv-header-id-meta":"","stick-header-meta":"default","header-above-stick-meta":"","header-main-stick-meta":"","header-below-stick-meta":"","astra-migrate-meta-layouts":"set","ast-page-background-enabled":"default","ast-page-background-meta":{"desktop":{"background-color":"var(--ast-global-color-4)","background-image":"","background-repeat":"repeat","background-position":"center center","background-size":"auto","background-attachment":"scroll","background-type":"","background-media":"","overlay-type":"","overlay-color":"","overlay-opacity":"","overlay-gradient":""},"tablet":{"background-color":"","background-image":"","background-repeat":"repeat","background-position":"center center","background-size":"auto","background-attachment":"scroll","background-type":"","background-media":"","overlay-type":"","overlay-color":"","overlay-opacity":"","overlay-gradient":""},"mobile":{"background-color":"","background-image":"","background-repeat":"repeat","background-position":"center center","background-size":"auto","background-attachment":"scroll","background-type":"","background-media":"","overlay-type":"","overlay-color":"","overlay-opacity":"","overlay-gradient":""}},"ast-content-background-meta":{"desktop":{"background-color":"var(--ast-global-color-5)","background-image":"","background-repeat":"repeat","background-position":"center center","background-size":"auto","background-attachment":"scroll","background-type":"","background-media":"","overlay-type":"","overlay-color":"","overlay-opacity":"","overlay-gradient":""},"tablet":{"background-color":"var(--ast-global-color-5)","background-image":"","background-repeat":"repeat","background-position":"center center","background-size":"auto","background-attachment":"scroll","background-type":"","background-media":"","overlay-type":"","overlay-color":"","overlay-opacity":"","overlay-gradient":""},"mobile":{"background-color":"var(--ast-global-color-5)","background-image":"","background-repeat":"repeat","background-position":"center center","background-size":"auto","background-attachment":"scroll","background-type":"","background-media":"","overlay-type":"","overlay-color":"","overlay-opacity":"","overlay-gradient":""}}},"product_brand":[],"product_cat":[18,20],"product_tag":[209,141],"class_list":{"0":"post-3617","1":"product","2":"type-product","3":"status-publish","4":"has-post-thumbnail","6":"product_cat-signalsaeulen","7":"product_cat-zubehoer","8":"product_tag-lr4","9":"product_tag-led-modul","10":"pa_durchmesser-40mm","11":"pa_gehaeusefarbe-farbig","12":"pa_gehaeusefarbe-klar","13":"pa_lampenfarbe-blau","14":"pa_lampenfarbe-gelb","15":"pa_lampenfarbe-gruen","16":"pa_lampenfarbe-weiss","17":"pa_lampenfarbe-rot","18":"pa_lampenfarbe-cyan","19":"desktop-align-center","20":"tablet-align-left","21":"mobile-align-left","22":"ast-product-gallery-layout-horizontal-slider","23":"ast-product-single-variable","24":"ast-product-tabs-layout-horizontal","26":"first","27":"instock","28":"taxable","29":"shipping-taxable","30":"purchasable","31":"product-type-variable"},"spectra_custom_meta":{"total_sales":["0"],"_tax_status":["taxable"],"_tax_class":[""],"_manage_stock":["yes"],"_backorders":["no"],"_sold_individually":["no"],"_weight":["0.035"],"_length":["5"],"_width":["4"],"_height":["4"],"_virtual":["no"],"_downloadable":["no"],"_download_limit":["-1"],"_download_expiry":["-1"],"_thumbnail_id":["3499"],"_stock":["27"],"_stock_status":["instock"],"_wc_average_rating":[0],"_wc_review_count":["0"],"_product_attributes":["a:3:{s:14:\"pa_lampenfarbe\";a:7:{s:4:\"name\";s:14:\"pa_lampenfarbe\";s:5:\"value\";s:0:\"\";s:8:\"position\";i:0;s:10:\"is_visible\";i:0;s:12:\"is_variation\";i:1;s:11:\"is_taxonomy\";i:1;s:16:\"checkout_visible\";i:0;}s:16:\"pa_gehaeusefarbe\";a:7:{s:4:\"name\";s:16:\"pa_gehaeusefarbe\";s:5:\"value\";s:0:\"\";s:8:\"position\";i:1;s:10:\"is_visible\";i:0;s:12:\"is_variation\";i:1;s:11:\"is_taxonomy\";i:1;s:16:\"checkout_visible\";i:0;}s:14:\"pa_durchmesser\";a:7:{s:4:\"name\";s:14:\"pa_durchmesser\";s:5:\"value\";s:0:\"\";s:8:\"position\";i:2;s:10:\"is_visible\";i:1;s:12:\"is_variation\";i:0;s:11:\"is_taxonomy\";i:1;s:16:\"checkout_visible\";i:0;}}"],"_product_version":["10.6.1"],"_wpml_word_count":["{\"total\":64,\"to_translate\":{\"en\":64}}"],"_wp_page_template":["default"],"_unit":[""],"_unit_base":[""],"_unit_product":[""],"_unit_price_auto":["no"],"_unit_price_regular":[""],"_unit_price":[""],"_unit_price_sale":[""],"_sale_price_label":[""],"_sale_price_regular_label":[""],"_deposit_type":[""],"_mini_desc":[""],"_defect_description":[""],"_nutrient_reference_value":["100g"],"_allergen_ids":["a:0:{}"],"_ingredients":[""],"_nutri_score":[""],"_alcohol_content":[""],"_drained_weight":[""],"_net_filling_quantity":[""],"_food_distributor":[""],"_food_description":[""],"_food_place_of_origin":[""],"_warranty_attachment_id":[""],"_min_age":[""],"_ts_gtin":[""],"_ts_mpn":[""],"_delivery_time_countries":["a:0:{}"],"_deposit_quantity":[""],"_free_shipping":["no"],"_service":["no"],"_photovoltaic_system":["no"],"_used_good":["no"],"_defective_copy":["no"],"_is_food":["no"],"_differential_taxation":["no"],"_gzd_version":["3.18.5"],"_hs_code":["85318070"],"_customs_description":["LR4-E"],"_manufacture_country":["ID"],"_is_non_returnable":["no"],"site-sidebar-layout":["default"],"ast-site-content-layout":["default"],"site-content-style":["default"],"site-sidebar-style":["default"],"theme-transparent-header-meta":["default"],"stick-header-meta":["default"],"_wpml_media_duplicate":["1"],"_wpml_media_featured":["1"],"rank_math_seo_score":["74"],"_rank_math_gtin_code":[""],"rank_math_primary_product_cat":["18"],"_edit_lock":["1734607133:3"],"_edit_last":["3"],"_default_delivery_time":[""],"rank_math_robots":["a:1:{i:0;s:5:\"index\";}"],"_wpml_location_migration_done":["1"],"_upsell_ids":["a:3:{i:0;i:3690;i:1;i:3848;i:2;i:3870;}"],"_monsterinsights_skip_tracking":["0"],"_monsterinsights_sitenote_active":["0"],"_uf_disable_surveys":[""],"_product_image_gallery":["5637,5635,5633,5627,5621"],"rank_math_contentai_score":["a:4:{s:9:\"wordCount\";s:3:\"100\";s:9:\"linkCount\";s:1:\"0\";s:12:\"headingCount\";s:3:\"100\";s:10:\"mediaCount\";s:5:\"62.22\";}"],"wb_custom_tabs":["a:0:{}"],"yikes_woo_products_tabs":["a:0:{}"],"rank_math_analytic_object_id":["138"],"rank_math_focus_keyword":["lr4"],"rank_math_title":["LR4 LED Module f\u00fcr Signals\u00e4ule - PATLITE Europe - Online Shop"],"pisol_acblw_associated_coupons":[""],"_woosea_brand":[""],"_woosea_mpn":[""],"_woosea_upc":[""],"_woosea_ean":[""],"_woosea_gtin":[""],"_woosea_color":[""],"_woosea_size":[""],"_woosea_gender":[""],"_woosea_material":[""],"_woosea_pattern":[""],"_woosea_optimized_title":[""],"_woosea_unit_pricing_measure":[""],"_woosea_unit_pricing_base_measure":[""],"_woosea_condition":[""],"_woosea_age_group":[""],"_woosea_installment_months":[""],"_woosea_installment_amount":[""],"_woosea_exclude_product":["no"],"_woosea_cost_of_good_sold":[""],"_woosea_multipack":[""],"_woosea_is_bundle":[""],"_woosea_energy_efficiency_class":[""],"_woosea_min_energy_efficiency_class":[""],"_woosea_max_energy_efficiency_class":[""],"_woosea_is_promotion":[""],"_woosea_custom_field_0":[""],"_woosea_custom_field_1":[""],"_woosea_custom_field_2":[""],"_woosea_custom_field_3":[""],"_woosea_custom_field_4":[""],"_nutrient_ids":["a:0:{}"],"_shipping_length":["5"],"_shipping_width":["4"],"_shipping_height":["4"],"wpr_secondary_image_id":["0"],"_wpml_media_has_media":["1"],"fb_product_group_id":["7511096465664788"],"bm_all_customers_copy_for_group":["copy"],"bm_all_customers_bulk_copy_for_group":["copy"],"bm_pleu-test_copy_for_group":["copy"],"bm_pleu-test_bulk_copy_for_group":["copy"],"bm_customer_copy_for_group":["copy"],"bm_customer_bulk_copy_for_group":["copy"],"bm_guest_copy_for_group":["copy"],"bm_guest_bulk_copy_for_group":["copy"],"_manufacturer_slug":[""],"_safety_instructions":[""],"_safety_attachment_ids":["a:0:{}"],"mailoptinWooCommerceSelectIntegration":[""],"_wc_facebook_commerce_enabled":["no"],"rank_math_primary_fb_product_set":["0"],"astra-migrate-meta-layouts":["set"],"_wc_facebook_sync_enabled_v2":["yes"],"fb_visibility":["yes"],"_eb_reusable_block_ids":["a:0:{}"],"copied_media_ids":["a:0:{}"],"referenced_media_ids":["a:6:{i:0;i:3499;i:1;i:5637;i:2;i:5635;i:3;i:5633;i:4;i:5627;i:5;i:5621;}"],"_uag_css_file_name":["uag-css-3617.css"],"_price":["28.60","30.90","37.20","39.60"],"_wcml_average_rating":[null],"_wcml_review_count":[null],"_wcml_rating_count":[null],"_max_variation_price":[""],"_max_variation_regular_price":[""],"_max_variation_sale_price":[""],"_min_variation_price":[""],"_min_variation_regular_price":[""],"_min_variation_sale_price":[""],"_regular_price":[""],"_sale_price":[""],"_wc_rating_count":[""]},"uagb_featured_image_src":{"full":["https:\/\/shop.patlite.eu\/wp-content\/uploads\/2023\/10\/LR5-E_LED-Module.jpg",1200,800,false],"thumbnail":["https:\/\/shop.patlite.eu\/wp-content\/uploads\/2023\/10\/LR5-E_LED-Module.jpg",150,100,false],"medium":["https:\/\/shop.patlite.eu\/wp-content\/uploads\/2023\/10\/LR5-E_LED-Module.jpg",300,200,false],"medium_large":["https:\/\/shop.patlite.eu\/wp-content\/uploads\/2023\/10\/LR5-E_LED-Module.jpg",768,512,false],"large":["https:\/\/shop.patlite.eu\/wp-content\/uploads\/2023\/10\/LR5-E_LED-Module.jpg",1024,683,false],"1536x1536":["https:\/\/shop.patlite.eu\/wp-content\/uploads\/2023\/10\/LR5-E_LED-Module.jpg",1200,800,false],"2048x2048":["https:\/\/shop.patlite.eu\/wp-content\/uploads\/2023\/10\/LR5-E_LED-Module.jpg",1200,800,false],"woocommerce_thumbnail":["https:\/\/shop.patlite.eu\/wp-content\/uploads\/2023\/10\/LR5-E_LED-Module-400x267.jpg",400,267,true],"woocommerce_single":["https:\/\/shop.patlite.eu\/wp-content\/uploads\/2023\/10\/LR5-E_LED-Module.jpg",1200,800,false],"woocommerce_gallery_thumbnail":["https:\/\/shop.patlite.eu\/wp-content\/uploads\/2023\/10\/LR5-E_LED-Module-100x100.jpg",100,100,true],"dgwt-wcas-product-suggestion":["https:\/\/shop.patlite.eu\/wp-content\/uploads\/2023\/10\/LR5-E_LED-Module.jpg",64,43,false]},"uagb_author_info":{"display_name":"Konstantin Will","author_link":"https:\/\/shop.patlite.eu\/de\/author\/"},"uagb_comment_info":0,"uagb_excerpt":"LED Modul f\u00fcr die LR4 Signals\u00e4ule in den Farben: rot orange gr\u00fcn blau klar\/wei\u00df Alternativ ist eine klare Linse mit farbigen LEDs erh\u00e4ltlich.","_links":{"self":[{"href":"https:\/\/shop.patlite.eu\/de\/wp-json\/wp\/v2\/product\/3617","targetHints":{"allow":["GET"]}}],"collection":[{"href":"https:\/\/shop.patlite.eu\/de\/wp-json\/wp\/v2\/product"}],"about":[{"href":"https:\/\/shop.patlite.eu\/de\/wp-json\/wp\/v2\/types\/product"}],"replies":[{"embeddable":true,"href":"https:\/\/shop.patlite.eu\/de\/wp-json\/wp\/v2\/comments?post=3617"}],"version-history":[{"count":2,"href":"https:\/\/shop.patlite.eu\/de\/wp-json\/wp\/v2\/product\/3617\/revisions"}],"predecessor-version":[{"id":9970,"href":"https:\/\/shop.patlite.eu\/de\/wp-json\/wp\/v2\/product\/3617\/revisions\/9970"}],"wp:featuredmedia":[{"embeddable":true,"href":"https:\/\/shop.patlite.eu\/de\/wp-json\/wp\/v2\/media\/3499"}],"wp:attachment":[{"href":"https:\/\/shop.patlite.eu\/de\/wp-json\/wp\/v2\/media?parent=3617"}],"wp:term":[{"taxonomy":"product_brand","embeddable":true,"href":"https:\/\/shop.patlite.eu\/de\/wp-json\/wp\/v2\/product_brand?post=3617"},{"taxonomy":"product_cat","embeddable":true,"href":"https:\/\/shop.patlite.eu\/de\/wp-json\/wp\/v2\/product_cat?post=3617"},{"taxonomy":"product_tag","embeddable":true,"href":"https:\/\/shop.patlite.eu\/de\/wp-json\/wp\/v2\/product_tag?post=3617"}],"curies":[{"name":"wp","href":"https:\/\/api.w.org\/{rel}","templated":true}]}}