{"id":3603,"date":"2023-11-07T15:50:56","date_gmt":"2023-11-07T14:50:56","guid":{"rendered":"https:\/\/shop.patlite.eu\/?post_type=product&#038;p=3603"},"modified":"2026-04-20T12:26:38","modified_gmt":"2026-04-20T10:26:38","slug":"cwk-robuste-led-arbeitsleuchte","status":"publish","type":"product","link":"https:\/\/shop.patlite.eu\/de\/produkt\/cwk-robuste-led-arbeitsleuchte\/","title":{"rendered":"CWK Robuste LED Arbeitsleuchte"},"content":{"rendered":"<div style=\"width: 50%\">\n<h3>HIGHLIGHTS<\/h3>\n<div style=\"background-color: #fef2d3;padding: 5px 5px\">\n<ul>\n<li>\u00d6l- und wasserfest.<\/li>\n<li>Speziallinsen von PATLITE<\/li>\n<li>Speziell entwickelt f\u00fcr den Werkzeugmaschinenbereich<\/li>\n<\/ul>\n<\/div>\n<\/div>\n<p>&nbsp;<\/p>\n<p>Die ultrahelle langlebige LED Arbeitsleuchte mit ihrem kompakten und robusten Design ist resistent gegen \u00d6le und umherfliegende Metallsp\u00e4ne und damit perfekt geeignet f\u00fcr den Einsatz im Werkzeugmaschinenbereich. Die Leuchte ist \u00f6l- und wasserfest und besitzt die Schutzklassen IP66 und IP67G.<br \/>\nAusger\u00fcstet mit Speziallinsen von PATLITE, die f\u00fcr eine besonders gleichm\u00e4\u00dfige Lichtabstrahlung sorgen.<br \/>\nErh\u00e4ltlich in den drei L\u00e4ngen 200mm, 300mm und 600mm. Optional erh\u00e4ltlich: \u00f6lbest\u00e4ndiges 3m-Kabel.<br \/>\nM12-Stecker, 4 Pins\uff08\u203bNur CWK:C +FL008\uff09<\/p>\n","protected":false},"excerpt":{"rendered":"<p>LED Arbeitsleuchte mit Schutzklassen IP66 und IP67G f\u00fcr den Werkzeugmaschinenbereich in 3 L\u00e4ngen.<\/p>\n","protected":false},"featured_media":9993,"comment_status":"open","ping_status":"closed","template":"","meta":{"_eb_attr":"","_mo_disable_npp":"","_uag_custom_page_level_css":"","_monsterinsights_skip_tracking":false,"_monsterinsights_sitenote_active":false,"_monsterinsights_sitenote_note":"","_monsterinsights_sitenote_category":0,"site-sidebar-layout":"default","site-content-layout":"","ast-site-content-layout":"default","site-content-style":"default","site-sidebar-style":"default","ast-global-header-display":"","ast-banner-title-visibility":"","ast-main-header-display":"","ast-hfb-above-header-display":"","ast-hfb-below-header-display":"","ast-hfb-mobile-header-display":"","site-post-title":"","ast-breadcrumbs-content":"","ast-featured-img":"","footer-sml-layout":"","ast-disable-related-posts":"","theme-transparent-header-meta":"default","adv-header-id-meta":"","stick-header-meta":"default","header-above-stick-meta":"","header-main-stick-meta":"","header-below-stick-meta":"","astra-migrate-meta-layouts":"set","ast-page-background-enabled":"default","ast-page-background-meta":{"desktop":{"background-color":"var(--ast-global-color-4)","background-image":"","background-repeat":"repeat","background-position":"center center","background-size":"auto","background-attachment":"scroll","background-type":"","background-media":"","overlay-type":"","overlay-color":"","overlay-opacity":"","overlay-gradient":""},"tablet":{"background-color":"","background-image":"","background-repeat":"repeat","background-position":"center center","background-size":"auto","background-attachment":"scroll","background-type":"","background-media":"","overlay-type":"","overlay-color":"","overlay-opacity":"","overlay-gradient":""},"mobile":{"background-color":"","background-image":"","background-repeat":"repeat","background-position":"center center","background-size":"auto","background-attachment":"scroll","background-type":"","background-media":"","overlay-type":"","overlay-color":"","overlay-opacity":"","overlay-gradient":""}},"ast-content-background-meta":{"desktop":{"background-color":"var(--ast-global-color-5)","background-image":"","background-repeat":"repeat","background-position":"center center","background-size":"auto","background-attachment":"scroll","background-type":"","background-media":"","overlay-type":"","overlay-color":"","overlay-opacity":"","overlay-gradient":""},"tablet":{"background-color":"var(--ast-global-color-5)","background-image":"","background-repeat":"repeat","background-position":"center center","background-size":"auto","background-attachment":"scroll","background-type":"","background-media":"","overlay-type":"","overlay-color":"","overlay-opacity":"","overlay-gradient":""},"mobile":{"background-color":"var(--ast-global-color-5)","background-image":"","background-repeat":"repeat","background-position":"center center","background-size":"auto","background-attachment":"scroll","background-type":"","background-media":"","overlay-type":"","overlay-color":"","overlay-opacity":"","overlay-gradient":""}}},"product_brand":[],"product_cat":[103,202,205],"product_tag":[207,172,173,174],"class_list":{"0":"post-3603","1":"product","2":"type-product","3":"status-publish","4":"has-post-thumbnail","6":"product_cat-led-leuchten","7":"product_cat-led-leiste","8":"product_cat-arbeitsleuchte","9":"product_tag-cwk","10":"product_tag-led-leuchte","11":"product_tag-led-leiste","12":"product_tag-arbeitsleuchte","13":"pa_gehaeusefarbe-silber","14":"pa_kabe-m12stecker","15":"pa_kabe-3m","16":"pa_laenge-300mm","17":"pa_laenge-600mm","18":"pa_laenge-200mm","19":"pa_schutzklasse-ip66g","20":"pa_schutzklasse-ip67g","21":"pa_spannung-24v","22":"desktop-align-center","23":"tablet-align-left","24":"mobile-align-left","25":"ast-product-gallery-layout-horizontal-slider","26":"ast-product-single-variable","27":"ast-product-tabs-layout-horizontal","29":"first","30":"instock","31":"taxable","32":"shipping-taxable","33":"purchasable","34":"product-type-variable"},"spectra_custom_meta":{"_wpml_word_count":["{\"total\":107,\"to_translate\":{\"en\":107}}"],"_edit_lock":["1734607333:3"],"_edit_last":["3"],"total_sales":["3"],"_tax_status":["taxable"],"_tax_class":[""],"_manage_stock":["yes"],"_backorders":["no"],"_sold_individually":["no"],"_virtual":["no"],"_downloadable":["no"],"_download_limit":["-1"],"_download_expiry":["-1"],"_stock":["22"],"_stock_status":["instock"],"_wc_average_rating":[0],"_wc_review_count":["0"],"_product_attributes":["a:5:{s:9:\"pa_laenge\";a:7:{s:4:\"name\";s:9:\"pa_laenge\";s:5:\"value\";s:0:\"\";s:8:\"position\";i:0;s:10:\"is_visible\";i:0;s:12:\"is_variation\";i:1;s:11:\"is_taxonomy\";i:1;s:16:\"checkout_visible\";i:0;}s:16:\"pa_gehaeusefarbe\";a:7:{s:4:\"name\";s:16:\"pa_gehaeusefarbe\";s:5:\"value\";s:0:\"\";s:8:\"position\";i:1;s:10:\"is_visible\";i:1;s:12:\"is_variation\";i:0;s:11:\"is_taxonomy\";i:1;s:16:\"checkout_visible\";i:0;}s:11:\"pa_spannung\";a:7:{s:4:\"name\";s:11:\"pa_spannung\";s:5:\"value\";s:0:\"\";s:8:\"position\";i:2;s:10:\"is_visible\";i:1;s:12:\"is_variation\";i:0;s:11:\"is_taxonomy\";i:1;s:16:\"checkout_visible\";i:0;}s:15:\"pa_schutzklasse\";a:7:{s:4:\"name\";s:15:\"pa_schutzklasse\";s:5:\"value\";s:0:\"\";s:8:\"position\";i:3;s:10:\"is_visible\";i:1;s:12:\"is_variation\";i:0;s:11:\"is_taxonomy\";i:1;s:16:\"checkout_visible\";i:0;}s:7:\"pa_kabe\";a:7:{s:4:\"name\";s:7:\"pa_kabe\";s:5:\"value\";s:0:\"\";s:8:\"position\";i:4;s:10:\"is_visible\";i:0;s:12:\"is_variation\";i:1;s:11:\"is_taxonomy\";i:1;s:16:\"checkout_visible\";i:0;}}"],"_product_version":["10.6.1"],"rank_math_seo_score":["18"],"_wp_page_template":["default"],"_unit":[""],"_unit_base":[""],"_unit_product":[""],"_unit_price_auto":["no"],"_unit_price_regular":[""],"_unit_price":[""],"_unit_price_sale":[""],"_sale_price_label":[""],"_sale_price_regular_label":[""],"_deposit_type":[""],"_mini_desc":[""],"_nutrient_reference_value":["100g"],"_allergen_ids":["a:0:{}"],"_ingredients":[""],"_nutri_score":[""],"_alcohol_content":[""],"_drained_weight":[""],"_net_filling_quantity":[""],"_food_distributor":[""],"_food_description":[""],"_food_place_of_origin":[""],"_warranty_attachment_id":[""],"_min_age":[""],"_ts_gtin":[""],"_ts_mpn":[""],"_delivery_time_countries":["a:0:{}"],"_deposit_quantity":[""],"_free_shipping":["no"],"_service":["no"],"_photovoltaic_system":["no"],"_used_good":["no"],"_defective_copy":["no"],"_is_food":["no"],"_differential_taxation":["no"],"_defect_description":[""],"_gzd_version":["3.18.5"],"_hs_code":["85395200"],"_customs_description":["CWK Arbeitsleuchte"],"_manufacture_country":["ID"],"_is_non_returnable":["no"],"_rank_math_gtin_code":[""],"rank_math_primary_product_cat":["103"],"site-sidebar-layout":["default"],"ast-site-content-layout":["default"],"site-content-style":["default"],"site-sidebar-style":["default"],"theme-transparent-header-meta":["default"],"stick-header-meta":["default"],"_wpml_media_duplicate":["1"],"_wpml_media_featured":["1"],"_thumbnail_id":["9993"],"_wpml_location_migration_done":["1"],"_product_image_gallery":["4686,4688,4682"],"_monsterinsights_skip_tracking":["0"],"_monsterinsights_sitenote_active":["0"],"_uf_disable_surveys":[""],"rank_math_contentai_score":["a:4:{s:9:\"wordCount\";s:4:\"4.16\";s:9:\"linkCount\";s:1:\"0\";s:12:\"headingCount\";s:4:\"8.89\";s:10:\"mediaCount\";s:5:\"17.78\";}"],"wb_custom_tabs":["a:0:{}"],"rank_math_analytic_object_id":["142"],"fb_product_group_id":["7847478031950930"],"pisol_acblw_associated_coupons":[""],"_woosea_brand":[""],"_woosea_mpn":[""],"_woosea_upc":[""],"_woosea_ean":[""],"_woosea_gtin":[""],"_woosea_color":[""],"_woosea_size":[""],"_woosea_gender":[""],"_woosea_material":[""],"_woosea_pattern":[""],"_woosea_optimized_title":[""],"_woosea_unit_pricing_measure":[""],"_woosea_unit_pricing_base_measure":[""],"_woosea_condition":[""],"_woosea_age_group":[""],"_woosea_installment_months":[""],"_woosea_installment_amount":[""],"_woosea_exclude_product":["no"],"_woosea_cost_of_good_sold":[""],"_woosea_multipack":[""],"_woosea_is_bundle":[""],"_woosea_energy_efficiency_class":[""],"_woosea_min_energy_efficiency_class":[""],"_woosea_max_energy_efficiency_class":[""],"_woosea_is_promotion":[""],"_woosea_custom_field_0":[""],"_woosea_custom_field_1":[""],"_woosea_custom_field_2":[""],"_woosea_custom_field_3":[""],"_woosea_custom_field_4":[""],"yikes_woo_products_tabs":["a:0:{}"],"_nutrient_ids":["a:0:{}"],"_shipping_length":[""],"_shipping_width":[""],"_shipping_height":[""],"_wc_facebook_commerce_enabled":["no"],"wpr_secondary_image_id":["0"],"rank_math_primary_fb_product_set":["0"],"bm_all_customers_copy_for_group":["copy"],"bm_all_customers_bulk_copy_for_group":["copy"],"bm_pleu-test_copy_for_group":["copy"],"bm_pleu-test_bulk_copy_for_group":["copy"],"bm_customer_copy_for_group":["copy"],"bm_customer_bulk_copy_for_group":["copy"],"bm_guest_copy_for_group":["copy"],"bm_guest_bulk_copy_for_group":["copy"],"_manufacturer_slug":[""],"_safety_instructions":[""],"_safety_attachment_ids":["a:0:{}"],"mailoptinWooCommerceSelectIntegration":[""],"_wpml_media_has_media":["1"],"astra-migrate-meta-layouts":["set"],"_wc_facebook_sync_enabled_v2":["yes"],"fb_visibility":["yes"],"_eb_reusable_block_ids":["a:0:{}"],"copied_media_ids":["a:0:{}"],"referenced_media_ids":["a:4:{i:0;i:9993;i:1;i:4686;i:2;i:4688;i:3;i:4682;}"],"_uag_css_file_name":["uag-css-3603.css"],"_price":["225.10","270.90","477.30"],"_wcml_average_rating":[null],"_wcml_review_count":[null],"_wcml_rating_count":[null],"_max_variation_price":[""],"_max_variation_regular_price":[""],"_max_variation_sale_price":[""],"_min_variation_price":[""],"_min_variation_regular_price":[""],"_min_variation_sale_price":[""],"_regular_price":[""],"_sale_price":[""],"_wc_rating_count":[""]},"uagb_featured_image_src":{"full":["https:\/\/shop.patlite.eu\/wp-content\/uploads\/2024\/05\/Patlite_CWK_Arbeitsleuchte_Uebersicht_2S_3S_6S.png",1200,800,false],"thumbnail":["https:\/\/shop.patlite.eu\/wp-content\/uploads\/2024\/05\/Patlite_CWK_Arbeitsleuchte_Uebersicht_2S_3S_6S-150x150.png",150,150,true],"medium":["https:\/\/shop.patlite.eu\/wp-content\/uploads\/2024\/05\/Patlite_CWK_Arbeitsleuchte_Uebersicht_2S_3S_6S-300x200.png",300,200,true],"medium_large":["https:\/\/shop.patlite.eu\/wp-content\/uploads\/2024\/05\/Patlite_CWK_Arbeitsleuchte_Uebersicht_2S_3S_6S-768x512.png",768,512,true],"large":["https:\/\/shop.patlite.eu\/wp-content\/uploads\/2024\/05\/Patlite_CWK_Arbeitsleuchte_Uebersicht_2S_3S_6S-1024x683.png",1024,683,true],"1536x1536":["https:\/\/shop.patlite.eu\/wp-content\/uploads\/2024\/05\/Patlite_CWK_Arbeitsleuchte_Uebersicht_2S_3S_6S.png",1200,800,false],"2048x2048":["https:\/\/shop.patlite.eu\/wp-content\/uploads\/2024\/05\/Patlite_CWK_Arbeitsleuchte_Uebersicht_2S_3S_6S.png",1200,800,false],"woocommerce_thumbnail":["https:\/\/shop.patlite.eu\/wp-content\/uploads\/2024\/05\/Patlite_CWK_Arbeitsleuchte_Uebersicht_2S_3S_6S-400x267.png",400,267,true],"woocommerce_single":["https:\/\/shop.patlite.eu\/wp-content\/uploads\/2024\/05\/Patlite_CWK_Arbeitsleuchte_Uebersicht_2S_3S_6S.png",1200,800,false],"woocommerce_gallery_thumbnail":["https:\/\/shop.patlite.eu\/wp-content\/uploads\/2024\/05\/Patlite_CWK_Arbeitsleuchte_Uebersicht_2S_3S_6S-100x100.png",100,100,true],"dgwt-wcas-product-suggestion":["https:\/\/shop.patlite.eu\/wp-content\/uploads\/2024\/05\/Patlite_CWK_Arbeitsleuchte_Uebersicht_2S_3S_6S-64x43.png",64,43,true]},"uagb_author_info":{"display_name":"Konstantin Will","author_link":"https:\/\/shop.patlite.eu\/de\/author\/"},"uagb_comment_info":0,"uagb_excerpt":"LED Arbeitsleuchte mit Schutzklassen IP66 und IP67G f\u00fcr den Werkzeugmaschinenbereich in 3 L\u00e4ngen.","_links":{"self":[{"href":"https:\/\/shop.patlite.eu\/de\/wp-json\/wp\/v2\/product\/3603","targetHints":{"allow":["GET"]}}],"collection":[{"href":"https:\/\/shop.patlite.eu\/de\/wp-json\/wp\/v2\/product"}],"about":[{"href":"https:\/\/shop.patlite.eu\/de\/wp-json\/wp\/v2\/types\/product"}],"replies":[{"embeddable":true,"href":"https:\/\/shop.patlite.eu\/de\/wp-json\/wp\/v2\/comments?post=3603"}],"version-history":[{"count":1,"href":"https:\/\/shop.patlite.eu\/de\/wp-json\/wp\/v2\/product\/3603\/revisions"}],"predecessor-version":[{"id":9998,"href":"https:\/\/shop.patlite.eu\/de\/wp-json\/wp\/v2\/product\/3603\/revisions\/9998"}],"wp:featuredmedia":[{"embeddable":true,"href":"https:\/\/shop.patlite.eu\/de\/wp-json\/wp\/v2\/media\/9993"}],"wp:attachment":[{"href":"https:\/\/shop.patlite.eu\/de\/wp-json\/wp\/v2\/media?parent=3603"}],"wp:term":[{"taxonomy":"product_brand","embeddable":true,"href":"https:\/\/shop.patlite.eu\/de\/wp-json\/wp\/v2\/product_brand?post=3603"},{"taxonomy":"product_cat","embeddable":true,"href":"https:\/\/shop.patlite.eu\/de\/wp-json\/wp\/v2\/product_cat?post=3603"},{"taxonomy":"product_tag","embeddable":true,"href":"https:\/\/shop.patlite.eu\/de\/wp-json\/wp\/v2\/product_tag?post=3603"}],"curies":[{"name":"wp","href":"https:\/\/api.w.org\/{rel}","templated":true}]}}