{"id":232,"date":"2023-09-21T15:31:59","date_gmt":"2023-09-21T13:31:59","guid":{"rendered":"https:\/\/shop.patlite-europe.com\/?post_type=product&#038;p=232"},"modified":"2024-12-19T12:35:24","modified_gmt":"2024-12-19T11:35:24","slug":"lb6-il-io-link-signalsaeule","status":"publish","type":"product","link":"https:\/\/shop.patlite.eu\/de\/produkt\/lb6-il-io-link-signalsaeule\/","title":{"rendered":"LB6-IL IO-Link Signals\u00e4ule mit Summer"},"content":{"rendered":"<div style=\"width: 50%\">\n<h3>HIGHLIGHTS<\/h3>\n<div style=\"background-color: #fef2d3;padding: 5px 5px\">\n<ul>\n<li>IO-Link \u00dcbertragung<\/li>\n<li>Bis zu 21 Farben<\/li>\n<li>10 Lichtmuster<\/li>\n<li>Dimmung von 0-100% in 10%-Schritten<\/li>\n<li>24V DC<\/li>\n<li>Direktmontage<\/li>\n<li>M12 Anschluss<\/li>\n<\/ul>\n<\/div>\n<\/div>\n<p>&nbsp;<\/p>\n<p>\u00dcbermitteln Sie komplexe Informationen mit dynamischen Lichtmustern, Sequenzen und Bewegungen mit der mehrstufigen und mehrfarbigen PATLITE Signals\u00e4ule LB6-IL. Nutzen Sie den Komfort der IO-Link-Konnektivit\u00e4t f\u00fcr m\u00fchelose Integration, vereinfachte Updates und Wartung.<\/p>\n<p>&nbsp;<\/p>\n<h3>3 Betriebsmodi unterst\u00fctzen verschiedene Anwendungen<\/h3>\n<p>&nbsp;<\/p>\n<h4>\uff11. Einfacher Modus<\/h4>\n<p><strong>Visualisierung des Ger\u00e4testatus<\/strong><br \/>\nEinfaches Unterteilen des Leuchtenbereichs in 1 bis 5 Ebenen und freie Festlegung von Farben und Blinkmustern f\u00fcr jede Ebene.<\/p>\n<h4>\uff12. F\u00fcllstand Modus<\/h4>\n<p><strong>Visualisierung von F\u00fcllstand und Temperatur.<\/strong><br \/>\nVoreingestelltes Beleuchtungsmuster kann je nach F\u00fcllstand aktiviert werden. Materialbedarf und \u00c4nderungen des Maschinenstatus werden auf einfache Weise angezeigt.<\/p>\n<h4>\uff13. Animationsmodus<\/h4>\n<p><strong>Visualisierung der Taktzeit des Fertigungsprozesses.<\/strong><br \/>\nVisualisierung des Zeitverlaufs, indem die voreingestellten Farben von unten nach oben oder von oben nach unten ge\u00e4ndert werden.<\/p>\n<p>&nbsp;<\/p>\n<p>&nbsp;<\/p>\n<h4>Erhebliche Reduzierung der Installationszeiten durch einfachste Verbindung<\/h4>\n<p>Die Signals\u00e4ule LB6-IL kann m\u00fchelos und ohne Werkzeug mit nur einem IO-Link-Kabel angeschlossen werden. Die LB6-IL stellt automatisch die werkseitigen Standardeinstellungen wieder her wenn ein Ersatzkabel angeschlossen wird.<\/p>\n<figure id=\"attachment_3433\" aria-describedby=\"caption-attachment-3433\" style=\"width: 900px\" class=\"wp-caption alignnone\"><a href=\"https:\/\/shop.patlite.eu\/wp-content\/uploads\/2023\/10\/LB6-IO-Link_Signalsaeule_Signaltower_27.jpg\"><img fetchpriority=\"high\" decoding=\"async\" class=\"wp-image-3433\" src=\"https:\/\/shop.patlite.eu\/wp-content\/uploads\/2023\/10\/LB6-IO-Link_Signalsaeule_Signaltower_27.jpg\" alt=\"LB6-IL IO-Link Signals\u00e4ule\" width=\"900\" height=\"600\" srcset=\"https:\/\/shop.patlite.eu\/wp-content\/uploads\/2023\/10\/LB6-IO-Link_Signalsaeule_Signaltower_27.jpg 1200w, https:\/\/shop.patlite.eu\/wp-content\/uploads\/2023\/10\/LB6-IO-Link_Signalsaeule_Signaltower_27-400x267.jpg 400w\" sizes=\"(max-width: 900px) 100vw, 900px\" \/><\/a><figcaption id=\"caption-attachment-3433\" class=\"wp-caption-text\">LB6-IL &#8211; Programmierbare mehrfarbige LED IO-Link Signals\u00e4ule mit Summermodul<\/figcaption><\/figure>\n","protected":false},"excerpt":{"rendered":"<p><span style=\", meiryo, sans-serif;font-size: 16px\">Programmierbare mehrfarbige LED IO-Link Signals\u00e4ule. <\/span><\/p>\n<p><span style=\", meiryo, sans-serif;font-size: 16px\">Mit 3 unterschiedlichen Betriebsmodi k\u00f6nnen unterschiedliche Anwendungen visualisiert werden: Ger\u00e4testatus, F\u00fcllstand und Temperatur, Taktzeit. Daf\u00fcr stehen 20 ansteuerbare Segmente und 21 Farben zur Verf\u00fcgung.<\/span><\/p>\n","protected":false},"featured_media":3429,"comment_status":"open","ping_status":"closed","template":"","meta":{"_eb_attr":"","_mo_disable_npp":"","_uag_custom_page_level_css":"","_monsterinsights_skip_tracking":false,"_monsterinsights_sitenote_active":false,"_monsterinsights_sitenote_note":"","_monsterinsights_sitenote_category":0,"site-sidebar-layout":"default","site-content-layout":"","ast-site-content-layout":"default","site-content-style":"default","site-sidebar-style":"default","ast-global-header-display":"","ast-banner-title-visibility":"","ast-main-header-display":"","ast-hfb-above-header-display":"","ast-hfb-below-header-display":"","ast-hfb-mobile-header-display":"","site-post-title":"","ast-breadcrumbs-content":"","ast-featured-img":"","footer-sml-layout":"","ast-disable-related-posts":"","theme-transparent-header-meta":"default","adv-header-id-meta":"","stick-header-meta":"default","header-above-stick-meta":"","header-main-stick-meta":"","header-below-stick-meta":"","astra-migrate-meta-layouts":"set","ast-page-background-enabled":"default","ast-page-background-meta":{"desktop":{"background-color":"var(--ast-global-color-4)","background-image":"","background-repeat":"repeat","background-position":"center center","background-size":"auto","background-attachment":"scroll","background-type":"","background-media":"","overlay-type":"","overlay-color":"","overlay-opacity":"","overlay-gradient":""},"tablet":{"background-color":"","background-image":"","background-repeat":"repeat","background-position":"center center","background-size":"auto","background-attachment":"scroll","background-type":"","background-media":"","overlay-type":"","overlay-color":"","overlay-opacity":"","overlay-gradient":""},"mobile":{"background-color":"","background-image":"","background-repeat":"repeat","background-position":"center center","background-size":"auto","background-attachment":"scroll","background-type":"","background-media":"","overlay-type":"","overlay-color":"","overlay-opacity":"","overlay-gradient":""}},"ast-content-background-meta":{"desktop":{"background-color":"var(--ast-global-color-5)","background-image":"","background-repeat":"repeat","background-position":"center center","background-size":"auto","background-attachment":"scroll","background-type":"","background-media":"","overlay-type":"","overlay-color":"","overlay-opacity":"","overlay-gradient":""},"tablet":{"background-color":"var(--ast-global-color-5)","background-image":"","background-repeat":"repeat","background-position":"center center","background-size":"auto","background-attachment":"scroll","background-type":"","background-media":"","overlay-type":"","overlay-color":"","overlay-opacity":"","overlay-gradient":""},"mobile":{"background-color":"var(--ast-global-color-5)","background-image":"","background-repeat":"repeat","background-position":"center center","background-size":"auto","background-attachment":"scroll","background-type":"","background-media":"","overlay-type":"","overlay-color":"","overlay-opacity":"","overlay-gradient":""}}},"product_brand":[],"product_cat":[18,17],"product_tag":[86,94,95,96,170],"class_list":{"0":"post-232","1":"product","2":"type-product","3":"status-publish","4":"has-post-thumbnail","6":"product_cat-signalsaeulen","7":"product_cat-netzwerkprodukte","8":"product_tag-io-link-2","9":"product_tag-signalturm","10":"product_tag-turmlicht","11":"product_tag-turmsignal","12":"product_tag-signalsaeule","13":"desktop-align-center","14":"tablet-align-left","15":"mobile-align-left","16":"ast-product-gallery-layout-horizontal-slider","17":"ast-product-tabs-layout-horizontal","19":"first","20":"instock","21":"taxable","22":"shipping-taxable","23":"purchasable","24":"product-type-simple"},"spectra_custom_meta":{"total_sales":["1"],"_tax_status":["taxable"],"_tax_class":[""],"_manage_stock":["yes"],"_backorders":["no"],"_sold_individually":["no"],"_virtual":["no"],"_downloadable":["no"],"_download_limit":["-1"],"_download_expiry":["-1"],"_stock":["29"],"_stock_status":["instock"],"_wc_average_rating":[0],"_wc_review_count":["0"],"_product_version":["9.4.3"],"_sku":["LB6-20ILWCBW"],"_regular_price":["359.5"],"_price":["359.5"],"_product_attributes":["a:3:{s:14:\"netzwerkfaehig\";a:7:{s:4:\"name\";s:14:\"Netzwerkf\u00e4hig\";s:5:\"value\";s:7:\"IO-Link\";s:8:\"position\";i:0;s:10:\"is_visible\";i:1;s:12:\"is_variation\";i:0;s:11:\"is_taxonomy\";i:0;s:16:\"checkout_visible\";i:0;}s:12:\"schutzklasse\";a:7:{s:4:\"name\";s:12:\"Schutzklasse\";s:5:\"value\";s:4:\"IP65\";s:8:\"position\";i:1;s:10:\"is_visible\";i:1;s:12:\"is_variation\";i:0;s:11:\"is_taxonomy\";i:0;s:16:\"checkout_visible\";i:0;}s:10:\"mehrfarbig\";a:7:{s:4:\"name\";s:10:\"Mehrfarbig\";s:5:\"value\";s:9:\"21 Farben\";s:8:\"position\";i:2;s:10:\"is_visible\";i:1;s:12:\"is_variation\";i:0;s:11:\"is_taxonomy\";i:0;s:16:\"checkout_visible\";i:0;}}"],"_edit_lock":["1734607990:3"],"_edit_last":["3"],"_wp_page_template":["default"],"_wpt_field_highlights":["<ul>\r\n<li>\r\n<h3>Standardisierung der Signalisierungsschnittstelle<\/h3>\r\n<\/li>\r\n<li>\r\n<h3>IO-Link Universalschnittstelle<\/h3>\r\n<\/li>\r\n<li>\r\n<h3>Installation und Konfiguration \u00fcber Ihre IO-Link Schnittstelle<\/h3>\r\n<\/li>\r\n<\/ul>"],"yikes_woo_products_tabs":["a:0:{}"],"_unit":[""],"_unit_base":[""],"_unit_product":[""],"_unit_price_auto":["no"],"_unit_price_regular":[""],"_unit_price":[""],"_unit_price_sale":[""],"_sale_price_label":[""],"_sale_price_regular_label":[""],"_deposit_type":[""],"_mini_desc":[""],"_defect_description":[""],"_nutrient_reference_value":["100g"],"_allergen_ids":["a:0:{}"],"_ingredients":[""],"_nutri_score":[""],"_alcohol_content":[""],"_drained_weight":[""],"_net_filling_quantity":[""],"_food_distributor":[""],"_food_description":[""],"_food_place_of_origin":[""],"_warranty_attachment_id":[""],"_min_age":[""],"_ts_gtin":["4938766026964"],"_ts_mpn":["LB6-20ILWCBW"],"_delivery_time_countries":["a:0:{}"],"_deposit_quantity":[""],"_free_shipping":["no"],"_service":["no"],"_photovoltaic_system":["no"],"_used_good":["no"],"_defective_copy":["no"],"_is_food":["no"],"_differential_taxation":["no"],"_gzd_version":["3.18.5"],"_hs_code":["85318070"],"_customs_description":["LB6-20ILWCBW"],"_manufacture_country":["JP"],"_is_non_returnable":["no"],"site-sidebar-layout":["default"],"ast-site-content-layout":["default"],"site-content-style":["default"],"site-sidebar-style":["default"],"theme-transparent-header-meta":["default"],"stick-header-meta":["default"],"_upsell_ids":["a:1:{i:0;i:96;}"],"_wpml_word_count":["{\"total\":268,\"to_translate\":{\"en\":268}}"],"_wpml_location_migration_done":["1"],"_wpml_media_duplicate":["1"],"_wpml_media_featured":["1"],"_weight":["0.59"],"_length":["31.55"],"_width":["6"],"_height":["6"],"_thumbnail_id":["3429"],"_product_image_gallery":["3431,3437,3435,3433,3439,3419,3423,3427,3425,3421"],"_default_delivery_time":[""],"rank_math_seo_score":["85"],"rank_math_focus_keyword":["signals\u00e4ule,signals\u00e4ule io-link,io-link"],"rank_math_description":["Programmierbare mehrfarbige LED Signals\u00e4ule mit IO-Link Schnittstelle. 21 Farben, individuelle LIchtmuster. 24V | M12 Anschluss. Alle Details hier --&gt;"],"rank_math_title":["IO-Link Signals\u00e4ule &gt;LB6-IL&lt; mit Summer | PATLITE"],"_rank_math_gtin_code":[""],"rank_math_primary_product_cat":["0"],"_monsterinsights_skip_tracking":["0"],"_monsterinsights_sitenote_active":["0"],"_uf_disable_surveys":[""],"rank_math_contentai_score":["a:4:{s:9:\"wordCount\";s:4:\"9.05\";s:9:\"linkCount\";s:1:\"5\";s:12:\"headingCount\";s:5:\"53.33\";s:10:\"mediaCount\";s:5:\"53.33\";}"],"wb_custom_tabs":["a:0:{}"],"_wpml_media_has_media":["1"],"_wp_old_slug":["lb6-il-io-link-signalsaeule__trashed"],"pisol_acblw_associated_coupons":[""],"_woosea_brand":[""],"_woosea_mpn":[""],"_woosea_upc":[""],"_woosea_ean":[""],"_woosea_gtin":[""],"_woosea_color":[""],"_woosea_size":[""],"_woosea_gender":[""],"_woosea_material":[""],"_woosea_pattern":[""],"_woosea_optimized_title":[""],"_woosea_unit_pricing_measure":[""],"_woosea_unit_pricing_base_measure":[""],"_woosea_condition":[""],"_woosea_age_group":[""],"_woosea_installment_months":[""],"_woosea_installment_amount":[""],"_woosea_exclude_product":["no"],"_woosea_cost_of_good_sold":[""],"_woosea_multipack":[""],"_woosea_is_bundle":[""],"_woosea_energy_efficiency_class":[""],"_woosea_min_energy_efficiency_class":[""],"_woosea_max_energy_efficiency_class":[""],"_woosea_is_promotion":[""],"_woosea_custom_field_0":[""],"_woosea_custom_field_1":[""],"_woosea_custom_field_2":[""],"_woosea_custom_field_3":[""],"_woosea_custom_field_4":[""],"_wcml_custom_prices_status":["0"],"rank_math_analytic_object_id":["165"],"fb_product_item_id":["25474810712133347"],"bm_all_customers_copy_for_group":["copy"],"bm_all_customers_bulk_copy_for_group":["copy"],"bm_pleu-test_copy_for_group":["copy"],"bm_pleu-test_bulk_copy_for_group":["copy"],"bm_customer_copy_for_group":["copy"],"bm_customer_bulk_copy_for_group":["copy"],"bm_guest_copy_for_group":["copy"],"bm_guest_bulk_copy_for_group":["copy"],"_manufacturer_slug":[""],"_safety_instructions":[""],"_nutrient_ids":["a:0:{}"],"_safety_attachment_ids":["a:0:{}"],"_shipping_length":[""],"_shipping_width":[""],"_shipping_height":[""],"mailoptinWooCommerceSelectIntegration":[""],"_wc_facebook_sync_enabled":["yes"],"fb_visibility":["yes"],"fb_product_description":[""],"_wc_facebook_product_image_source":["product"],"_wc_facebook_commerce_enabled":["no"],"_wcml_average_rating":[null],"_wcml_review_count":[null],"_wcml_rating_count":[null],"wpr_secondary_image_id":["0"],"rank_math_primary_fb_product_set":["0"],"astra-migrate-meta-layouts":["set"],"_eb_reusable_block_ids":["a:0:{}"],"copied_media_ids":["a:1:{i:0;i:9340;}"],"referenced_media_ids":["a:11:{i:0;i:3429;i:1;i:3431;i:2;i:3437;i:3;i:3435;i:4;i:3433;i:5;i:3439;i:6;i:3419;i:7;i:3423;i:8;i:3427;i:9;i:3425;i:10;i:3421;}"],"_uag_css_file_name":["uag-css-232.css"],"_uag_page_assets":["a:9:{s:3:\"css\";s:2491:\".uag-blocks-common-selector{z-index:var(--z-index-desktop) !important}@media (max-width: 976px){.uag-blocks-common-selector{z-index:var(--z-index-tablet) !important}}@media (max-width: 767px){.uag-blocks-common-selector{z-index:var(--z-index-mobile) !important}}\n.wp-block-uagb-advanced-heading h1,.wp-block-uagb-advanced-heading h2,.wp-block-uagb-advanced-heading h3,.wp-block-uagb-advanced-heading h4,.wp-block-uagb-advanced-heading h5,.wp-block-uagb-advanced-heading h6,.wp-block-uagb-advanced-heading p,.wp-block-uagb-advanced-heading div{word-break:break-word}.wp-block-uagb-advanced-heading .uagb-heading-text{margin:0}.wp-block-uagb-advanced-heading .uagb-desc-text{margin:0}.wp-block-uagb-advanced-heading .uagb-separator{font-size:0;border-top-style:solid;display:inline-block;margin:0 0 10px 0}.wp-block-uagb-advanced-heading .uagb-highlight{color:#f78a0c;border:0;transition:all 0.3s ease}.uag-highlight-toolbar{border-left:0;border-top:0;border-bottom:0;border-radius:0;border-right-color:#1e1e1e}.uag-highlight-toolbar .components-button{border-radius:0;outline:none}.uag-highlight-toolbar .components-button.is-primary{color:#fff}\n.wp-block-uagb-advanced-heading.uagb-block-b484dae9.wp-block-uagb-advanced-heading .uagb-desc-text{margin-bottom: 15px;}.wp-block-uagb-advanced-heading.uagb-block-b484dae9.wp-block-uagb-advanced-heading .uagb-highlight{font-style: normal;font-weight: Default;background: #007cba;color: #fff;-webkit-text-fill-color: #fff;}.wp-block-uagb-advanced-heading.uagb-block-b484dae9.wp-block-uagb-advanced-heading .uagb-highlight::-moz-selection{color: #fff;background: #007cba;-webkit-text-fill-color: #fff;}.wp-block-uagb-advanced-heading.uagb-block-b484dae9.wp-block-uagb-advanced-heading .uagb-highlight::selection{color: #fff;background: #007cba;-webkit-text-fill-color: #fff;}.wp-block-uagb-advanced-heading.uagb-block-c451812a.wp-block-uagb-advanced-heading .uagb-desc-text{margin-bottom: 15px;}.wp-block-uagb-advanced-heading.uagb-block-c451812a.wp-block-uagb-advanced-heading .uagb-highlight{font-style: normal;font-weight: Default;background: #007cba;color: #fff;-webkit-text-fill-color: #fff;}.wp-block-uagb-advanced-heading.uagb-block-c451812a.wp-block-uagb-advanced-heading .uagb-highlight::-moz-selection{color: #fff;background: #007cba;-webkit-text-fill-color: #fff;}.wp-block-uagb-advanced-heading.uagb-block-c451812a.wp-block-uagb-advanced-heading .uagb-highlight::selection{color: #fff;background: #007cba;-webkit-text-fill-color: #fff;}\";s:2:\"js\";s:0:\"\";s:18:\"current_block_list\";a:21:{i:0;s:11:\"core\/search\";i:1;s:10:\"core\/group\";i:2;s:12:\"core\/heading\";i:3;s:17:\"core\/latest-posts\";i:4;s:20:\"core\/latest-comments\";i:5;s:13:\"core\/archives\";i:6;s:15:\"core\/categories\";i:7;s:24:\"woocommerce\/price-filter\";i:8;s:17:\"core\/widget-group\";i:9;s:27:\"woocommerce\/product-on-sale\";i:10;s:12:\"core\/columns\";i:11;s:11:\"core\/column\";i:13;s:14:\"core\/paragraph\";i:14;s:21:\"uagb\/advanced-heading\";i:15;s:12:\"core\/details\";i:16;s:17:\"core\/social-links\";i:17;s:16:\"core\/social-link\";i:18;s:30:\"woocommerce\/product-categories\";i:19;s:22:\"wpml\/language-switcher\";i:20;s:14:\"core\/shortcode\";i:21;s:32:\"advanced-woo-search\/search-block\";}s:8:\"uag_flag\";b:1;s:11:\"uag_version\";s:10:\"1775730074\";s:6:\"gfonts\";a:1:{s:7:\"Default\";a:2:{s:10:\"fontfamily\";s:7:\"Default\";s:12:\"fontvariants\";a:0:{}}}s:10:\"gfonts_url\";s:0:\"\";s:12:\"gfonts_files\";a:0:{}s:14:\"uag_faq_layout\";b:0;}"],"_max_variation_price":[""],"_max_variation_regular_price":[""],"_max_variation_sale_price":[""],"_min_variation_price":[""],"_min_variation_regular_price":[""],"_min_variation_sale_price":[""],"_sale_price":[""],"_wc_rating_count":[""]},"uagb_featured_image_src":{"full":["https:\/\/shop.patlite.eu\/wp-content\/uploads\/2023\/10\/LB6-IO-Link_Signalsaeule_Signaltower_25.jpg",1200,800,false],"thumbnail":["https:\/\/shop.patlite.eu\/wp-content\/uploads\/2023\/10\/LB6-IO-Link_Signalsaeule_Signaltower_25.jpg",150,100,false],"medium":["https:\/\/shop.patlite.eu\/wp-content\/uploads\/2023\/10\/LB6-IO-Link_Signalsaeule_Signaltower_25.jpg",300,200,false],"medium_large":["https:\/\/shop.patlite.eu\/wp-content\/uploads\/2023\/10\/LB6-IO-Link_Signalsaeule_Signaltower_25.jpg",768,512,false],"large":["https:\/\/shop.patlite.eu\/wp-content\/uploads\/2023\/10\/LB6-IO-Link_Signalsaeule_Signaltower_25.jpg",1024,683,false],"1536x1536":["https:\/\/shop.patlite.eu\/wp-content\/uploads\/2023\/10\/LB6-IO-Link_Signalsaeule_Signaltower_25.jpg",1200,800,false],"2048x2048":["https:\/\/shop.patlite.eu\/wp-content\/uploads\/2023\/10\/LB6-IO-Link_Signalsaeule_Signaltower_25.jpg",1200,800,false],"woocommerce_thumbnail":["https:\/\/shop.patlite.eu\/wp-content\/uploads\/2023\/10\/LB6-IO-Link_Signalsaeule_Signaltower_25-400x267.jpg",400,267,true],"woocommerce_single":["https:\/\/shop.patlite.eu\/wp-content\/uploads\/2023\/10\/LB6-IO-Link_Signalsaeule_Signaltower_25.jpg",1200,800,false],"woocommerce_gallery_thumbnail":["https:\/\/shop.patlite.eu\/wp-content\/uploads\/2023\/10\/LB6-IO-Link_Signalsaeule_Signaltower_25-100x100.jpg",100,100,true],"dgwt-wcas-product-suggestion":["https:\/\/shop.patlite.eu\/wp-content\/uploads\/2023\/10\/LB6-IO-Link_Signalsaeule_Signaltower_25.jpg",64,43,false]},"uagb_author_info":{"display_name":"PatliteEU","author_link":"https:\/\/shop.patlite.eu\/de\/author\/"},"uagb_comment_info":0,"uagb_excerpt":"Programmierbare mehrfarbige LED IO-Link Signals\u00e4ule. Mit 3 unterschiedlichen Betriebsmodi k\u00f6nnen unterschiedliche Anwendungen visualisiert werden: Ger\u00e4testatus, F\u00fcllstand und Temperatur, Taktzeit. Daf\u00fcr stehen 20 ansteuerbare Segmente und 21 Farben zur Verf\u00fcgung.","_links":{"self":[{"href":"https:\/\/shop.patlite.eu\/de\/wp-json\/wp\/v2\/product\/232","targetHints":{"allow":["GET"]}}],"collection":[{"href":"https:\/\/shop.patlite.eu\/de\/wp-json\/wp\/v2\/product"}],"about":[{"href":"https:\/\/shop.patlite.eu\/de\/wp-json\/wp\/v2\/types\/product"}],"replies":[{"embeddable":true,"href":"https:\/\/shop.patlite.eu\/de\/wp-json\/wp\/v2\/comments?post=232"}],"version-history":[{"count":1,"href":"https:\/\/shop.patlite.eu\/de\/wp-json\/wp\/v2\/product\/232\/revisions"}],"predecessor-version":[{"id":7609,"href":"https:\/\/shop.patlite.eu\/de\/wp-json\/wp\/v2\/product\/232\/revisions\/7609"}],"wp:featuredmedia":[{"embeddable":true,"href":"https:\/\/shop.patlite.eu\/de\/wp-json\/wp\/v2\/media\/3429"}],"wp:attachment":[{"href":"https:\/\/shop.patlite.eu\/de\/wp-json\/wp\/v2\/media?parent=232"}],"wp:term":[{"taxonomy":"product_brand","embeddable":true,"href":"https:\/\/shop.patlite.eu\/de\/wp-json\/wp\/v2\/product_brand?post=232"},{"taxonomy":"product_cat","embeddable":true,"href":"https:\/\/shop.patlite.eu\/de\/wp-json\/wp\/v2\/product_cat?post=232"},{"taxonomy":"product_tag","embeddable":true,"href":"https:\/\/shop.patlite.eu\/de\/wp-json\/wp\/v2\/product_tag?post=232"}],"curies":[{"name":"wp","href":"https:\/\/api.w.org\/{rel}","templated":true}]}}