{"id":10961,"date":"2024-11-26T11:13:06","date_gmt":"2024-11-26T10:13:06","guid":{"rendered":"https:\/\/shop.patlite.eu\/?post_type=product&#038;p=10961"},"modified":"2026-05-10T14:01:22","modified_gmt":"2026-05-10T12:01:22","slug":"lr4-40mm-100-240v-ac-basismodule-mit-anschlussvarianten-wj-lj-pj-fur-vollmodulares-system","status":"publish","type":"product","link":"https:\/\/shop.patlite.eu\/de\/produkt\/lr4-40mm-100-240v-ac-basismodule-mit-anschlussvarianten-wj-lj-pj-fur-vollmodulares-system\/","title":{"rendered":"LR4 40mm 100-240V AC Basismodule mit Anschlussvarianten (WJ\/PJ) f\u00fcr vollmodulares System"},"content":{"rendered":"","protected":false},"excerpt":{"rendered":"<p>Basismodule der vollmodularen LR-4 Signals\u00e4ulenserie mit einem Durchmesser von 40mm f\u00fcr den Einsatz unter h\u00f6her Spannung (100-240V AC).<\/p>\n","protected":false},"featured_media":10966,"comment_status":"open","ping_status":"closed","template":"","meta":{"_eb_attr":"","_mo_disable_npp":"","_uag_custom_page_level_css":"","_monsterinsights_skip_tracking":false,"_monsterinsights_sitenote_active":false,"_monsterinsights_sitenote_note":"","_monsterinsights_sitenote_category":0,"site-sidebar-layout":"default","site-content-layout":"","ast-site-content-layout":"default","site-content-style":"default","site-sidebar-style":"default","ast-global-header-display":"","ast-banner-title-visibility":"","ast-main-header-display":"","ast-hfb-above-header-display":"","ast-hfb-below-header-display":"","ast-hfb-mobile-header-display":"","site-post-title":"","ast-breadcrumbs-content":"","ast-featured-img":"","footer-sml-layout":"","ast-disable-related-posts":"","theme-transparent-header-meta":"default","adv-header-id-meta":"","stick-header-meta":"default","header-above-stick-meta":"","header-main-stick-meta":"","header-below-stick-meta":"","astra-migrate-meta-layouts":"set","ast-page-background-enabled":"default","ast-page-background-meta":{"desktop":{"background-color":"var(--ast-global-color-4)","background-image":"","background-repeat":"repeat","background-position":"center center","background-size":"auto","background-attachment":"scroll","background-type":"","background-media":"","overlay-type":"","overlay-color":"","overlay-opacity":"","overlay-gradient":""},"tablet":{"background-color":"","background-image":"","background-repeat":"repeat","background-position":"center center","background-size":"auto","background-attachment":"scroll","background-type":"","background-media":"","overlay-type":"","overlay-color":"","overlay-opacity":"","overlay-gradient":""},"mobile":{"background-color":"","background-image":"","background-repeat":"repeat","background-position":"center center","background-size":"auto","background-attachment":"scroll","background-type":"","background-media":"","overlay-type":"","overlay-color":"","overlay-opacity":"","overlay-gradient":""}},"ast-content-background-meta":{"desktop":{"background-color":"var(--ast-global-color-5)","background-image":"","background-repeat":"repeat","background-position":"center center","background-size":"auto","background-attachment":"scroll","background-type":"","background-media":"","overlay-type":"","overlay-color":"","overlay-opacity":"","overlay-gradient":""},"tablet":{"background-color":"var(--ast-global-color-5)","background-image":"","background-repeat":"repeat","background-position":"center center","background-size":"auto","background-attachment":"scroll","background-type":"","background-media":"","overlay-type":"","overlay-color":"","overlay-opacity":"","overlay-gradient":""},"mobile":{"background-color":"var(--ast-global-color-5)","background-image":"","background-repeat":"repeat","background-position":"center center","background-size":"auto","background-attachment":"scroll","background-type":"","background-media":"","overlay-type":"","overlay-color":"","overlay-opacity":"","overlay-gradient":""}}},"product_brand":[],"product_cat":[18,1380],"product_tag":[1382,170,172,209,244,94,418,96,1381],"class_list":{"0":"post-10961","1":"product","2":"type-product","3":"status-publish","4":"has-post-thumbnail","6":"product_cat-signalsaeulen","7":"product_cat-240v","8":"product_tag-100v","9":"product_tag-signalsaeule","10":"product_tag-led-leuchte","11":"product_tag-lr4","12":"product_tag-lr","13":"product_tag-signalturm","14":"product_tag-modular","15":"product_tag-turmsignal","16":"product_tag-240v","17":"pa_durchmesser-40mm","18":"pa_gehaeusefarbe-weiss","19":"pa_halterung-direkt-montage","20":"pa_halterung-stangenmontage-mit-rundhalterung","21":"pa_schutzklasse-ip65","22":"pa_spannung-100-240-v","23":"desktop-align-center","24":"tablet-align-left","25":"mobile-align-left","26":"ast-product-gallery-layout-horizontal-slider","27":"ast-product-gallery-with-no-image","28":"ast-product-single-variable","29":"ast-product-tabs-layout-horizontal","31":"first","32":"instock","33":"taxable","34":"shipping-taxable","35":"purchasable","36":"product-type-variable"},"spectra_custom_meta":{"_wpml_word_count":["{\"total\":47,\"to_translate\":{\"en\":47,\"fr\":47,\"it\":47,\"es\":47}}"],"_edit_lock":["1770297797:13"],"_edit_last":["13"],"_wpml_location_migration_done":["1"],"total_sales":["0"],"_tax_status":["taxable"],"_tax_class":[""],"_manage_stock":["no"],"_backorders":["no"],"_sold_individually":["no"],"_virtual":["no"],"_downloadable":["no"],"_download_limit":["-1"],"_download_expiry":["-1"],"_stock":[null],"_stock_status":["instock"],"_wc_average_rating":[0],"_wc_review_count":["0"],"_product_attributes":["a:5:{s:14:\"pa_durchmesser\";a:7:{s:4:\"name\";s:14:\"pa_durchmesser\";s:5:\"value\";s:0:\"\";s:8:\"position\";i:0;s:10:\"is_visible\";i:1;s:12:\"is_variation\";i:0;s:11:\"is_taxonomy\";i:1;s:16:\"checkout_visible\";i:0;}s:16:\"pa_gehaeusefarbe\";a:7:{s:4:\"name\";s:16:\"pa_gehaeusefarbe\";s:5:\"value\";s:0:\"\";s:8:\"position\";i:1;s:10:\"is_visible\";i:1;s:12:\"is_variation\";i:0;s:11:\"is_taxonomy\";i:1;s:16:\"checkout_visible\";i:0;}s:12:\"pa_halterung\";a:7:{s:4:\"name\";s:12:\"pa_halterung\";s:5:\"value\";s:0:\"\";s:8:\"position\";i:2;s:10:\"is_visible\";i:1;s:12:\"is_variation\";i:1;s:11:\"is_taxonomy\";i:1;s:16:\"checkout_visible\";i:1;}s:15:\"pa_schutzklasse\";a:7:{s:4:\"name\";s:15:\"pa_schutzklasse\";s:5:\"value\";s:0:\"\";s:8:\"position\";i:3;s:10:\"is_visible\";i:1;s:12:\"is_variation\";i:0;s:11:\"is_taxonomy\";i:1;s:16:\"checkout_visible\";i:0;}s:11:\"pa_spannung\";a:7:{s:4:\"name\";s:11:\"pa_spannung\";s:5:\"value\";s:0:\"\";s:8:\"position\";i:4;s:10:\"is_visible\";i:1;s:12:\"is_variation\";i:0;s:11:\"is_taxonomy\";i:1;s:16:\"checkout_visible\";i:0;}}"],"_product_version":["10.7.0"],"rank_math_seo_score":["9"],"_wp_page_template":["default"],"pisol_acblw_associated_coupons":[""],"_woosea_brand":[""],"_woosea_mpn":[""],"_woosea_upc":[""],"_woosea_ean":[""],"_woosea_gtin":[""],"_woosea_color":[""],"_woosea_size":[""],"_woosea_gender":[""],"_woosea_material":[""],"_woosea_pattern":[""],"_woosea_optimized_title":[""],"_woosea_unit_pricing_measure":[""],"_woosea_unit_pricing_base_measure":[""],"_woosea_condition":[""],"_woosea_age_group":[""],"_woosea_installment_months":[""],"_woosea_installment_amount":[""],"_woosea_exclude_product":["no"],"_woosea_cost_of_good_sold":[""],"_woosea_multipack":[""],"_woosea_is_bundle":[""],"_woosea_energy_efficiency_class":[""],"_woosea_min_energy_efficiency_class":[""],"_woosea_max_energy_efficiency_class":[""],"_woosea_is_promotion":[""],"_woosea_custom_field_0":[""],"_woosea_custom_field_1":[""],"_woosea_custom_field_2":[""],"_woosea_custom_field_3":[""],"_woosea_custom_field_4":[""],"yikes_woo_products_tabs":["a:0:{}"],"bm_all_customers_copy_for_group":["copy"],"bm_all_customers_bulk_copy_for_group":["copy"],"bm_pleu-test_copy_for_group":["copy"],"bm_pleu-test_bulk_copy_for_group":["copy"],"bm_customer_copy_for_group":["copy"],"bm_customer_bulk_copy_for_group":["copy"],"bm_guest_copy_for_group":["copy"],"bm_guest_bulk_copy_for_group":["copy"],"_unit":[""],"_unit_base":[""],"_unit_product":[""],"_unit_price_auto":["no"],"_unit_price_regular":[""],"_unit_price":[""],"_unit_price_sale":[""],"_sale_price_label":[""],"_sale_price_regular_label":[""],"_deposit_type":[""],"_mini_desc":[""],"_defect_description":[""],"_nutrient_ids":["a:0:{}"],"_nutrient_reference_value":["100g"],"_allergen_ids":["a:0:{}"],"_ingredients":[""],"_nutri_score":[""],"_alcohol_content":[""],"_drained_weight":[""],"_net_filling_quantity":[""],"_food_distributor":[""],"_food_description":[""],"_food_place_of_origin":[""],"_warranty_attachment_id":[""],"_min_age":[""],"_ts_gtin":[""],"_ts_mpn":[""],"_delivery_time_countries":["a:0:{}"],"_deposit_quantity":[""],"_free_shipping":["no"],"_service":["no"],"_photovoltaic_system":["no"],"_used_good":["no"],"_defective_copy":["no"],"_is_food":["no"],"_differential_taxation":["no"],"_gzd_version":["4.0.3"],"_hs_code":["85318070"],"_customs_description":["LR4 Signalturm 40mm"],"_manufacture_country":["JP"],"_is_non_returnable":["no"],"_shipping_length":[""],"_shipping_width":[""],"_shipping_height":[""],"_upsell_ids":["a:2:{i:0;i:3617;i:1;i:3688;}"],"_wc_facebook_commerce_enabled":["no"],"_monsterinsights_skip_tracking":["0"],"wpr_secondary_image_id":["0"],"rank_math_primary_product_cat":["71"],"rank_math_primary_fb_product_set":["0"],"site-sidebar-layout":["default"],"ast-site-content-layout":["default"],"site-content-style":["default"],"site-sidebar-style":["default"],"theme-transparent-header-meta":["default"],"stick-header-meta":["default"],"_wpml_media_duplicate":["1"],"_wpml_media_featured":["1"],"rank_math_contentai_score":["a:5:{s:8:\"keywords\";s:5:\"74.51\";s:9:\"wordCount\";s:1:\"0\";s:9:\"linkCount\";s:1:\"0\";s:12:\"headingCount\";s:1:\"0\";s:10:\"mediaCount\";s:1:\"0\";}"],"fb_product_group_id":["27699227323057709"],"_monsterinsights_sitenote_active":["0"],"rank_math_analytic_object_id":["246"],"_thumbnail_id":["10966"],"_manufacturer_slug":[""],"_safety_instructions":[""],"_safety_attachment_ids":["a:0:{}"],"mailoptinWooCommerceSelectIntegration":[""],"astra-migrate-meta-layouts":["set"],"_wc_facebook_sync_enabled":["yes"],"fb_visibility":["yes"],"_wc_facebook_sync_enabled_v2":["yes"],"copied_media_ids":["a:0:{}"],"referenced_media_ids":["a:1:{i:0;i:10966;}"],"_uag_css_file_name":["uag-css-10961.css"],"rank_math_internal_links_processed":["1"],"_is_non_alcoholic":["no"],"_default_delivery_time":[""],"_wireless_electronic_device":["no"],"_device_contains_power_supply":["no"],"_device_charging_supports_usb_pd":["no"],"_last_change_time":["1777367265"],"_price":["98.90"],"_wcml_average_rating":[null],"_wcml_review_count":[null],"_wcml_rating_count":[null],"_max_variation_price":[""],"_max_variation_regular_price":[""],"_max_variation_sale_price":[""],"_min_variation_price":[""],"_min_variation_regular_price":[""],"_min_variation_sale_price":[""],"_regular_price":[""],"_sale_price":[""],"_wc_rating_count":[""]},"uagb_featured_image_src":{"full":["https:\/\/shop.patlite.eu\/wp-content\/uploads\/2024\/11\/Patlite_LR4-M2WJNW_Basiseineheit_fuer_LR4_Signalsaeule_Durchmesser_40mm_weiss_Direktmontage_ohne_Summer.jpg",1200,800,false],"thumbnail":["https:\/\/shop.patlite.eu\/wp-content\/uploads\/2024\/11\/Patlite_LR4-M2WJNW_Basiseineheit_fuer_LR4_Signalsaeule_Durchmesser_40mm_weiss_Direktmontage_ohne_Summer-150x150.jpg",150,150,true],"medium":["https:\/\/shop.patlite.eu\/wp-content\/uploads\/2024\/11\/Patlite_LR4-M2WJNW_Basiseineheit_fuer_LR4_Signalsaeule_Durchmesser_40mm_weiss_Direktmontage_ohne_Summer-300x200.jpg",300,200,true],"medium_large":["https:\/\/shop.patlite.eu\/wp-content\/uploads\/2024\/11\/Patlite_LR4-M2WJNW_Basiseineheit_fuer_LR4_Signalsaeule_Durchmesser_40mm_weiss_Direktmontage_ohne_Summer-768x512.jpg",768,512,true],"large":["https:\/\/shop.patlite.eu\/wp-content\/uploads\/2024\/11\/Patlite_LR4-M2WJNW_Basiseineheit_fuer_LR4_Signalsaeule_Durchmesser_40mm_weiss_Direktmontage_ohne_Summer-1024x683.jpg",1024,683,true],"1536x1536":["https:\/\/shop.patlite.eu\/wp-content\/uploads\/2024\/11\/Patlite_LR4-M2WJNW_Basiseineheit_fuer_LR4_Signalsaeule_Durchmesser_40mm_weiss_Direktmontage_ohne_Summer.jpg",1200,800,false],"2048x2048":["https:\/\/shop.patlite.eu\/wp-content\/uploads\/2024\/11\/Patlite_LR4-M2WJNW_Basiseineheit_fuer_LR4_Signalsaeule_Durchmesser_40mm_weiss_Direktmontage_ohne_Summer.jpg",1200,800,false],"woocommerce_thumbnail":["https:\/\/shop.patlite.eu\/wp-content\/uploads\/2024\/11\/Patlite_LR4-M2WJNW_Basiseineheit_fuer_LR4_Signalsaeule_Durchmesser_40mm_weiss_Direktmontage_ohne_Summer-400x267.jpg",400,267,true],"woocommerce_single":["https:\/\/shop.patlite.eu\/wp-content\/uploads\/2024\/11\/Patlite_LR4-M2WJNW_Basiseineheit_fuer_LR4_Signalsaeule_Durchmesser_40mm_weiss_Direktmontage_ohne_Summer.jpg",1200,800,false],"woocommerce_gallery_thumbnail":["https:\/\/shop.patlite.eu\/wp-content\/uploads\/2024\/11\/Patlite_LR4-M2WJNW_Basiseineheit_fuer_LR4_Signalsaeule_Durchmesser_40mm_weiss_Direktmontage_ohne_Summer-100x100.jpg",100,100,true],"dgwt-wcas-product-suggestion":["https:\/\/shop.patlite.eu\/wp-content\/uploads\/2024\/11\/Patlite_LR4-M2WJNW_Basiseineheit_fuer_LR4_Signalsaeule_Durchmesser_40mm_weiss_Direktmontage_ohne_Summer-64x43.jpg",64,43,true]},"uagb_author_info":{"display_name":"Konstantin Will","author_link":"https:\/\/shop.patlite.eu\/de\/author\/"},"uagb_comment_info":0,"uagb_excerpt":"Basismodule der vollmodularen LR-4 Signals\u00e4ulenserie mit einem Durchmesser von 40mm f\u00fcr den Einsatz unter h\u00f6her Spannung (100-240V AC).","_links":{"self":[{"href":"https:\/\/shop.patlite.eu\/de\/wp-json\/wp\/v2\/product\/10961","targetHints":{"allow":["GET"]}}],"collection":[{"href":"https:\/\/shop.patlite.eu\/de\/wp-json\/wp\/v2\/product"}],"about":[{"href":"https:\/\/shop.patlite.eu\/de\/wp-json\/wp\/v2\/types\/product"}],"replies":[{"embeddable":true,"href":"https:\/\/shop.patlite.eu\/de\/wp-json\/wp\/v2\/comments?post=10961"}],"version-history":[{"count":3,"href":"https:\/\/shop.patlite.eu\/de\/wp-json\/wp\/v2\/product\/10961\/revisions"}],"predecessor-version":[{"id":10975,"href":"https:\/\/shop.patlite.eu\/de\/wp-json\/wp\/v2\/product\/10961\/revisions\/10975"}],"wp:featuredmedia":[{"embeddable":true,"href":"https:\/\/shop.patlite.eu\/de\/wp-json\/wp\/v2\/media\/10966"}],"wp:attachment":[{"href":"https:\/\/shop.patlite.eu\/de\/wp-json\/wp\/v2\/media?parent=10961"}],"wp:term":[{"taxonomy":"product_brand","embeddable":true,"href":"https:\/\/shop.patlite.eu\/de\/wp-json\/wp\/v2\/product_brand?post=10961"},{"taxonomy":"product_cat","embeddable":true,"href":"https:\/\/shop.patlite.eu\/de\/wp-json\/wp\/v2\/product_cat?post=10961"},{"taxonomy":"product_tag","embeddable":true,"href":"https:\/\/shop.patlite.eu\/de\/wp-json\/wp\/v2\/product_tag?post=10961"}],"curies":[{"name":"wp","href":"https:\/\/api.w.org\/{rel}","templated":true}]}}