{"id":10656,"date":"2025-11-06T16:22:14","date_gmt":"2025-11-06T15:22:14","guid":{"rendered":"https:\/\/shop.patlite.eu\/?post_type=product&#038;p=10656"},"modified":"2026-05-10T13:01:26","modified_gmt":"2026-05-10T11:01:26","slug":"gl10-signalleuchte-ip69k","status":"publish","type":"product","link":"https:\/\/shop.patlite.eu\/de\/produkt\/gl10-signalleuchte-ip69k\/","title":{"rendered":"GL10 &#8211; Signalleuchte IP69K"},"content":{"rendered":"<p data-start=\"897\" data-end=\"930\"><strong data-start=\"897\" data-end=\"928\">Highlights auf einen Blick:<\/strong><\/p>\n<ul data-start=\"931\" data-end=\"1662\">\n<li data-start=\"931\" data-end=\"1066\">\n<p data-start=\"933\" data-end=\"1066\">sehr hohe Schutzart <strong data-start=\"953\" data-end=\"962\">IP69K<\/strong> \u2013 staubdicht und geeignet f\u00fcr Hochdruck-\/Hei\u00dfwasser-Reinigung.<\/p>\n<\/li>\n<li data-start=\"1067\" data-end=\"1180\">\n<p data-start=\"1069\" data-end=\"1180\">Hochbelastbar: Vibrationsresistenz 110 m\/s\u00b2, Sto\u00dffestigkeit 1.000 m\/s\u00b2<\/p>\n<\/li>\n<li data-start=\"1181\" data-end=\"1276\">\n<p data-start=\"1183\" data-end=\"1276\">Betrieb bei extremen Temperaturen: -40 \u00b0C bis +85 \u00b0C<\/p>\n<\/li>\n<li data-start=\"1277\" data-end=\"1374\">\n<p data-start=\"1279\" data-end=\"1374\">Drei Farben in einem Ger\u00e4t: Rot, Amber (Gelb) und Gr\u00fcn.<\/p>\n<\/li>\n<li data-start=\"1375\" data-end=\"1662\">\n<p data-start=\"1377\" data-end=\"1662\">Zwei Steuerungs-Varianten:<br data-start=\"1403\" data-end=\"1406\" \/>\u2003\u2022 Spannungssteuerung (12-24 V DC) mit 3 festen Blink-\/Flash-Mustern.<br data-start=\"1515\" data-end=\"1518\" \/>\u2003\u2022 CAN-Bus Steuerung (\u201eSAE J1939\u201c) mit bis zu 13 Blinkmustern &amp; 4 Dimmstufen \u2013 f\u00fcr z. B. Baumaschinen.<\/p>\n<\/li>\n<\/ul>\n<p data-start=\"1664\" data-end=\"1686\"><strong data-start=\"1664\" data-end=\"1684\">Einsatzbereiche:<\/strong><\/p>\n<ul data-start=\"1687\" data-end=\"1962\">\n<li data-start=\"1687\" data-end=\"1754\">\n<p data-start=\"1689\" data-end=\"1754\">Au\u00dfenmontage an Baumaschinen, Landwirtschafts- und Forsttechnik<\/p>\n<\/li>\n<li data-start=\"1755\" data-end=\"1837\">\n<p data-start=\"1757\" data-end=\"1837\">Anlagen, die hohen Reinigungsanforderungen unterliegen (z. B. Hochdruckwasser)<\/p>\n<\/li>\n<li data-start=\"1838\" data-end=\"1962\">\n<p data-start=\"1840\" data-end=\"1962\">Maschinenstatus-Anzeige bei starkem Umgebungslicht \u2013 hohe Sichtbarkeit garantiert.<\/p>\n<\/li>\n<\/ul>\n<p>&nbsp;<\/p>\n<h2 data-start=\"1969\" data-end=\"2011\">Produktvarianten \/ Modell\u00fcbersicht<\/h2>\n<div class=\"_tableContainer_1rjym_1\">\n<div class=\"group _tableWrapper_1rjym_13 flex w-fit flex-col-reverse\" tabindex=\"-1\">\n<table class=\"w-fit min-w-(--thread-content-width)\" style=\"width: 99.5477%;\" data-start=\"2012\" data-end=\"2504\">\n<thead data-start=\"2012\" data-end=\"2071\">\n<tr data-start=\"2012\" data-end=\"2071\">\n<th style=\"width: 17.5834%;\" data-start=\"2012\" data-end=\"2032\" data-col-size=\"sm\">Modellbezeichnung<\/th>\n<th style=\"width: 25.8792%;\" data-start=\"2032\" data-end=\"2044\" data-col-size=\"sm\">Steuerung<\/th>\n<th style=\"width: 29.6664%;\" data-start=\"2044\" data-end=\"2058\" data-col-size=\"md\">Blinkmuster<\/th>\n<th style=\"width: 26.4537%;\" data-start=\"2058\" data-end=\"2071\" data-col-size=\"md\">Anmerkung<\/th>\n<\/tr>\n<\/thead>\n<tbody data-start=\"2132\" data-end=\"2504\">\n<tr data-start=\"2132\" data-end=\"2317\">\n<td style=\"width: 17.5834%;\" data-start=\"2132\" data-end=\"2145\" data-col-size=\"sm\">GL10-M1N-T<\/td>\n<td style=\"width: 25.8792%;\" data-col-size=\"sm\" data-start=\"2145\" data-end=\"2179\">Spannungssteuerung (12-24 V DC)<\/td>\n<td style=\"width: 29.6664%;\" data-col-size=\"md\" data-start=\"2179\" data-end=\"2299\">3 vor-konfiguriert (z. B. Gr\u00fcn: Einzelblitz, Amber: Doppelblitz, Rot: Dreifach)<\/td>\n<td style=\"width: 26.4537%;\" data-col-size=\"md\" data-start=\"2299\" data-end=\"2317\">Basis-Variante<\/td>\n<\/tr>\n<tr data-start=\"2318\" data-end=\"2504\">\n<td style=\"width: 17.5834%;\" data-start=\"2318\" data-end=\"2333\" data-col-size=\"sm\">GL10-M1NC1-T<\/td>\n<td style=\"width: 25.8792%;\" data-col-size=\"sm\" data-start=\"2333\" data-end=\"2365\">CAN-Bus Steuerung (SAE J1939)<\/td>\n<td style=\"width: 29.6664%;\" data-col-size=\"md\" data-start=\"2365\" data-end=\"2449\">Bis zu 13 w\u00e4hlbare Muster + 4 Dimm-Stufen<\/td>\n<td style=\"width: 26.4537%;\" data-col-size=\"md\" data-start=\"2449\" data-end=\"2504\">Erweiterte Steuerung, z. B. f\u00fcr Fahrzeugintegration<\/td>\n<\/tr>\n<\/tbody>\n<\/table>\n<\/div>\n<\/div>\n<p>&nbsp;<\/p>\n<h2 data-start=\"2616\" data-end=\"2640\">Technische Daten<\/h2>\n<p data-start=\"2641\" data-end=\"2657\"><strong data-start=\"2641\" data-end=\"2655\">Allgemein:<\/strong><\/p>\n<ul data-start=\"2658\" data-end=\"3274\">\n<li data-start=\"2658\" data-end=\"2728\">\n<p data-start=\"2660\" data-end=\"2728\">Durchmesser: ca. \u00d8 100 mm<\/p>\n<\/li>\n<li data-start=\"2729\" data-end=\"2802\">\n<p data-start=\"2731\" data-end=\"2802\">Betriebsspannung: 12-24 V DC<\/p>\n<\/li>\n<li data-start=\"2803\" data-end=\"2881\">\n<p data-start=\"2805\" data-end=\"2881\">Typischer Stromverbrauch: ca. 4 W<\/p>\n<\/li>\n<li data-start=\"2882\" data-end=\"2950\">\n<p data-start=\"2884\" data-end=\"2950\">Mass (\u00b110 %): ca. 840 g.<\/p>\n<\/li>\n<li data-start=\"2951\" data-end=\"3083\">\n<p data-start=\"2953\" data-end=\"3083\">Schutzart: IP6X (staubdicht), IPX6 (wasserstrahlgesch\u00fctzt), IPX9K (Hochdruck\/Hei\u00dfwasser)<\/p>\n<\/li>\n<li data-start=\"3084\" data-end=\"3176\">\n<p data-start=\"3086\" data-end=\"3176\">Umgebungstemperatur: -40 \u00b0C bis +85 \u00b0C<\/p>\n<\/li>\n<li data-start=\"3177\" data-end=\"3274\">\n<p data-start=\"3179\" data-end=\"3274\">Vibrations-\/Sto\u00dffestigkeit: 110 m\/s\u00b2 bzw. 1.000 m\/s\u00b2<\/p>\n<\/li>\n<\/ul>\n<p data-start=\"3276\" data-end=\"3303\"><strong data-start=\"3276\" data-end=\"3301\">Zus\u00e4tzliche Merkmale:<\/strong><\/p>\n<ul data-start=\"3304\" data-end=\"3552\">\n<li data-start=\"3304\" data-end=\"3426\">\n<p data-start=\"3306\" data-end=\"3426\">Entl\u00fcftungsfunktion gegen Beschlagen (\u201eVentilation with filter\u201c) in der Linse<\/p>\n<\/li>\n<li data-start=\"3427\" data-end=\"3552\">\n<p data-start=\"3429\" data-end=\"3552\">Gro\u00dffl\u00e4chige Lichtverteilung \u2013 gute Sichtbarkeit auch bei starkem Umgebungslicht<\/p>\n<\/li>\n<\/ul>\n<p>&nbsp;<\/p>\n<h2 data-start=\"4358\" data-end=\"4397\">Ihre Vorteile<\/h2>\n<ul data-start=\"4398\" data-end=\"4942\">\n<li data-start=\"4398\" data-end=\"4526\">\n<p data-start=\"4400\" data-end=\"4526\">Kombinierte 3-Farb-Leuchte (Rot\/Amber\/Gr\u00fcn) reduziert Montageaufwand und Ersatzteil-Vielfalt gegen\u00fcber Einzel-Farb-Leuchten.<\/p>\n<\/li>\n<li data-start=\"4527\" data-end=\"4630\">\n<p data-start=\"4529\" data-end=\"4630\">Extrem hohe Umweltresistenz (IP69K, Vibrations- und Sto\u00dffestigkeit) \u2013 ideal f\u00fcr rauen Au\u00dfeneinsatz.<\/p>\n<\/li>\n<li data-start=\"4631\" data-end=\"4719\">\n<p data-start=\"4633\" data-end=\"4719\">Sichtbarkeit auch bei direkter Sonneneinstrahlung \u2013 speziell f\u00fcr Au\u00dfen- und Tiefbau.<\/p>\n<\/li>\n<li data-start=\"4720\" data-end=\"4828\">\n<p data-start=\"4722\" data-end=\"4828\">Flexible Steuerungsm\u00f6glichkeiten: Von einfacher Spannungssteuerung bis zur modernen CAN-Bus Integration.<\/p>\n<\/li>\n<li data-start=\"4829\" data-end=\"4942\">\n<p data-start=\"4831\" data-end=\"4942\">Markenqualit\u00e4t von PATLITE \u2013 weltweit etablierter Anbieter im Bereich visuelle Signalisierung seit Jahrzehnten.<\/p>\n<\/li>\n<\/ul>\n","protected":false},"excerpt":{"rendered":"<p>Robuste staub- und wasserbest\u00e4ndige IP69K-Signalleuchte mit drei integrierten Farben (Rot, Amber, Gr\u00fcn) \u2013 ideal f\u00fcr extreme Einsatzorte wie Baustellen, Landwirtschaft oder Au\u00dfenanlagen f\u00fcr Betriebsumgebungstemperatur von -40 bis +85\u2103.<\/p>\n","protected":false},"featured_media":12376,"comment_status":"open","ping_status":"closed","template":"","meta":{"_eb_attr":"","_mo_disable_npp":"","_uag_custom_page_level_css":"","_monsterinsights_skip_tracking":false,"_monsterinsights_sitenote_active":false,"_monsterinsights_sitenote_note":"","_monsterinsights_sitenote_category":0,"site-sidebar-layout":"default","site-content-layout":"","ast-site-content-layout":"default","site-content-style":"default","site-sidebar-style":"default","ast-global-header-display":"","ast-banner-title-visibility":"","ast-main-header-display":"","ast-hfb-above-header-display":"","ast-hfb-below-header-display":"","ast-hfb-mobile-header-display":"","site-post-title":"","ast-breadcrumbs-content":"","ast-featured-img":"","footer-sml-layout":"","ast-disable-related-posts":"","theme-transparent-header-meta":"default","adv-header-id-meta":"","stick-header-meta":"default","header-above-stick-meta":"","header-main-stick-meta":"","header-below-stick-meta":"","astra-migrate-meta-layouts":"set","ast-page-background-enabled":"default","ast-page-background-meta":{"desktop":{"background-color":"var(--ast-global-color-4)","background-image":"","background-repeat":"repeat","background-position":"center center","background-size":"auto","background-attachment":"scroll","background-type":"","background-media":"","overlay-type":"","overlay-color":"","overlay-opacity":"","overlay-gradient":""},"tablet":{"background-color":"","background-image":"","background-repeat":"repeat","background-position":"center center","background-size":"auto","background-attachment":"scroll","background-type":"","background-media":"","overlay-type":"","overlay-color":"","overlay-opacity":"","overlay-gradient":""},"mobile":{"background-color":"","background-image":"","background-repeat":"repeat","background-position":"center center","background-size":"auto","background-attachment":"scroll","background-type":"","background-media":"","overlay-type":"","overlay-color":"","overlay-opacity":"","overlay-gradient":""}},"ast-content-background-meta":{"desktop":{"background-color":"var(--ast-global-color-5)","background-image":"","background-repeat":"repeat","background-position":"center center","background-size":"auto","background-attachment":"scroll","background-type":"","background-media":"","overlay-type":"","overlay-color":"","overlay-opacity":"","overlay-gradient":""},"tablet":{"background-color":"var(--ast-global-color-5)","background-image":"","background-repeat":"repeat","background-position":"center center","background-size":"auto","background-attachment":"scroll","background-type":"","background-media":"","overlay-type":"","overlay-color":"","overlay-opacity":"","overlay-gradient":""},"mobile":{"background-color":"var(--ast-global-color-5)","background-image":"","background-repeat":"repeat","background-position":"center center","background-size":"auto","background-attachment":"scroll","background-type":"","background-media":"","overlay-type":"","overlay-color":"","overlay-opacity":"","overlay-gradient":""}}},"product_brand":[],"product_cat":[71],"product_tag":[1377],"class_list":{"0":"post-10656","1":"product","2":"type-product","3":"status-publish","4":"has-post-thumbnail","6":"product_cat-signalleuchten-beacons","7":"product_tag-ip69k","8":"desktop-align-center","9":"tablet-align-left","10":"mobile-align-left","11":"ast-product-gallery-layout-horizontal-slider","12":"ast-product-single-variable","13":"ast-product-tabs-layout-horizontal","15":"first","16":"instock","17":"taxable","18":"shipping-taxable","19":"purchasable","20":"product-type-variable"},"spectra_custom_meta":{"_wpml_word_count":["426"],"_edit_lock":["1764325265:17"],"rank_math_seo_score":["35"],"rank_math_contentai_score":["a:5:{s:8:\"keywords\";s:5:\"74.51\";s:9:\"wordCount\";s:1:\"0\";s:9:\"linkCount\";s:1:\"0\";s:12:\"headingCount\";s:1:\"0\";s:10:\"mediaCount\";s:1:\"0\";}"],"_edit_last":["13"],"_wp_page_template":["default"],"pisol_acblw_associated_coupons":[""],"total_sales":["1"],"_tax_status":["taxable"],"_tax_class":[""],"_manage_stock":["no"],"_backorders":["no"],"_sold_individually":["no"],"_virtual":["no"],"_downloadable":["no"],"_download_limit":["-1"],"_download_expiry":["-1"],"_stock":[null],"_stock_status":["instock"],"_wc_average_rating":[0],"_wc_review_count":["0"],"_product_version":["10.7.0"],"_woosea_brand":[""],"_woosea_mpn":[""],"_woosea_upc":[""],"_woosea_ean":[""],"_woosea_gtin":[""],"_woosea_color":[""],"_woosea_size":[""],"_woosea_gender":[""],"_woosea_material":[""],"_woosea_pattern":[""],"_woosea_optimized_title":[""],"_woosea_unit_pricing_measure":[""],"_woosea_unit_pricing_base_measure":[""],"_woosea_condition":[""],"_woosea_age_group":[""],"_woosea_installment_months":[""],"_woosea_installment_amount":[""],"_woosea_exclude_product":["no"],"_woosea_cost_of_good_sold":[""],"_woosea_multipack":[""],"_woosea_is_bundle":[""],"_woosea_energy_efficiency_class":[""],"_woosea_min_energy_efficiency_class":[""],"_woosea_max_energy_efficiency_class":[""],"_woosea_is_promotion":[""],"_woosea_custom_field_0":[""],"_woosea_custom_field_1":[""],"_woosea_custom_field_2":[""],"_woosea_custom_field_3":[""],"_woosea_custom_field_4":[""],"bm_all_customers_copy_for_group":["copy"],"bm_all_customers_bulk_copy_for_group":["copy"],"bm_pleu-test_copy_for_group":["copy"],"bm_pleu-test_bulk_copy_for_group":["copy"],"bm_customer_copy_for_group":["copy"],"bm_customer_bulk_copy_for_group":["copy"],"bm_guest_copy_for_group":["copy"],"bm_guest_bulk_copy_for_group":["copy"],"yikes_woo_products_tabs":["a:0:{}"],"_unit":[""],"_unit_base":[""],"_unit_product":[""],"_unit_price_auto":["no"],"_unit_price_regular":[""],"_unit_price":[""],"_unit_price_sale":[""],"_sale_price_label":[""],"_sale_price_regular_label":[""],"_deposit_type":[""],"_mini_desc":[""],"_defect_description":[""],"_nutrient_ids":["a:0:{}"],"_nutrient_reference_value":["100g"],"_allergen_ids":["a:0:{}"],"_ingredients":[""],"_nutri_score":[""],"_alcohol_content":[""],"_drained_weight":[""],"_net_filling_quantity":[""],"_food_distributor":[""],"_food_description":[""],"_food_place_of_origin":[""],"_warranty_attachment_id":[""],"_min_age":[""],"_ts_gtin":[""],"_ts_mpn":[""],"_delivery_time_countries":["a:0:{}"],"_deposit_quantity":[""],"_free_shipping":["no"],"_service":["no"],"_photovoltaic_system":["no"],"_used_good":["no"],"_defective_copy":["no"],"_is_food":["no"],"_differential_taxation":["no"],"_gzd_version":["4.0.3"],"_hs_code":["85318070"],"_customs_description":["Flashing beacon GL10"],"_manufacture_country":["JP"],"_is_non_returnable":["no"],"_shipping_length":[""],"_shipping_width":[""],"_shipping_height":[""],"_wc_facebook_commerce_enabled":["no"],"_monsterinsights_skip_tracking":["0"],"wpr_secondary_image_id":["10668"],"rank_math_primary_product_cat":["71"],"rank_math_primary_fb_product_set":["0"],"site-sidebar-layout":["default"],"ast-site-content-layout":["default"],"site-content-style":["default"],"site-sidebar-style":["default"],"theme-transparent-header-meta":["default"],"stick-header-meta":["default"],"_wpml_media_duplicate":["1"],"_wpml_media_featured":["1"],"_wpml_location_migration_done":["1"],"_thumbnail_id":["12376"],"_product_image_gallery":["10673,10688,10683,10678,10668,10663,10693,10698,10658"],"_product_attributes":["a:1:{s:9:\"anschluss\";a:7:{s:4:\"name\";s:9:\"Anschluss\";s:5:\"value\";s:16:\"12-24V | CAN-Bus\";s:8:\"position\";i:0;s:10:\"is_visible\";i:1;s:12:\"is_variation\";i:1;s:11:\"is_taxonomy\";i:0;s:16:\"checkout_visible\";i:1;}}"],"rank_math_focus_keyword":["Signalleuchte IP69k"],"_manufacturer_slug":[""],"_safety_instructions":[""],"_safety_attachment_ids":["a:0:{}"],"_wireless_electronic_device":["no"],"_device_contains_power_supply":["no"],"_device_charging_supports_usb_pd":["no"],"_device_charging_watt_min":["0"],"_device_charging_watt_max":["0"],"mailoptinWooCommerceSelectIntegration":[""],"fb_brand":[""],"rank_math_primary_product_brand":["0"],"_wc_facebook_sync_enabled_v2":["yes"],"fb_mpn":[""],"fb_size":[""],"fb_color":[""],"fb_material":[""],"fb_pattern":[""],"fb_age_group":[""],"fb_gender":[""],"fb_product_condition":[""],"fb_visibility":["yes"],"fb_product_description":[""],"fb_rich_text_description":[""],"_wc_facebook_product_image_source":["product"],"fb_product_video":["a:0:{}"],"rank_math_title":["PATLITE GL10 - mehrfarbige, robuste IP69K Signalleuchte "],"rank_math_description":["Staub- und wasserbest\u00e4ndige IP69K-Signalleuchte mit drei Farben \u2013 f\u00fcr extreme Einsatzorte wie Baustellen, Landwirtschaft oder Au\u00dfenanlagen. -40 bis +85\u2103. Infos"],"_wpml_media_has_media":["1"],"fb_product_group_id":["798959869801990"],"_monsterinsights_sitenote_active":["0"],"rank_math_analytic_object_id":["292"],"astra-migrate-meta-layouts":["set"],"_eb_reusable_block_ids":["a:0:{}"],"copied_media_ids":["a:0:{}"],"referenced_media_ids":["a:10:{i:0;i:12376;i:1;i:10673;i:2;i:10688;i:3;i:10683;i:4;i:10678;i:5;i:10668;i:6;i:10663;i:7;i:10693;i:8;i:10698;i:9;i:10658;}"],"_uag_css_file_name":["uag-css-10656.css"],"rank_math_internal_links_processed":["1"],"_last_change_time":["1777367259"],"_is_non_alcoholic":["no"],"_default_delivery_time":[""],"_uag_page_assets":["a:9:{s:3:\"css\";s:2486:\".uag-blocks-common-selector{z-index:var(--z-index-desktop) !important}@media(max-width: 976px){.uag-blocks-common-selector{z-index:var(--z-index-tablet) !important}}@media(max-width: 767px){.uag-blocks-common-selector{z-index:var(--z-index-mobile) !important}}.wp-block-uagb-advanced-heading h1,.wp-block-uagb-advanced-heading h2,.wp-block-uagb-advanced-heading h3,.wp-block-uagb-advanced-heading h4,.wp-block-uagb-advanced-heading h5,.wp-block-uagb-advanced-heading h6,.wp-block-uagb-advanced-heading p,.wp-block-uagb-advanced-heading div{word-break:break-word}.wp-block-uagb-advanced-heading .uagb-heading-text{margin:0}.wp-block-uagb-advanced-heading .uagb-desc-text{margin:0}.wp-block-uagb-advanced-heading .uagb-separator{font-size:0;border-top-style:solid;display:inline-block;margin:0 0 10px 0}.wp-block-uagb-advanced-heading .uagb-highlight{color:#f78a0c;border:0;transition:all .3s ease}.uag-highlight-toolbar{border-left:0;border-top:0;border-bottom:0;border-radius:0;border-right-color:#1e1e1e}.uag-highlight-toolbar .components-button{border-radius:0;outline:none}.uag-highlight-toolbar .components-button.is-primary{color:#fff}.wp-block-uagb-advanced-heading.uagb-block-b484dae9.wp-block-uagb-advanced-heading .uagb-desc-text{margin-bottom: 15px;}.wp-block-uagb-advanced-heading.uagb-block-b484dae9.wp-block-uagb-advanced-heading .uagb-highlight{font-style: normal;font-weight: Default;background: #007cba;color: #fff;-webkit-text-fill-color: #fff;}.wp-block-uagb-advanced-heading.uagb-block-b484dae9.wp-block-uagb-advanced-heading .uagb-highlight::-moz-selection{color: #fff;background: #007cba;-webkit-text-fill-color: #fff;}.wp-block-uagb-advanced-heading.uagb-block-b484dae9.wp-block-uagb-advanced-heading .uagb-highlight::selection{color: #fff;background: #007cba;-webkit-text-fill-color: #fff;}.wp-block-uagb-advanced-heading.uagb-block-c451812a.wp-block-uagb-advanced-heading .uagb-desc-text{margin-bottom: 15px;}.wp-block-uagb-advanced-heading.uagb-block-c451812a.wp-block-uagb-advanced-heading .uagb-highlight{font-style: normal;font-weight: Default;background: #007cba;color: #fff;-webkit-text-fill-color: #fff;}.wp-block-uagb-advanced-heading.uagb-block-c451812a.wp-block-uagb-advanced-heading .uagb-highlight::-moz-selection{color: #fff;background: #007cba;-webkit-text-fill-color: #fff;}.wp-block-uagb-advanced-heading.uagb-block-c451812a.wp-block-uagb-advanced-heading .uagb-highlight::selection{color: #fff;background: #007cba;-webkit-text-fill-color: #fff;}\";s:2:\"js\";s:0:\"\";s:18:\"current_block_list\";a:21:{i:0;s:11:\"core\/search\";i:1;s:10:\"core\/group\";i:2;s:12:\"core\/heading\";i:3;s:17:\"core\/latest-posts\";i:4;s:20:\"core\/latest-comments\";i:5;s:13:\"core\/archives\";i:6;s:15:\"core\/categories\";i:7;s:24:\"woocommerce\/price-filter\";i:8;s:17:\"core\/widget-group\";i:9;s:27:\"woocommerce\/product-on-sale\";i:10;s:12:\"core\/columns\";i:11;s:11:\"core\/column\";i:13;s:14:\"core\/paragraph\";i:14;s:21:\"uagb\/advanced-heading\";i:15;s:12:\"core\/details\";i:16;s:17:\"core\/social-links\";i:17;s:16:\"core\/social-link\";i:18;s:30:\"woocommerce\/product-categories\";i:19;s:22:\"wpml\/language-switcher\";i:20;s:14:\"core\/shortcode\";i:21;s:32:\"advanced-woo-search\/search-block\";}s:8:\"uag_flag\";b:1;s:11:\"uag_version\";s:10:\"1778410223\";s:6:\"gfonts\";a:1:{s:7:\"Default\";a:2:{s:10:\"fontfamily\";s:7:\"Default\";s:12:\"fontvariants\";a:0:{}}}s:10:\"gfonts_url\";s:0:\"\";s:12:\"gfonts_files\";a:0:{}s:14:\"uag_faq_layout\";b:0;}"],"_price":["281.00","374.20"],"_wcml_average_rating":[null],"_wcml_review_count":[null],"_wcml_rating_count":[null],"_max_variation_price":[""],"_max_variation_regular_price":[""],"_max_variation_sale_price":[""],"_min_variation_price":[""],"_min_variation_regular_price":[""],"_min_variation_sale_price":[""],"_regular_price":[""],"_sale_price":[""],"_wc_rating_count":[""]},"uagb_featured_image_src":{"full":["https:\/\/shop.patlite.eu\/wp-content\/uploads\/2025\/04\/PATLITE_GL10_Signalleuchte_IP69K_08_3-farbig.png",1200,800,false],"thumbnail":["https:\/\/shop.patlite.eu\/wp-content\/uploads\/2025\/04\/PATLITE_GL10_Signalleuchte_IP69K_08_3-farbig-150x150.png",150,150,true],"medium":["https:\/\/shop.patlite.eu\/wp-content\/uploads\/2025\/04\/PATLITE_GL10_Signalleuchte_IP69K_08_3-farbig-300x200.png",300,200,true],"medium_large":["https:\/\/shop.patlite.eu\/wp-content\/uploads\/2025\/04\/PATLITE_GL10_Signalleuchte_IP69K_08_3-farbig-768x512.png",768,512,true],"large":["https:\/\/shop.patlite.eu\/wp-content\/uploads\/2025\/04\/PATLITE_GL10_Signalleuchte_IP69K_08_3-farbig-1024x683.png",1024,683,true],"1536x1536":["https:\/\/shop.patlite.eu\/wp-content\/uploads\/2025\/04\/PATLITE_GL10_Signalleuchte_IP69K_08_3-farbig.png",1200,800,false],"2048x2048":["https:\/\/shop.patlite.eu\/wp-content\/uploads\/2025\/04\/PATLITE_GL10_Signalleuchte_IP69K_08_3-farbig.png",1200,800,false],"woocommerce_thumbnail":["https:\/\/shop.patlite.eu\/wp-content\/uploads\/2025\/04\/PATLITE_GL10_Signalleuchte_IP69K_08_3-farbig-400x267.png",400,267,true],"woocommerce_single":["https:\/\/shop.patlite.eu\/wp-content\/uploads\/2025\/04\/PATLITE_GL10_Signalleuchte_IP69K_08_3-farbig.png",1200,800,false],"woocommerce_gallery_thumbnail":["https:\/\/shop.patlite.eu\/wp-content\/uploads\/2025\/04\/PATLITE_GL10_Signalleuchte_IP69K_08_3-farbig-100x100.png",100,100,true],"dgwt-wcas-product-suggestion":["https:\/\/shop.patlite.eu\/wp-content\/uploads\/2025\/04\/PATLITE_GL10_Signalleuchte_IP69K_08_3-farbig-64x43.png",64,43,true]},"uagb_author_info":{"display_name":"Andreas Gaitzsch","author_link":"https:\/\/shop.patlite.eu\/de\/author\/"},"uagb_comment_info":0,"uagb_excerpt":"Robuste staub- und wasserbest\u00e4ndige IP69K-Signalleuchte mit drei integrierten Farben (Rot, Amber, Gr\u00fcn) \u2013 ideal f\u00fcr extreme Einsatzorte wie Baustellen, Landwirtschaft oder Au\u00dfenanlagen f\u00fcr Betriebsumgebungstemperatur von -40 bis +85\u2103.","_links":{"self":[{"href":"https:\/\/shop.patlite.eu\/de\/wp-json\/wp\/v2\/product\/10656","targetHints":{"allow":["GET"]}}],"collection":[{"href":"https:\/\/shop.patlite.eu\/de\/wp-json\/wp\/v2\/product"}],"about":[{"href":"https:\/\/shop.patlite.eu\/de\/wp-json\/wp\/v2\/types\/product"}],"replies":[{"embeddable":true,"href":"https:\/\/shop.patlite.eu\/de\/wp-json\/wp\/v2\/comments?post=10656"}],"version-history":[{"count":6,"href":"https:\/\/shop.patlite.eu\/de\/wp-json\/wp\/v2\/product\/10656\/revisions"}],"predecessor-version":[{"id":12384,"href":"https:\/\/shop.patlite.eu\/de\/wp-json\/wp\/v2\/product\/10656\/revisions\/12384"}],"wp:featuredmedia":[{"embeddable":true,"href":"https:\/\/shop.patlite.eu\/de\/wp-json\/wp\/v2\/media\/12376"}],"wp:attachment":[{"href":"https:\/\/shop.patlite.eu\/de\/wp-json\/wp\/v2\/media?parent=10656"}],"wp:term":[{"taxonomy":"product_brand","embeddable":true,"href":"https:\/\/shop.patlite.eu\/de\/wp-json\/wp\/v2\/product_brand?post=10656"},{"taxonomy":"product_cat","embeddable":true,"href":"https:\/\/shop.patlite.eu\/de\/wp-json\/wp\/v2\/product_cat?post=10656"},{"taxonomy":"product_tag","embeddable":true,"href":"https:\/\/shop.patlite.eu\/de\/wp-json\/wp\/v2\/product_tag?post=10656"}],"curies":[{"name":"wp","href":"https:\/\/api.w.org\/{rel}","templated":true}]}}